{"id":8233,"date":"2021-12-16T12:25:51","date_gmt":"2021-12-16T17:25:51","guid":{"rendered":"https:\/\/puyapeptide.net\/product\/abaloparatide-nejvyssi-tridy-cas-247062-33-5-pro-snizeni-cetnosti-zlomenin-a-vyskytu-hyperkalcemie\/"},"modified":"2021-12-16T12:25:51","modified_gmt":"2021-12-16T17:25:51","slug":"abaloparatide-nejvyssi-tridy-cas-247062-33-5-pro-snizeni-cetnosti-zlomenin-a-vyskytu-hyperkalcemie","status":"publish","type":"product","link":"https:\/\/puyapeptide.net\/cs\/product\/abaloparatide-nejvyssi-tridy-cas-247062-33-5-pro-snizeni-cetnosti-zlomenin-a-vyskytu-hyperkalcemie\/","title":{"rendered":"Abaloparatide nejvy\u0161\u0161\u00ed t\u0159\u00eddy CAS 247062-33-5 pro sn\u00ed\u017een\u00ed \u010detnosti zlomenin a v\u00fdskytu hyperkalc\u00e9mie"},"content":{"rendered":"<h2><strong>Abaloparatide nejvy\u0161\u0161\u00ed t\u0159\u00eddy CAS 247062-33-5 pro sn\u00ed\u017een\u00ed \u010detnosti zlomenin a v\u00fdskytu hyperkalc\u00e9mie<\/strong><\/h2>\n<p>N\u00e1zev produktu: Abaloparatid<br \/>\nSekvence: H-Ala-Val-Ser-Glu-His-Gln-Leu-Leu-His-Asp-Lys-Gly-Lys-Ser-Ile-Gln-Asp-Leu- Arg-Arg-Arg-Glu-Leu-Leu-Glu-Lys-Leu-Leu-N-Me-Ala-Lys- Leu-His-Thr-Ala-NH2<br \/>\nSynonyma: Abaloparatide<br \/>\nCAS: 247062- 33-5<br \/>\nMF: C174H300N56O49<br \/>\nMW: 3960,5896<br \/>\nEINECS:<br \/>\nKategorie produkt\u016f:<br \/>\nMol File: 247062-33-5.mol<\/p>\n<p>Abaloparatid, selektivn\u00ed aktiv\u00e1tor receptoru parathormonu (receptor PTH1), byl pokro\u010dil\u00fd do klinick\u00e9ho v\u00fdvoje pro l\u00e9\u010dbu osteopor\u00f3zy u postmenopauz\u00e1ln\u00edch \u017een s vysok\u00fdm rizikem zlomenin d\u00edky sv\u00e9 dobr\u00e9 osteogenn\u00ed aktivit\u011b, vyroben\u00fd z abaloparatidu.<\/p>\n<p> <strong>Technical index Of Abaloparatide CAS 247062-33-5<\/strong><br \/>\nVzhled: B\u00edl\u00fd pr\u00e1\u0161ek<br \/>\n\u010cistota (HPLC) \u226598,0 %<br \/>\nObsah acet\u00e1tu 5,0%~12,0%<br \/>\nObsah vody \u22648,0%<br \/>\nObsah peptid\u016f\u226580,0%<br \/>\nBalen\u00ed a p\u0159eprava:<br \/>\nN\u00edzk\u00e1 teplota, vakuov\u011b baleno, na po\u017e\u00e1d\u00e1n\u00ed s p\u0159esnost\u00ed na mg.<\/p>\n<p> <strong>Funkce a aplikace Abaloparatidu CAS 247062-33-5<\/strong><br \/>\nAbaparatide, peptid sest\u00e1vaj\u00edc\u00ed z 34 aminokyselinov\u00fdch zbytk\u016f, je nov\u00fd peptid souvisej\u00edc\u00ed s parathormonem (PTHrP) vyvinut\u00fd spole\u010dnost\u00ed RadiusHealth, kter\u00fd je siln\u00fdm a selektivn\u00edm aktiv\u00e1torem receptoru PTH-I pro zv\u00fd\u0161en\u00ed obsahu miner\u00e1l\u016f v kostech, hustoty kost\u00ed a pevnosti kost\u00ed a podporuje tvorbu kost\u00ed. , a byl schv\u00e1len k uveden\u00ed na trh FDA dne April Chemicalbook28, 2017. schv\u00e1len k uveden\u00ed na trh FDA dne 28. dubna 2017 pod obchodn\u00edm n\u00e1zvem Tymlos. Abapatid se pod\u00e1v\u00e1 subkut\u00e1nn\u011b k l\u00e9\u010db\u011b osteopor\u00f3zy u \u017een po menopauze, kter\u00e9 jsou ohro\u017eeny zlomeniny nebo kte\u0159\u00ed nereagovali na jin\u00e1 terapeutick\u00e1 \u010dinidla, a je \u00fa\u010dinn\u00fd p\u0159i sni\u017eov\u00e1n\u00ed \u010detnosti nov\u00fdch vertebr\u00e1ln\u00edch a nevertebr\u00e1ln\u00edch zlomenin. Abapatid je ve srovn\u00e1n\u00ed s teriparatidem schopen l\u00e9pe sni\u017eovat \u010detnost fraktur a hyperkalc\u00e9mii.<\/p>\n","protected":false},"excerpt":{"rendered":"<p>N\u00e1zev produktu: Abaloparatid<br \/>\nCAS: 247062-33-5<br \/>\nMF: C174H300N56O49<br \/>\nMW: 3960,5896<br \/>\nMol Soubor: 247062-33-5.mol<\/p>\n","protected":false},"featured_media":2160,"comment_status":"open","ping_status":"closed","template":"","meta":{"om_disable_all_campaigns":false,"_monsterinsights_skip_tracking":false,"_monsterinsights_sitenote_active":false,"_monsterinsights_sitenote_note":"","_monsterinsights_sitenote_category":0,"site-sidebar-layout":"default","site-content-layout":"default","ast-site-content-layout":"default","site-content-style":"default","site-sidebar-style":"default","ast-global-header-display":"","ast-banner-title-visibility":"","ast-main-header-display":"","ast-hfb-above-header-display":"","ast-hfb-below-header-display":"","ast-hfb-mobile-header-display":"","site-post-title":"","ast-breadcrumbs-content":"","ast-featured-img":"","footer-sml-layout":"","ast-disable-related-posts":"","theme-transparent-header-meta":"default","adv-header-id-meta":"","stick-header-meta":"","header-above-stick-meta":"","header-main-stick-meta":"","header-below-stick-meta":"","astra-migrate-meta-layouts":"default","ast-page-background-enabled":"default","ast-page-background-meta":{"desktop":{"background-color":"","background-image":"","background-repeat":"repeat","background-position":"center center","background-size":"auto","background-attachment":"scroll","background-type":"","background-media":"","overlay-type":"","overlay-color":"","overlay-opacity":"","overlay-gradient":""},"tablet":{"background-color":"","background-image":"","background-repeat":"repeat","background-position":"center center","background-size":"auto","background-attachment":"scroll","background-type":"","background-media":"","overlay-type":"","overlay-color":"","overlay-opacity":"","overlay-gradient":""},"mobile":{"background-color":"","background-image":"","background-repeat":"repeat","background-position":"center center","background-size":"auto","background-attachment":"scroll","background-type":"","background-media":"","overlay-type":"","overlay-color":"","overlay-opacity":"","overlay-gradient":""}},"ast-content-background-meta":{"desktop":{"background-color":"var(--ast-global-color-5)","background-image":"","background-repeat":"repeat","background-position":"center center","background-size":"auto","background-attachment":"scroll","background-type":"","background-media":"","overlay-type":"","overlay-color":"","overlay-opacity":"","overlay-gradient":""},"tablet":{"background-color":"var(--ast-global-color-5)","background-image":"","background-repeat":"repeat","background-position":"center center","background-size":"auto","background-attachment":"scroll","background-type":"","background-media":"","overlay-type":"","overlay-color":"","overlay-opacity":"","overlay-gradient":""},"mobile":{"background-color":"var(--ast-global-color-5)","background-image":"","background-repeat":"repeat","background-position":"center center","background-size":"auto","background-attachment":"scroll","background-type":"","background-media":"","overlay-type":"","overlay-color":"","overlay-opacity":"","overlay-gradient":""}}},"product_brand":[],"product_cat":[474],"product_tag":[1418],"class_list":{"0":"post-8233","1":"product","2":"type-product","3":"status-publish","4":"has-post-thumbnail","6":"product_cat-peptid-osteoporozy","7":"product_tag-top-grade-abaloparatide-cas-247062-33-5-for-reduced-fracture-rate-and-hypercalcemia-incidence-cs","8":"desktop-align-left","9":"tablet-align-left","10":"mobile-align-left","12":"first","13":"instock","14":"shipping-taxable","15":"product-type-simple"},"_links":{"self":[{"href":"https:\/\/puyapeptide.net\/cs\/wp-json\/wp\/v2\/product\/8233","targetHints":{"allow":["GET"]}}],"collection":[{"href":"https:\/\/puyapeptide.net\/cs\/wp-json\/wp\/v2\/product"}],"about":[{"href":"https:\/\/puyapeptide.net\/cs\/wp-json\/wp\/v2\/types\/product"}],"replies":[{"embeddable":true,"href":"https:\/\/puyapeptide.net\/cs\/wp-json\/wp\/v2\/comments?post=8233"}],"wp:featuredmedia":[{"embeddable":true,"href":"https:\/\/puyapeptide.net\/cs\/wp-json\/wp\/v2\/media\/2160"}],"wp:attachment":[{"href":"https:\/\/puyapeptide.net\/cs\/wp-json\/wp\/v2\/media?parent=8233"}],"wp:term":[{"taxonomy":"product_brand","embeddable":true,"href":"https:\/\/puyapeptide.net\/cs\/wp-json\/wp\/v2\/product_brand?post=8233"},{"taxonomy":"product_cat","embeddable":true,"href":"https:\/\/puyapeptide.net\/cs\/wp-json\/wp\/v2\/product_cat?post=8233"},{"taxonomy":"product_tag","embeddable":true,"href":"https:\/\/puyapeptide.net\/cs\/wp-json\/wp\/v2\/product_tag?post=8233"}],"curies":[{"name":"wp","href":"https:\/\/api.w.org\/{rel}","templated":true}]}}