{"id":8260,"date":"2021-12-16T13:19:28","date_gmt":"2021-12-16T18:19:28","guid":{"rendered":"https:\/\/puyapeptide.net\/product\/puya-supply-teriparatide-acetate-cas-52232-67-4-lecba-osteoporozy\/"},"modified":"2021-12-16T13:19:28","modified_gmt":"2021-12-16T18:19:28","slug":"puya-supply-teriparatide-acetate-cas-52232-67-4-lecba-osteoporozy","status":"publish","type":"product","link":"https:\/\/puyapeptide.net\/cs\/product\/puya-supply-teriparatide-acetate-cas-52232-67-4-lecba-osteoporozy\/","title":{"rendered":"Puya Supply Teriparatide Acetate CAS 52232-67-4 L\u00e9\u010dba osteopor\u00f3zy"},"content":{"rendered":"<h2><strong>Puya Supply Teriparatide Acetate CAS 52232-67-4 L\u00e9\u010dba osteopor\u00f3zy<\/strong><\/h2>\n<p>N\u00e1zev produktu: Teriparatid acet\u00e1t<br \/>\nSynonyma: P\u0158\u00cd\u0160TITN\u00c1 HORMON \u010cLOV\u011aK: FRAGMENT 1-34;HORM\u00d3N P\u0158\u00cd\u0160TITN\u00ddCH T\u011aL\u00cdSEK (\u010cLOV\u011aK, 1-34);HORMON P\u0158\u00cd\u0160TITN\u00c1 T\u011aLA (1-34), \u010cLOV\u011aK;PTH (1-34) (\u010cLOV\u011aK );PTH (\u010cLOV\u011aK, 1-34);TERIPARATIDE;Teriparatidacet\u00e1t;SVSEIQLMHNLGKHLNSMERVEWLRKKLQDVHNF<br \/>\nCAS: 52232-67-4<br \/>\nMF: C172H278N52O47S2<br \/>\nMW72<br \/>\nMW72&amp;6409-9 &amp;&gt;Kategorie produkt\u016f: Deriv\u00e1ty aminokyselin;Endokrinologie a hormony;Peptidy;Hormony;Ostatn\u00ed proteinov\u00e9\/peptidov\u00e9 hormony;proteiny;Peptidy a proteiny parathyroidn\u00edho hormonu (PTH);Fragmenty hormonu p\u0159\u00ed\u0161t\u00edtn\u00fdch t\u011bl\u00edsek;Peptidy pro bun\u011b\u010dnou biologii a protetiky;Peptidy Mol File: 52232-67-4.mol<\/p>\n<p>Teriparatid je rekombinantn\u00ed produkt p\u0159edstavuj\u00edc\u00ed prvn\u00edch 34 aminokyselin v lidsk\u00e9m parathormonu. Teriparatid zvy\u0161uje tvorbu kosti, rychlost p\u0159estavby kosti a po\u010det a aktivitu osteoblast\u016f. Zlep\u0161uje se kostn\u00ed hmota i architektura.<br \/>\nTeriparatid je schv\u00e1len FDA pro \u017eeny a mu\u017ee po menopauze, kte\u0159\u00ed jsou vystaveni vysok\u00e9mu riziku zlomenin.<\/p>\n<p> <strong>Teriparatidacet\u00e1t CAS 52232-67-4 Chemick\u00e9 vlastnosti<\/strong><br \/>\nRTECS SQ7770000&lt; &amp;&gt;tepl. \u221220\u00b0C<br \/>\nforma pr\u00e1\u0161ku<br \/>\nCAS DataBase Reference 52232-67-4 (CAS DataBase Reference)<\/p>\n<p> <strong>Pou\u017eit\u00ed teriparatidacet\u00e1tu CAS 52232-67-4<\/strong><br \/>\nTeriparatid je rekombinantn\u00ed forma p\u0159\u00ed\u0161t\u00edtn\u00fdch t\u011bl\u00edsek hormon, kter\u00fd se pou\u017e\u00edv\u00e1 k l\u00e9\u010db\u011b osteopor\u00f3zy u mu\u017e\u016f a \u017een po menopauze. N-termin\u00e1ln\u00ed oblast m\u00e1 34 aminokyselin, kter\u00e9 jsou toto\u017en\u00e9 s biologicky aktivn\u00ed oblast\u00ed 84-aminokyselinov\u00e9 sekvence lidsk\u00e9ho parathormonu. Bylo prok\u00e1z\u00e1no, \u017ee p\u016fsob\u00ed na osteoblasty a stimuluje r\u016fst nov\u00fdch kost\u00ed a zlep\u0161uje hustotu kost\u00ed.<\/p>\n","protected":false},"excerpt":{"rendered":"<p>N\u00e1zev produktu: Teriparatid acet\u00e1t<br \/>\nCAS: 52232-67-4<br \/>\nMF: C172H278N52O47S2<br \/>\nMW: 3890,49792<br \/>\nEINECS: 640-978-1<br \/>\nMol File: 52432,67<\/p>\n","protected":false},"featured_media":0,"comment_status":"open","ping_status":"closed","template":"","meta":{"om_disable_all_campaigns":false,"_monsterinsights_skip_tracking":false,"_monsterinsights_sitenote_active":false,"_monsterinsights_sitenote_note":"","_monsterinsights_sitenote_category":0,"site-sidebar-layout":"default","site-content-layout":"default","ast-site-content-layout":"default","site-content-style":"default","site-sidebar-style":"default","ast-global-header-display":"","ast-banner-title-visibility":"","ast-main-header-display":"","ast-hfb-above-header-display":"","ast-hfb-below-header-display":"","ast-hfb-mobile-header-display":"","site-post-title":"","ast-breadcrumbs-content":"","ast-featured-img":"","footer-sml-layout":"","ast-disable-related-posts":"","theme-transparent-header-meta":"default","adv-header-id-meta":"","stick-header-meta":"","header-above-stick-meta":"","header-main-stick-meta":"","header-below-stick-meta":"","astra-migrate-meta-layouts":"default","ast-page-background-enabled":"default","ast-page-background-meta":{"desktop":{"background-color":"","background-image":"","background-repeat":"repeat","background-position":"center center","background-size":"auto","background-attachment":"scroll","background-type":"","background-media":"","overlay-type":"","overlay-color":"","overlay-opacity":"","overlay-gradient":""},"tablet":{"background-color":"","background-image":"","background-repeat":"repeat","background-position":"center center","background-size":"auto","background-attachment":"scroll","background-type":"","background-media":"","overlay-type":"","overlay-color":"","overlay-opacity":"","overlay-gradient":""},"mobile":{"background-color":"","background-image":"","background-repeat":"repeat","background-position":"center center","background-size":"auto","background-attachment":"scroll","background-type":"","background-media":"","overlay-type":"","overlay-color":"","overlay-opacity":"","overlay-gradient":""}},"ast-content-background-meta":{"desktop":{"background-color":"var(--ast-global-color-5)","background-image":"","background-repeat":"repeat","background-position":"center center","background-size":"auto","background-attachment":"scroll","background-type":"","background-media":"","overlay-type":"","overlay-color":"","overlay-opacity":"","overlay-gradient":""},"tablet":{"background-color":"var(--ast-global-color-5)","background-image":"","background-repeat":"repeat","background-position":"center center","background-size":"auto","background-attachment":"scroll","background-type":"","background-media":"","overlay-type":"","overlay-color":"","overlay-opacity":"","overlay-gradient":""},"mobile":{"background-color":"var(--ast-global-color-5)","background-image":"","background-repeat":"repeat","background-position":"center center","background-size":"auto","background-attachment":"scroll","background-type":"","background-media":"","overlay-type":"","overlay-color":"","overlay-opacity":"","overlay-gradient":""}}},"product_brand":[],"product_cat":[474],"product_tag":[1392],"class_list":{"0":"post-8260","1":"product","2":"type-product","3":"status-publish","5":"product_cat-peptid-osteoporozy","6":"product_tag-puya-supply-teriparatide-acetate-cas-52232-67-4-treat-for-osteoporosis-cs","7":"desktop-align-left","8":"tablet-align-left","9":"mobile-align-left","11":"first","12":"instock","13":"shipping-taxable","14":"product-type-simple"},"_links":{"self":[{"href":"https:\/\/puyapeptide.net\/cs\/wp-json\/wp\/v2\/product\/8260","targetHints":{"allow":["GET"]}}],"collection":[{"href":"https:\/\/puyapeptide.net\/cs\/wp-json\/wp\/v2\/product"}],"about":[{"href":"https:\/\/puyapeptide.net\/cs\/wp-json\/wp\/v2\/types\/product"}],"replies":[{"embeddable":true,"href":"https:\/\/puyapeptide.net\/cs\/wp-json\/wp\/v2\/comments?post=8260"}],"wp:attachment":[{"href":"https:\/\/puyapeptide.net\/cs\/wp-json\/wp\/v2\/media?parent=8260"}],"wp:term":[{"taxonomy":"product_brand","embeddable":true,"href":"https:\/\/puyapeptide.net\/cs\/wp-json\/wp\/v2\/product_brand?post=8260"},{"taxonomy":"product_cat","embeddable":true,"href":"https:\/\/puyapeptide.net\/cs\/wp-json\/wp\/v2\/product_cat?post=8260"},{"taxonomy":"product_tag","embeddable":true,"href":"https:\/\/puyapeptide.net\/cs\/wp-json\/wp\/v2\/product_tag?post=8260"}],"curies":[{"name":"wp","href":"https:\/\/api.w.org\/{rel}","templated":true}]}}