{"id":8317,"date":"2021-12-16T13:22:15","date_gmt":"2021-12-16T18:22:15","guid":{"rendered":"https:\/\/puyapeptide.net\/product\/vysoce-kvalitni-sincalide-cck-8-cas-25126-32-3-pouziva-se-hlavne-k-podpore-kontrakci-zlucniku-diagnosticke-cinidlo-zlucniku\/"},"modified":"2021-12-16T13:22:15","modified_gmt":"2021-12-16T18:22:15","slug":"vysoce-kvalitni-sincalide-cck-8-cas-25126-32-3-pouziva-se-hlavne-k-podpore-kontrakci-zlucniku-diagnosticke-cinidlo-zlucniku","status":"publish","type":"product","link":"https:\/\/puyapeptide.net\/cs\/product\/vysoce-kvalitni-sincalide-cck-8-cas-25126-32-3-pouziva-se-hlavne-k-podpore-kontrakci-zlucniku-diagnosticke-cinidlo-zlucniku\/","title":{"rendered":"Vysoce kvalitn\u00ed Sincalide\/ CCK-8 CAS 25126-32-3 Pou\u017e\u00edv\u00e1 se hlavn\u011b k podpo\u0159e kontrakc\u00ed \u017elu\u010dn\u00edku, diagnostick\u00e9 \u010dinidlo \u017elu\u010dn\u00edku"},"content":{"rendered":"<h2><strong>Vysoce kvalitn\u00ed Sincalide\/ CCK-8 CAS 25126-32-3 Pou\u017e\u00edv\u00e1 se hlavn\u011b k podpo\u0159e kontrakc\u00ed \u017elu\u010dn\u00edku, diagnostick\u00e9 \u010dinidlo \u017elu\u010dn\u00edku<\/strong><\/h2>\n<p>N\u00e1zev produktu: Sincalide<br \/>\nSynonyma: [27-TYR(SO3H)]CHOLECYSTOKININ-FRAGMENT (26-33)-AMIDE;PANCREOZYMIN C-TERMINAL OCTAPEPTIDE;SINCALIDE;(Tyr[SO3H]27)Fragment cholecystokininu 33 Amid;Sincalid(CCK-8);(tyr(so3H)27)-cholecystokininov\u00fd fragment*26-33 amid;H-ASP-TYR(SO3H)-MET-GLY-TRP-MET-ASP-PHE-NH2;H -ASP-TYR(SO3H)-MET-GLY-TRP-MET-ASP-PHE-NH2 AMONI\u00c1 S\u016eL<br \/>\nCAS: 25126-32-3<br \/>\nMF: C49H62N10O16S3<br \/>\nMW: 1143,27<br \/>\nEINECS: 246-639-0<br \/>\nKategorie produkt\u016f: API;hormony;Peptid;Cholecystokininov\u00fd (CCK) receptor;Peptidov\u00e9 receptory<br \/>\nMol File: 25126-32-3.mol<\/p>\n<p>Sincalide\/Cholecystokinin (CCK- 8) je mozkov\u00fd st\u0159evn\u00ed peptid s mnoha molekul\u00e1rn\u00edmi formami a du\u00e1ln\u00ed distribuc\u00ed, sest\u00e1vaj\u00edc\u00ed z 33 aminokyselin, s hormon\u00e1ln\u00edmi a neurotransmiterov\u00fdmi \u00fa\u010dinky. Sincalide je oktapeptidov\u00e1 molekula, fragment cholecystokininu, Chemicalbook m\u00e1 v\u0161echny biologick\u00e9 aktivity cholecystokininu, syntetick\u00e9ho cholecystokininov\u00e9ho oktapeptidu (oktapeptidu), kter\u00fd se pou\u017e\u00edv\u00e1 hlavn\u011b k podpo\u0159e kontrakc\u00ed \u017elu\u010dn\u00edku, diagnostick\u00e9 \u010dinidlo \u017elu\u010dn\u00edku, klinick\u00e9 pou\u017eit\u00ed p\u0159i l\u00e9\u010db\u011b chronick\u00e9 pankreatitidy, zjistil, \u017ee v\u00fdrazn\u011b se zlep\u0161ila funkce pankreatick\u00e9 sekrece, symptomy se v\u00fdrazn\u011b sn\u00ed\u017eily. Symptomy byly v\u00fdznamn\u011b redukov\u00e1ny.<\/p>\n<p> <strong>Sincalide\/ CCK-8 CAS 25126-32-3 Chemick\u00e9 vlastnosti<\/strong><br \/>\nalfa D23 -18,4\u00b0 (c = 0,7 v 1N NH3)<br \/>\nhustota 1,440\u00b10,06 g\/ cm3 (P\u0159edpov\u011bzeno)<br \/>\ntepl. -20\u00b0C<br \/>\nrozpustnost 0,05 M hydroxid amonn\u00fd: 1 mg\/ml, \u010dir\u00fd, bezbarv\u00fd<br \/>\npka -4,17\u00b10,18(P\u0159edpov\u011bzen\u00e1)<br \/>\nforma pr\u00e1\u0161ku<br \/>\nRozpustnost ve vod\u011b Rozpustn\u00fd ve vod\u011b 1 g\/l p\u0159i 10 \u00b0C.<br \/>\nMerck 13,8617<br \/>\nBRN 5231801<\/p>\n<p> <strong>Sincalide\/ CCK-8 CAS 25126-32-3 Chemick\u00e9 vlastnosti<\/strong><br \/>\nSincalide\/Cholecystokinin (CCK-8) se \u010dasto pou\u017e\u00edv\u00e1 klinicky spolupracovat a zlep\u0161it vy\u0161et\u0159en\u00ed funkce pankreatick\u00e9 sekrece s pankreatickou sekrec\u00ed; CCK se pou\u017e\u00edv\u00e1 jako n\u00e1hrada tu\u010dn\u00e9ho j\u00eddla p\u0159i cholangiografii, co\u017e m\u016f\u017ee podpo\u0159it st\u0159evn\u00ed peristaltiku a zkr\u00e1tit dobu vy\u0161et\u0159en\u00ed baryov\u00e9 mou\u010dky. M\u016f\u017ee b\u00fdt tak\u00e9 pou\u017eit k l\u00e9\u010db\u011b st\u0159evn\u00ed paral\u00fdzy.<\/p>\n","protected":false},"excerpt":{"rendered":"<p>N\u00e1zev produktu: Sincalide<br \/>\nMF: C49H62N10O16S3<br \/>\nMW: 1143,27<br \/>\nEINECS: 246-639-0<br \/>\nMol Soubor: 25126-32-3.mol<\/p>\n","protected":false},"featured_media":2118,"comment_status":"open","ping_status":"closed","template":"","meta":{"om_disable_all_campaigns":false,"_monsterinsights_skip_tracking":false,"_monsterinsights_sitenote_active":false,"_monsterinsights_sitenote_note":"","_monsterinsights_sitenote_category":0,"site-sidebar-layout":"default","site-content-layout":"default","ast-site-content-layout":"default","site-content-style":"default","site-sidebar-style":"default","ast-global-header-display":"","ast-banner-title-visibility":"","ast-main-header-display":"","ast-hfb-above-header-display":"","ast-hfb-below-header-display":"","ast-hfb-mobile-header-display":"","site-post-title":"","ast-breadcrumbs-content":"","ast-featured-img":"","footer-sml-layout":"","ast-disable-related-posts":"","theme-transparent-header-meta":"default","adv-header-id-meta":"","stick-header-meta":"","header-above-stick-meta":"","header-main-stick-meta":"","header-below-stick-meta":"","astra-migrate-meta-layouts":"default","ast-page-background-enabled":"default","ast-page-background-meta":{"desktop":{"background-color":"","background-image":"","background-repeat":"repeat","background-position":"center center","background-size":"auto","background-attachment":"scroll","background-type":"","background-media":"","overlay-type":"","overlay-color":"","overlay-opacity":"","overlay-gradient":""},"tablet":{"background-color":"","background-image":"","background-repeat":"repeat","background-position":"center center","background-size":"auto","background-attachment":"scroll","background-type":"","background-media":"","overlay-type":"","overlay-color":"","overlay-opacity":"","overlay-gradient":""},"mobile":{"background-color":"","background-image":"","background-repeat":"repeat","background-position":"center center","background-size":"auto","background-attachment":"scroll","background-type":"","background-media":"","overlay-type":"","overlay-color":"","overlay-opacity":"","overlay-gradient":""}},"ast-content-background-meta":{"desktop":{"background-color":"var(--ast-global-color-5)","background-image":"","background-repeat":"repeat","background-position":"center center","background-size":"auto","background-attachment":"scroll","background-type":"","background-media":"","overlay-type":"","overlay-color":"","overlay-opacity":"","overlay-gradient":""},"tablet":{"background-color":"var(--ast-global-color-5)","background-image":"","background-repeat":"repeat","background-position":"center center","background-size":"auto","background-attachment":"scroll","background-type":"","background-media":"","overlay-type":"","overlay-color":"","overlay-opacity":"","overlay-gradient":""},"mobile":{"background-color":"var(--ast-global-color-5)","background-image":"","background-repeat":"repeat","background-position":"center center","background-size":"auto","background-attachment":"scroll","background-type":"","background-media":"","overlay-type":"","overlay-color":"","overlay-opacity":"","overlay-gradient":""}}},"product_brand":[],"product_cat":[515],"product_tag":[1384,1362],"class_list":{"0":"post-8317","1":"product","2":"type-product","3":"status-publish","4":"has-post-thumbnail","6":"product_cat-jine-peptidy","7":"product_tag-gallbladder-diagnostic-reagent-cs","8":"product_tag-high-quality-sincalide-cck-8-cas-25126-32-3-mainly-used-to-promote-gallbladder-contraction-cs","9":"desktop-align-left","10":"tablet-align-left","11":"mobile-align-left","13":"first","14":"instock","15":"shipping-taxable","16":"product-type-simple"},"_links":{"self":[{"href":"https:\/\/puyapeptide.net\/cs\/wp-json\/wp\/v2\/product\/8317","targetHints":{"allow":["GET"]}}],"collection":[{"href":"https:\/\/puyapeptide.net\/cs\/wp-json\/wp\/v2\/product"}],"about":[{"href":"https:\/\/puyapeptide.net\/cs\/wp-json\/wp\/v2\/types\/product"}],"replies":[{"embeddable":true,"href":"https:\/\/puyapeptide.net\/cs\/wp-json\/wp\/v2\/comments?post=8317"}],"wp:featuredmedia":[{"embeddable":true,"href":"https:\/\/puyapeptide.net\/cs\/wp-json\/wp\/v2\/media\/2118"}],"wp:attachment":[{"href":"https:\/\/puyapeptide.net\/cs\/wp-json\/wp\/v2\/media?parent=8317"}],"wp:term":[{"taxonomy":"product_brand","embeddable":true,"href":"https:\/\/puyapeptide.net\/cs\/wp-json\/wp\/v2\/product_brand?post=8317"},{"taxonomy":"product_cat","embeddable":true,"href":"https:\/\/puyapeptide.net\/cs\/wp-json\/wp\/v2\/product_cat?post=8317"},{"taxonomy":"product_tag","embeddable":true,"href":"https:\/\/puyapeptide.net\/cs\/wp-json\/wp\/v2\/product_tag?post=8317"}],"curies":[{"name":"wp","href":"https:\/\/api.w.org\/{rel}","templated":true}]}}