{"id":8325,"date":"2021-12-16T13:23:24","date_gmt":"2021-12-16T18:23:24","guid":{"rendered":"https:\/\/puyapeptide.net\/product\/alarelin-acetat-gnrh-a-cas-79561-22-1-pro-podporu-ovulace-a-lecbu-neplodnosti-zpusobene-abnormalni-funkci-vajecniku\/"},"modified":"2021-12-16T13:23:24","modified_gmt":"2021-12-16T18:23:24","slug":"alarelin-acetat-gnrh-a-cas-79561-22-1-pro-podporu-ovulace-a-lecbu-neplodnosti-zpusobene-abnormalni-funkci-vajecniku","status":"publish","type":"product","link":"https:\/\/puyapeptide.net\/cs\/product\/alarelin-acetat-gnrh-a-cas-79561-22-1-pro-podporu-ovulace-a-lecbu-neplodnosti-zpusobene-abnormalni-funkci-vajecniku\/","title":{"rendered":"Alarelin acet\u00e1t\/GnRH-A CAS 79561-22-1 Pro podporu ovulace a l\u00e9\u010dbu neplodnosti zp\u016fsoben\u00e9 abnorm\u00e1ln\u00ed funkc\u00ed vaje\u010dn\u00edk\u016f"},"content":{"rendered":"<h2><strong>Alarelin acet\u00e1t\/GnRH-A CAS 79561-22-1 Pro podporu ovulace a l\u00e9\u010dbu neplodnosti zp\u016fsoben\u00e9 abnorm\u00e1ln\u00ed funkc\u00ed vaje\u010dn\u00edk\u016f<\/strong><\/h2>\n<p>N\u00e1zev produktu: Alarelin<br \/>\nSekvence: Pyr-His-Trp-Ser-Tyr-D-Ala-Leu-Arg-Pro-NHEt<br \/>\nSynonyma: ALARELIN;PYR-HIS-TRP-SER-TYR- D-ALA-LEU-ARG-PRO-NHET;(DES-GLY10,D-ALA6,PRO-NHET9)-GONADOTROPIN-UVOL\u0147UJ\u00cdC\u00cd HORMON (MO\u0158SK\u00dd pra\u017ema);(DES-GLY10,D-ALA6,PRO-NHET9)-GONADOTROPIN -UVOL\u0147UJ\u00cdC\u00cd HORMON;(DES-GLY10,D-ALA6,PRO-NHET9)-FAKTOR UVOL\u0147UJ\u00cdC\u00cd LUTEINIZUJ\u00cdC\u00cd HORMON (MO\u0158SK\u00dd BERM);(DES-GLY10,D-ALA6,PRO-NHET9)-LUTEINIZUJ\u00cdC\u00cd HORMON-UVOL\u0147UJ\u00cdC\u00cd FAKTOR;(UVOL\u0147UJ\u00cdC\u00cd FAKTOR; -GLY10,D-ALA6,PRO-NHET9)-LHRH (SEA BREAM);[DES-GLY10, D-ALA6, PRO-NHET9]-LH-RH (HUMAN)<br \/>\nCAS: 79561-22-1&lt;&amp; &gt;MF: C56H78N16O12<br \/>\nMW: 1167,32<br \/>\nEINECS: 635-974-1<br \/>\nKategorie produkt\u016f: API;Peptid;LH-RH;LH-RHPeptidy pro bun\u011b\u010dnou biologii;Neuropeptidy;Faktory uvol\u0148uj\u00edc\u00ed kysel\u00e9 deriv\u00e1ty;Amino &amp;&gt;Mol File: 79561-22-1.mol<\/p>\n<p>Alaralin (analog hormonu uvol\u0148uj\u00edc\u00edho gonadotropin (GnRH-A), tak\u00e9 zn\u00e1m\u00fd jako albuterol, je syntetick\u00fd dev\u00edtipeptidov\u00fd analog hormonu uvol\u0148uj\u00edc\u00edho gonadotropin (GnRH), kter\u00fd je 15x siln\u011bj\u0161\u00ed ne\u017e rodi\u010d.Dok\u00e1\u017ee stimulovat hypof\u00fdzu k uvoln\u011bn\u00ed l uteiniza\u010dn\u00ed hormon (LH) a folikuly stimuluj\u00edc\u00ed hormon (FSH) na za\u010d\u00e1tku pod\u00e1v\u00e1n\u00ed l\u00e9ku, co\u017e zp\u016fsobuje p\u0159echodn\u00e9 zv\u00fd\u0161en\u00ed steroidn\u00edho hormonu odvozen\u00e9ho z chemick\u00fdch knih vaje\u010dn\u00edk\u016f; opakovan\u00e1 aplikace m\u016f\u017ee inhibovat uvol\u0148ov\u00e1n\u00ed LH a FSH z hypof\u00fdzy, co\u017e zp\u016fsobuje sn\u00ed\u017een\u00ed hladiny estradiolu v krvi, dosa\u017een\u00ed efektu l\u00e9kov\u00e9 deovulace a z\u00e1rove\u0148 m\u00e1 regula\u010dn\u00ed \u00fa\u010dinek na expresi onkogen\u016f ras, neu a myc souvisej\u00edc\u00ed s rakovinou endometria. M\u00e1 tak\u00e9 regula\u010dn\u00ed \u00fa\u010dinky na expresi ras, neu a myc, kter\u00e9 souvis\u00ed s rakovinou endometria. Klinicky se pou\u017e\u00edv\u00e1 hlavn\u011b k podpo\u0159e ovulace, l\u00e9\u010db\u011b neplodnosti zp\u016fsoben\u00e9 abnorm\u00e1ln\u00ed funkc\u00ed vaje\u010dn\u00edk\u016f, endometri\u00f3zou a d\u011blo\u017en\u00edmi myomy a ke zlep\u0161en\u00ed m\u00edry ot\u011bhotn\u011bn\u00ed.<\/p>\n<p> <strong>Pou\u017eit\u00ed Alarelin Acetate\/GnRH-A CAS 79561-22-1<\/strong> &lt;&amp; &gt;Pou\u017e\u00edv\u00e1 se hlavn\u011b klinicky k podpo\u0159e ovulace, l\u00e9\u010db\u011b neplodnosti zp\u016fsoben\u00e9 abnorm\u00e1ln\u00ed funkc\u00ed vaje\u010dn\u00edk\u016f, endometri\u00f3zou a d\u011blo\u017en\u00edmi myomy a ke zlep\u0161en\u00ed ot\u011bhotn\u011bn\u00ed.<\/p>\n","protected":false},"excerpt":{"rendered":"<p>N\u00e1zev produktu: Alarelin<br \/>\nCAS: 79561-22-1<br \/>\nMF: C56H78N16O12<br \/>\nMW: 1167,32<br \/>\nEINECS: 635-974-1<br \/>\nMol Soubor: 79561-22-1.mol<\/p>\n","protected":false},"featured_media":2118,"comment_status":"open","ping_status":"closed","template":"","meta":{"om_disable_all_campaigns":false,"_monsterinsights_skip_tracking":false,"_monsterinsights_sitenote_active":false,"_monsterinsights_sitenote_note":"","_monsterinsights_sitenote_category":0,"site-sidebar-layout":"default","site-content-layout":"default","ast-site-content-layout":"default","site-content-style":"default","site-sidebar-style":"default","ast-global-header-display":"","ast-banner-title-visibility":"","ast-main-header-display":"","ast-hfb-above-header-display":"","ast-hfb-below-header-display":"","ast-hfb-mobile-header-display":"","site-post-title":"","ast-breadcrumbs-content":"","ast-featured-img":"","footer-sml-layout":"","ast-disable-related-posts":"","theme-transparent-header-meta":"default","adv-header-id-meta":"","stick-header-meta":"","header-above-stick-meta":"","header-main-stick-meta":"","header-below-stick-meta":"","astra-migrate-meta-layouts":"default","ast-page-background-enabled":"default","ast-page-background-meta":{"desktop":{"background-color":"","background-image":"","background-repeat":"repeat","background-position":"center center","background-size":"auto","background-attachment":"scroll","background-type":"","background-media":"","overlay-type":"","overlay-color":"","overlay-opacity":"","overlay-gradient":""},"tablet":{"background-color":"","background-image":"","background-repeat":"repeat","background-position":"center center","background-size":"auto","background-attachment":"scroll","background-type":"","background-media":"","overlay-type":"","overlay-color":"","overlay-opacity":"","overlay-gradient":""},"mobile":{"background-color":"","background-image":"","background-repeat":"repeat","background-position":"center center","background-size":"auto","background-attachment":"scroll","background-type":"","background-media":"","overlay-type":"","overlay-color":"","overlay-opacity":"","overlay-gradient":""}},"ast-content-background-meta":{"desktop":{"background-color":"var(--ast-global-color-5)","background-image":"","background-repeat":"repeat","background-position":"center center","background-size":"auto","background-attachment":"scroll","background-type":"","background-media":"","overlay-type":"","overlay-color":"","overlay-opacity":"","overlay-gradient":""},"tablet":{"background-color":"var(--ast-global-color-5)","background-image":"","background-repeat":"repeat","background-position":"center center","background-size":"auto","background-attachment":"scroll","background-type":"","background-media":"","overlay-type":"","overlay-color":"","overlay-opacity":"","overlay-gradient":""},"mobile":{"background-color":"var(--ast-global-color-5)","background-image":"","background-repeat":"repeat","background-position":"center center","background-size":"auto","background-attachment":"scroll","background-type":"","background-media":"","overlay-type":"","overlay-color":"","overlay-opacity":"","overlay-gradient":""}}},"product_brand":[],"product_cat":[432],"product_tag":[1328],"class_list":{"0":"post-8325","1":"product","2":"type-product","3":"status-publish","4":"has-post-thumbnail","6":"product_cat-urogenitalni-peptid","7":"product_tag-alarelin-acetate-gnrh-a-cas-79561-22-1-for-promote-ovulation-and-treat-infertility-caused-by-abnormal-ovarian-function-cs","8":"desktop-align-left","9":"tablet-align-left","10":"mobile-align-left","12":"first","13":"instock","14":"shipping-taxable","15":"product-type-simple"},"_links":{"self":[{"href":"https:\/\/puyapeptide.net\/cs\/wp-json\/wp\/v2\/product\/8325","targetHints":{"allow":["GET"]}}],"collection":[{"href":"https:\/\/puyapeptide.net\/cs\/wp-json\/wp\/v2\/product"}],"about":[{"href":"https:\/\/puyapeptide.net\/cs\/wp-json\/wp\/v2\/types\/product"}],"replies":[{"embeddable":true,"href":"https:\/\/puyapeptide.net\/cs\/wp-json\/wp\/v2\/comments?post=8325"}],"wp:featuredmedia":[{"embeddable":true,"href":"https:\/\/puyapeptide.net\/cs\/wp-json\/wp\/v2\/media\/2118"}],"wp:attachment":[{"href":"https:\/\/puyapeptide.net\/cs\/wp-json\/wp\/v2\/media?parent=8325"}],"wp:term":[{"taxonomy":"product_brand","embeddable":true,"href":"https:\/\/puyapeptide.net\/cs\/wp-json\/wp\/v2\/product_brand?post=8325"},{"taxonomy":"product_cat","embeddable":true,"href":"https:\/\/puyapeptide.net\/cs\/wp-json\/wp\/v2\/product_cat?post=8325"},{"taxonomy":"product_tag","embeddable":true,"href":"https:\/\/puyapeptide.net\/cs\/wp-json\/wp\/v2\/product_tag?post=8325"}],"curies":[{"name":"wp","href":"https:\/\/api.w.org\/{rel}","templated":true}]}}