{"id":8430,"date":"2021-12-16T13:29:09","date_gmt":"2021-12-16T18:29:09","guid":{"rendered":"https:\/\/puyapeptide.net\/product\/oxytocin-%ce%b1-hypophamin-oxytocic-hormon-cas-50-56-6-je-pleiotropni-hypotalamicky-peptid-ktery-prispiva-k-porodu-laktaci-a-prosocialnimu-chovani\/"},"modified":"2021-12-16T13:29:09","modified_gmt":"2021-12-16T18:29:09","slug":"oxytocin-%ce%b1-hypophamin-oxytocic-hormon-cas-50-56-6-je-pleiotropni-hypotalamicky-peptid-ktery-prispiva-k-porodu-laktaci-a-prosocialnimu-chovani","status":"publish","type":"product","link":"https:\/\/puyapeptide.net\/cs\/product\/oxytocin-%ce%b1-hypophamin-oxytocic-hormon-cas-50-56-6-je-pleiotropni-hypotalamicky-peptid-ktery-prispiva-k-porodu-laktaci-a-prosocialnimu-chovani\/","title":{"rendered":"Oxytocin (\u03b1-Hypophamin; Oxytocic hormon) CAS 50-56-6 je pleiotropn\u00ed hypotalamick\u00fd peptid, kter\u00fd p\u0159isp\u00edv\u00e1 k porodu, laktaci a prosoci\u00e1ln\u00edmu chov\u00e1n\u00ed."},"content":{"rendered":"<h2><strong>Oxytocin (\u03b1-Hypophamin; Oxytocic hormon) CAS 50-56-6 je pleiotropn\u00ed hypotalamick\u00fd peptid, kter\u00fd p\u0159isp\u00edv\u00e1 k porodu, laktaci a prosoci\u00e1ln\u00edmu chov\u00e1n\u00ed.<\/strong><\/h2>\n<p>N\u00e1zev produktu: Oxytocin<br \/>\nSynonyma: (1-hemicystin)-oxytocin;3-isoleucin-8-leucinevasopressin;atonino;cyklick\u00fd (1-6)-di\/\/\/;di-sipidin;endopituitrina;glycinamid, l-cysteinyl-l-tyrosyl-l-isoleucyl-l-glutaminyl-l-asparaginyl-l-cys;nobitociny<br \/>\nCAS: 50-56-6<br \/>\nMF: C43H66N12O12S2<br \/>\nMW: 1007,19<br \/>\n EINECS: 200-048-4<br \/>\nKategorie produkt\u016f: Deriv\u00e1ty aminokyselin;Organick\u00e9 l\u00e1tky;Aminokyseliny 13C, 2H, 15N;Peptid;Aminokyseliny a deriv\u00e1ty;Meziprodukty a \u010dist\u00e9 chemik\u00e1lie;Farmaceutika a receptory oxycintopresopresin; ;peptidy pro porodn\u00ed pou\u017eit\u00ed;Veterin\u00e1rn\u00ed l\u00e9ky<br \/>\nMol File: 50-56-6.mol<\/p>\n<p>Oxytocin (OT) je druh l\u00e9ku na kontrakci d\u011blohy a lze jej z\u00edskat ze zadn\u00edho laloku hypof\u00fdzy zv\u00ed\u0159ete, pop\u0159. chemicky syntetizov\u00e1n.<br \/>\nOxytocin je l\u00e9k na kontrakci d\u011blohy, kter\u00fd se v\u011bt\u0161inou pou\u017e\u00edv\u00e1 p\u0159i indukci pozdn\u00edho t\u011bhotenstv\u00ed a stagnuj\u00edc\u00edm porodu kv\u016fli slab\u00fdm kontrakc\u00edm d\u011blohy. Vhodn\u00e9 pro vyvol\u00e1n\u00ed porodu a zm\u00edrn\u011bn\u00ed bolesti. B\u011b\u017en\u011b se pou\u017e\u00edv\u00e1 s n\u00e1melov\u00fdmi p\u0159\u00edpravky, kter\u00e9 se pou\u017e\u00edvaj\u00ed k vyvol\u00e1n\u00ed porodu, urychlen\u00ed porodu a p\u0159i d\u011blo\u017en\u00edm krv\u00e1cen\u00ed v d\u016fsledku slab\u00fdch d\u011blo\u017en\u00edch kontrakc\u00ed po porodu nebo mrtv\u00e9m porodu. K podpo\u0159e laktace lze pou\u017e\u00edt nosn\u00ed kapky.<\/p>\n<p> <strong>Oxytocin CAS 50-56-6 Chemick\u00e9 vlastnosti<\/strong><br \/>\n Chemick\u00e9 vlastnosti oxytocinu<br \/>\nBod t\u00e1n\u00ed 192-194\u00b0C<br \/>\nalfa D22 -26,2\u00b0 (c = 0,53)<br \/>\nhustota 1,1086 (hrub\u00fd odhad)<br \/>\nindex lomu 1,6700 (odhad)<br \/>\ntepl. 2-8\u00b0C<br \/>\nrozpustnost Velmi dob\u0159e rozpustn\u00fd ve vod\u011b. Rozpou\u0161t\u00ed se ve z\u0159ed\u011bn\u00fdch roztoc\u00edch kyseliny octov\u00e9 a ethanolu (96 %).<br \/>\ntvor\u00ed lyofilizovan\u00fd pr\u00e1\u0161ek<br \/>\npka pKa \uff5e6,1 (voln\u00e1 aminoskupina na Cys) (P\u0159\u00edle\u017eitostn\u011b);\uff5e10 (voln\u00fd fenol na Tyr) ( P\u0159\u00edle\u017eitostn\u011b)<br \/>\nbarva B\u00edl\u00e1<br \/>\nRozpustnost ve vod\u011b Rozpustn\u00e9 ve vod\u011b.<br \/>\nMerck 13,7049<br \/>\nBRN 3586108<br \/>\nInChIKey DSZOEVVLZMNAEH-BXUJZNQYSA-N<br \/>\nCAS DataBase Reference- 50-56 Odkaz na datab\u00e1zi)<\/p>\n<p> <strong>Pou\u017eit\u00ed oxytocinu CAS 50-56-6<\/strong><br \/>\n1. Oxytocin je hlavn\u00ed hormon stahuj\u00edc\u00ed d\u011blohu a stimuluj\u00edc\u00ed laktaci v zadn\u00ed hypof\u00fdze.<br \/>\n2. Oxytocin je nonapeptidov\u00fd hormon prim\u00e1rn\u011b syntetizovan\u00fd v magnocelul\u00e1rn\u00edch neuronech paraventrikul\u00e1rn\u00edho a supraoptick\u00e9ho j\u00e1dra hypotalamu. Je nejl\u00e9pe zn\u00e1m\u00fd pro svou roli p\u0159i stimulaci d\u011blo\u017en\u00edch kontrakc\u00ed a laktace a je d\u016fle\u017eit\u00fd pro soci\u00e1ln\u00ed pam\u011b\u0165 a vazbu, sexu\u00e1ln\u00ed a mate\u0159sk\u00e9 chov\u00e1n\u00ed a agresi. Tak\u00e9 se pod\u00edl\u00ed na r\u016fzn\u00e9m nesoci\u00e1ln\u00edm chov\u00e1n\u00ed, v\u010detn\u011b u\u010den\u00ed, \u00fazkosti, krmen\u00ed a vn\u00edm\u00e1n\u00ed bolesti.<\/p>\n","protected":false},"excerpt":{"rendered":"<p>N\u00e1zev produktu: Oxytocin<br \/>\nCAS: 50-56-6<br \/>\nMF: C43H66N12O12S2<br \/>\nMW: 1007,19<br \/>\nEINECS: 200-048-4<br \/>\nMol Soubor: 50-56-6.mol<\/p>\n","protected":false},"featured_media":2160,"comment_status":"open","ping_status":"closed","template":"","meta":{"om_disable_all_campaigns":false,"_monsterinsights_skip_tracking":false,"_monsterinsights_sitenote_active":false,"_monsterinsights_sitenote_note":"","_monsterinsights_sitenote_category":0,"site-sidebar-layout":"default","site-content-layout":"default","ast-site-content-layout":"default","site-content-style":"default","site-sidebar-style":"default","ast-global-header-display":"","ast-banner-title-visibility":"","ast-main-header-display":"","ast-hfb-above-header-display":"","ast-hfb-below-header-display":"","ast-hfb-mobile-header-display":"","site-post-title":"","ast-breadcrumbs-content":"","ast-featured-img":"","footer-sml-layout":"","ast-disable-related-posts":"","theme-transparent-header-meta":"default","adv-header-id-meta":"","stick-header-meta":"","header-above-stick-meta":"","header-main-stick-meta":"","header-below-stick-meta":"","astra-migrate-meta-layouts":"default","ast-page-background-enabled":"default","ast-page-background-meta":{"desktop":{"background-color":"","background-image":"","background-repeat":"repeat","background-position":"center center","background-size":"auto","background-attachment":"scroll","background-type":"","background-media":"","overlay-type":"","overlay-color":"","overlay-opacity":"","overlay-gradient":""},"tablet":{"background-color":"","background-image":"","background-repeat":"repeat","background-position":"center center","background-size":"auto","background-attachment":"scroll","background-type":"","background-media":"","overlay-type":"","overlay-color":"","overlay-opacity":"","overlay-gradient":""},"mobile":{"background-color":"","background-image":"","background-repeat":"repeat","background-position":"center center","background-size":"auto","background-attachment":"scroll","background-type":"","background-media":"","overlay-type":"","overlay-color":"","overlay-opacity":"","overlay-gradient":""}},"ast-content-background-meta":{"desktop":{"background-color":"var(--ast-global-color-5)","background-image":"","background-repeat":"repeat","background-position":"center center","background-size":"auto","background-attachment":"scroll","background-type":"","background-media":"","overlay-type":"","overlay-color":"","overlay-opacity":"","overlay-gradient":""},"tablet":{"background-color":"var(--ast-global-color-5)","background-image":"","background-repeat":"repeat","background-position":"center center","background-size":"auto","background-attachment":"scroll","background-type":"","background-media":"","overlay-type":"","overlay-color":"","overlay-opacity":"","overlay-gradient":""},"mobile":{"background-color":"var(--ast-global-color-5)","background-image":"","background-repeat":"repeat","background-position":"center center","background-size":"auto","background-attachment":"scroll","background-type":"","background-media":"","overlay-type":"","overlay-color":"","overlay-opacity":"","overlay-gradient":""}}},"product_brand":[],"product_cat":[432],"product_tag":[],"class_list":{"0":"post-8430","1":"product","2":"type-product","3":"status-publish","4":"has-post-thumbnail","6":"product_cat-urogenitalni-peptid","7":"desktop-align-left","8":"tablet-align-left","9":"mobile-align-left","11":"first","12":"instock","13":"shipping-taxable","14":"product-type-simple"},"_links":{"self":[{"href":"https:\/\/puyapeptide.net\/cs\/wp-json\/wp\/v2\/product\/8430","targetHints":{"allow":["GET"]}}],"collection":[{"href":"https:\/\/puyapeptide.net\/cs\/wp-json\/wp\/v2\/product"}],"about":[{"href":"https:\/\/puyapeptide.net\/cs\/wp-json\/wp\/v2\/types\/product"}],"replies":[{"embeddable":true,"href":"https:\/\/puyapeptide.net\/cs\/wp-json\/wp\/v2\/comments?post=8430"}],"wp:featuredmedia":[{"embeddable":true,"href":"https:\/\/puyapeptide.net\/cs\/wp-json\/wp\/v2\/media\/2160"}],"wp:attachment":[{"href":"https:\/\/puyapeptide.net\/cs\/wp-json\/wp\/v2\/media?parent=8430"}],"wp:term":[{"taxonomy":"product_brand","embeddable":true,"href":"https:\/\/puyapeptide.net\/cs\/wp-json\/wp\/v2\/product_brand?post=8430"},{"taxonomy":"product_cat","embeddable":true,"href":"https:\/\/puyapeptide.net\/cs\/wp-json\/wp\/v2\/product_cat?post=8430"},{"taxonomy":"product_tag","embeddable":true,"href":"https:\/\/puyapeptide.net\/cs\/wp-json\/wp\/v2\/product_tag?post=8430"}],"curies":[{"name":"wp","href":"https:\/\/api.w.org\/{rel}","templated":true}]}}