{"id":8482,"date":"2021-12-17T01:42:51","date_gmt":"2021-12-17T06:42:51","guid":{"rendered":"https:\/\/puyapeptide.net\/product\/puya-supply-vysoce-kvalitni-lypressin-cas-50-57-7\/"},"modified":"2021-12-17T01:42:51","modified_gmt":"2021-12-17T06:42:51","slug":"puya-supply-vysoce-kvalitni-lypressin-cas-50-57-7","status":"publish","type":"product","link":"https:\/\/puyapeptide.net\/cs\/product\/puya-supply-vysoce-kvalitni-lypressin-cas-50-57-7\/","title":{"rendered":"Puya Supply Vysoce kvalitn\u00ed lypressin CAS 50-57-7"},"content":{"rendered":"<h2><strong>Puya Supply Vysoce kvalitn\u00ed lypressin CAS 50-57-7<\/strong><\/h2>\n<p>N\u00e1zev produktu: Lypressin<br \/>\nSynonyma: Lysipresin;Lyspessinacet\u00e1t;(8-lysin)vasopresin;8-l-lysin-vazopresin;CYFQNCPKG-NH2;LYSIN-VASOPRESSIN;[LYS8]-VASOPRESSIN&amp;&gt;LYCAPRESSIN:&lt; 50-57-7<br \/>\nMF: C46H65N13O12S2<br \/>\nMW: 1056,22<br \/>\nEINECS: 200-050-5<br \/>\nKategorie produkt\u016f: hormony;Dal\u0161\u00ed API;Aminokyselinov\u00e9 deriv\u00e1ty;Peptid&lt;50Mol File: -57-7.mol<\/p>\n<p>Lypressin je syntetick\u00fd 8-L-lysin vasopresin, polypeptid podobn\u00fd ADH. Analog lysinu je pova\u017eov\u00e1n za stabiln\u011bj\u0161\u00ed a rychle se vst\u0159eb\u00e1v\u00e1 z nosn\u00ed sliznice. Lypressin (Diapid) je farmaceuticky dostupn\u00fd jako topick\u00fd roztok, sprej, 50 presorov\u00fdch jednotek (185 g)\/ml v 5ml n\u00e1dobk\u00e1ch. Obvykl\u00e9 d\u00e1vkov\u00e1n\u00ed, topick\u00e9 (intranaz\u00e1ln\u00ed), jeden nebo v\u00edce vst\u0159ik\u016f aplikovan\u00fdch na jednu nebo ob\u011b nosn\u00ed d\u00edrky nebo v\u00edcekr\u00e1t denn\u011b.<\/p>\n<p> <strong>Lypressin CAS 50-57-7 Chemick\u00e9 vlastnosti<\/strong><br \/>\nhustota 1,1080 (hrub\u00fd odhad)<br \/>\n index lomu 1,6700 (odhad)<br \/>\ntepl. -20\u00b0C<br \/>\nInChIKey NKWAIKZITYLOMT-DHSVNZEYSA-N<\/p>\n<p> <strong>Pou\u017eit\u00ed lypressinu CAS 50-57-7<\/strong><br \/>\nHlavn\u00ed fyziologickou funkc\u00ed vasopresinu je regulovat objem extracelul\u00e1rn\u00ed tekutiny, podporovat reabsorpci voda ledvinov\u00fdmi tubuly, stahuje krevn\u00ed c\u00e9vy a zvy\u0161uje krevn\u00ed tlak. Vasopresin (lysfenol acet\u00e1t) je syntetick\u00fd deriv\u00e1t vasopresinu. Jeho antidiuretick\u00e9 a vazokonstrik\u010dn\u00ed \u00fa\u010dinky jsou relativn\u011b m\u00edrn\u00e9 a lze jej pou\u017e\u00edt jako meziprodukt farmaceutick\u00e9 synt\u00e9zy.<\/p>\n","protected":false},"excerpt":{"rendered":"<p>N\u00e1zev produktu: Lypressin<br \/>\nCAS: 50-57-7<br \/>\nMF: C46H65N13O12S2<br \/>\nMW: 1056,22<br \/>\nEINECS: 200-050-5<br \/>\nMol Soubor: 50-57-7.mol<\/p>\n","protected":false},"featured_media":2160,"comment_status":"open","ping_status":"closed","template":"","meta":{"om_disable_all_campaigns":false,"_monsterinsights_skip_tracking":false,"_monsterinsights_sitenote_active":false,"_monsterinsights_sitenote_note":"","_monsterinsights_sitenote_category":0,"site-sidebar-layout":"default","site-content-layout":"default","ast-site-content-layout":"default","site-content-style":"default","site-sidebar-style":"default","ast-global-header-display":"","ast-banner-title-visibility":"","ast-main-header-display":"","ast-hfb-above-header-display":"","ast-hfb-below-header-display":"","ast-hfb-mobile-header-display":"","site-post-title":"","ast-breadcrumbs-content":"","ast-featured-img":"","footer-sml-layout":"","ast-disable-related-posts":"","theme-transparent-header-meta":"default","adv-header-id-meta":"","stick-header-meta":"","header-above-stick-meta":"","header-main-stick-meta":"","header-below-stick-meta":"","astra-migrate-meta-layouts":"default","ast-page-background-enabled":"default","ast-page-background-meta":{"desktop":{"background-color":"","background-image":"","background-repeat":"repeat","background-position":"center center","background-size":"auto","background-attachment":"scroll","background-type":"","background-media":"","overlay-type":"","overlay-color":"","overlay-opacity":"","overlay-gradient":""},"tablet":{"background-color":"","background-image":"","background-repeat":"repeat","background-position":"center center","background-size":"auto","background-attachment":"scroll","background-type":"","background-media":"","overlay-type":"","overlay-color":"","overlay-opacity":"","overlay-gradient":""},"mobile":{"background-color":"","background-image":"","background-repeat":"repeat","background-position":"center center","background-size":"auto","background-attachment":"scroll","background-type":"","background-media":"","overlay-type":"","overlay-color":"","overlay-opacity":"","overlay-gradient":""}},"ast-content-background-meta":{"desktop":{"background-color":"var(--ast-global-color-5)","background-image":"","background-repeat":"repeat","background-position":"center center","background-size":"auto","background-attachment":"scroll","background-type":"","background-media":"","overlay-type":"","overlay-color":"","overlay-opacity":"","overlay-gradient":""},"tablet":{"background-color":"var(--ast-global-color-5)","background-image":"","background-repeat":"repeat","background-position":"center center","background-size":"auto","background-attachment":"scroll","background-type":"","background-media":"","overlay-type":"","overlay-color":"","overlay-opacity":"","overlay-gradient":""},"mobile":{"background-color":"var(--ast-global-color-5)","background-image":"","background-repeat":"repeat","background-position":"center center","background-size":"auto","background-attachment":"scroll","background-type":"","background-media":"","overlay-type":"","overlay-color":"","overlay-opacity":"","overlay-gradient":""}}},"product_brand":[],"product_cat":[407],"product_tag":[],"class_list":{"0":"post-8482","1":"product","2":"type-product","3":"status-publish","4":"has-post-thumbnail","6":"product_cat-krev-a-cevni-peptid","7":"desktop-align-left","8":"tablet-align-left","9":"mobile-align-left","11":"first","12":"instock","13":"shipping-taxable","14":"product-type-simple"},"_links":{"self":[{"href":"https:\/\/puyapeptide.net\/cs\/wp-json\/wp\/v2\/product\/8482","targetHints":{"allow":["GET"]}}],"collection":[{"href":"https:\/\/puyapeptide.net\/cs\/wp-json\/wp\/v2\/product"}],"about":[{"href":"https:\/\/puyapeptide.net\/cs\/wp-json\/wp\/v2\/types\/product"}],"replies":[{"embeddable":true,"href":"https:\/\/puyapeptide.net\/cs\/wp-json\/wp\/v2\/comments?post=8482"}],"wp:featuredmedia":[{"embeddable":true,"href":"https:\/\/puyapeptide.net\/cs\/wp-json\/wp\/v2\/media\/2160"}],"wp:attachment":[{"href":"https:\/\/puyapeptide.net\/cs\/wp-json\/wp\/v2\/media?parent=8482"}],"wp:term":[{"taxonomy":"product_brand","embeddable":true,"href":"https:\/\/puyapeptide.net\/cs\/wp-json\/wp\/v2\/product_brand?post=8482"},{"taxonomy":"product_cat","embeddable":true,"href":"https:\/\/puyapeptide.net\/cs\/wp-json\/wp\/v2\/product_cat?post=8482"},{"taxonomy":"product_tag","embeddable":true,"href":"https:\/\/puyapeptide.net\/cs\/wp-json\/wp\/v2\/product_tag?post=8482"}],"curies":[{"name":"wp","href":"https:\/\/api.w.org\/{rel}","templated":true}]}}