{"id":8525,"date":"2021-12-17T01:45:19","date_gmt":"2021-12-17T06:45:19","guid":{"rendered":"https:\/\/puyapeptide.net\/product\/hot-sale-argipressin-arg8-vasopressin-argipressin-acetate-cas-113-79-1-pro-laboratorni-vyzkum\/"},"modified":"2021-12-17T01:45:19","modified_gmt":"2021-12-17T06:45:19","slug":"hot-sale-argipressin-arg8-vasopressin-argipressin-acetate-cas-113-79-1-pro-laboratorni-vyzkum","status":"publish","type":"product","link":"https:\/\/puyapeptide.net\/cs\/product\/hot-sale-argipressin-arg8-vasopressin-argipressin-acetate-cas-113-79-1-pro-laboratorni-vyzkum\/","title":{"rendered":"Hot Sale Argipressin\/[Arg8]-Vasopressin\/Argipressin Acetate CAS 113-79-1 Pro laboratorn\u00ed v\u00fdzkum"},"content":{"rendered":"<h2><strong>Hot Sale Argipressin\/[Arg8]-Vasopressin\/Argipressin Acetate CAS 113-79-1 Pro laboratorn\u00ed v\u00fdzkum<\/strong><\/h2>\n<p>N\u00e1zev produktu: Argipresin<br \/>\nSynonyma: [ARG8]-VASOPRESSIN (\u010cLOV\u011aK, SV\u011aT, OVCE, KRAS, MY\u0160);[ARG8]-VASOPRESSIN;[ARG8]-VASOPRESSIN (AVP);ANTIDIURETICK\u00dd HORMON;AVP;BETA -HYPOFAMINE;\u03b2-Hypophamin;(ARG8)-VASOPRESSIN STUPE\u0147 VI ROZTOK*APP ROX. 100 I.<br \/>\nCAS: 113-79-1<br \/>\nMF: C46H65N15O12S2<br \/>\nMW: 1084,24<br \/>\nEINECS: 204-035-4<br \/>\nKategorie produkt\u016f: Deriv\u00e1ty aminokyselin; Receptor xytopresinu a O; Peptidov\u00e9 receptory; Meziprodukty a jemn\u00e9 chemik\u00e1lie; Peptidy; Farmacie; Peptid<br \/>\nMol File: 113-79-1.mol<\/p>\n<p>Argininevasopres-sin (AVP), tak\u00e9 zn\u00e1m\u00fd jako antidiuretick\u00fd hormon, je d\u016fle\u017eit\u00fdm neurotransmiterem centr\u00e1ln\u00edho nervov\u00e9ho syst\u00e9mu. Je to 9-peptidov\u00fd hormon vylu\u010dovan\u00fd neurony AVP v supraoptick\u00e9m j\u00e1dru (SON) a paraventrikul\u00e1rn\u00edm j\u00e1dru (PVN) hypotalamu. \u00dazce souvis\u00ed s t\u011blesn\u00fdm metabolismem tekutin, objemem krve, kardiovaskul\u00e1rn\u00edmi funkcemi, rovnov\u00e1hou t\u011blesn\u00e9 teploty, u\u010den\u00edm a pam\u011bt\u00ed a sekrec\u00ed adrenokortikotropn\u00edho hormonu. M\u00e1 d\u016fle\u017eit\u00e9 fyziologick\u00e9 role p\u0159i reabsorpci t\u011blesn\u00e9 vody, vazokonstrikci krve Chemicalbook, sekreci adrenokortikotropn\u00edho hormonu (ACTH), pam\u011bti atd. M\u00e1 \u00fa\u010dinky na zv\u00fd\u0161en\u00ed krevn\u00edho tlaku, p\u016fsob\u00ed proti diur\u00e9ze, pod\u00edl\u00ed se na pam\u011bti, omezuje hore\u010dku a podporuje sn\u00ed\u017een\u00ed hore\u010dky. M\u00e1 tak\u00e9 \u0161irokou \u0161k\u00e1lu kardiovaskul\u00e1rn\u00edch \u00fa\u010dink\u016f, jako je regulace retence vody a sod\u00edku a vazokonstrikce, p\u0159\u00edmou regulac\u00ed kardiomyocyt\u016f a \u00fa\u010dast na srde\u010dn\u00ed hypertrofii, fibr\u00f3ze myokardu a arytmi\u00edch. \u00dasp\u011b\u0161n\u011b se pou\u017e\u00edv\u00e1 p\u0159i l\u00e9\u010db\u011b vazodilata\u010dn\u00edho \u0161oku, kardiopulmon\u00e1ln\u00ed a mozkov\u00e9 resuscitace, ur\u00e9mie a hemoragick\u00fdch onemocn\u011bn\u00ed.<\/p>\n<p> <strong>Argipressin\/ [Arg8]-Vasopressin\/ Argipressin Acetate CAS 113-79-1 Chemick\u00e9 vlastnosti<\/strong><br \/>\nhustota 1,59\u00b10,1 g\/cm3 (p\u0159edpoklad)<br \/>\nFp 113\u2103<br \/>\ntepl. 2-8\u00b0C<br \/>\npka 9,90\u00b10,15(p\u0159edpoklad)<br \/>\nPH ~3,5<\/p>\n<p> <strong>Argipresin acet\u00e1t V\u00fdhody<\/strong><br \/>\nM\u00e1 d\u016fle\u017eit\u00e9 fyziologick\u00e9 funkce p\u0159i reabsorpci vody v t\u011ble, vazokonstrikci, adrenokortikotropn\u00edm hormonu (ACTH ) sekrece, pam\u011b\u0165 atd. a m\u00e1 \u00fa\u010dinky na zv\u00fd\u0161en\u00ed krevn\u00edho tlaku, odolnost proti diur\u00e9ze, \u00fa\u010dast na pam\u011bti, omezen\u00ed hore\u010dky a podporu hore\u010dky.<\/p>\n<p>Z\u00e1rove\u0148 m\u00e1 tak\u00e9 \u0161irokou \u0161k\u00e1lu kardiovaskul\u00e1rn\u00edch \u00fa\u010dink\u016f , jako je regulace retence vody a sod\u00edku a vazokonstrikce, p\u0159\u00edmo regulace kardiomyocyt\u016f, \u00fa\u010dast na srde\u010dn\u00ed hypertrofii, fibr\u00f3ze myokardu a arytmii. \u00dasp\u011b\u0161n\u011b se pou\u017e\u00edv\u00e1 p\u0159i l\u00e9\u010db\u011b vazodilata\u010dn\u00edho \u0161oku, kardiopulmon\u00e1ln\u00ed cerebr\u00e1ln\u00ed resuscitace, diabetes insipidus a hemoragick\u00fdch onemocn\u011bn\u00ed.<\/p>\n<p> <strong>D\u00e1vkov\u00e1n\u00ed argipresinacet\u00e1tu<\/strong><br \/>\nTo z\u00e1vis\u00ed na va\u0161\u00ed t\u011blesn\u00e9 hmotnosti. V\u0161echny dosud proveden\u00e9 v\u00fdzkumy vyu\u017e\u00edvaly studie na hlodavc\u00edch, krys\u00e1m a my\u0161\u00edm se obvykle injek\u010dn\u011b aplikuje \u00fa\u010dinn\u00e1 d\u00e1vka, kter\u00e1 se odhaduje na p\u0159ibli\u017en\u011b 10 \u03bcg (mcg) na kg, u lid\u00ed se p\u0159edpokl\u00e1d\u00e1, \u017ee se jedn\u00e1 o ekvivalentn\u00ed d\u00e1vku 1,6 \u03bcg. na KG u lid\u00ed, tak\u017ee pokud jste:<\/p>\n<p>60 KG (132 lb.), va\u0161e ide\u00e1ln\u00ed denn\u00ed peror\u00e1ln\u00ed d\u00e1vka BPC-157 by byla 96 \u03bcg (mcg)<br \/>\n70 KG (154 lb.) = &gt; 112 \u03bcg<br \/>\n80 KG (176 lb.) =&gt; 128 \u03bcg<br \/>\n90 KG (198 lb.) =&gt; 144 \u03bcg<\/p>\n","protected":false},"excerpt":{"rendered":"<p>N\u00e1zev produktu: Argipressine<br \/>\nCAS: 113-79-1<br \/>\nMF: C46H65N15O12S2<br \/>\nMW: 1084,24<br \/>\nEINECS: 204-035-4<br \/>\nMol Soubor: 113-79-1.mol<\/p>\n","protected":false},"featured_media":2097,"comment_status":"open","ping_status":"closed","template":"","meta":{"om_disable_all_campaigns":false,"_monsterinsights_skip_tracking":false,"_monsterinsights_sitenote_active":false,"_monsterinsights_sitenote_note":"","_monsterinsights_sitenote_category":0,"site-sidebar-layout":"default","site-content-layout":"default","ast-site-content-layout":"default","site-content-style":"default","site-sidebar-style":"default","ast-global-header-display":"","ast-banner-title-visibility":"","ast-main-header-display":"","ast-hfb-above-header-display":"","ast-hfb-below-header-display":"","ast-hfb-mobile-header-display":"","site-post-title":"","ast-breadcrumbs-content":"","ast-featured-img":"","footer-sml-layout":"","ast-disable-related-posts":"","theme-transparent-header-meta":"default","adv-header-id-meta":"","stick-header-meta":"","header-above-stick-meta":"","header-main-stick-meta":"","header-below-stick-meta":"","astra-migrate-meta-layouts":"default","ast-page-background-enabled":"default","ast-page-background-meta":{"desktop":{"background-color":"","background-image":"","background-repeat":"repeat","background-position":"center center","background-size":"auto","background-attachment":"scroll","background-type":"","background-media":"","overlay-type":"","overlay-color":"","overlay-opacity":"","overlay-gradient":""},"tablet":{"background-color":"","background-image":"","background-repeat":"repeat","background-position":"center center","background-size":"auto","background-attachment":"scroll","background-type":"","background-media":"","overlay-type":"","overlay-color":"","overlay-opacity":"","overlay-gradient":""},"mobile":{"background-color":"","background-image":"","background-repeat":"repeat","background-position":"center center","background-size":"auto","background-attachment":"scroll","background-type":"","background-media":"","overlay-type":"","overlay-color":"","overlay-opacity":"","overlay-gradient":""}},"ast-content-background-meta":{"desktop":{"background-color":"var(--ast-global-color-5)","background-image":"","background-repeat":"repeat","background-position":"center center","background-size":"auto","background-attachment":"scroll","background-type":"","background-media":"","overlay-type":"","overlay-color":"","overlay-opacity":"","overlay-gradient":""},"tablet":{"background-color":"var(--ast-global-color-5)","background-image":"","background-repeat":"repeat","background-position":"center center","background-size":"auto","background-attachment":"scroll","background-type":"","background-media":"","overlay-type":"","overlay-color":"","overlay-opacity":"","overlay-gradient":""},"mobile":{"background-color":"var(--ast-global-color-5)","background-image":"","background-repeat":"repeat","background-position":"center center","background-size":"auto","background-attachment":"scroll","background-type":"","background-media":"","overlay-type":"","overlay-color":"","overlay-opacity":"","overlay-gradient":""}}},"product_brand":[],"product_cat":[515],"product_tag":[1173],"class_list":{"0":"post-8525","1":"product","2":"type-product","3":"status-publish","4":"has-post-thumbnail","6":"product_cat-jine-peptidy","7":"product_tag-hot-sale-argipressine-arg8-vasopressin-argipressin-acetate-cas-113-79-1-for-lab-research-cs","8":"desktop-align-left","9":"tablet-align-left","10":"mobile-align-left","12":"first","13":"instock","14":"shipping-taxable","15":"product-type-simple"},"_links":{"self":[{"href":"https:\/\/puyapeptide.net\/cs\/wp-json\/wp\/v2\/product\/8525","targetHints":{"allow":["GET"]}}],"collection":[{"href":"https:\/\/puyapeptide.net\/cs\/wp-json\/wp\/v2\/product"}],"about":[{"href":"https:\/\/puyapeptide.net\/cs\/wp-json\/wp\/v2\/types\/product"}],"replies":[{"embeddable":true,"href":"https:\/\/puyapeptide.net\/cs\/wp-json\/wp\/v2\/comments?post=8525"}],"wp:featuredmedia":[{"embeddable":true,"href":"https:\/\/puyapeptide.net\/cs\/wp-json\/wp\/v2\/media\/2097"}],"wp:attachment":[{"href":"https:\/\/puyapeptide.net\/cs\/wp-json\/wp\/v2\/media?parent=8525"}],"wp:term":[{"taxonomy":"product_brand","embeddable":true,"href":"https:\/\/puyapeptide.net\/cs\/wp-json\/wp\/v2\/product_brand?post=8525"},{"taxonomy":"product_cat","embeddable":true,"href":"https:\/\/puyapeptide.net\/cs\/wp-json\/wp\/v2\/product_cat?post=8525"},{"taxonomy":"product_tag","embeddable":true,"href":"https:\/\/puyapeptide.net\/cs\/wp-json\/wp\/v2\/product_tag?post=8525"}],"curies":[{"name":"wp","href":"https:\/\/api.w.org\/{rel}","templated":true}]}}