{"id":8613,"date":"2021-12-17T01:49:40","date_gmt":"2021-12-17T06:49:40","guid":{"rendered":"https:\/\/puyapeptide.net\/product\/icatibant-acetate-cas-30308-48-4-pouziti-k-lecbe-hereditarniho-angioedemu\/"},"modified":"2021-12-17T01:49:40","modified_gmt":"2021-12-17T06:49:40","slug":"icatibant-acetate-cas-30308-48-4-pouziti-k-lecbe-hereditarniho-angioedemu","status":"publish","type":"product","link":"https:\/\/puyapeptide.net\/cs\/product\/icatibant-acetate-cas-30308-48-4-pouziti-k-lecbe-hereditarniho-angioedemu\/","title":{"rendered":"Icatibant Acetate CAS 30308-48-4 Pou\u017eit\u00ed k l\u00e9\u010db\u011b heredit\u00e1rn\u00edho angioed\u00e9mu"},"content":{"rendered":"<h2><strong>Icatibant Acetate CAS 30308-48-4 Pou\u017eit\u00ed k l\u00e9\u010db\u011b heredit\u00e1rn\u00edho angioed\u00e9mu<\/strong><\/h2>\n<p>N\u00e1zev produktu: Icatibant Acetate<br \/>\nSynonyma: Icatibant Acetate;Icatibant Ne\u010distota;Itibantid Acetate<br \/>\nCAS: 130308-48-4<br \/>\nSekvence: HD-Arg-Arg-Pro-Hyp-Gly-Thi- Ser-D-Tic-Oic-Arg-OH<br \/>\nMolekul\u00e1rn\u00ed vzorec: C59H89N19O13S<br \/>\nMolekul\u00e1rn\u00ed hmotnost: 1304,54<\/p>\n<p>Eltebante, selektivn\u00ed kompetitivn\u00ed antagonista na receptoru bradykininu typu 2 (B2), je dekapeptid se strukturou podobnou bradykininu s p\u011bti aminokyselinami, kter\u00e9 nejsou odvozeny od b\u00edlkovin. Eltebante bylo schv\u00e1leno k uveden\u00ed na trh v EU ji\u017e 1. listopadu 2010 pro l\u00e9\u010dbu akutn\u00edch z\u00e1chvat\u016f heredit\u00e1rn\u00edho angioed\u00e9mu (HAE).<\/p>\n<p> <strong>Funkce a aplikace Icatibant Acetate CAS 30308-48-4<\/strong><br \/>\nEltebante acet\u00e1t je siln\u00fd a selektivn\u00ed kompetitivn\u00ed antagonista bradykininov\u00fdch receptor\u016f typu 2 (B2), kter\u00fd l\u00e9\u010d\u00ed lok\u00e1ln\u00ed otok embol\u016f u akutn\u00ed HAE inhibic\u00ed \u00fa\u010dink\u016f bradykininu spojen\u00fdch s embolick\u00fdm lok\u00e1ln\u00edm otokem, z\u00e1n\u011btem a bolestiv\u00fdmi p\u0159\u00edznaky HAE. HAE je pouze prvn\u00ed z n\u011bkolika indikac\u00ed, kter\u00e9 lze l\u00e9\u010dit eltebante acet\u00e1tem; dal\u0161\u00ed potenci\u00e1ln\u00ed indikace jsou astma, cirh\u00f3za a dal\u0161\u00ed typy angioed\u00e9mu.<\/p>\n","protected":false},"excerpt":{"rendered":"<p>N\u00e1zev produktu: Icatibant Acetate<br \/>\nCAS: 130308-48-4<br \/>\nSekvence: HD-Arg-Arg-Pro-Hyp-Gly-Thi-Ser-D-Tic-Oic-Arg-OH<br \/>\nMolekul\u00e1rn\u00ed vzorec : C59H89N19O13S<br \/>\nMolekulov\u00e1 hmotnost: 1304,54<\/p>\n","protected":false},"featured_media":2118,"comment_status":"open","ping_status":"closed","template":"","meta":{"om_disable_all_campaigns":false,"_monsterinsights_skip_tracking":false,"_monsterinsights_sitenote_active":false,"_monsterinsights_sitenote_note":"","_monsterinsights_sitenote_category":0,"site-sidebar-layout":"default","site-content-layout":"default","ast-site-content-layout":"default","site-content-style":"default","site-sidebar-style":"default","ast-global-header-display":"","ast-banner-title-visibility":"","ast-main-header-display":"","ast-hfb-above-header-display":"","ast-hfb-below-header-display":"","ast-hfb-mobile-header-display":"","site-post-title":"","ast-breadcrumbs-content":"","ast-featured-img":"","footer-sml-layout":"","ast-disable-related-posts":"","theme-transparent-header-meta":"default","adv-header-id-meta":"","stick-header-meta":"","header-above-stick-meta":"","header-main-stick-meta":"","header-below-stick-meta":"","astra-migrate-meta-layouts":"default","ast-page-background-enabled":"default","ast-page-background-meta":{"desktop":{"background-color":"","background-image":"","background-repeat":"repeat","background-position":"center center","background-size":"auto","background-attachment":"scroll","background-type":"","background-media":"","overlay-type":"","overlay-color":"","overlay-opacity":"","overlay-gradient":""},"tablet":{"background-color":"","background-image":"","background-repeat":"repeat","background-position":"center center","background-size":"auto","background-attachment":"scroll","background-type":"","background-media":"","overlay-type":"","overlay-color":"","overlay-opacity":"","overlay-gradient":""},"mobile":{"background-color":"","background-image":"","background-repeat":"repeat","background-position":"center center","background-size":"auto","background-attachment":"scroll","background-type":"","background-media":"","overlay-type":"","overlay-color":"","overlay-opacity":"","overlay-gradient":""}},"ast-content-background-meta":{"desktop":{"background-color":"var(--ast-global-color-5)","background-image":"","background-repeat":"repeat","background-position":"center center","background-size":"auto","background-attachment":"scroll","background-type":"","background-media":"","overlay-type":"","overlay-color":"","overlay-opacity":"","overlay-gradient":""},"tablet":{"background-color":"var(--ast-global-color-5)","background-image":"","background-repeat":"repeat","background-position":"center center","background-size":"auto","background-attachment":"scroll","background-type":"","background-media":"","overlay-type":"","overlay-color":"","overlay-opacity":"","overlay-gradient":""},"mobile":{"background-color":"var(--ast-global-color-5)","background-image":"","background-repeat":"repeat","background-position":"center center","background-size":"auto","background-attachment":"scroll","background-type":"","background-media":"","overlay-type":"","overlay-color":"","overlay-opacity":"","overlay-gradient":""}}},"product_brand":[],"product_cat":[407],"product_tag":[1107],"class_list":{"0":"post-8613","1":"product","2":"type-product","3":"status-publish","4":"has-post-thumbnail","6":"product_cat-krev-a-cevni-peptid","7":"product_tag-icatibant-acetate-cas-30308-48-4-use-for-treat-hereditary-angioedema-cs","8":"desktop-align-left","9":"tablet-align-left","10":"mobile-align-left","12":"first","13":"instock","14":"shipping-taxable","15":"product-type-simple"},"_links":{"self":[{"href":"https:\/\/puyapeptide.net\/cs\/wp-json\/wp\/v2\/product\/8613","targetHints":{"allow":["GET"]}}],"collection":[{"href":"https:\/\/puyapeptide.net\/cs\/wp-json\/wp\/v2\/product"}],"about":[{"href":"https:\/\/puyapeptide.net\/cs\/wp-json\/wp\/v2\/types\/product"}],"replies":[{"embeddable":true,"href":"https:\/\/puyapeptide.net\/cs\/wp-json\/wp\/v2\/comments?post=8613"}],"wp:featuredmedia":[{"embeddable":true,"href":"https:\/\/puyapeptide.net\/cs\/wp-json\/wp\/v2\/media\/2118"}],"wp:attachment":[{"href":"https:\/\/puyapeptide.net\/cs\/wp-json\/wp\/v2\/media?parent=8613"}],"wp:term":[{"taxonomy":"product_brand","embeddable":true,"href":"https:\/\/puyapeptide.net\/cs\/wp-json\/wp\/v2\/product_brand?post=8613"},{"taxonomy":"product_cat","embeddable":true,"href":"https:\/\/puyapeptide.net\/cs\/wp-json\/wp\/v2\/product_cat?post=8613"},{"taxonomy":"product_tag","embeddable":true,"href":"https:\/\/puyapeptide.net\/cs\/wp-json\/wp\/v2\/product_tag?post=8613"}],"curies":[{"name":"wp","href":"https:\/\/api.w.org\/{rel}","templated":true}]}}