{"id":8676,"date":"2021-12-17T01:52:54","date_gmt":"2021-12-17T06:52:54","guid":{"rendered":"https:\/\/puyapeptide.net\/product\/glp-1-7-37-cas-106612-94-6-snizuji-hladinu-cukru-v-krvi-zpusobem-zavislym-na-glukoze-bez-jakychkoli-nezadoucich-reakci\/"},"modified":"2021-12-17T01:52:54","modified_gmt":"2021-12-17T06:52:54","slug":"glp-1-7-37-cas-106612-94-6-snizuji-hladinu-cukru-v-krvi-zpusobem-zavislym-na-glukoze-bez-jakychkoli-nezadoucich-reakci","status":"publish","type":"product","link":"https:\/\/puyapeptide.net\/cs\/product\/glp-1-7-37-cas-106612-94-6-snizuji-hladinu-cukru-v-krvi-zpusobem-zavislym-na-glukoze-bez-jakychkoli-nezadoucich-reakci\/","title":{"rendered":"GLP-1 (7-37) CAS 106612-94-6 sni\u017euj\u00ed hladinu cukru v krvi zp\u016fsobem z\u00e1visl\u00fdm na gluk\u00f3ze bez jak\u00fdchkoli ne\u017e\u00e1douc\u00edch reakc\u00ed"},"content":{"rendered":"<h2><strong>GLP-1 (7-37) CAS 106612-94-6 Ni\u017e\u0161\u00ed hladiny gluk\u00f3zy v krvi bez jak\u00fdchkoli ne\u017e\u00e1douc\u00edch \u00fa\u010dink\u016f<\/strong><\/h2>\n<p>N\u00e1zev produktu: H-HIS-ALA-GLU-GLY-THR-PHE-THR-SER-ASP-VAL-SER-SER-TYR-LEU-GLU-GLY-GLN-ALA-ALA-LYS-GLU- PHE-ILE-ALA-TRP-LEU-VAL-LYS-GLY-ARG-GLY-OH\/ GLP-1 (7-37)<br \/>\nSynonyma: Inzulinotropin (lidsk\u00fd);Peptid GLP-1 (lidsk\u00fd peptid sni\u017euj\u00edc\u00ed hladinu gluk\u00f3zy -1);Glp-I (7-37);Glukagonu podobn\u00fd peptid I (7-37);Glukagonu p\u0159\u00edbuzn\u00fd peptid (oncorhynchus kisutch), 3-L-glutamov\u00e1 kyselina-6-L-fenylalanin-9-L-asparagov\u00e1 kyselina-12-L-serin-15-L-glutamov\u00e1 kyselina-16-glycin-21-L-isoleucin-24-L-alanin-27-L-valin-28-L-lysin-31-glycin-;Tglp- 1;GLP-1, 7-37;Preproglukagon 78-108<br \/>\nCAS: 106612-94-6<br \/>\nMF: C151H228N40O47<br \/>\nMW: 3355,67<br \/>\nEINECS:<br \/>\nKategorie produkt\u016f: peptidy pharm. peptid<br \/>\nMol File: 106612-94-6.mol<\/p>\n<p> <strong>GLP-1 (7-37) CAS 106612-94-6 Chemick\u00e9 vlastnosti<\/strong><br \/>\nhustota 1,48\u00b10,1 g\/cm3 (p\u0159edpov\u011bzeno)&lt; &amp;&gt;tepl. \u221220\u00b0C<br \/>\nRozpustnost ve vod\u011b Rozpustn\u00fd ve vod\u011b p\u0159i 2 mg\/ml<br \/>\nCAS DataBase Reference 106612-94-6<\/p>\n<p> <strong>Funkce a aplikace GLP-1 (7-37) CAS 106612-94- 6<\/strong><br \/>\nPeptid podobn\u00fd lidsk\u00e9mu glukagonu -1 (GLP-1) je mal\u00fd polypeptid s 30 aminokyselinami, kter\u00fd krom\u011b mnoha funkc\u00ed GLP-1 dok\u00e1\u017ee sni\u017eovat hladinu cukru v krvi zp\u016fsobem z\u00e1visl\u00fdm na gluk\u00f3ze bez jak\u00fdchkoli ne\u017e\u00e1douc\u00edch reakc\u00ed. , st\u00e1v\u00e1 se v\u00fdzkumn\u00fdm centrem p\u0159i l\u00e9\u010db\u011b cukrovky II. Pro realizaci jeho klinick\u00e9 aplikace je v\u0161ak nal\u00e9hav\u00e9 vy\u0159e\u0161it probl\u00e9m jeho kr\u00e1tk\u00e9ho polo\u010dasu in vivo. Proto p\u0159ehledy nejnov\u011bj\u0161\u00edho pokroku ve v\u00fdzkumu a klinick\u00e9 aplikaci GLP-1 v \u010c\u00edn\u011b a v zahrani\u010d\u00ed na z\u00e1klad\u011b p\u0159edchoz\u00edch studi\u00ed poskytnou referen\u010dn\u00edm pracovn\u00edk\u016fm pro v\u00fdzkumn\u00edky a zdravotnick\u00e9 pracovn\u00edky p\u0159i v\u00fdvoji l\u00e9k\u016f relevantn\u00edch pro GLP-1.<\/p>\n","protected":false},"excerpt":{"rendered":"<p>N\u00e1zev produktu: H-HIS-ALA-GLU-GLY-THR-PHE-THR-SER-ASP-VAL-SER-SER-TYR-LEU-GLU-GLY-GLN-ALA-ALA-LYS-GLU-PHE-ILE -ALA-TRP-LEU-VAL-LYS-GLY-ARG-GLY-OH\/GLP-1 (7-37)<br \/>\nCAS: 106612-94-6<br \/>\nMF: C151H228N40O47<br \/>\nMW: 3355,67&lt; &amp;&gt;Soubor Mol: 106612-94-6.mol<\/p>\n","protected":false},"featured_media":2286,"comment_status":"open","ping_status":"closed","template":"","meta":{"om_disable_all_campaigns":false,"_monsterinsights_skip_tracking":false,"_monsterinsights_sitenote_active":false,"_monsterinsights_sitenote_note":"","_monsterinsights_sitenote_category":0,"site-sidebar-layout":"default","site-content-layout":"default","ast-site-content-layout":"default","site-content-style":"default","site-sidebar-style":"default","ast-global-header-display":"","ast-banner-title-visibility":"","ast-main-header-display":"","ast-hfb-above-header-display":"","ast-hfb-below-header-display":"","ast-hfb-mobile-header-display":"","site-post-title":"","ast-breadcrumbs-content":"","ast-featured-img":"","footer-sml-layout":"","ast-disable-related-posts":"","theme-transparent-header-meta":"default","adv-header-id-meta":"","stick-header-meta":"","header-above-stick-meta":"","header-main-stick-meta":"","header-below-stick-meta":"","astra-migrate-meta-layouts":"default","ast-page-background-enabled":"default","ast-page-background-meta":{"desktop":{"background-color":"","background-image":"","background-repeat":"repeat","background-position":"center center","background-size":"auto","background-attachment":"scroll","background-type":"","background-media":"","overlay-type":"","overlay-color":"","overlay-opacity":"","overlay-gradient":""},"tablet":{"background-color":"","background-image":"","background-repeat":"repeat","background-position":"center center","background-size":"auto","background-attachment":"scroll","background-type":"","background-media":"","overlay-type":"","overlay-color":"","overlay-opacity":"","overlay-gradient":""},"mobile":{"background-color":"","background-image":"","background-repeat":"repeat","background-position":"center center","background-size":"auto","background-attachment":"scroll","background-type":"","background-media":"","overlay-type":"","overlay-color":"","overlay-opacity":"","overlay-gradient":""}},"ast-content-background-meta":{"desktop":{"background-color":"var(--ast-global-color-5)","background-image":"","background-repeat":"repeat","background-position":"center center","background-size":"auto","background-attachment":"scroll","background-type":"","background-media":"","overlay-type":"","overlay-color":"","overlay-opacity":"","overlay-gradient":""},"tablet":{"background-color":"var(--ast-global-color-5)","background-image":"","background-repeat":"repeat","background-position":"center center","background-size":"auto","background-attachment":"scroll","background-type":"","background-media":"","overlay-type":"","overlay-color":"","overlay-opacity":"","overlay-gradient":""},"mobile":{"background-color":"var(--ast-global-color-5)","background-image":"","background-repeat":"repeat","background-position":"center center","background-size":"auto","background-attachment":"scroll","background-type":"","background-media":"","overlay-type":"","overlay-color":"","overlay-opacity":"","overlay-gradient":""}}},"product_brand":[],"product_cat":[339],"product_tag":[1082],"class_list":{"0":"post-8676","1":"product","2":"type-product","3":"status-publish","4":"has-post-thumbnail","6":"product_cat-peptid-diabetu","7":"product_tag-glp-1-7-37-cas-106612-94-6-reduce-blood-sugar-in-a-glucose-dependentmanner-without-any-adverse-reactions-cs","8":"desktop-align-left","9":"tablet-align-left","10":"mobile-align-left","12":"first","13":"instock","14":"shipping-taxable","15":"product-type-simple"},"_links":{"self":[{"href":"https:\/\/puyapeptide.net\/cs\/wp-json\/wp\/v2\/product\/8676","targetHints":{"allow":["GET"]}}],"collection":[{"href":"https:\/\/puyapeptide.net\/cs\/wp-json\/wp\/v2\/product"}],"about":[{"href":"https:\/\/puyapeptide.net\/cs\/wp-json\/wp\/v2\/types\/product"}],"replies":[{"embeddable":true,"href":"https:\/\/puyapeptide.net\/cs\/wp-json\/wp\/v2\/comments?post=8676"}],"wp:featuredmedia":[{"embeddable":true,"href":"https:\/\/puyapeptide.net\/cs\/wp-json\/wp\/v2\/media\/2286"}],"wp:attachment":[{"href":"https:\/\/puyapeptide.net\/cs\/wp-json\/wp\/v2\/media?parent=8676"}],"wp:term":[{"taxonomy":"product_brand","embeddable":true,"href":"https:\/\/puyapeptide.net\/cs\/wp-json\/wp\/v2\/product_brand?post=8676"},{"taxonomy":"product_cat","embeddable":true,"href":"https:\/\/puyapeptide.net\/cs\/wp-json\/wp\/v2\/product_cat?post=8676"},{"taxonomy":"product_tag","embeddable":true,"href":"https:\/\/puyapeptide.net\/cs\/wp-json\/wp\/v2\/product_tag?post=8676"}],"curies":[{"name":"wp","href":"https:\/\/api.w.org\/{rel}","templated":true}]}}