{"id":8744,"date":"2021-12-17T03:03:19","date_gmt":"2021-12-17T08:03:19","guid":{"rendered":"https:\/\/puyapeptide.net\/product\/puya-supply-eptifibatide-cas-188627-80-7-inhibuje-agregaci-krevnich-desticek-a-trombozu\/"},"modified":"2024-11-22T07:13:07","modified_gmt":"2024-11-22T12:13:07","slug":"puya-supply-eptifibatide-cas-188627-80-7-inhibuje-agregaci-krevnich-desticek-a-trombozu","status":"publish","type":"product","link":"https:\/\/puyapeptide.net\/cs\/product\/puya-supply-eptifibatide-cas-188627-80-7-inhibuje-agregaci-krevnich-desticek-a-trombozu\/","title":{"rendered":"Puya Supply Eptifibatide CAS 188627-80-7 Inhibuje agregaci krevn\u00edch desti\u010dek a tromb\u00f3zu"},"content":{"rendered":"<h2><strong>Puya Supply Eptifibatide CAS 188627-80-7 Inhibuje agregaci krevn\u00edch desti\u010dek a tromb\u00f3zu<\/strong><\/h2>\n<p>N\u00e1zev produktu: Eptifibatid<br \/>\nSynonyma: Eptifibatidacet\u00e1tov\u00e1 s\u016fl;Eptifibatid,MPA-HAR-Gly-Asp-Trp-Pro-Cys-NH2,MPAHARGDWPC-NH2, &gt;99%;MAP-LYS-GLY-ASP- TRP-PRO-CYS-NH2;INTEGRELIN;Eptifibatid;N6-(Aminoiminomethyl)-N2-(3-merkapto-1-oxopropyl-L-lysylglycyl-La-aspartyl-L-tryptofyl-L-prolyl-L-cysteinamid;MPA -HAR-GLY-ASP-TRP-PRO-CYS-NH2(DISULFIDE BRIDGE, MPA1-CYS6);Intrifiban<br \/>\nCAS: 188627-80-7<br \/>\nMF: C35H49N11O9S2<br \/>\nMW: 831,96<br \/>\nEINECS : 641-366-7<br \/>\nKategorie produkt\u016f: Meziprodukty a jemn\u00e9 chemik\u00e1lie;Peptidy;Farmaceutika<br \/>\nMol Soubor: 188627-80-7.mol<\/p>\n<p>Eptifibatid je druh syntetick\u00e9ho cyklick\u00e9ho hexapeptidu sest\u00e1vaj\u00edc\u00edho ze 6 aminokyselin a 1 merkaptopropionylov\u00e9ho zbytku.Je schopen se v\u00e1zat na glykoprotein (GP) IIb\/IIIa lidsk\u00fdch krevn\u00edch desti\u010dek a inhibovat agregaci krevn\u00edch desti\u010dek, \u010d\u00edm\u017e blokuje vazbu fibrinogenu, von Willebrandova faktoru a dal\u0161\u00edch adhezivn\u00edch ligand\u016f. indikov\u00e1n k l\u00e9\u010db\u011b akutn\u00edho koron\u00e1rn\u00edho syndromu (AKS) a perkut\u00e1nn\u00ed koron\u00e1rn\u00ed i intervence (PCI). Je schopen sn\u00ed\u017eit riziko akutn\u00edch srde\u010dn\u00edch ischemick\u00fdch p\u0159\u00edhod u pacient\u016f s nestabiln\u00ed anginou pectoris nebo infekc\u00ed myokardu bez elevace ST segmentu. \u010casto se pou\u017e\u00edv\u00e1 v kombinaci s aspirinem nebo klopidogrelem a heparinem. M\u016f\u017ee b\u00fdt vyroben pomoc\u00ed synt\u00e9zy peptid\u016f v roztoku a m\u016f\u017ee b\u00fdt \u010di\u0161t\u011bn preparativn\u00ed kapalinovou chromatografi\u00ed s reverzn\u00ed f\u00e1z\u00ed a lyofilizac\u00ed. <\/p>\n<p> <strong>Eptifibatide CAS 188627-80-7 Chemick\u00e9 vlastnosti<\/strong><br \/>\nhustota 1,60\u00b10,1 g\/cm3 (p\u0159edpokl\u00e1dan\u00e1)<br \/>\ntepl. Uzav\u0159eno v suchu, Skladovat v mraz\u00e1ku, pod -20 \u00b0C<br \/>\npka 4,01\u00b10,10 (p\u0159edpov\u011bzeno)<br \/>\nReferen\u010dn\u00ed \u010d\u00edslo datab\u00e1ze CAS 188627-80-7<\/p>\n<p> <strong>Funkce a aplikace eptifibatidu CAS 188627-80- 7<\/strong><br \/>\nArginin-glycin-aspart\u00e1t-mimetikum, reverzibiln\u011b se v\u00e1\u017ee na krevn\u00ed desti\u010dky, aby se sn\u00ed\u017eilo riziko srde\u010dn\u00edch ischemick\u00fdch p\u0159\u00edhod.<\/p>\n","protected":false},"excerpt":{"rendered":"<p>N\u00e1zev produktu: Eptifibatide<br \/>\nCAS: 188627-80-7<br \/>\nMF: C35H49N11O9S2<br \/>\nMW: 831,96<br \/>\nEINECS: 641-366-7<br \/>\nMol Soubor: 188627-80-7.mol<\/p>\n","protected":false},"featured_media":2097,"comment_status":"open","ping_status":"closed","template":"","meta":{"om_disable_all_campaigns":false,"_monsterinsights_skip_tracking":false,"_monsterinsights_sitenote_active":false,"_monsterinsights_sitenote_note":"","_monsterinsights_sitenote_category":0,"site-sidebar-layout":"default","site-content-layout":"default","ast-site-content-layout":"default","site-content-style":"default","site-sidebar-style":"default","ast-global-header-display":"","ast-banner-title-visibility":"","ast-main-header-display":"","ast-hfb-above-header-display":"","ast-hfb-below-header-display":"","ast-hfb-mobile-header-display":"","site-post-title":"","ast-breadcrumbs-content":"","ast-featured-img":"","footer-sml-layout":"","ast-disable-related-posts":"","theme-transparent-header-meta":"default","adv-header-id-meta":"","stick-header-meta":"","header-above-stick-meta":"","header-main-stick-meta":"","header-below-stick-meta":"","astra-migrate-meta-layouts":"default","ast-page-background-enabled":"default","ast-page-background-meta":{"desktop":{"background-color":"","background-image":"","background-repeat":"repeat","background-position":"center center","background-size":"auto","background-attachment":"scroll","background-type":"","background-media":"","overlay-type":"","overlay-color":"","overlay-opacity":"","overlay-gradient":""},"tablet":{"background-color":"","background-image":"","background-repeat":"repeat","background-position":"center center","background-size":"auto","background-attachment":"scroll","background-type":"","background-media":"","overlay-type":"","overlay-color":"","overlay-opacity":"","overlay-gradient":""},"mobile":{"background-color":"","background-image":"","background-repeat":"repeat","background-position":"center center","background-size":"auto","background-attachment":"scroll","background-type":"","background-media":"","overlay-type":"","overlay-color":"","overlay-opacity":"","overlay-gradient":""}},"ast-content-background-meta":{"desktop":{"background-color":"var(--ast-global-color-5)","background-image":"","background-repeat":"repeat","background-position":"center center","background-size":"auto","background-attachment":"scroll","background-type":"","background-media":"","overlay-type":"","overlay-color":"","overlay-opacity":"","overlay-gradient":""},"tablet":{"background-color":"var(--ast-global-color-5)","background-image":"","background-repeat":"repeat","background-position":"center center","background-size":"auto","background-attachment":"scroll","background-type":"","background-media":"","overlay-type":"","overlay-color":"","overlay-opacity":"","overlay-gradient":""},"mobile":{"background-color":"var(--ast-global-color-5)","background-image":"","background-repeat":"repeat","background-position":"center center","background-size":"auto","background-attachment":"scroll","background-type":"","background-media":"","overlay-type":"","overlay-color":"","overlay-opacity":"","overlay-gradient":""}}},"product_brand":[],"product_cat":[407],"product_tag":[974],"class_list":{"0":"post-8744","1":"product","2":"type-product","3":"status-publish","4":"has-post-thumbnail","6":"product_cat-krev-a-cevni-peptid","7":"product_tag-puya-supply-eptifibatide-cas-188627-80-7-cs","8":"desktop-align-left","9":"tablet-align-left","10":"mobile-align-left","12":"first","13":"instock","14":"shipping-taxable","15":"product-type-simple"},"_links":{"self":[{"href":"https:\/\/puyapeptide.net\/cs\/wp-json\/wp\/v2\/product\/8744","targetHints":{"allow":["GET"]}}],"collection":[{"href":"https:\/\/puyapeptide.net\/cs\/wp-json\/wp\/v2\/product"}],"about":[{"href":"https:\/\/puyapeptide.net\/cs\/wp-json\/wp\/v2\/types\/product"}],"replies":[{"embeddable":true,"href":"https:\/\/puyapeptide.net\/cs\/wp-json\/wp\/v2\/comments?post=8744"}],"wp:featuredmedia":[{"embeddable":true,"href":"https:\/\/puyapeptide.net\/cs\/wp-json\/wp\/v2\/media\/2097"}],"wp:attachment":[{"href":"https:\/\/puyapeptide.net\/cs\/wp-json\/wp\/v2\/media?parent=8744"}],"wp:term":[{"taxonomy":"product_brand","embeddable":true,"href":"https:\/\/puyapeptide.net\/cs\/wp-json\/wp\/v2\/product_brand?post=8744"},{"taxonomy":"product_cat","embeddable":true,"href":"https:\/\/puyapeptide.net\/cs\/wp-json\/wp\/v2\/product_cat?post=8744"},{"taxonomy":"product_tag","embeddable":true,"href":"https:\/\/puyapeptide.net\/cs\/wp-json\/wp\/v2\/product_tag?post=8744"}],"curies":[{"name":"wp","href":"https:\/\/api.w.org\/{rel}","templated":true}]}}