{"id":8811,"date":"2021-12-17T03:07:22","date_gmt":"2021-12-17T08:07:22","guid":{"rendered":"https:\/\/puyapeptide.net\/product\/desmopressin-acetat-cas-16679-58-6-pouzivany-k-lecbe-uroparezy\/"},"modified":"2021-12-17T03:07:22","modified_gmt":"2021-12-17T08:07:22","slug":"desmopressin-acetat-cas-16679-58-6-pouzivany-k-lecbe-uroparezy","status":"publish","type":"product","link":"https:\/\/puyapeptide.net\/cs\/product\/desmopressin-acetat-cas-16679-58-6-pouzivany-k-lecbe-uroparezy\/","title":{"rendered":"Desmopressin acet\u00e1t CAS 16679-58-6 pou\u017e\u00edvan\u00fd k l\u00e9\u010db\u011b uropar\u00e9zy"},"content":{"rendered":"<h2><strong>Desmopressin acet\u00e1t CAS 16679-58-6 pou\u017e\u00edvan\u00fd k l\u00e9\u010db\u011b uropar\u00e9zy<\/strong><\/h2>\n<p>N\u00e1zev produktu: Desmopresin<br \/>\nSynonyma: MPR-TYR-PHE-GLN-ASN-CYS-PRO-D-ARG-GLY-NH2;MINIRIN;[DEAMINO1, DARG8] VASOPRESSIN;[DEAMINO-CYS1, D- ARG8]-VASOPRESSIN;DDAVP, HUMAN;DESMOPRESSIN;DESMOPRESSIN, HUMAN;DESAMINO-[D-ARG8]VASOPRESSIN<br \/>\nCAS: 16679-58-6<br \/>\nMF: C46H64N14O12S2&lt;0&amp;&gt;MW.2CS:2 240-726-7<br \/>\nKategorie produkt\u016f: Deriv\u00e1ty aminokyselin;Peptid;Receptor vazopresinu a oxytocinu<br \/>\nMol File: 16679-58-6.mol<\/p>\n<p>Desmopressin (N\u00e1zev zna\u010dky: DDAVP) je um\u011bl\u00fd deriv\u00e1t vazopresinu, kter\u00fd je podobn\u00fd antidiuretick\u00e9mu hormonu (ADH), kter\u00fd se p\u0159irozen\u011b tvo\u0159\u00ed v t\u011ble. Pou\u017e\u00edv\u00e1 se k l\u00e9\u010db\u011b diabetes insipidus, no\u010dn\u00edho pomo\u010dov\u00e1n\u00ed, hemofilie A, von Willebrandovy choroby a vysok\u00e9 hladiny mo\u010doviny v krvi. Je schopen zv\u00fd\u0161it propustnost vody v ren\u00e1ln\u00edch tubul\u00e1rn\u00edch bu\u0148k\u00e1ch, d\u00e1le zv\u00fd\u0161it koncentraci mo\u010di a sn\u00ed\u017eit produkci mo\u010di. Proto m\u016f\u017ee b\u00fdt pou\u017eit k prevenci a kontrole siln\u00e9 \u017e\u00edzn\u011b, mo\u010den\u00ed a dehydratace zp\u016fsoben\u00e9 r\u016fzn\u00fdmi druhy d\u016fvod\u016f, v\u010detn\u011b zran\u011bn\u00ed, chirurgick\u00e9ho z\u00e1kroku a ur\u010dit\u00fdch zdravotn\u00edch probl\u00e9m\u016f. To v\u00e1m pom\u016f\u017ee sp\u00e1t celou noc, ani\u017e by v\u00e1s probudilo mo\u010den\u00ed.<\/p>\n<p> <strong>Desmopresin CAS 16679-58-6 Chemick\u00e9 vlastnosti<\/strong><br \/>\nalfa D25 +85,5 \u00b1 2\u00b0 (vypo\u010dteno pro voln\u00fd peptid)<br \/>\nhustota 1,56 \u00b10,1 g\/cm3 (p\u0159edpoklad)<br \/>\nRTECS YW9000000<br \/>\ntepl. Skladujte p\u0159i 0\u00b0C<br \/>\nrozpustnost H2O: rozpustn\u00e120mg\/ml, \u010dir\u00e1, bezbarv\u00e1<br \/>\npka 9,90\u00b10,15(p\u0159edpoklad)<br \/>\nforma \u010dist\u00e1<br \/>\nInChIKey NFLWUMRGJYTJIN-PNIOQBSNSA-N<\/p>\n<p> <strong>Pou\u017eit\u00ed Desmopressin CAS 16679-58-6<\/strong><br \/>\nAntidiuretikum.<\/p>\n","protected":false},"excerpt":{"rendered":"<p>N\u00e1zev produktu: Desmopressin<br \/>\nCAS: 16679-58-6<br \/>\nMF: C46H64N14O12S2<br \/>\nMW: 1069,22<br \/>\nEINECS: 240-726-7<br \/>\nMol Soubor: 16679-58-6.mol<\/p>\n","protected":false},"featured_media":2202,"comment_status":"open","ping_status":"closed","template":"","meta":{"om_disable_all_campaigns":false,"_monsterinsights_skip_tracking":false,"_monsterinsights_sitenote_active":false,"_monsterinsights_sitenote_note":"","_monsterinsights_sitenote_category":0,"site-sidebar-layout":"default","site-content-layout":"default","ast-site-content-layout":"default","site-content-style":"default","site-sidebar-style":"default","ast-global-header-display":"","ast-banner-title-visibility":"","ast-main-header-display":"","ast-hfb-above-header-display":"","ast-hfb-below-header-display":"","ast-hfb-mobile-header-display":"","site-post-title":"","ast-breadcrumbs-content":"","ast-featured-img":"","footer-sml-layout":"","ast-disable-related-posts":"","theme-transparent-header-meta":"default","adv-header-id-meta":"","stick-header-meta":"","header-above-stick-meta":"","header-main-stick-meta":"","header-below-stick-meta":"","astra-migrate-meta-layouts":"default","ast-page-background-enabled":"default","ast-page-background-meta":{"desktop":{"background-color":"","background-image":"","background-repeat":"repeat","background-position":"center center","background-size":"auto","background-attachment":"scroll","background-type":"","background-media":"","overlay-type":"","overlay-color":"","overlay-opacity":"","overlay-gradient":""},"tablet":{"background-color":"","background-image":"","background-repeat":"repeat","background-position":"center center","background-size":"auto","background-attachment":"scroll","background-type":"","background-media":"","overlay-type":"","overlay-color":"","overlay-opacity":"","overlay-gradient":""},"mobile":{"background-color":"","background-image":"","background-repeat":"repeat","background-position":"center center","background-size":"auto","background-attachment":"scroll","background-type":"","background-media":"","overlay-type":"","overlay-color":"","overlay-opacity":"","overlay-gradient":""}},"ast-content-background-meta":{"desktop":{"background-color":"var(--ast-global-color-5)","background-image":"","background-repeat":"repeat","background-position":"center center","background-size":"auto","background-attachment":"scroll","background-type":"","background-media":"","overlay-type":"","overlay-color":"","overlay-opacity":"","overlay-gradient":""},"tablet":{"background-color":"var(--ast-global-color-5)","background-image":"","background-repeat":"repeat","background-position":"center center","background-size":"auto","background-attachment":"scroll","background-type":"","background-media":"","overlay-type":"","overlay-color":"","overlay-opacity":"","overlay-gradient":""},"mobile":{"background-color":"var(--ast-global-color-5)","background-image":"","background-repeat":"repeat","background-position":"center center","background-size":"auto","background-attachment":"scroll","background-type":"","background-media":"","overlay-type":"","overlay-color":"","overlay-opacity":"","overlay-gradient":""}}},"product_brand":[],"product_cat":[407],"product_tag":[909],"class_list":{"0":"post-8811","1":"product","2":"type-product","3":"status-publish","4":"has-post-thumbnail","6":"product_cat-krev-a-cevni-peptid","7":"product_tag-desmopressin-acetate-cas-16679-58-6-used-for-treat-uroparesis-cs","8":"desktop-align-left","9":"tablet-align-left","10":"mobile-align-left","12":"first","13":"instock","14":"shipping-taxable","15":"product-type-simple"},"_links":{"self":[{"href":"https:\/\/puyapeptide.net\/cs\/wp-json\/wp\/v2\/product\/8811","targetHints":{"allow":["GET"]}}],"collection":[{"href":"https:\/\/puyapeptide.net\/cs\/wp-json\/wp\/v2\/product"}],"about":[{"href":"https:\/\/puyapeptide.net\/cs\/wp-json\/wp\/v2\/types\/product"}],"replies":[{"embeddable":true,"href":"https:\/\/puyapeptide.net\/cs\/wp-json\/wp\/v2\/comments?post=8811"}],"wp:featuredmedia":[{"embeddable":true,"href":"https:\/\/puyapeptide.net\/cs\/wp-json\/wp\/v2\/media\/2202"}],"wp:attachment":[{"href":"https:\/\/puyapeptide.net\/cs\/wp-json\/wp\/v2\/media?parent=8811"}],"wp:term":[{"taxonomy":"product_brand","embeddable":true,"href":"https:\/\/puyapeptide.net\/cs\/wp-json\/wp\/v2\/product_brand?post=8811"},{"taxonomy":"product_cat","embeddable":true,"href":"https:\/\/puyapeptide.net\/cs\/wp-json\/wp\/v2\/product_cat?post=8811"},{"taxonomy":"product_tag","embeddable":true,"href":"https:\/\/puyapeptide.net\/cs\/wp-json\/wp\/v2\/product_tag?post=8811"}],"curies":[{"name":"wp","href":"https:\/\/api.w.org\/{rel}","templated":true}]}}