{"id":8855,"date":"2021-12-17T03:09:56","date_gmt":"2021-12-17T08:09:56","guid":{"rendered":"https:\/\/puyapeptide.net\/product\/vysoce-kvalitni-terlipressin-acetat-cas-14636-12-5-pro-lecbu-akutniho-varixoveho-krvaceni\/"},"modified":"2021-12-17T03:09:56","modified_gmt":"2021-12-17T08:09:56","slug":"vysoce-kvalitni-terlipressin-acetat-cas-14636-12-5-pro-lecbu-akutniho-varixoveho-krvaceni","status":"publish","type":"product","link":"https:\/\/puyapeptide.net\/cs\/product\/vysoce-kvalitni-terlipressin-acetat-cas-14636-12-5-pro-lecbu-akutniho-varixoveho-krvaceni\/","title":{"rendered":"Vysoce kvalitn\u00ed terlipressin acet\u00e1t CAS 14636-12-5 pro l\u00e9\u010dbu akutn\u00edho varixov\u00e9ho krv\u00e1cen\u00ed"},"content":{"rendered":"<h2><strong>Vysoce kvalitn\u00ed terlipressin acet\u00e1t CAS 14636-12-5 pro l\u00e9\u010dbu akutn\u00edho varixov\u00e9ho krv\u00e1cen\u00ed<\/strong><\/h2>\n<p>N\u00e1zev produktu: N-(N-(N-Glycylglycyl)glycyl)-8-L-lysinevasopresin<br \/>\nSynonyma: [N-\u03b1-Triglycyl-8-lysin]-vasopresin;130: PN: W02010033207 SEQID: 171 claiMed protein;1-Triglycyl-8-lysin vasopresin;Na-Glycyl-glycyl-glycyl-[8-lysin]-vasopresin;Na-Glycyl-glycyl-glycyl-lysin-vasopresin;Na-Glycylglycylglycyl-vasopresin;Na-Glycyl -Gly-Gly-8-Lys-vasopresin; terlipresin, terlipresin, terlipresina, terlipresinum<br \/>\nCAS: 14636-12-5<br \/>\nMF: C52H74N16O15S2<br \/>\nMW: 1227,37&lt;238-806:<br \/>\nKategorie produkt\u016f: hormony;Peptid; Deriv\u00e1ty aminokyselin<br \/>\nMol File: 14636-12-5.mol<\/p>\n<p>Chemick\u00fd n\u00e1zev terlipresinu je triglycylamid lysin v sulinu, co\u017e je nov\u00fd typ syntetick\u00e9ho dlouhodob\u011b p\u016fsob\u00edc\u00ed angiogenn\u00ed p\u0159\u00edpravek. Je to prol\u00e9\u010divo, kter\u00e9 je samo o sob\u011b neaktivn\u00ed. Po odstran\u011bn\u00ed 3 glycinov\u00fdch substitu\u010dn\u00edch zbytk\u016f na sv\u00e9m N-konci pomalu \u201euvol\u0148uje\u201c aktivn\u00ed lysin plus Terlipresin je tedy ekvivalentn\u00ed z\u00e1sobn\u00edku, kter\u00fd m\u016f\u017ee uvol\u0148ovat lysin-vazopresin stabiln\u00ed rychlost\u00ed.<\/p>\n<p> <strong>Chemick\u00e9 vlastnosti terlipresinacet\u00e1tu CAS 14636-12-5<\/strong><br \/>\nBod varu 1824,0\u00b165,0 \u00b0C (p\u0159edpoklad)<br \/>\nhustota 1,46\u00b10,1 g\/cm3 (p\u0159edpoklad)<br \/>\ntepl. Uchov\u00e1vejte na tmav\u00e9m m\u00edst\u011b, inertn\u00ed atmosf\u00e9ra, skladujte v mraz\u00e1ku, pod -20 \u00b0C<br \/>\npka 9,90\u00b10,15(p\u0159edpoklad)<br \/>\nCAS DataBase Reference 14636-12-5(CAS DataBase Reference)<\/p>\n<p> <strong>Funkce A aplikace Terlipresin acet\u00e1tu CAS 14636-12-5<\/strong><br \/>\nN-(N-(N-Glycylglycyl)glycyl)-8-L-lysinevasopresin je analog vasopresinu pou\u017e\u00edvan\u00fd jako vazoaktivn\u00ed l\u00e9\u010divo p\u0159i l\u00e9\u010db\u011b hypotenze. N-(N-(N-Glycylglycyl)glycyl)-8-L-lysinevasopresin se pou\u017e\u00edv\u00e1 septick\u00fd \u0161ok rezistentn\u00ed na norepinefrin a hepatoren\u00e1ln\u00ed syndrom. N-(N-(N-Glycylglycyl)glycyl)-8-L-lysinevasopresin se tak\u00e9 pou\u017e\u00edv\u00e1 p\u0159i l\u00e9\u010db\u011b akutn\u00edho krv\u00e1cen\u00ed z varix\u016f.<\/p>\n","protected":false},"excerpt":{"rendered":"<p>N\u00e1zev produktu: N-(N-(N-Glycylglycyl)glycyl)-8-L-lysinevasopresin<br \/>\nCAS: 14636-12-5<br \/>\nMF: C52H74N16O15S2<br \/>\nMW: 1227,37<br \/>\nEINECS: 238- 680-8<br \/>\nKategorie produkt\u016f: hormony;Peptid; Deriv\u00e1ty aminokyselin<br \/>\nMol Soubor: 14636-12-5.mol<\/p>\n","protected":false},"featured_media":2286,"comment_status":"open","ping_status":"closed","template":"","meta":{"om_disable_all_campaigns":false,"_monsterinsights_skip_tracking":false,"_monsterinsights_sitenote_active":false,"_monsterinsights_sitenote_note":"","_monsterinsights_sitenote_category":0,"site-sidebar-layout":"default","site-content-layout":"default","ast-site-content-layout":"default","site-content-style":"default","site-sidebar-style":"default","ast-global-header-display":"","ast-banner-title-visibility":"","ast-main-header-display":"","ast-hfb-above-header-display":"","ast-hfb-below-header-display":"","ast-hfb-mobile-header-display":"","site-post-title":"","ast-breadcrumbs-content":"","ast-featured-img":"","footer-sml-layout":"","ast-disable-related-posts":"","theme-transparent-header-meta":"default","adv-header-id-meta":"","stick-header-meta":"","header-above-stick-meta":"","header-main-stick-meta":"","header-below-stick-meta":"","astra-migrate-meta-layouts":"default","ast-page-background-enabled":"default","ast-page-background-meta":{"desktop":{"background-color":"","background-image":"","background-repeat":"repeat","background-position":"center center","background-size":"auto","background-attachment":"scroll","background-type":"","background-media":"","overlay-type":"","overlay-color":"","overlay-opacity":"","overlay-gradient":""},"tablet":{"background-color":"","background-image":"","background-repeat":"repeat","background-position":"center center","background-size":"auto","background-attachment":"scroll","background-type":"","background-media":"","overlay-type":"","overlay-color":"","overlay-opacity":"","overlay-gradient":""},"mobile":{"background-color":"","background-image":"","background-repeat":"repeat","background-position":"center center","background-size":"auto","background-attachment":"scroll","background-type":"","background-media":"","overlay-type":"","overlay-color":"","overlay-opacity":"","overlay-gradient":""}},"ast-content-background-meta":{"desktop":{"background-color":"var(--ast-global-color-5)","background-image":"","background-repeat":"repeat","background-position":"center center","background-size":"auto","background-attachment":"scroll","background-type":"","background-media":"","overlay-type":"","overlay-color":"","overlay-opacity":"","overlay-gradient":""},"tablet":{"background-color":"var(--ast-global-color-5)","background-image":"","background-repeat":"repeat","background-position":"center center","background-size":"auto","background-attachment":"scroll","background-type":"","background-media":"","overlay-type":"","overlay-color":"","overlay-opacity":"","overlay-gradient":""},"mobile":{"background-color":"var(--ast-global-color-5)","background-image":"","background-repeat":"repeat","background-position":"center center","background-size":"auto","background-attachment":"scroll","background-type":"","background-media":"","overlay-type":"","overlay-color":"","overlay-opacity":"","overlay-gradient":""}}},"product_brand":[],"product_cat":[407],"product_tag":[866],"class_list":{"0":"post-8855","1":"product","2":"type-product","3":"status-publish","4":"has-post-thumbnail","6":"product_cat-krev-a-cevni-peptid","7":"product_tag-terlipressin-acetate-cas-14636-12-5-for-treat-acute-variceal-bleeding-cs","8":"desktop-align-left","9":"tablet-align-left","10":"mobile-align-left","12":"first","13":"instock","14":"shipping-taxable","15":"product-type-simple"},"_links":{"self":[{"href":"https:\/\/puyapeptide.net\/cs\/wp-json\/wp\/v2\/product\/8855","targetHints":{"allow":["GET"]}}],"collection":[{"href":"https:\/\/puyapeptide.net\/cs\/wp-json\/wp\/v2\/product"}],"about":[{"href":"https:\/\/puyapeptide.net\/cs\/wp-json\/wp\/v2\/types\/product"}],"replies":[{"embeddable":true,"href":"https:\/\/puyapeptide.net\/cs\/wp-json\/wp\/v2\/comments?post=8855"}],"wp:featuredmedia":[{"embeddable":true,"href":"https:\/\/puyapeptide.net\/cs\/wp-json\/wp\/v2\/media\/2286"}],"wp:attachment":[{"href":"https:\/\/puyapeptide.net\/cs\/wp-json\/wp\/v2\/media?parent=8855"}],"wp:term":[{"taxonomy":"product_brand","embeddable":true,"href":"https:\/\/puyapeptide.net\/cs\/wp-json\/wp\/v2\/product_brand?post=8855"},{"taxonomy":"product_cat","embeddable":true,"href":"https:\/\/puyapeptide.net\/cs\/wp-json\/wp\/v2\/product_cat?post=8855"},{"taxonomy":"product_tag","embeddable":true,"href":"https:\/\/puyapeptide.net\/cs\/wp-json\/wp\/v2\/product_tag?post=8855"}],"curies":[{"name":"wp","href":"https:\/\/api.w.org\/{rel}","templated":true}]}}