{"id":8965,"date":"2021-12-17T03:40:04","date_gmt":"2021-12-17T08:40:04","guid":{"rendered":"https:\/\/puyapeptide.net\/product\/puya-supply-top-grade-semaglutide-cas-910463-68-2-pouziti-k-lecbe-diabetu-2-typu\/"},"modified":"2021-12-17T03:40:04","modified_gmt":"2021-12-17T08:40:04","slug":"puya-supply-top-grade-semaglutide-cas-910463-68-2-pouziti-k-lecbe-diabetu-2-typu","status":"publish","type":"product","link":"https:\/\/puyapeptide.net\/cs\/product\/puya-supply-top-grade-semaglutide-cas-910463-68-2-pouziti-k-lecbe-diabetu-2-typu\/","title":{"rendered":"Puya Supply Top Grade Semaglutide Cas 910463-68-2 Pou\u017eit\u00ed k l\u00e9\u010db\u011b diabetu 2. typu"},"content":{"rendered":"<h2><strong>Puya Supply Top Grade Semaglutide Cas 910463-68-2 Pou\u017eit\u00ed k l\u00e9\u010db\u011b diabetu 2. typu<\/strong><\/h2>\n<p>N\u00e1zev produktu: Sermaglutid<br \/>\nSynonyma: Sermaglutid;Semaglutid fandachem;Semaglutidov\u00e1 ne\u010distota;Sermaglutid USP\/EP\/BP;semaglutid;Sermaglutid CAS 910463 68 2<br \/>\nCAS: 910463&amp;68:591&lt;<br \/>\nMW: 4113.57754<br \/>\nEINECS: 203-405-2<br \/>\nKategorie produkt\u016f: GLP;PP;APIs;API<br \/>\nMol File: 910463-68-2.mol<br \/>\nVelikost balen\u00ed 1g\/l\u00e1hev , 10g\/lahev,50g\/lahev nebo na p\u0159\u00e1n\u00ed z\u00e1kazn\u00edka<\/p>\n<p>Semaglutide je nov\u00e1 generace analog\u016f GLP-1 (glukagonu podobn\u00fd peptid-1). Semaglutid je dlouhodob\u011b p\u016fsob\u00edc\u00ed l\u00e9kov\u00e1 forma zalo\u017een\u00e1 na z\u00e1kladn\u00ed struktu\u0159e liraglutidu, kter\u00e1 je \u00fa\u010dinn\u011bj\u0161\u00ed v l\u00e9\u010db\u011b diabetes mellitus 2. typu. Ve srovn\u00e1n\u00ed s lilarlutidem m\u00e1 somalutid del\u0161\u00ed alifobn\u00ed \u0159et\u011bzec a zv\u00fd\u0161enou hydrofobnost, ale somalutid je modifikov\u00e1n kr\u00e1tk\u00fdm \u0159et\u011bzcem PEG a jeho hydrofilita je v\u00fdrazn\u011b zv\u00fd\u0161ena. m\u00edsto hydrol\u00fdzy, ale tak\u00e9 sn\u00ed\u017eit vylu\u010dov\u00e1n\u00ed ledvinami, prodlou\u017eit biologick\u00fd polo\u010das a dos\u00e1hnout efektu dlouh\u00e9ho ob\u011bhu.<\/p>\n<p> <strong>Funkce a pou\u017eit\u00ed<\/strong><br \/>\nSemaglutid (USAN; obchodn\u00ed n\u00e1zev Ozempic) je farmaceutick\u00fd l\u00e9k ve v\u00fdvoji d\u00e1nskou spole\u010dnost\u00ed Novo Nordisk pro l\u00e9\u010dbu diabetu 2. typu. Je prod\u00e1v\u00e1n pod n\u00e1zvem Ozempic. Jako agonista glukagonu podobn\u00fd peptid-1 receptor sni\u017euje hladinu cukru v krvi zv\u00fd\u0161en\u00edm produkce insulinu. V roce 2012 byl objeven t\u00fdmem v\u00fdzkumn\u00edk\u016f z Novo Nordisk jako d\u00e9le p\u016fsob\u00edc\u00ed alternativa k liraglutidu. Klinick\u00e9 studie byly zah\u00e1jeny v roce 2015 a f\u00e1ze 3 byla dokon\u010dena v roce 2016. V prosinci 2016 bylo uplatn\u011bno schv\u00e1len\u00ed FDA a v \u0159\u00edjnu 2017 poradn\u00ed v\u00fdbor FDA hlasoval 16-0 pro. M\u016f\u017ee b\u00fdt pou\u017eit jako l\u00e9k injek\u010dn\u00edho nebo peror\u00e1ln\u00edho typu.<br \/>\nV\u00fdzkumn\u00edci z University of Leeds v roce 2017 uvedli, \u017ee jej lze pou\u017e\u00edt tak\u00e9 k l\u00e9\u010db\u011b obezity. Sni\u017euje hlad, chu\u0165 k j\u00eddlu a t\u011blesn\u00fd tuk.<\/p>\n","protected":false},"excerpt":{"rendered":"<p>N\u00e1zev produktu: Sermaglutide<br \/>\nCAS: 910463-68-2<br \/>\nMF: C187H291N45O59<br \/>\nMW: 4113.57754<br \/>\nEINECS: 203-405-2<br \/>\nKategorie produkt\u016f: GLP;PPI&lt;APIs; &amp;&gt;Soubor Mol: 910463-68-2.mol<\/p>\n","protected":false},"featured_media":2097,"comment_status":"open","ping_status":"closed","template":"","meta":{"om_disable_all_campaigns":false,"_monsterinsights_skip_tracking":false,"_monsterinsights_sitenote_active":false,"_monsterinsights_sitenote_note":"","_monsterinsights_sitenote_category":0,"site-sidebar-layout":"default","site-content-layout":"default","ast-site-content-layout":"default","site-content-style":"default","site-sidebar-style":"default","ast-global-header-display":"","ast-banner-title-visibility":"","ast-main-header-display":"","ast-hfb-above-header-display":"","ast-hfb-below-header-display":"","ast-hfb-mobile-header-display":"","site-post-title":"","ast-breadcrumbs-content":"","ast-featured-img":"","footer-sml-layout":"","ast-disable-related-posts":"","theme-transparent-header-meta":"default","adv-header-id-meta":"","stick-header-meta":"","header-above-stick-meta":"","header-main-stick-meta":"","header-below-stick-meta":"","astra-migrate-meta-layouts":"default","ast-page-background-enabled":"default","ast-page-background-meta":{"desktop":{"background-color":"","background-image":"","background-repeat":"repeat","background-position":"center center","background-size":"auto","background-attachment":"scroll","background-type":"","background-media":"","overlay-type":"","overlay-color":"","overlay-opacity":"","overlay-gradient":""},"tablet":{"background-color":"","background-image":"","background-repeat":"repeat","background-position":"center center","background-size":"auto","background-attachment":"scroll","background-type":"","background-media":"","overlay-type":"","overlay-color":"","overlay-opacity":"","overlay-gradient":""},"mobile":{"background-color":"","background-image":"","background-repeat":"repeat","background-position":"center center","background-size":"auto","background-attachment":"scroll","background-type":"","background-media":"","overlay-type":"","overlay-color":"","overlay-opacity":"","overlay-gradient":""}},"ast-content-background-meta":{"desktop":{"background-color":"var(--ast-global-color-5)","background-image":"","background-repeat":"repeat","background-position":"center center","background-size":"auto","background-attachment":"scroll","background-type":"","background-media":"","overlay-type":"","overlay-color":"","overlay-opacity":"","overlay-gradient":""},"tablet":{"background-color":"var(--ast-global-color-5)","background-image":"","background-repeat":"repeat","background-position":"center center","background-size":"auto","background-attachment":"scroll","background-type":"","background-media":"","overlay-type":"","overlay-color":"","overlay-opacity":"","overlay-gradient":""},"mobile":{"background-color":"var(--ast-global-color-5)","background-image":"","background-repeat":"repeat","background-position":"center center","background-size":"auto","background-attachment":"scroll","background-type":"","background-media":"","overlay-type":"","overlay-color":"","overlay-opacity":"","overlay-gradient":""}}},"product_brand":[],"product_cat":[339],"product_tag":[777,755],"class_list":{"0":"post-8965","1":"product","2":"type-product","3":"status-publish","4":"has-post-thumbnail","6":"product_cat-peptid-diabetu","7":"product_tag-cas-910463-68-2-cs","8":"product_tag-semaglutide-cs","9":"desktop-align-left","10":"tablet-align-left","11":"mobile-align-left","13":"first","14":"instock","15":"shipping-taxable","16":"product-type-simple"},"_links":{"self":[{"href":"https:\/\/puyapeptide.net\/cs\/wp-json\/wp\/v2\/product\/8965","targetHints":{"allow":["GET"]}}],"collection":[{"href":"https:\/\/puyapeptide.net\/cs\/wp-json\/wp\/v2\/product"}],"about":[{"href":"https:\/\/puyapeptide.net\/cs\/wp-json\/wp\/v2\/types\/product"}],"replies":[{"embeddable":true,"href":"https:\/\/puyapeptide.net\/cs\/wp-json\/wp\/v2\/comments?post=8965"}],"wp:featuredmedia":[{"embeddable":true,"href":"https:\/\/puyapeptide.net\/cs\/wp-json\/wp\/v2\/media\/2097"}],"wp:attachment":[{"href":"https:\/\/puyapeptide.net\/cs\/wp-json\/wp\/v2\/media?parent=8965"}],"wp:term":[{"taxonomy":"product_brand","embeddable":true,"href":"https:\/\/puyapeptide.net\/cs\/wp-json\/wp\/v2\/product_brand?post=8965"},{"taxonomy":"product_cat","embeddable":true,"href":"https:\/\/puyapeptide.net\/cs\/wp-json\/wp\/v2\/product_cat?post=8965"},{"taxonomy":"product_tag","embeddable":true,"href":"https:\/\/puyapeptide.net\/cs\/wp-json\/wp\/v2\/product_tag?post=8965"}],"curies":[{"name":"wp","href":"https:\/\/api.w.org\/{rel}","templated":true}]}}