{"id":5156,"date":"2021-12-16T03:38:51","date_gmt":"2021-12-16T08:38:51","guid":{"rendered":"https:\/\/puyapeptide.net\/fortrolighedspolitik\/"},"modified":"2022-07-09T11:54:32","modified_gmt":"2022-07-09T15:54:32","slug":"fortrolighedspolitik","status":"publish","type":"page","link":"https:\/\/puyapeptide.net\/da\/fortrolighedspolitik\/","title":{"rendered":"Fortrolighedspolitik"},"content":{"rendered":"\t\t<div data-elementor-type=\"wp-page\" data-elementor-id=\"5156\" class=\"elementor elementor-5156\">\n\t\t\t\t\t\t<section class=\"elementor-section elementor-top-section elementor-element elementor-element-5ead2010 elementor-section-boxed elementor-section-height-default elementor-section-height-default\" data-id=\"5ead2010\" data-element_type=\"section\" data-e-type=\"section\">\n\t\t\t\t\t\t<div class=\"elementor-container elementor-column-gap-default\">\n\t\t\t\t\t<div class=\"elementor-column elementor-col-100 elementor-top-column elementor-element elementor-element-20c3d9a8\" data-id=\"20c3d9a8\" data-element_type=\"column\" data-e-type=\"column\">\n\t\t\t<div class=\"elementor-widget-wrap elementor-element-populated\">\n\t\t\t\t\t\t<div class=\"elementor-element elementor-element-5a7eb1ff elementor-widget elementor-widget-text-editor\" data-id=\"5a7eb1ff\" data-element_type=\"widget\" data-e-type=\"widget\" data-widget_type=\"text-editor.default\">\n\t\t\t\t<div class=\"elementor-widget-container\">\n\t\t\t\t\t\t\t\t\t<header class=\"entry-header ast-no-thumbnail ast-no-meta\">\n<h1 class=\"entry-title\">Fortrolighedspolitik <\/h1>\n<\/header>\n<div class=\"entry-content clear\">\n<div class=\"elementor elementor-3\" data-elementor-type=\"wp-page\" data-elementor-id=\"3\" data-elementor-settings=\"[]\">\n<div class=\"elementor-section-wrap\">\n<section class=\"elementor-section elementor-top-section elementor-element elementor-element-5ead2010 elementor-section-boxed elementor-section-height-default elementor-section-height-default\" data-id=\"5ead2010\" data-element_type=\"section\">\n<div class=\"elementor-container elementor-column-gap-default\">\n<div class=\"elementor-column elementor-col-100 elementor-top-column elementor-element elementor-element-20c3d9a8\" data-id=\"20c3d9a8\" data-element_type=\"column\">\n<div class=\"elementor-widget-wrap elementor-element-populated\">\n<div class=\"elementor-element elementor-element-5a7eb1ff elementor-widget elementor-widget-text-editor\" data-id=\"5a7eb1ff\" data-element_type=\"widget\" data-widget_type=\"text-editor.default\">\n<div class=\"elementor-widget-container\">\n<p> Denne hjemmeside drives af puyapeptide.net for at tilbyde online salgsservice.<\/p>\n<p> P\u00e5 hele webstedet henviser udtrykkene &quot;vi&quot;, &quot;os&quot; og &quot;vores&quot; til puyapeptide.net<\/p>\n<p> Vi tilbyder denne p onlinebutik, inklusive alle oplysninger, v\u00e6rkt\u00f8jer og tjenester, der er tilg\u00e6ngelige fra dette websted til dig, brugeren, betinget af din accept af alle vilk\u00e5r, betingelser, politikker og meddelelser, der er angivet her.<\/p>\n<p> Ved at bes\u00f8ge vores websted og eller k\u00f8be noget fra os, engagerer du dig i vores &quot;Service&quot; og accepterer at v\u00e6re bundet af f\u00f8lgende vilk\u00e5r og betingelser (&quot;Servicevilk\u00e5r&quot;), herunder disse yderligere vilk\u00e5r og betingelser og politikker.<\/p>\n<p> Vi forbeholder os retten til at opdatere, \u00e6ndre eller erstatte enhver del af disse servicevilk\u00e5r ved at offentligg\u00f8re opdateringer og eller \u00e6ndringer p\u00e5 vores hjemmeside.<br \/> <strong>AFSNIT 1 \u2013 puyapeptide.net VILK\u00c5R<\/strong><\/p>\n<p> Ved at acceptere disse servicevilk\u00e5r m\u00e5 du ikke bruge vores produkter til ulovlige eller uautoriserede form\u00e5l, og du m\u00e5 heller ikke, i brugen af tjenesten, overtr\u00e6de nogen love i din jurisdiktion (inklusive, men ikke begr\u00e6nset til love om ophavsret).<\/p>\n<p> <strong>AFSNIT 2 \u2013 GENERELLE BETINGELSER<\/strong><\/p>\n<p> Du forst\u00e5r, at dit indhold (ikke inklusive kreditkortoplysninger) kan overf\u00f8res ukrypteret og involvere (a) transmissioner over forskellige netv\u00e6rk; og (b) \u00e6ndringer for at tilpasse og tilpasse sig tekniske krav til tilslutning af netv\u00e6rk eller enheder. S\u00e5som du kommenterer p\u00e5 vores blogs.<\/p>\n<p> (Kreditkortoplysninger er altid krypteret under overf\u00f8rsel via netv\u00e6rk.)<\/p>\n<p> <strong>AFSNIT 3 \u2013 \u00c6NDRINGER AF TJENESTE OG PRISER<\/strong><\/p>\n<p> Priserne for vores produkter kan \u00e6ndres uden varsel.<\/p>\n<p> Vi forbeholder os retten til til enhver tid at \u00e6ndre Tjenesten (eller enhver del eller indhold deraf) uden varsel til enhver tid.<\/p>\n<p> <strong>AFSNIT 4 \u2013 PRODUKTER ELLER TJENESTER (hvis relevant)<\/strong><\/p>\n<p> Vi har gjort alt for at vise s\u00e5 pr\u00e6cist som muligt de farver og billeder af vores produkter, der vises i butikken. Vi kan ikke garantere, at din computersk\u00e6rms visning af enhver farve vil v\u00e6re n\u00f8jagtig.<\/p>\n<p> Vi forbeholder os retten, men er ikke forpligtet, til at begr\u00e6nse salget af vores produkter eller tjenester til enhver person, geografisk region eller jurisdiktion. Vi kan ud\u00f8ve denne ret fra sag til sag. Vi forbeholder os retten til at begr\u00e6nse m\u00e6ngden af produkter eller tjenester, som vi tilbyder.<\/p>\n<p> Vi garanterer ikke, at kvaliteten af produkter, tjenester, informationer eller andet materiale k\u00f8bt eller opn\u00e5et af dig vil leve op til dine 100 % forventninger, eller at eventuelle fejl i tjenesten vil blive rettet.<\/p>\n<p> <strong>AFSNIT 5 \u2013 N\u00d8JAGTIGHED AF FAKTURERINGS- OG KONTOOPLYSNINGER<\/strong><\/p>\n<p> Vi forbeholder os retten til at afvise enhver ordre, du afgiver hos os. Vi kan efter eget sk\u00f8n begr\u00e6nse eller annullere k\u00f8bte m\u00e6ngder pr. person, pr. husstand eller pr. ordre. Disse begr\u00e6nsninger kan omfatte ordrer afgivet af eller under den samme kundekonto, det samme kreditkort og eller ordrer, der bruger den samme fakturerings- og eller leveringsadresse. I tilf\u00e6lde af at vi \u00e6ndrer eller annullerer en ordre, kan vi fors\u00f8ge at give dig besked ved at kontakte den e-mail og eller faktureringsadresse telefonnummeret oplyst p\u00e5 det tidspunkt, ordren blev foretaget.<\/p>\n<p> Du accepterer at give aktuelle, fuldst\u00e6ndige og n\u00f8jagtige k\u00f8bs- og kontooplysninger for alle k\u00f8b foretaget i vores butik. Du accepterer straks at opdatere din konto og andre oplysninger, herunder din e-mailadresse og kreditkortnumre og udl\u00f8bsdatoer, s\u00e5 vi kan gennemf\u00f8re dine transaktioner og kontakte dig efter behov<\/p>\n<p> <strong>AFSNIT 6 \u2013 TREDJEPARTSLINKS<\/strong><\/p>\n<p> Visse indhold, produkter og tjenester, der er tilg\u00e6ngelige via vores tjeneste, kan omfatte materialer fra tredjeparter.<\/p>\n<p> Tredjepartsindholdet vil oftest v\u00e6re forbundet med vores sociale medier, som er udgivet nogle mere detaljerede oplysninger. af vores puyapeptide.net produkter, og for det meste er de p\u00e5lidelige.<\/p>\n<p> <strong>AFSNIT 9 \u2013 BRUGERKOMMENTARER, FEEDBACK OG ANDRE INDSENDELSER<\/strong><\/p>\n<p> Hvis du p\u00e5 vores anmodning sender visse specifikke bidrag (f.eks. konkurrencebidrag) eller uden en anmodning fra os sender du kreative ideer, forslag, forslag, planer eller andet materiale, uanset om det er online, via e-mail, med post eller p\u00e5 anden m\u00e5de (samlet &quot;kommentarer&quot;), accepterer du, at vi til enhver tid og uden begr\u00e6nsninger kan redigere, kopiere, udgive, distribuere, overs\u00e6tte og p\u00e5 anden m\u00e5de bruge kommentarer, som du videresender til os i ethvert medie.<\/p>\n<p> Vi er og skal ikke v\u00e6re forpligtet<\/p>\n<p> (1) at bevare eventuelle kommentarer i fortrolighed;<\/p>\n<p> (2) at betale kompensation for eventuelle kommentarer;<\/p>\n<p> (3) at svare p\u00e5 eventuelle kommentarer.<\/p>\n<p> Vi kan, men har ingen forpligtelse til, at overv\u00e5ge, redigere eller fjerne indhold, som vi efter vores sk\u00f8n vurderer er ulovligt, st\u00f8dende, truende, injurierende, \u00e6rekr\u00e6nkende, pornografisk, obsk\u00f8nt eller p\u00e5 anden m\u00e5de st\u00f8dende eller kr\u00e6nker nogen parts intellektuelle ejendom eller disse Servicevilk\u00e5r .<\/p>\n<p> Du accepterer, at dine kommentarer ikke vil kr\u00e6nke nogen tredjeparts rettigheder, herunder ophavsret, varem\u00e6rke, privatliv, personlighed eller anden personlig eller ejendomsret. Du accepterer endvidere, at dine kommentarer ikke vil indeholde injurierende eller p\u00e5 anden m\u00e5de ulovligt, forn\u00e6rmende eller uanst\u00e6ndigt materiale eller indeholde nogen computervirus eller anden malware, der p\u00e5 nogen m\u00e5de kan p\u00e5virke driften af Tjenesten eller enhver relateret hjemmeside.<\/p>\n<p> Du m\u00e5 ikke bruge en falsk e-mail-adresse, foregive at v\u00e6re en anden end dig selv eller p\u00e5 anden m\u00e5de vildlede os eller tredjeparter med hensyn til oprindelsen af eventuelle kommentarer. Du er alene ansvarlig for dine kommentarer og deres n\u00f8jagtighed. Vi p\u00e5tager os intet ansvar og p\u00e5tager os intet ansvar for eventuelle kommentarer indsendt af dig eller nogen tredjepart.<\/p>\n<p> <strong>AFSNIT 7 \u2013 PERSONOPLYSNINGER<\/strong><\/p>\n<p> Din indsendelse af personlige oplysninger gennem butikken er underlagt vores privatlivspolitik.<\/p>\n<p> <strong>AFSNIT 8 \u2013 FEJL, UN\u00d8JAGTIGHEDER OG UDELADELSER<\/strong><\/p>\n<p> Lejlighedsvis kan der v\u00e6re oplysninger p\u00e5 vores websted eller i tjenesten, der indeholder typografiske fejl, un\u00f8jagtigheder eller udeladelser, der kan relatere til produktbeskrivelser, priser, kampagner, tilbud, produktforsendelsesomkostninger, transittider og tilg\u00e6ngelighed.<\/p>\n<p> Vi forbeholder os retten til at rette eventuelle fejl, un\u00f8jagtigheder eller udeladelser og til at \u00e6ndre eller opdatere information, hvis nogen information i tjenesten eller p\u00e5 en relateret hjemmeside er un\u00f8jagtig til enhver tid uden forudg\u00e5ende varsel.<\/p>\n<p> Vi forpligter os til at opdatere, \u00e6ndre eller pr\u00e6cisere oplysninger i Tjenesten eller p\u00e5 enhver relateret hjemmeside, herunder uden begr\u00e6nsning prisoplysninger.<\/p>\n<p> Ingen specificeret opdaterings- eller opdateringsdato, der anvendes i tjenesten eller p\u00e5 nogen relateret hjemmeside, b\u00f8r tages for at angive, at alle oplysninger i tjenesten eller p\u00e5 et relateret websted er blevet \u00e6ndret eller opdateret.<\/p>\n<p> <strong>AFSNIT 9 \u2013 FORBUDT ANVENDELSE<\/strong><\/p>\n<p> Ud over andre forbud som angivet i Servicevilk\u00e5rene, har du forbud mod at bruge vores produkter.<\/p>\n<p> (a) til ethvert ulovligt form\u00e5l;<\/p>\n<p> (b) at opfordre andre til at udf\u00f8re eller deltage i ulovlige handlinger;<\/p>\n<p> (c) at overtr\u00e6de internationale, f\u00f8derale, provinsielle eller statslige bestemmelser, regler, love eller lokale<br \/> ordinancer;<\/p>\n<p> (d) at chikanere, misbruge, forn\u00e6rme, skade, bagvaske, nedg\u00f8re, intimidere eller diskriminere baseret p\u00e5 k\u00f8n, seksuel orientering, religion, etnicitet, race, alder, national oprindelse eller handicap;<\/p>\n<p> (e) at indsamle eller spore andres personlige oplysninger;<\/p>\n<p> (f) til ethvert obsk\u00f8nt eller umoralsk form\u00e5l;<\/p>\n<p> <strong>AFSNIT 10 \u2013<\/strong> IMPORTRETTIGHEDER OG IMPORTAFGIFT<\/p>\n<p> F\u00f8r du k\u00f8ber produktet hos os, skal du tjekke med dine lokale myndigheder for at sikre, at du er berettiget til at k\u00f8be dette produkt. V\u00e6r opm\u00e6rksom p\u00e5, at dit lands toldafdeling kan opkr\u00e6ve importafgifter fra dig. Du som k\u00f8ber vil v\u00e6re ansvarlig for at betale for s\u00e5danne importafgifter. Hvis du ikke er i stand til at t\u00f8mme produkterne, og produkterne bliver returneret til os, er du ansvarlig for returneringsgebyret.<\/p>\n<p> <strong>AFSNIT 11 \u2013 G\u00c6LDENDE LOV<\/strong><\/p>\n<p> Disse servicevilk\u00e5r og eventuelle separate aftaler, hvorved vi leverer tjenester til dig, er underlagt og fortolkes i overensstemmelse med lovene.<\/p>\n<\/div>\n<\/div>\n<\/div>\n<\/div>\n<\/div>\n<\/section>\n<\/div>\n<\/div>\n<\/div>\n<p> Denne hjemmeside drives af puyapeptide.net for at tilbyde online salgsservice.<\/p>\n<p> P\u00e5 hele webstedet henviser udtrykkene &quot;vi&quot;, &quot;os&quot; og &quot;vores&quot; til puyapeptide.net<\/p>\n<p> Vi tilbyder denne p onlinebutik, inklusive alle oplysninger, v\u00e6rkt\u00f8jer og tjenester, der er tilg\u00e6ngelige fra dette websted til dig, brugeren, betinget af din accept af alle vilk\u00e5r, betingelser, politikker og meddelelser, der er angivet her.<\/p>\n<p> Ved at bes\u00f8ge vores websted og eller k\u00f8be noget fra os, engagerer du dig i vores &quot;Service&quot; og accepterer at v\u00e6re bundet af f\u00f8lgende vilk\u00e5r og betingelser (&quot;Servicevilk\u00e5r&quot;), herunder disse yderligere vilk\u00e5r og betingelser og politikker.<\/p>\n<p> Vi forbeholder os retten til at opdatere, \u00e6ndre eller erstatte enhver del af disse servicevilk\u00e5r ved at offentligg\u00f8re opdateringer og eller \u00e6ndringer p\u00e5 vores hjemmeside.<br \/> <strong>AFSNIT 1 \u2013 puyapeptide.net VILK\u00c5R<\/strong><\/p>\n<p> Ved at acceptere disse servicevilk\u00e5r m\u00e5 du ikke bruge vores produkter til ulovlige eller uautoriserede form\u00e5l, og du m\u00e5 heller ikke, i brugen af tjenesten, overtr\u00e6de nogen love i din jurisdiktion (inklusive, men ikke begr\u00e6nset til love om ophavsret).<\/p>\n<p> <strong>AFSNIT 2 \u2013 GENERELLE BETINGELSER<\/strong><\/p>\n<p> Du forst\u00e5r, at dit indhold (ikke inklusive kreditkortoplysninger) kan overf\u00f8res ukrypteret og involvere (a) transmissioner over forskellige netv\u00e6rk; og (b) \u00e6ndringer for at tilpasse og tilpasse sig tekniske krav til tilslutning af netv\u00e6rk eller enheder. S\u00e5som du kommenterer p\u00e5 vores blogs.<\/p>\n<p> (Kreditkortoplysninger er altid krypteret under overf\u00f8rsel via netv\u00e6rk.)<\/p>\n<p> <strong>AFSNIT 3 \u2013 \u00c6NDRINGER AF TJENESTE OG PRISER<\/strong><\/p>\n<p> Priserne for vores produkter kan \u00e6ndres uden varsel.<\/p>\n<p> Vi forbeholder os retten til til enhver tid at \u00e6ndre Tjenesten (eller enhver del eller indhold deraf) uden varsel til enhver tid.<\/p>\n<p> <strong>AFSNIT 4 \u2013 PRODUKTER ELLER TJENESTER (hvis relevant)<\/strong><\/p>\n<p> Vi har gjort alt for at vise s\u00e5 pr\u00e6cist som muligt de farver og billeder af vores produkter, der vises i butikken. Vi kan ikke garantere, at din computersk\u00e6rms visning af enhver farve vil v\u00e6re n\u00f8jagtig.<\/p>\n<p> Vi forbeholder os retten, men er ikke forpligtet, til at begr\u00e6nse salget af vores produkter eller tjenester til enhver person, geografisk region eller jurisdiktion. Vi kan ud\u00f8ve denne ret fra sag til sag. Vi forbeholder os retten til at begr\u00e6nse m\u00e6ngden af produkter eller tjenester, som vi tilbyder.<\/p>\n<p> Vi garanterer ikke, at kvaliteten af produkter, tjenester, informationer eller andet materiale k\u00f8bt eller opn\u00e5et af dig vil leve op til dine 100 % forventninger, eller at eventuelle fejl i tjenesten vil blive rettet.<\/p>\n<p> <strong>AFSNIT 5 \u2013 N\u00d8JAGTIGHED AF FAKTURERINGS- OG KONTOOPLYSNINGER<\/strong><\/p>\n<p> Vi forbeholder os retten til at afvise enhver ordre, du afgiver hos os. Vi kan efter eget sk\u00f8n begr\u00e6nse eller annullere k\u00f8bte m\u00e6ngder pr. person, pr. husstand eller pr. ordre. Disse begr\u00e6nsninger kan omfatte ordrer afgivet af eller under den samme kundekonto, det samme kreditkort og eller ordrer, der bruger den samme fakturerings- og eller leveringsadresse. I tilf\u00e6lde af at vi \u00e6ndrer eller annullerer en ordre, kan vi fors\u00f8ge at give dig besked ved at kontakte den e-mail og eller faktureringsadresse telefonnummeret oplyst p\u00e5 det tidspunkt, ordren blev foretaget.<\/p>\n<p> Du accepterer at give aktuelle, fuldst\u00e6ndige og n\u00f8jagtige k\u00f8bs- og kontooplysninger for alle k\u00f8b foretaget i vores butik. Du accepterer straks at opdatere din konto og andre oplysninger, herunder din e-mailadresse og kreditkortnumre og udl\u00f8bsdatoer, s\u00e5 vi kan gennemf\u00f8re dine transaktioner og kontakte dig efter behov<\/p>\n<p> <strong>AFSNIT 6 \u2013 TREDJEPARTSLINKS<\/strong><\/p>\n<p> Visse indhold, produkter og tjenester, der er tilg\u00e6ngelige via vores tjeneste, kan omfatte materialer fra tredjeparter.<\/p>\n<p> Tredjepartsindholdet vil oftest v\u00e6re forbundet med vores sociale medier, som er udgivet nogle mere detaljerede oplysninger. af vores puyapeptide.net produkter, og for det meste er de p\u00e5lidelige.<\/p>\n<p> <strong>AFSNIT 9 \u2013 BRUGERKOMMENTARER, FEEDBACK OG ANDRE INDSENDELSER<\/strong><\/p>\n<p> Hvis du p\u00e5 vores anmodning sender visse specifikke bidrag (f.eks. konkurrencebidrag) eller uden en anmodning fra os sender du kreative ideer, forslag, forslag, planer eller andet materiale, uanset om det er online, via e-mail, med post eller p\u00e5 anden m\u00e5de (samlet &quot;kommentarer&quot;), accepterer du, at vi til enhver tid og uden begr\u00e6nsninger kan redigere, kopiere, udgive, distribuere, overs\u00e6tte og p\u00e5 anden m\u00e5de bruge kommentarer, som du videresender til os i ethvert medie.<\/p>\n<p> Vi er og skal ikke v\u00e6re forpligtet<\/p>\n<p> (1) at bevare eventuelle kommentarer i fortrolighed;<\/p>\n<p> (2) at betale kompensation for eventuelle kommentarer;<\/p>\n<p> (3) at svare p\u00e5 eventuelle kommentarer.<\/p>\n<p> Vi kan, men har ingen forpligtelse til, at overv\u00e5ge, redigere eller fjerne indhold, som vi efter vores sk\u00f8n vurderer er ulovligt, st\u00f8dende, truende, injurierende, \u00e6rekr\u00e6nkende, pornografisk, obsk\u00f8nt eller p\u00e5 anden m\u00e5de st\u00f8dende eller kr\u00e6nker nogen parts intellektuelle ejendom eller disse Servicevilk\u00e5r .<\/p>\n<p> Du accepterer, at dine kommentarer ikke vil kr\u00e6nke nogen tredjeparts rettigheder, herunder ophavsret, varem\u00e6rke, privatliv, personlighed eller anden personlig eller ejendomsret. Du accepterer endvidere, at dine kommentarer ikke vil indeholde injurierende eller p\u00e5 anden m\u00e5de ulovligt, forn\u00e6rmende eller uanst\u00e6ndigt materiale eller indeholde nogen computervirus eller anden malware, der p\u00e5 nogen m\u00e5de kan p\u00e5virke driften af Tjenesten eller enhver relateret hjemmeside.<\/p>\n<p> Du m\u00e5 ikke bruge en falsk e-mail-adresse, foregive at v\u00e6re en anden end dig selv eller p\u00e5 anden m\u00e5de vildlede os eller tredjeparter med hensyn til oprindelsen af eventuelle kommentarer. Du er alene ansvarlig for dine kommentarer og deres n\u00f8jagtighed. Vi p\u00e5tager os intet ansvar og p\u00e5tager os intet ansvar for eventuelle kommentarer indsendt af dig eller nogen tredjepart.<\/p>\n<p> <strong>AFSNIT 7 \u2013 PERSONOPLYSNINGER<\/strong><\/p>\n<p> Din indsendelse af personlige oplysninger gennem butikken er underlagt vores privatlivspolitik.<\/p>\n<p> <strong>AFSNIT 8 \u2013 FEJL, UN\u00d8JAGTIGHEDER OG UDELADELSER<\/strong><\/p>\n<p> Lejlighedsvis kan der v\u00e6re oplysninger p\u00e5 vores websted eller i tjenesten, der indeholder typografiske fejl, un\u00f8jagtigheder eller udeladelser, der kan relatere til produktbeskrivelser, priser, kampagner, tilbud, produktforsendelsesomkostninger, transittider og tilg\u00e6ngelighed.<\/p>\n<p> Vi forbeholder os retten til at rette eventuelle fejl, un\u00f8jagtigheder eller udeladelser og til at \u00e6ndre eller opdatere information, hvis nogen information i tjenesten eller p\u00e5 en relateret hjemmeside er un\u00f8jagtig til enhver tid uden forudg\u00e5ende varsel.<\/p>\n<p> Vi forpligter os til at opdatere, \u00e6ndre eller pr\u00e6cisere oplysninger i Tjenesten eller p\u00e5 enhver relateret hjemmeside, herunder uden begr\u00e6nsning prisoplysninger.<\/p>\n<p> Ingen specificeret opdaterings- eller opdateringsdato, der anvendes i tjenesten eller p\u00e5 nogen relateret hjemmeside, b\u00f8r tages for at angive, at alle oplysninger i tjenesten eller p\u00e5 et relateret websted er blevet \u00e6ndret eller opdateret.<\/p>\n<p> <strong>AFSNIT 9 \u2013 FORBUDT ANVENDELSE<\/strong><\/p>\n<p> Ud over andre forbud som angivet i Servicevilk\u00e5rene, har du forbud mod at bruge vores produkter.<\/p>\n<p> (a) til ethvert ulovligt form\u00e5l;<\/p>\n<p> (b) at opfordre andre til at udf\u00f8re eller deltage i ulovlige handlinger;<\/p>\n<p> (c) at overtr\u00e6de internationale, f\u00f8derale, provinsielle eller statslige bestemmelser, regler, love eller lokale<br \/> forordninger;<\/p>\n<p> (d) at chikanere, misbruge, forn\u00e6rme, skade, bagvaske, nedg\u00f8re, intimidere eller diskriminere baseret p\u00e5 k\u00f8n, seksuel orientering, religion, etnicitet, race, alder, national oprindelse eller handicap;<\/p>\n<p> (e) at indsamle eller spore andres personlige oplysninger;<\/p>\n<p> (f) til ethvert obsk\u00f8nt eller umoralsk form\u00e5l;<\/p>\n<p> <strong>AFSNIT 10 \u2013<\/strong> IMPORTRETTIGHEDER OG IMPORTAFGIFT<\/p>\n<p> F\u00f8r du k\u00f8ber produktet hos os, skal du tjekke med dine lokale myndigheder for at sikre, at du er berettiget til at k\u00f8be dette produkt. V\u00e6r opm\u00e6rksom p\u00e5, at dit lands toldafdeling kan opkr\u00e6ve importafgifter fra dig. Du som k\u00f8ber er ansvarlig for at betale for s\u00e5danne importafgifter. Hvis du ikke er i stand til at t\u00f8mme produkterne, og produkterne bliver returneret til os, er du ansvarlig for returneringsgebyret.<\/p>\n<p> <strong>AFSNIT 11 \u2013 G\u00c6LDENDE LOV<\/strong><\/p>\n<p> Disse servicevilk\u00e5r og eventuelle separate aftaler, hvorved vi leverer tjenester til dig, er underlagt og fortolkes i overensstemmelse med lovene.<\/p><\/p>\n\t\t\t\t\t\t\t\t<\/div>\n\t\t\t\t<\/div>\n\t\t\t\t\t<\/div>\n\t\t<\/div>\n\t\t\t\t\t<\/div>\n\t\t<\/section>\n\t\t\t\t<\/div>\n\t\t","protected":false},"excerpt":{"rendered":"<p>Fortrolighedspolitik Denne hjemmeside drives af puyapeptide.net for at tilbyde online salgsservice. P\u00e5 hele webstedet henviser udtrykkene &quot;vi&quot;, &quot;os&quot; og &quot;vores&quot; til puyapeptide.net Vi tilbyder denne p onlinebutik, inklusive alle oplysninger, v\u00e6rkt\u00f8jer og tjenester, der er tilg\u00e6ngelige fra dette websted til dig, brugeren, betinget af din accept af alle vilk\u00e5r, betingelser, politikker og meddelelser, der er [&hellip;]<\/p>\n","protected":false},"author":1,"featured_media":0,"parent":0,"menu_order":0,"comment_status":"closed","ping_status":"open","template":"elementor_header_footer","meta":{"om_disable_all_campaigns":false,"_monsterinsights_skip_tracking":false,"_monsterinsights_sitenote_active":false,"_monsterinsights_sitenote_note":"","_monsterinsights_sitenote_category":0,"site-sidebar-layout":"default","site-content-layout":"","ast-site-content-layout":"default","site-content-style":"default","site-sidebar-style":"default","ast-global-header-display":"","ast-banner-title-visibility":"","ast-main-header-display":"","ast-hfb-above-header-display":"","ast-hfb-below-header-display":"","ast-hfb-mobile-header-display":"","site-post-title":"","ast-breadcrumbs-content":"","ast-featured-img":"","footer-sml-layout":"","ast-disable-related-posts":"","theme-transparent-header-meta":"","adv-header-id-meta":"","stick-header-meta":"","header-above-stick-meta":"","header-main-stick-meta":"","header-below-stick-meta":"","astra-migrate-meta-layouts":"default","ast-page-background-enabled":"default","ast-page-background-meta":{"desktop":{"background-color":"","background-image":"","background-repeat":"repeat","background-position":"center center","background-size":"auto","background-attachment":"scroll","background-type":"","background-media":"","overlay-type":"","overlay-color":"","overlay-opacity":"","overlay-gradient":""},"tablet":{"background-color":"","background-image":"","background-repeat":"repeat","background-position":"center center","background-size":"auto","background-attachment":"scroll","background-type":"","background-media":"","overlay-type":"","overlay-color":"","overlay-opacity":"","overlay-gradient":""},"mobile":{"background-color":"","background-image":"","background-repeat":"repeat","background-position":"center center","background-size":"auto","background-attachment":"scroll","background-type":"","background-media":"","overlay-type":"","overlay-color":"","overlay-opacity":"","overlay-gradient":""}},"ast-content-background-meta":{"desktop":{"background-color":"var(--ast-global-color-5)","background-image":"","background-repeat":"repeat","background-position":"center center","background-size":"auto","background-attachment":"scroll","background-type":"","background-media":"","overlay-type":"","overlay-color":"","overlay-opacity":"","overlay-gradient":""},"tablet":{"background-color":"var(--ast-global-color-5)","background-image":"","background-repeat":"repeat","background-position":"center center","background-size":"auto","background-attachment":"scroll","background-type":"","background-media":"","overlay-type":"","overlay-color":"","overlay-opacity":"","overlay-gradient":""},"mobile":{"background-color":"var(--ast-global-color-5)","background-image":"","background-repeat":"repeat","background-position":"center center","background-size":"auto","background-attachment":"scroll","background-type":"","background-media":"","overlay-type":"","overlay-color":"","overlay-opacity":"","overlay-gradient":""}},"footnotes":""},"class_list":["post-5156","page","type-page","status-publish","hentry"],"_links":{"self":[{"href":"https:\/\/puyapeptide.net\/da\/wp-json\/wp\/v2\/pages\/5156","targetHints":{"allow":["GET"]}}],"collection":[{"href":"https:\/\/puyapeptide.net\/da\/wp-json\/wp\/v2\/pages"}],"about":[{"href":"https:\/\/puyapeptide.net\/da\/wp-json\/wp\/v2\/types\/page"}],"author":[{"embeddable":true,"href":"https:\/\/puyapeptide.net\/da\/wp-json\/wp\/v2\/users\/1"}],"replies":[{"embeddable":true,"href":"https:\/\/puyapeptide.net\/da\/wp-json\/wp\/v2\/comments?post=5156"}],"version-history":[{"count":44,"href":"https:\/\/puyapeptide.net\/da\/wp-json\/wp\/v2\/pages\/5156\/revisions"}],"predecessor-version":[{"id":9649,"href":"https:\/\/puyapeptide.net\/da\/wp-json\/wp\/v2\/pages\/5156\/revisions\/9649"}],"wp:attachment":[{"href":"https:\/\/puyapeptide.net\/da\/wp-json\/wp\/v2\/media?parent=5156"}],"curies":[{"name":"wp","href":"https:\/\/api.w.org\/{rel}","templated":true}]}}