{"id":6283,"date":"2021-12-16T04:23:40","date_gmt":"2021-12-16T09:23:40","guid":{"rendered":"https:\/\/puyapeptide.net\/product\/acetyl-hexapeptide-37-cas-1447824-16-9-til-fugtgivende-hud\/"},"modified":"2021-12-16T04:23:40","modified_gmt":"2021-12-16T09:23:40","slug":"acetyl-hexapeptide-37-cas-1447824-16-9-til-fugtgivende-hud","status":"publish","type":"product","link":"https:\/\/puyapeptide.net\/da\/product\/acetyl-hexapeptide-37-cas-1447824-16-9-til-fugtgivende-hud\/","title":{"rendered":"Acetyl Hexapeptide-37 CAS 1447824-16-9 til fugtgivende hud"},"content":{"rendered":"<h2><strong>Acetyl Hexapeptide-37 CAS 1447824-16-9 til fugtgivende hud<\/strong><\/h2>\n<p>Produktnavn: Acetyl Hexapeptide-37, Diffuporine<br \/>\nCAS-nr.: N\/A<br \/>\nRenhed\uff1a\u226598%<br \/>\nMolekylv\u00e6gt \uff1a539,55g\/mol<br \/>\nMolekyleformel: C22H33N7O9<br \/>\n Udseende: hvidt pulver<br \/>\nOpbevaringstilstand: 2 \u2103\uff5e8 \u2103<br \/>\nPakkespecifikation (pulver): 1g, 10g, 100g<br \/>\nAnvendelse: Kosmetiske r\u00e5varer<\/p>\n<p>Acetylhexapeptid-37, en vand channel protein cell moisturizer, er et nyt hexapeptid sammensat af naturlige aminosyrer, som effektivt kan \u00f8ge ekspressionen af AQP3 i menneskekroppen p\u00e5 mRNA-niveau og dermed \u00f8ge indholdet af AQP3 i huden. Det fremmer syntesen af type I kollagen i humane dermale fibroblastprogenitorceller og proliferationen af keratiniserede celler.<\/p>\n<p> <strong>Funktion af Acetyl Hexapeptide-37 CAS 1447824-16-9<\/strong><br \/>\n1. Acetyl Hexapeptide-37 kan anti-rynke og anti-aldring og til at fugte huden<br \/>\n2. Forbedre hudkvaliteten<br \/>\n3. Ansigts- og kropspleje<br \/>\n4. Ansigts-, hals- og h\u00e5ndplejeprodukter<br \/>\n5. Kan tils\u00e6ttes sk\u00f8nhedsplejeprodukter s\u00e5som lotioner, morgen- og aftencremer, \u00f8jenserum osv.<\/p>\n<p> <strong>Anvendelse af Acetyl Hexapeptide-37 CAS 1447824-16-9<\/strong><br \/>\nDet kan effektivt \u00f8ge udtrykket af AQP3 i menneskekroppen p\u00e5 mRNA-niveau, hvorved indholdet af AQP3 i huden \u00f8ges. Det har egenskaberne til at forbedre fugtighedsgivende og er en god fugtgivende aktiv ingrediens. Det kan ogs\u00e5 fremme type I i humane dermale fibroblaster. Syntese af kollagen og spredning af keratinocytter. Acetyl hexapeptide-37 fugtgivende peptid er en ny og omfattende anti-aging aktiv ingrediens.<\/p>\n","protected":false},"excerpt":{"rendered":"<p>Produktnavn: Acetyl Hexapeptide-37, Diffuporine<br \/>\nRenhed\uff1a\u226598%<br \/>\nMolekylv\u00e6gt \uff1a539,55g\/mol<br \/>\nMolekyl\u00e6r formel: C22H33N7O9<br \/>\nUdseende: hvidt pulver<br \/>\nAnvendelse: Kosmetiske r\u00e5varer<\/p>\n","protected":false},"featured_media":2203,"comment_status":"open","ping_status":"closed","template":"","meta":{"om_disable_all_campaigns":false,"_monsterinsights_skip_tracking":false,"_monsterinsights_sitenote_active":false,"_monsterinsights_sitenote_note":"","_monsterinsights_sitenote_category":0,"site-sidebar-layout":"default","site-content-layout":"default","ast-site-content-layout":"default","site-content-style":"default","site-sidebar-style":"default","ast-global-header-display":"","ast-banner-title-visibility":"","ast-main-header-display":"","ast-hfb-above-header-display":"","ast-hfb-below-header-display":"","ast-hfb-mobile-header-display":"","site-post-title":"","ast-breadcrumbs-content":"","ast-featured-img":"","footer-sml-layout":"","ast-disable-related-posts":"","theme-transparent-header-meta":"default","adv-header-id-meta":"","stick-header-meta":"","header-above-stick-meta":"","header-main-stick-meta":"","header-below-stick-meta":"","astra-migrate-meta-layouts":"default","ast-page-background-enabled":"default","ast-page-background-meta":{"desktop":{"background-color":"","background-image":"","background-repeat":"repeat","background-position":"center center","background-size":"auto","background-attachment":"scroll","background-type":"","background-media":"","overlay-type":"","overlay-color":"","overlay-opacity":"","overlay-gradient":""},"tablet":{"background-color":"","background-image":"","background-repeat":"repeat","background-position":"center center","background-size":"auto","background-attachment":"scroll","background-type":"","background-media":"","overlay-type":"","overlay-color":"","overlay-opacity":"","overlay-gradient":""},"mobile":{"background-color":"","background-image":"","background-repeat":"repeat","background-position":"center center","background-size":"auto","background-attachment":"scroll","background-type":"","background-media":"","overlay-type":"","overlay-color":"","overlay-opacity":"","overlay-gradient":""}},"ast-content-background-meta":{"desktop":{"background-color":"var(--ast-global-color-5)","background-image":"","background-repeat":"repeat","background-position":"center center","background-size":"auto","background-attachment":"scroll","background-type":"","background-media":"","overlay-type":"","overlay-color":"","overlay-opacity":"","overlay-gradient":""},"tablet":{"background-color":"var(--ast-global-color-5)","background-image":"","background-repeat":"repeat","background-position":"center center","background-size":"auto","background-attachment":"scroll","background-type":"","background-media":"","overlay-type":"","overlay-color":"","overlay-opacity":"","overlay-gradient":""},"mobile":{"background-color":"var(--ast-global-color-5)","background-image":"","background-repeat":"repeat","background-position":"center center","background-size":"auto","background-attachment":"scroll","background-type":"","background-media":"","overlay-type":"","overlay-color":"","overlay-opacity":"","overlay-gradient":""}}},"product_brand":[],"product_cat":[713],"product_tag":[3595],"class_list":{"0":"post-6283","1":"product","2":"type-product","3":"status-publish","4":"has-post-thumbnail","6":"product_cat-fugtgivende-antioxidant-peptid","7":"product_tag-acetyl-hexapeptide-37-cas-1447824-16-9-for-skin-moisturizing-da","8":"desktop-align-left","9":"tablet-align-left","10":"mobile-align-left","12":"first","13":"instock","14":"shipping-taxable","15":"product-type-simple"},"_links":{"self":[{"href":"https:\/\/puyapeptide.net\/da\/wp-json\/wp\/v2\/product\/6283","targetHints":{"allow":["GET"]}}],"collection":[{"href":"https:\/\/puyapeptide.net\/da\/wp-json\/wp\/v2\/product"}],"about":[{"href":"https:\/\/puyapeptide.net\/da\/wp-json\/wp\/v2\/types\/product"}],"replies":[{"embeddable":true,"href":"https:\/\/puyapeptide.net\/da\/wp-json\/wp\/v2\/comments?post=6283"}],"wp:featuredmedia":[{"embeddable":true,"href":"https:\/\/puyapeptide.net\/da\/wp-json\/wp\/v2\/media\/2203"}],"wp:attachment":[{"href":"https:\/\/puyapeptide.net\/da\/wp-json\/wp\/v2\/media?parent=6283"}],"wp:term":[{"taxonomy":"product_brand","embeddable":true,"href":"https:\/\/puyapeptide.net\/da\/wp-json\/wp\/v2\/product_brand?post=6283"},{"taxonomy":"product_cat","embeddable":true,"href":"https:\/\/puyapeptide.net\/da\/wp-json\/wp\/v2\/product_cat?post=6283"},{"taxonomy":"product_tag","embeddable":true,"href":"https:\/\/puyapeptide.net\/da\/wp-json\/wp\/v2\/product_tag?post=6283"}],"curies":[{"name":"wp","href":"https:\/\/api.w.org\/{rel}","templated":true}]}}