{"id":6346,"date":"2021-12-16T04:34:39","date_gmt":"2021-12-16T09:34:39","guid":{"rendered":"https:\/\/puyapeptide.net\/product\/acetyl-tetrapeptide-40-telangy-cas-1472633-28-5-reducerer-roedme-i-ansigtet-foraarsaget-af-en-inflammatorisk-reaktion\/"},"modified":"2021-12-16T04:34:39","modified_gmt":"2021-12-16T09:34:39","slug":"acetyl-tetrapeptide-40-telangy-cas-1472633-28-5-reducerer-roedme-i-ansigtet-foraarsaget-af-en-inflammatorisk-reaktion","status":"publish","type":"product","link":"https:\/\/puyapeptide.net\/da\/product\/acetyl-tetrapeptide-40-telangy-cas-1472633-28-5-reducerer-roedme-i-ansigtet-foraarsaget-af-en-inflammatorisk-reaktion\/","title":{"rendered":"Acetyl Tetrapeptide-40\/Telangy CAS 1472633-28-5 reducerer r\u00f8dme i ansigtet for\u00e5rsaget af en inflammatorisk reaktion"},"content":{"rendered":"<h2><strong>Acetyl Tetrapeptide-40\/Telangy CAS 1472633-28-5 reducerer r\u00f8dme i ansigtet for\u00e5rsaget af en inflammatorisk reaktion<\/strong><\/h2>\n<p>Produktnavn: Acetyl Tetrapeptide-40<br \/>\nSynonymer: Acetyl Tetrapeptide-40;Telangyn;L-Threonine, N-acetyl-L-alanyl-L-threonyl-L-asparaginyl-<br \/>\nCAS: 1472633-28 -5<br \/>\nMF: C17H29N5O9<br \/>\nMW: 447,44<br \/>\nEINECS:<br \/>\nProduktkategorier:<br \/>\nMol Fil: 1472633-28-5.mol<\/p>\n<p>Acetyl Tetrapeptide-40 h\u00e6mmer inflammatorisk effekt af LL-37 ved at reducere frigivelsen af interleukiner (IL-6 og IL-8), for\u00e5rsaget af overaktivering af LL-37. Det har ogs\u00e5 en fotobeskyttende effekt, der reducerer celleskader og de skadelige virkninger af hudbet\u00e6ndelse.<\/p>\n<p> <strong>Acetyl Tetrapeptide-40\/ Telangy CAS 1472633-28-5 Peptide Fordele<\/strong><br \/>\nAcetyl Tetrapeptide-40 reducerer r\u00f8dme i ansigtet. ved en bet\u00e6ndelsesreaktion. Bivirkninger af bet\u00e6ndelse: r\u00f8dme, udvidede blodkar og hyperpigmentering er synligt reduceret. De r\u00f8de omr\u00e5der er mindre talrige og store, og dens intensitet er svag. Huden er mere ensartet og mindre markeret.<\/p>\n<p> <strong>Funktion af Acetyl Tetrapeptide-40\/ Telangy CAS 1472633-28-5<\/strong><br \/>\nDette tetrapeptid reducerer r\u00f8dme i ansigtet for\u00e5rsaget af en inflammatorisk reaktion. Bivirkninger af inflammation: r\u00f8dme , udvidede blodkar og hyperpigmentering, er synligt reduceret. De r\u00f8de omr\u00e5der er mindre talrige og store, og dens intensitet er svag. Huden er mere ensartet og mindre markeret.<\/p>\n<p> <strong>Anvendelse af Acetyl Tetrapeptide-40\/ Telangy CAS 1472633-28-5<\/strong><br \/>\n1. behandling af hud med let rosacea<br \/>\n 2.r\u00f8dme<br \/>\n3.Anti-collagenase<br \/>\n4.Anti-tyrosinase<br \/>\n5.H\u00e6mning af melanogenese<br \/>\n6.Fotobeskyttelse af humane fibroblaster<\/p>\n","protected":false},"excerpt":{"rendered":"<p>Produktnavn: Acetyl Tetrapeptide-40<br \/>\nCAS: 1472633-28-5<br \/>\nMF: C17H29N5O9<br \/>\nMW: 447,44<br \/>\nMol Fil: 1472633-28-5.mol<\/p>\n","protected":false},"featured_media":2203,"comment_status":"open","ping_status":"closed","template":"","meta":{"om_disable_all_campaigns":false,"_monsterinsights_skip_tracking":false,"_monsterinsights_sitenote_active":false,"_monsterinsights_sitenote_note":"","_monsterinsights_sitenote_category":0,"site-sidebar-layout":"default","site-content-layout":"default","ast-site-content-layout":"default","site-content-style":"default","site-sidebar-style":"default","ast-global-header-display":"","ast-banner-title-visibility":"","ast-main-header-display":"","ast-hfb-above-header-display":"","ast-hfb-below-header-display":"","ast-hfb-mobile-header-display":"","site-post-title":"","ast-breadcrumbs-content":"","ast-featured-img":"","footer-sml-layout":"","ast-disable-related-posts":"","theme-transparent-header-meta":"default","adv-header-id-meta":"","stick-header-meta":"","header-above-stick-meta":"","header-main-stick-meta":"","header-below-stick-meta":"","astra-migrate-meta-layouts":"default","ast-page-background-enabled":"default","ast-page-background-meta":{"desktop":{"background-color":"","background-image":"","background-repeat":"repeat","background-position":"center center","background-size":"auto","background-attachment":"scroll","background-type":"","background-media":"","overlay-type":"","overlay-color":"","overlay-opacity":"","overlay-gradient":""},"tablet":{"background-color":"","background-image":"","background-repeat":"repeat","background-position":"center center","background-size":"auto","background-attachment":"scroll","background-type":"","background-media":"","overlay-type":"","overlay-color":"","overlay-opacity":"","overlay-gradient":""},"mobile":{"background-color":"","background-image":"","background-repeat":"repeat","background-position":"center center","background-size":"auto","background-attachment":"scroll","background-type":"","background-media":"","overlay-type":"","overlay-color":"","overlay-opacity":"","overlay-gradient":""}},"ast-content-background-meta":{"desktop":{"background-color":"var(--ast-global-color-5)","background-image":"","background-repeat":"repeat","background-position":"center center","background-size":"auto","background-attachment":"scroll","background-type":"","background-media":"","overlay-type":"","overlay-color":"","overlay-opacity":"","overlay-gradient":""},"tablet":{"background-color":"var(--ast-global-color-5)","background-image":"","background-repeat":"repeat","background-position":"center center","background-size":"auto","background-attachment":"scroll","background-type":"","background-media":"","overlay-type":"","overlay-color":"","overlay-opacity":"","overlay-gradient":""},"mobile":{"background-color":"var(--ast-global-color-5)","background-image":"","background-repeat":"repeat","background-position":"center center","background-size":"auto","background-attachment":"scroll","background-type":"","background-media":"","overlay-type":"","overlay-color":"","overlay-opacity":"","overlay-gradient":""}}},"product_brand":[],"product_cat":[666],"product_tag":[3526],"class_list":{"0":"post-6346","1":"product","2":"type-product","3":"status-publish","4":"has-post-thumbnail","6":"product_cat-anti-allergi-og-anti-inflammatorisk-peptid","7":"product_tag-acetyl-tetrapeptide-40-telangy-cas-1472633-28-5-reduces-redness-of-face-caused-by-an-inflammatory-reaction-da","8":"desktop-align-left","9":"tablet-align-left","10":"mobile-align-left","12":"first","13":"instock","14":"shipping-taxable","15":"product-type-simple"},"_links":{"self":[{"href":"https:\/\/puyapeptide.net\/da\/wp-json\/wp\/v2\/product\/6346","targetHints":{"allow":["GET"]}}],"collection":[{"href":"https:\/\/puyapeptide.net\/da\/wp-json\/wp\/v2\/product"}],"about":[{"href":"https:\/\/puyapeptide.net\/da\/wp-json\/wp\/v2\/types\/product"}],"replies":[{"embeddable":true,"href":"https:\/\/puyapeptide.net\/da\/wp-json\/wp\/v2\/comments?post=6346"}],"wp:featuredmedia":[{"embeddable":true,"href":"https:\/\/puyapeptide.net\/da\/wp-json\/wp\/v2\/media\/2203"}],"wp:attachment":[{"href":"https:\/\/puyapeptide.net\/da\/wp-json\/wp\/v2\/media?parent=6346"}],"wp:term":[{"taxonomy":"product_brand","embeddable":true,"href":"https:\/\/puyapeptide.net\/da\/wp-json\/wp\/v2\/product_brand?post=6346"},{"taxonomy":"product_cat","embeddable":true,"href":"https:\/\/puyapeptide.net\/da\/wp-json\/wp\/v2\/product_cat?post=6346"},{"taxonomy":"product_tag","embeddable":true,"href":"https:\/\/puyapeptide.net\/da\/wp-json\/wp\/v2\/product_tag?post=6346"}],"curies":[{"name":"wp","href":"https:\/\/api.w.org\/{rel}","templated":true}]}}