{"id":6371,"date":"2021-12-16T04:40:20","date_gmt":"2021-12-16T09:40:20","guid":{"rendered":"https:\/\/puyapeptide.net\/product\/acetyl-tetrapeptide-22-til-hudreparation\/"},"modified":"2021-12-16T04:40:20","modified_gmt":"2021-12-16T09:40:20","slug":"acetyl-tetrapeptide-22-til-hudreparation","status":"publish","type":"product","link":"https:\/\/puyapeptide.net\/da\/product\/acetyl-tetrapeptide-22-til-hudreparation\/","title":{"rendered":"Acetyl Tetrapeptide-22 til hudreparation"},"content":{"rendered":"<h2><strong>Acetyl Tetrapeptide-22 til hudreparation<\/strong><\/h2>\n<p>Produktnavn: Acetyl Tetrapeptide-22<br \/>\nReference: Thermostressine<br \/>\nFormel:<br \/>\nMolekyl\u00e6r:<br \/>\nRenhed: &gt;95%<br \/>\nKilde: syntetisk<br \/>\nKlasse: kosmetisk<br \/>\nFormulering : tilg\u00e6ngelig for din reference, kontakt os venligst.<br \/>\nMSDS og COA: tilg\u00e6ngelig for din reference, kontakt os venligst<br \/>\nLevering: omg\u00e5ende fra lager<br \/>\nLugt: karakteristisk<br \/>\nStabilitet: stabil<br \/>\nOpl\u00f8selighed: opl\u00f8seligt i vand<br \/>\nOpl\u00f8sning: 0,05% peptid<br \/>\nAnbefalet brugsniveau:2-5 %<br \/>\nUdseende: hvidt pulver<\/p>\n<p>Acetyl Tetrapeptide-22, der \u00f8ger HPS70 (Heat Shock Protein) niveauer i huden giver et beskyttende skjold, der giver celler en stresstolerance mod hverdagens udfordringer og stressende stimuli. Det hj\u00e6lper huden til at blive mere afslappet med et mere vitalt udseende. Det kan inkorporeres i kosmetiske formuleringer s\u00e5som emulsioner, geler, serum for at bek\u00e6mpe stress og behandle skr\u00f8belig, tr\u00e6t og mat hud.<\/p>\n<p> <strong>Brug af Acetyl Tetrapeptide-22<\/strong><br \/>\nAnvendelse: Acetyl Tetrapeptide-22 Hj\u00e6lper med at bek\u00e6mpe cellul\u00e6r hud. stress og \u00f8ger HSP70-niveauer for at forhindre yderligere stress<\/p>\n<p> <strong>Funktioner af Acetyl Tetrapeptide-22<\/strong><br \/>\nAcetyltetrapeptide-22 er reaktionsproduktet af eddikesyre og tetrapeptid-22. Det \u00f8ger m\u00e6ngden af varmestimuleret protein (HSP70) i huden og \u00f8ger derved stresstolerance og forebygger skader. Derfor kan acetyltetrapeptid-22, en af de mest effektive hudregenererende ingredienser, g\u00f8re huden mere afslappet og udseendet vigtigere.<\/p>\n<p>Acetyltetrapeptid-22 f\u00e5r kroppen til at syntetisere varmechokprotein 70 i store m\u00e6ngder, hvilket er involveret i reparation og fjernelse af beskadigede proteiner, beskytter celler mod alvorlig skade, fremskynder reparation og opretholder normale fysiologiske funktioner af celler; forbedrer cellernes tolerance over for stressfaktorer.<\/p>\n<p>Acetyltetrapeptide-22 giver beskyttelse til huden mod forskellige ugunstige belastninger, som man m\u00f8der dagligt, s\u00e5som frie iltradikaler, jetlag, dehydrering, UV-bestr\u00e5ling, overdreven kulde og varme osv. , som for\u00e5rsager skade p\u00e5 huden, og bevarer hudens vitalitet. Det er mere velegnet til personer, der ofte er i et d\u00e5rligt stressmilj\u00f8, s\u00e5som funktion\u00e6rer med h\u00f8jt arbejdspres mv.<\/p>\n","protected":false},"excerpt":{"rendered":"<p>Produktnavn: Acetyl Tetrapeptide-22<br \/>\nReference: Thermostressine<br \/>\nRenhed: &gt;95%<br \/>\nKilde: syntetisk<br \/>\nKlasse: kosmetisk<\/p>\n","protected":false},"featured_media":2161,"comment_status":"open","ping_status":"closed","template":"","meta":{"om_disable_all_campaigns":false,"_monsterinsights_skip_tracking":false,"_monsterinsights_sitenote_active":false,"_monsterinsights_sitenote_note":"","_monsterinsights_sitenote_category":0,"site-sidebar-layout":"default","site-content-layout":"default","ast-site-content-layout":"default","site-content-style":"default","site-sidebar-style":"default","ast-global-header-display":"","ast-banner-title-visibility":"","ast-main-header-display":"","ast-hfb-above-header-display":"","ast-hfb-below-header-display":"","ast-hfb-mobile-header-display":"","site-post-title":"","ast-breadcrumbs-content":"","ast-featured-img":"","footer-sml-layout":"","ast-disable-related-posts":"","theme-transparent-header-meta":"default","adv-header-id-meta":"","stick-header-meta":"","header-above-stick-meta":"","header-main-stick-meta":"","header-below-stick-meta":"","astra-migrate-meta-layouts":"default","ast-page-background-enabled":"default","ast-page-background-meta":{"desktop":{"background-color":"","background-image":"","background-repeat":"repeat","background-position":"center center","background-size":"auto","background-attachment":"scroll","background-type":"","background-media":"","overlay-type":"","overlay-color":"","overlay-opacity":"","overlay-gradient":""},"tablet":{"background-color":"","background-image":"","background-repeat":"repeat","background-position":"center center","background-size":"auto","background-attachment":"scroll","background-type":"","background-media":"","overlay-type":"","overlay-color":"","overlay-opacity":"","overlay-gradient":""},"mobile":{"background-color":"","background-image":"","background-repeat":"repeat","background-position":"center center","background-size":"auto","background-attachment":"scroll","background-type":"","background-media":"","overlay-type":"","overlay-color":"","overlay-opacity":"","overlay-gradient":""}},"ast-content-background-meta":{"desktop":{"background-color":"var(--ast-global-color-5)","background-image":"","background-repeat":"repeat","background-position":"center center","background-size":"auto","background-attachment":"scroll","background-type":"","background-media":"","overlay-type":"","overlay-color":"","overlay-opacity":"","overlay-gradient":""},"tablet":{"background-color":"var(--ast-global-color-5)","background-image":"","background-repeat":"repeat","background-position":"center center","background-size":"auto","background-attachment":"scroll","background-type":"","background-media":"","overlay-type":"","overlay-color":"","overlay-opacity":"","overlay-gradient":""},"mobile":{"background-color":"var(--ast-global-color-5)","background-image":"","background-repeat":"repeat","background-position":"center center","background-size":"auto","background-attachment":"scroll","background-type":"","background-media":"","overlay-type":"","overlay-color":"","overlay-opacity":"","overlay-gradient":""}}},"product_brand":[],"product_cat":[666],"product_tag":[3507],"class_list":{"0":"post-6371","1":"product","2":"type-product","3":"status-publish","4":"has-post-thumbnail","6":"product_cat-anti-allergi-og-anti-inflammatorisk-peptid","7":"product_tag-acetyl-tetrapeptide-22-for-skin-repair-da","8":"desktop-align-left","9":"tablet-align-left","10":"mobile-align-left","12":"first","13":"instock","14":"shipping-taxable","15":"product-type-simple"},"_links":{"self":[{"href":"https:\/\/puyapeptide.net\/da\/wp-json\/wp\/v2\/product\/6371","targetHints":{"allow":["GET"]}}],"collection":[{"href":"https:\/\/puyapeptide.net\/da\/wp-json\/wp\/v2\/product"}],"about":[{"href":"https:\/\/puyapeptide.net\/da\/wp-json\/wp\/v2\/types\/product"}],"replies":[{"embeddable":true,"href":"https:\/\/puyapeptide.net\/da\/wp-json\/wp\/v2\/comments?post=6371"}],"wp:featuredmedia":[{"embeddable":true,"href":"https:\/\/puyapeptide.net\/da\/wp-json\/wp\/v2\/media\/2161"}],"wp:attachment":[{"href":"https:\/\/puyapeptide.net\/da\/wp-json\/wp\/v2\/media?parent=6371"}],"wp:term":[{"taxonomy":"product_brand","embeddable":true,"href":"https:\/\/puyapeptide.net\/da\/wp-json\/wp\/v2\/product_brand?post=6371"},{"taxonomy":"product_cat","embeddable":true,"href":"https:\/\/puyapeptide.net\/da\/wp-json\/wp\/v2\/product_cat?post=6371"},{"taxonomy":"product_tag","embeddable":true,"href":"https:\/\/puyapeptide.net\/da\/wp-json\/wp\/v2\/product_tag?post=6371"}],"curies":[{"name":"wp","href":"https:\/\/api.w.org\/{rel}","templated":true}]}}