{"id":6393,"date":"2021-12-16T04:57:54","date_gmt":"2021-12-16T09:57:54","guid":{"rendered":"https:\/\/puyapeptide.net\/product\/acetyl-tetrapeptide-15-cas-928007-64-1-bruges-generelt-til-foelsom-hudpleje\/"},"modified":"2021-12-16T04:57:54","modified_gmt":"2021-12-16T09:57:54","slug":"acetyl-tetrapeptide-15-cas-928007-64-1-bruges-generelt-til-foelsom-hudpleje","status":"publish","type":"product","link":"https:\/\/puyapeptide.net\/da\/product\/acetyl-tetrapeptide-15-cas-928007-64-1-bruges-generelt-til-foelsom-hudpleje\/","title":{"rendered":"Acetyl Tetrapeptide-15 CAS 928007-64-1 bruges generelt til f\u00f8lsom hudpleje"},"content":{"rendered":"<h2><strong>Acetyl Tetrapeptide-15 CAS 928007-64-1 bruges generelt til f\u00f8lsom hudpleje<\/strong><\/h2>\n<p>Produktnavn: Acetyltetrapeptid 15<br \/>\nSynonymer: Acetyltetrapeptide 15;N-Acetyl-L-tyrosyl-L-prolyl-L-phenylalanyl-L-phenylalaninamid;Skinasensyl;acetyltetrapeptid-15\/Skinasensyl;( LS97749; 2S)-1-[(2S)-2-acetamido-3-(4-hydroxyphenyl)propanoyl]-N-[(2S)-1-[[(2S)-1-amino-1-oxo-3-phenylpropan -2-yl]amino]-1-oxo-3-phenylpropan-2-yl]pyrrolidin-2-carboxamid; L-phenylalaninamid, N-acetyl-L-tyrosyl-L-prolyl-L-phenylalanyl-;AC-PPLY -OH;Acetyltetrapeptid 15 USP\/EP\/BP<br \/>\nCAS: 928007-64-1<br \/>\nMF: C34H39N5O6<br \/>\nMW: 613,7<br \/>\nEINECS:<br \/>\nProduktkategorier:<br \/>\nMol Fil: 928007-64-1.mol<\/p>\n<p>Acetyl Tetrapeptide-15 er et nyt syntetisk tetrapeptid, der hj\u00e6lper med at lindre f\u00f8lsom hud ved at normalisere tolerancet\u00e6rsklen for milj\u00f8faktorer, visse topisk p\u00e5f\u00f8rte ubehagelige produkter eller hudplejebehandlinger. Det efterligner et naturligt opioidpeptid og er udviklet med det form\u00e5l at mindske stimuleringen af hudens nerveender.<\/p>\n<p>Acetyl Tetrapeptide-15 bruges generelt til f\u00f8lsom hudpleje. Tetrapeptidet retter sig mod neurosensitiv hud ved at reducere frigivelsen af pro-inflammatoriske mediatorer og \u00f8ge hudens toleranceniveauer, hvilket resulterer i mindre reaktiv hud og reduceret smerte og ubehag.<\/p>\n<p>Over 40 % af befolkningen klager over hudf\u00f8lsomhed. Denne hud, i mods\u00e6tning til normal hud, reagerer negativt p\u00e5 forskellige milj\u00f8faktorer: temperatur\u00e6ndringer, soleksponering, kosmetik og medicinbrug. Efter eksponering for disse faktorer oplever personer med f\u00f8lsomme hudlidelser ubehagelige fornemmelser s\u00e5som snurren, br\u00e6ndende eller r\u00f8dme i huden.<\/p>\n<p>Acetyltetrapeptid 15 virker p\u00e5 smertereceptorer (nerveender) og reducerer deres aktivitet. Dette reducerer f\u00f8lelsen af smerte og ubehag for\u00e5rsaget af de faktorer, der for\u00e5rsager hudf\u00f8lsomhed.<\/p>\n<p>In vitro kliniske unders\u00f8gelser har vist, at en reduktion i afslapning af neurotransmitteren CGRP (calcitoningen-relateret peptid) i sensoriske neuroner reducerer huden f\u00f8lsomhedsreaktioner. Acetyltetrapeptid-15 viste sig ogs\u00e5 at fungere som en opioidlignende stofreceptoragonist. In vivo kliniske unders\u00f8gelser har vist, at dette reducerer ubehag og smerte for\u00e5rsaget af ydre stimuli (varme og capsaicin).<\/p>\n<p>S\u00e5ledes hj\u00e6lper acetyltetrapeptid 15 med at genoprette normale niveauer af hudtolerance over for milj\u00f8faktorer eller kosmetik og reparerer hudbarrieren .<\/p>\n<p> <strong>Funktion og anvendelse af Acetyl Tetrapeptide-15 CAS 928007-64-1<\/strong><br \/>\nAcetyl Tetrapeptide-15 reducerer ubehag og smertefulde fornemmelser i f\u00f8lsom hud<\/p>\n","protected":false},"excerpt":{"rendered":"<p>Produktnavn: Acetyltetrapeptide 15<br \/>\nCAS: 928007-64-1<br \/>\nMF: C34H39N5O6<br \/>\nMW: 613,7<br \/>\nMol Fil: 928007-64-1.mol<\/p>\n","protected":false},"featured_media":2119,"comment_status":"open","ping_status":"closed","template":"","meta":{"om_disable_all_campaigns":false,"_monsterinsights_skip_tracking":false,"_monsterinsights_sitenote_active":false,"_monsterinsights_sitenote_note":"","_monsterinsights_sitenote_category":0,"site-sidebar-layout":"default","site-content-layout":"default","ast-site-content-layout":"default","site-content-style":"default","site-sidebar-style":"default","ast-global-header-display":"","ast-banner-title-visibility":"","ast-main-header-display":"","ast-hfb-above-header-display":"","ast-hfb-below-header-display":"","ast-hfb-mobile-header-display":"","site-post-title":"","ast-breadcrumbs-content":"","ast-featured-img":"","footer-sml-layout":"","ast-disable-related-posts":"","theme-transparent-header-meta":"default","adv-header-id-meta":"","stick-header-meta":"","header-above-stick-meta":"","header-main-stick-meta":"","header-below-stick-meta":"","astra-migrate-meta-layouts":"default","ast-page-background-enabled":"default","ast-page-background-meta":{"desktop":{"background-color":"","background-image":"","background-repeat":"repeat","background-position":"center center","background-size":"auto","background-attachment":"scroll","background-type":"","background-media":"","overlay-type":"","overlay-color":"","overlay-opacity":"","overlay-gradient":""},"tablet":{"background-color":"","background-image":"","background-repeat":"repeat","background-position":"center center","background-size":"auto","background-attachment":"scroll","background-type":"","background-media":"","overlay-type":"","overlay-color":"","overlay-opacity":"","overlay-gradient":""},"mobile":{"background-color":"","background-image":"","background-repeat":"repeat","background-position":"center center","background-size":"auto","background-attachment":"scroll","background-type":"","background-media":"","overlay-type":"","overlay-color":"","overlay-opacity":"","overlay-gradient":""}},"ast-content-background-meta":{"desktop":{"background-color":"var(--ast-global-color-5)","background-image":"","background-repeat":"repeat","background-position":"center center","background-size":"auto","background-attachment":"scroll","background-type":"","background-media":"","overlay-type":"","overlay-color":"","overlay-opacity":"","overlay-gradient":""},"tablet":{"background-color":"var(--ast-global-color-5)","background-image":"","background-repeat":"repeat","background-position":"center center","background-size":"auto","background-attachment":"scroll","background-type":"","background-media":"","overlay-type":"","overlay-color":"","overlay-opacity":"","overlay-gradient":""},"mobile":{"background-color":"var(--ast-global-color-5)","background-image":"","background-repeat":"repeat","background-position":"center center","background-size":"auto","background-attachment":"scroll","background-type":"","background-media":"","overlay-type":"","overlay-color":"","overlay-opacity":"","overlay-gradient":""}}},"product_brand":[],"product_cat":[666],"product_tag":[3485],"class_list":{"0":"post-6393","1":"product","2":"type-product","3":"status-publish","4":"has-post-thumbnail","6":"product_cat-anti-allergi-og-anti-inflammatorisk-peptid","7":"product_tag-acetyl-tetrapeptide-15-cas-928007-64-1-is-generally-used-for-sensitive-skin-care-da","8":"desktop-align-left","9":"tablet-align-left","10":"mobile-align-left","12":"first","13":"instock","14":"shipping-taxable","15":"product-type-simple"},"_links":{"self":[{"href":"https:\/\/puyapeptide.net\/da\/wp-json\/wp\/v2\/product\/6393","targetHints":{"allow":["GET"]}}],"collection":[{"href":"https:\/\/puyapeptide.net\/da\/wp-json\/wp\/v2\/product"}],"about":[{"href":"https:\/\/puyapeptide.net\/da\/wp-json\/wp\/v2\/types\/product"}],"replies":[{"embeddable":true,"href":"https:\/\/puyapeptide.net\/da\/wp-json\/wp\/v2\/comments?post=6393"}],"wp:featuredmedia":[{"embeddable":true,"href":"https:\/\/puyapeptide.net\/da\/wp-json\/wp\/v2\/media\/2119"}],"wp:attachment":[{"href":"https:\/\/puyapeptide.net\/da\/wp-json\/wp\/v2\/media?parent=6393"}],"wp:term":[{"taxonomy":"product_brand","embeddable":true,"href":"https:\/\/puyapeptide.net\/da\/wp-json\/wp\/v2\/product_brand?post=6393"},{"taxonomy":"product_cat","embeddable":true,"href":"https:\/\/puyapeptide.net\/da\/wp-json\/wp\/v2\/product_cat?post=6393"},{"taxonomy":"product_tag","embeddable":true,"href":"https:\/\/puyapeptide.net\/da\/wp-json\/wp\/v2\/product_tag?post=6393"}],"curies":[{"name":"wp","href":"https:\/\/api.w.org\/{rel}","templated":true}]}}