{"id":6414,"date":"2021-12-16T04:59:34","date_gmt":"2021-12-16T09:59:34","guid":{"rendered":"https:\/\/puyapeptide.net\/product\/palmitoyl-tripeptide-8-cas-936544-53-5-for-at-forebygge-og-lindre-betaendelse-i-irriteret-hud\/"},"modified":"2021-12-16T04:59:34","modified_gmt":"2021-12-16T09:59:34","slug":"palmitoyl-tripeptide-8-cas-936544-53-5-for-at-forebygge-og-lindre-betaendelse-i-irriteret-hud","status":"publish","type":"product","link":"https:\/\/puyapeptide.net\/da\/product\/palmitoyl-tripeptide-8-cas-936544-53-5-for-at-forebygge-og-lindre-betaendelse-i-irriteret-hud\/","title":{"rendered":"Palmitoyl Tripeptide-8 CAS 936544-53-5 for at forebygge og lindre bet\u00e6ndelse i irriteret hud"},"content":{"rendered":"<h2><strong>Palmitoyl Tripeptide-8 CAS 936544-53-5 for at forebygge og lindre bet\u00e6ndelse i irriteret hud<\/strong><\/h2>\n<p>Produktnavn: Palmitoyl Tripeptide-8<br \/>\nSynonymer: Neutrazen;Palmitoyl Tripeptide-8;Palmiltoyl Tripeptide-8;L-Argininamid, N-(1-oxohexadecyl)-L-histidyl-D-phenylalanyl-; Fabriksleverand\u00f8r Palmitoyl Tripeptide-8; Kosmetisk peptid Palmitoyl Tripeptide-8 Neutrazen Powder CAS 936544-53-5 til anti-allergisk og reparation<br \/>\nCAS: 936544-53-5<br \/>\nMF: C37H61N9O4<br \/>\nMW: 695. EINECS:<br \/>\nProduktkategorier:<br \/>\nMol Fil: 936544-53-5.mol<\/p>\n<p>Palmitoyl Tripeptide-8 er et nyt peptid. Det hj\u00e6lper med at forebygge og lindre bet\u00e6ndelse i irriteret hud. Som et ekstra aktiv virker det faktisk for at forbedre modstandsdygtigheden af f\u00f8lsom hud. Palmitoyl tripeptid-8 kan reducere en r\u00e6kke negative konsekvenser for\u00e5rsaget af frigivelsen af stof P, reducere frigivelsen af inflammatoriske cytokiner (IL-1, IL-8, TNF-\u03b1), lindre vasodilatation, forebygge og reducere irritation af eksterne stimuli , lindre kl\u00f8e, svien, erytem, \u00f8dem og andre symptomer, opretholde en normal hudf\u00f8lsomhedst\u00e6rskel og holde huden sund.<\/p>\n<p> <strong>Palmitoyl Tripeptide-8 CAS 936544-53-5 Kemiske egenskaber<\/strong><br \/>\ndensitet 1,20\u00b1 0,1 g\/cm3(Forudsagt)<br \/>\npka 13,34\u00b10,46(Forudsagt)<\/p>\n<p> <strong>Funktion af Palmitoyl Tripeptide-8 CAS 936544-53-5<\/strong><br \/>\n1\u3001Reducerer hudens reaktion p\u00e5 irriterende stoffer, hj\u00e6lper med at reducere huden inflammatoriske reaktioner, og lindrer neuro\u00f8dem.<\/p>\n<p>2\u3001S\u00e6rligt velegnet til pleje af f\u00f8lsom hud<\/p>\n<p>3\u3001Lemper hurtigt de inflammatoriske symptomer p\u00e5 r\u00f8dme, h\u00e6velse og smerte<\/p>\n<p> <strong>Anvendelse af Palmitoyl Tripeptide-8 CAS 936544-53-5<\/strong><br \/>\n1. Palmitoyl Tripeptide-8 Forebygger og modvirker tegn p\u00e5 neurogen inflammation.<\/p>\n<p>2. Palmitoyl Tripeptide-8 beroliger og beroliger irriteret hud.<\/p>\n<p>3. Palmitoyl Tripeptide-8 Hj\u00e6lper med at opretholde og genoprette en normal f\u00f8lsomhedst\u00e6rskel.<\/p>\n","protected":false},"excerpt":{"rendered":"<p>Produktnavn: Palmitoyl Tripeptide-8<br \/>\nCAS: 936544-53-5<br \/>\nMF: C37H61N9O4<br \/>\nMW: 695,94<br \/>\nMol Fil: 936544-53-5.mol<\/p>\n","protected":false},"featured_media":2203,"comment_status":"open","ping_status":"closed","template":"","meta":{"om_disable_all_campaigns":false,"_monsterinsights_skip_tracking":false,"_monsterinsights_sitenote_active":false,"_monsterinsights_sitenote_note":"","_monsterinsights_sitenote_category":0,"site-sidebar-layout":"default","site-content-layout":"default","ast-site-content-layout":"default","site-content-style":"default","site-sidebar-style":"default","ast-global-header-display":"","ast-banner-title-visibility":"","ast-main-header-display":"","ast-hfb-above-header-display":"","ast-hfb-below-header-display":"","ast-hfb-mobile-header-display":"","site-post-title":"","ast-breadcrumbs-content":"","ast-featured-img":"","footer-sml-layout":"","ast-disable-related-posts":"","theme-transparent-header-meta":"default","adv-header-id-meta":"","stick-header-meta":"","header-above-stick-meta":"","header-main-stick-meta":"","header-below-stick-meta":"","astra-migrate-meta-layouts":"default","ast-page-background-enabled":"default","ast-page-background-meta":{"desktop":{"background-color":"","background-image":"","background-repeat":"repeat","background-position":"center center","background-size":"auto","background-attachment":"scroll","background-type":"","background-media":"","overlay-type":"","overlay-color":"","overlay-opacity":"","overlay-gradient":""},"tablet":{"background-color":"","background-image":"","background-repeat":"repeat","background-position":"center center","background-size":"auto","background-attachment":"scroll","background-type":"","background-media":"","overlay-type":"","overlay-color":"","overlay-opacity":"","overlay-gradient":""},"mobile":{"background-color":"","background-image":"","background-repeat":"repeat","background-position":"center center","background-size":"auto","background-attachment":"scroll","background-type":"","background-media":"","overlay-type":"","overlay-color":"","overlay-opacity":"","overlay-gradient":""}},"ast-content-background-meta":{"desktop":{"background-color":"var(--ast-global-color-5)","background-image":"","background-repeat":"repeat","background-position":"center center","background-size":"auto","background-attachment":"scroll","background-type":"","background-media":"","overlay-type":"","overlay-color":"","overlay-opacity":"","overlay-gradient":""},"tablet":{"background-color":"var(--ast-global-color-5)","background-image":"","background-repeat":"repeat","background-position":"center center","background-size":"auto","background-attachment":"scroll","background-type":"","background-media":"","overlay-type":"","overlay-color":"","overlay-opacity":"","overlay-gradient":""},"mobile":{"background-color":"var(--ast-global-color-5)","background-image":"","background-repeat":"repeat","background-position":"center center","background-size":"auto","background-attachment":"scroll","background-type":"","background-media":"","overlay-type":"","overlay-color":"","overlay-opacity":"","overlay-gradient":""}}},"product_brand":[],"product_cat":[666],"product_tag":[3462],"class_list":{"0":"post-6414","1":"product","2":"type-product","3":"status-publish","4":"has-post-thumbnail","6":"product_cat-anti-allergi-og-anti-inflammatorisk-peptid","7":"product_tag-palmitoyl-tripeptide-8-cas-936544-53-5-to-prevent-and-sooth-inflammation-in-irritated-skin-da","8":"desktop-align-left","9":"tablet-align-left","10":"mobile-align-left","12":"first","13":"instock","14":"shipping-taxable","15":"product-type-simple"},"_links":{"self":[{"href":"https:\/\/puyapeptide.net\/da\/wp-json\/wp\/v2\/product\/6414","targetHints":{"allow":["GET"]}}],"collection":[{"href":"https:\/\/puyapeptide.net\/da\/wp-json\/wp\/v2\/product"}],"about":[{"href":"https:\/\/puyapeptide.net\/da\/wp-json\/wp\/v2\/types\/product"}],"replies":[{"embeddable":true,"href":"https:\/\/puyapeptide.net\/da\/wp-json\/wp\/v2\/comments?post=6414"}],"wp:featuredmedia":[{"embeddable":true,"href":"https:\/\/puyapeptide.net\/da\/wp-json\/wp\/v2\/media\/2203"}],"wp:attachment":[{"href":"https:\/\/puyapeptide.net\/da\/wp-json\/wp\/v2\/media?parent=6414"}],"wp:term":[{"taxonomy":"product_brand","embeddable":true,"href":"https:\/\/puyapeptide.net\/da\/wp-json\/wp\/v2\/product_brand?post=6414"},{"taxonomy":"product_cat","embeddable":true,"href":"https:\/\/puyapeptide.net\/da\/wp-json\/wp\/v2\/product_cat?post=6414"},{"taxonomy":"product_tag","embeddable":true,"href":"https:\/\/puyapeptide.net\/da\/wp-json\/wp\/v2\/product_tag?post=6414"}],"curies":[{"name":"wp","href":"https:\/\/api.w.org\/{rel}","templated":true}]}}