{"id":6453,"date":"2021-12-16T05:01:42","date_gmt":"2021-12-16T10:01:42","guid":{"rendered":"https:\/\/puyapeptide.net\/product\/acetyl-hexapeptide-39-til-slankning\/"},"modified":"2021-12-16T05:01:42","modified_gmt":"2021-12-16T10:01:42","slug":"acetyl-hexapeptide-39-til-slankning","status":"publish","type":"product","link":"https:\/\/puyapeptide.net\/da\/product\/acetyl-hexapeptide-39-til-slankning\/","title":{"rendered":"Acetyl Hexapeptide-39 til slankning"},"content":{"rendered":"<h2><strong>Acetyl Hexapeptide-39 til slankning<\/strong><\/h2>\n<p>Engelsk navn: Acetyl Hexapeptide-39, Silusyne<br \/>\nMolekyleformel \uff1aC14H24N6O4<br \/>\nMolekylv\u00e6gt \uff1a340,80g\/mol<br \/>\nUdseende: Hvidt pulver<\/p>\n<p>Den nye ingrediens Silusyne indeholder hexapeptider i en nyt leveringssystem (INCI-navn: acetylhexapeptid-39), der reducerer ekspressionen af PGC-1\u03b2, opn\u00e5r den modsatte effekt og forkorter den dermal-subkutane kobling, hvilket f\u00f8rer til slankning og anti-rynke. Fedtbehandling. For at unders\u00f8ge dets rolle i PGC-1\u03b1-ekspression og lipidakkumulering s\u00e5vel som dets makroskopiske virkninger blev der udf\u00f8rt in vitro- og in vivo-tests p\u00e5 begge komponenter.<\/p>\n<p>Acetyl Hexapeptide-39 reducerer peroxisomproliferator-aktiveret receptor Gamma coactivator 1a (PGC-1a) aktivitet og neds\u00e6tter adipogenese. Det bruges som slankemiddel.<\/p>\n<p>Acetyl Hexapeptide-39 (slankende peptid) er et nyt v\u00e6gttabs- og slankeaktivt peptid indeholdende seks aminosyrer, som har den effekt at reducere cellulite, cellulite, cellulite og slankende. <\/p>\n<p>Acetylhexapeptid-39 (slankende peptid) neds\u00e6tter differentierings- og modningshastigheden af fedtceller, reducerer akkumulering af lipider i fedtv\u00e6v og har den virkning at reducere cellulite, cellulite, cellulite og slankende.<\/p>\n<p> <strong>Anvendelse af Acetyl Hexapeptide-39<\/strong><br \/>\nAcetyl Hexapeptide-39 er en perfekt ingrediens til anti-cellulite- og slankebehandlinger og som et supplement i enhver form for kropsplejeformuleringer.<\/p>\n<p> <strong>Anvendelse af Acetyl Hexapeptide-39<\/strong><br \/>\nAcetyl Hexapeptide-39 Reducerer adipogenese (nyt fedt) ved at reducere PGC-1\u03b1 aktivitet<\/p>\n<p> <strong>Acetyl Hexapeptide-39 Fordele<\/strong><br \/>\nAcetyl Hexapeptide-39 er en perfekt ingrediens til anti-cellulite og slankebehandlinger og som et supplement i enhver form for kropsplejeformuleringer.<\/p>\n<p>Acetyl Hexa peptid-39 Reducerer adipogenese (nyt fedt) ved at reducere PGC-1\u03b1-aktivitet.<br \/>\nVidenskaben har bevist, at peptider kan hj\u00e6lpe med at h\u00e5ndtere rynker i din hud og vende \u00e6ldningstegnene.<br \/>\nMenneskelig hud best\u00e5r hovedsageligt af kollagen. Kollagen er et protein, der best\u00e5r af lange segmenter af aminosyrer arrangeret som en k\u00e6de. Kollagen giver et fundament og en tykkelse til huden.<br \/>\nKvinder under 30 har rigeligt med kollagen, hvilket resulterer i glat, stram hud.<br \/>\nResten af os har mindre kollagen &#8211; huden har en tendens til at v\u00e6re tyndere og afsl\u00f8re flere rynker.&lt;&amp; &gt;N\u00e5r kollagen nedbrydes, dannes korte segmenter af aminosyrer. Disse er de sm\u00e5 proteiner og aktive molekyler kendt som peptider. Peptider i hudpleje kan give betydelige anti-aging fordele.<\/p>\n","protected":false},"excerpt":{"rendered":"<p>Engelsk navn: Acetyl Hexapeptide-39, Silusyne<br \/>\nMolekyleformel \uff1aC14H24N6O4<br \/>\nMolekylv\u00e6gt \uff1a340,80g\/mol<br \/>\nUdseende: Hvidt pulver<\/p>\n","protected":false},"featured_media":2098,"comment_status":"open","ping_status":"closed","template":"","meta":{"om_disable_all_campaigns":false,"_monsterinsights_skip_tracking":false,"_monsterinsights_sitenote_active":false,"_monsterinsights_sitenote_note":"","_monsterinsights_sitenote_category":0,"site-sidebar-layout":"default","site-content-layout":"default","ast-site-content-layout":"default","site-content-style":"default","site-sidebar-style":"default","ast-global-header-display":"","ast-banner-title-visibility":"","ast-main-header-display":"","ast-hfb-above-header-display":"","ast-hfb-below-header-display":"","ast-hfb-mobile-header-display":"","site-post-title":"","ast-breadcrumbs-content":"","ast-featured-img":"","footer-sml-layout":"","ast-disable-related-posts":"","theme-transparent-header-meta":"default","adv-header-id-meta":"","stick-header-meta":"","header-above-stick-meta":"","header-main-stick-meta":"","header-below-stick-meta":"","astra-migrate-meta-layouts":"default","ast-page-background-enabled":"default","ast-page-background-meta":{"desktop":{"background-color":"","background-image":"","background-repeat":"repeat","background-position":"center center","background-size":"auto","background-attachment":"scroll","background-type":"","background-media":"","overlay-type":"","overlay-color":"","overlay-opacity":"","overlay-gradient":""},"tablet":{"background-color":"","background-image":"","background-repeat":"repeat","background-position":"center center","background-size":"auto","background-attachment":"scroll","background-type":"","background-media":"","overlay-type":"","overlay-color":"","overlay-opacity":"","overlay-gradient":""},"mobile":{"background-color":"","background-image":"","background-repeat":"repeat","background-position":"center center","background-size":"auto","background-attachment":"scroll","background-type":"","background-media":"","overlay-type":"","overlay-color":"","overlay-opacity":"","overlay-gradient":""}},"ast-content-background-meta":{"desktop":{"background-color":"var(--ast-global-color-5)","background-image":"","background-repeat":"repeat","background-position":"center center","background-size":"auto","background-attachment":"scroll","background-type":"","background-media":"","overlay-type":"","overlay-color":"","overlay-opacity":"","overlay-gradient":""},"tablet":{"background-color":"var(--ast-global-color-5)","background-image":"","background-repeat":"repeat","background-position":"center center","background-size":"auto","background-attachment":"scroll","background-type":"","background-media":"","overlay-type":"","overlay-color":"","overlay-opacity":"","overlay-gradient":""},"mobile":{"background-color":"var(--ast-global-color-5)","background-image":"","background-repeat":"repeat","background-position":"center center","background-size":"auto","background-attachment":"scroll","background-type":"","background-media":"","overlay-type":"","overlay-color":"","overlay-opacity":"","overlay-gradient":""}}},"product_brand":[],"product_cat":[646],"product_tag":[3416],"class_list":{"0":"post-6453","1":"product","2":"type-product","3":"status-publish","4":"has-post-thumbnail","6":"product_cat-fedttabspeptid","7":"product_tag-acetyl-hexapeptide-39-for-slimming-da","8":"desktop-align-left","9":"tablet-align-left","10":"mobile-align-left","12":"first","13":"instock","14":"shipping-taxable","15":"product-type-simple"},"_links":{"self":[{"href":"https:\/\/puyapeptide.net\/da\/wp-json\/wp\/v2\/product\/6453","targetHints":{"allow":["GET"]}}],"collection":[{"href":"https:\/\/puyapeptide.net\/da\/wp-json\/wp\/v2\/product"}],"about":[{"href":"https:\/\/puyapeptide.net\/da\/wp-json\/wp\/v2\/types\/product"}],"replies":[{"embeddable":true,"href":"https:\/\/puyapeptide.net\/da\/wp-json\/wp\/v2\/comments?post=6453"}],"wp:featuredmedia":[{"embeddable":true,"href":"https:\/\/puyapeptide.net\/da\/wp-json\/wp\/v2\/media\/2098"}],"wp:attachment":[{"href":"https:\/\/puyapeptide.net\/da\/wp-json\/wp\/v2\/media?parent=6453"}],"wp:term":[{"taxonomy":"product_brand","embeddable":true,"href":"https:\/\/puyapeptide.net\/da\/wp-json\/wp\/v2\/product_brand?post=6453"},{"taxonomy":"product_cat","embeddable":true,"href":"https:\/\/puyapeptide.net\/da\/wp-json\/wp\/v2\/product_cat?post=6453"},{"taxonomy":"product_tag","embeddable":true,"href":"https:\/\/puyapeptide.net\/da\/wp-json\/wp\/v2\/product_tag?post=6453"}],"curies":[{"name":"wp","href":"https:\/\/api.w.org\/{rel}","templated":true}]}}