{"id":6481,"date":"2021-12-16T05:02:52","date_gmt":"2021-12-16T10:02:52","guid":{"rendered":"https:\/\/puyapeptide.net\/product\/acetyl-hexapeptide-38-adifyline-cas-1400634-44-7-kan-oege-volumen-af-bryster-eller-kinder\/"},"modified":"2021-12-16T05:02:52","modified_gmt":"2021-12-16T10:02:52","slug":"acetyl-hexapeptide-38-adifyline-cas-1400634-44-7-kan-oege-volumen-af-bryster-eller-kinder","status":"publish","type":"product","link":"https:\/\/puyapeptide.net\/da\/product\/acetyl-hexapeptide-38-adifyline-cas-1400634-44-7-kan-oege-volumen-af-bryster-eller-kinder\/","title":{"rendered":"Acetyl hexapeptide 38\/ Adifyline CAS 1400634-44-7 kan \u00f8ge volumen af bryster eller kinder"},"content":{"rendered":"<h2><strong>Acetyl hexapeptide 38\/ Adifyline CAS 1400634-44-7 kan \u00f8ge volumen af bryster eller kinder<\/strong><\/h2>\n<p>Produktnavn: Acetylhexapeptid 38<br \/>\nSynonymer: Acetylhexapeptide 38;adifyline;PAW-\u03b2;Acetyl Hexapeptide-38, Adifyline;Acetyl six peptide;Acetylhexapeptide-38 pulver;Acetyle Hexapeptide-38;Acetyle Hexapeptide-38;Acetyl hexapeptide-38; \/EP\/BP<br \/>\nCAS: 1400634-44-7<br \/>\nMF:<br \/>\nMW: 0<br \/>\nEINECS: 000-000-0<br \/>\nProduktkategorier:<br \/>\nMol Fil: Mol Fil&lt; &amp;&gt;Betalingsperiode: Trade Assurance, T\/T, Western Union, L\/C<\/p>\n<p>Acetyl Hexapeptide-38 (Adifyline), der \u00f8ger fedtv\u00e6vsvolumen i specifikke omr\u00e5der, hvilket forbedrer ansigtets udseende og giver attraktive kropskurver .Det stimulerer peroxisomproliferatoraktiveret receptor Gamma coactivator 1a(PGC-1a) ekspression, hvilket \u00f8ger adipogenesehastigheden. Dette f\u00f8rer til h\u00f8jere lipidakkumulering og volumenv\u00e6kst i de \u00f8nskede omr\u00e5der som bryst og kinder.<br \/>\nHexapeptide38 \u00f8ger lokalt volumen og forbedrer ansigtets udseende og giver en kurvet silhuet ved at fremme PGC-1a-ekspression og lipidakkumulering i fedtv\u00e6vet.<\/p>\n<p> <strong>Funktion og anvendelse af acetylhexapeptid 38 \/ Adifyline CAS 1400634-44-7<\/strong> <\/p>\n<p>1. For\u00f8g adipogenesehastigheden.<\/p>\n<p>2. F\u00f8rer til h\u00f8jere lipidakkumulering og volumenv\u00e6kst i de \u00f8nskede omr\u00e5der som bryst og kinder.<\/p>\n<p>3. Forbedre ansigtets udseende og give attraktive kropskurver.<\/p>\n<p> <strong>Brug af Acetyl hexapeptide 38\/ Adifyline CAS 1400634-44-7<\/strong><br \/>\n\u00f8ger lokalt volumen, forbedrer ansigtets udseende og giver en kurvet silhuet ved at fremme PGC-1a udtryk og lipidophobning i fedtv\u00e6vet.<\/p>\n","protected":false},"excerpt":{"rendered":"<p>Produktnavn: Acetyl hexapeptide 38<br \/>\nCAS: 1400634-44-7<br \/>\nMol Fil: Mol Fil<\/p>\n","protected":false},"featured_media":2119,"comment_status":"open","ping_status":"closed","template":"","meta":{"om_disable_all_campaigns":false,"_monsterinsights_skip_tracking":false,"_monsterinsights_sitenote_active":false,"_monsterinsights_sitenote_note":"","_monsterinsights_sitenote_category":0,"site-sidebar-layout":"default","site-content-layout":"default","ast-site-content-layout":"default","site-content-style":"default","site-sidebar-style":"default","ast-global-header-display":"","ast-banner-title-visibility":"","ast-main-header-display":"","ast-hfb-above-header-display":"","ast-hfb-below-header-display":"","ast-hfb-mobile-header-display":"","site-post-title":"","ast-breadcrumbs-content":"","ast-featured-img":"","footer-sml-layout":"","ast-disable-related-posts":"","theme-transparent-header-meta":"default","adv-header-id-meta":"","stick-header-meta":"","header-above-stick-meta":"","header-main-stick-meta":"","header-below-stick-meta":"","astra-migrate-meta-layouts":"default","ast-page-background-enabled":"default","ast-page-background-meta":{"desktop":{"background-color":"","background-image":"","background-repeat":"repeat","background-position":"center center","background-size":"auto","background-attachment":"scroll","background-type":"","background-media":"","overlay-type":"","overlay-color":"","overlay-opacity":"","overlay-gradient":""},"tablet":{"background-color":"","background-image":"","background-repeat":"repeat","background-position":"center center","background-size":"auto","background-attachment":"scroll","background-type":"","background-media":"","overlay-type":"","overlay-color":"","overlay-opacity":"","overlay-gradient":""},"mobile":{"background-color":"","background-image":"","background-repeat":"repeat","background-position":"center center","background-size":"auto","background-attachment":"scroll","background-type":"","background-media":"","overlay-type":"","overlay-color":"","overlay-opacity":"","overlay-gradient":""}},"ast-content-background-meta":{"desktop":{"background-color":"var(--ast-global-color-5)","background-image":"","background-repeat":"repeat","background-position":"center center","background-size":"auto","background-attachment":"scroll","background-type":"","background-media":"","overlay-type":"","overlay-color":"","overlay-opacity":"","overlay-gradient":""},"tablet":{"background-color":"var(--ast-global-color-5)","background-image":"","background-repeat":"repeat","background-position":"center center","background-size":"auto","background-attachment":"scroll","background-type":"","background-media":"","overlay-type":"","overlay-color":"","overlay-opacity":"","overlay-gradient":""},"mobile":{"background-color":"var(--ast-global-color-5)","background-image":"","background-repeat":"repeat","background-position":"center center","background-size":"auto","background-attachment":"scroll","background-type":"","background-media":"","overlay-type":"","overlay-color":"","overlay-opacity":"","overlay-gradient":""}}},"product_brand":[],"product_cat":[625],"product_tag":[3397],"class_list":{"0":"post-6481","1":"product","2":"type-product","3":"status-publish","4":"has-post-thumbnail","6":"product_cat-fedtforstaerkende-og-brystforstaerkende-peptid","7":"product_tag-acetyl-hexapeptide-38-adifyline-cas-1400634-44-7-can-increase-the-volume-of-the-breasts-or-cheeks-da","8":"desktop-align-left","9":"tablet-align-left","10":"mobile-align-left","12":"first","13":"instock","14":"shipping-taxable","15":"product-type-simple"},"_links":{"self":[{"href":"https:\/\/puyapeptide.net\/da\/wp-json\/wp\/v2\/product\/6481","targetHints":{"allow":["GET"]}}],"collection":[{"href":"https:\/\/puyapeptide.net\/da\/wp-json\/wp\/v2\/product"}],"about":[{"href":"https:\/\/puyapeptide.net\/da\/wp-json\/wp\/v2\/types\/product"}],"replies":[{"embeddable":true,"href":"https:\/\/puyapeptide.net\/da\/wp-json\/wp\/v2\/comments?post=6481"}],"wp:featuredmedia":[{"embeddable":true,"href":"https:\/\/puyapeptide.net\/da\/wp-json\/wp\/v2\/media\/2119"}],"wp:attachment":[{"href":"https:\/\/puyapeptide.net\/da\/wp-json\/wp\/v2\/media?parent=6481"}],"wp:term":[{"taxonomy":"product_brand","embeddable":true,"href":"https:\/\/puyapeptide.net\/da\/wp-json\/wp\/v2\/product_brand?post=6481"},{"taxonomy":"product_cat","embeddable":true,"href":"https:\/\/puyapeptide.net\/da\/wp-json\/wp\/v2\/product_cat?post=6481"},{"taxonomy":"product_tag","embeddable":true,"href":"https:\/\/puyapeptide.net\/da\/wp-json\/wp\/v2\/product_tag?post=6481"}],"curies":[{"name":"wp","href":"https:\/\/api.w.org\/{rel}","templated":true}]}}