{"id":6516,"date":"2021-12-16T05:05:43","date_gmt":"2021-12-16T10:05:43","guid":{"rendered":"https:\/\/puyapeptide.net\/product\/palmitoyl-tripeptide-28-forbedrer-hudens-elasticitet-fasthed-og-fungerer-som-en-anti-inflammatorisk\/"},"modified":"2021-12-16T05:05:43","modified_gmt":"2021-12-16T10:05:43","slug":"palmitoyl-tripeptide-28-forbedrer-hudens-elasticitet-fasthed-og-fungerer-som-en-anti-inflammatorisk","status":"publish","type":"product","link":"https:\/\/puyapeptide.net\/da\/product\/palmitoyl-tripeptide-28-forbedrer-hudens-elasticitet-fasthed-og-fungerer-som-en-anti-inflammatorisk\/","title":{"rendered":"Palmitoyl Tripeptide-28 forbedrer hudens elasticitet, fasthed og fungerer som en anti-inflammatorisk"},"content":{"rendered":"<h2><strong>Palmitoyl Tripeptide-28 forbedrer hudens elasticitet, fasthed og fungerer som en anti-inflammatorisk<\/strong><\/h2>\n<p>Produktnavn: Palmitoyl Tripeptide-28<br \/>\nReference: ECM Moduline peptide<br \/>\nKilde: syntetisk<br \/>\nOpl\u00f8selighed: opl\u00f8seligt i vand<br \/>\nStabilitet: stabil<br \/>\nRenhed: &gt;=95%<br \/>\n Kvalitet: kosmetisk<br \/>\nMSDS og COA: tilg\u00e6ngelig for din reference, kontakt os venligst<br \/>\nKapacitet: 1 kg pr. m\u00e5ned<br \/>\nUdseende: hvidt pulver<\/p>\n<p> <strong>Funktioner af Palmitoyl Tripeptide-28<\/strong><br \/>\nPalmitoyl Tripeptide -28 forbedrer hudens elasticitet og fasthed og fungerer som en anti-inflammatorisk.<\/p>\n<p> <strong>Anvendelse af Palmitoyl Tripeptide-28<\/strong><br \/>\nPalmitoyl Tripeptide-28 binder til den specifikke receptor TGF-bII (TbRII) p\u00e5 celleoverfladen. Denne receptor phosphorylerer receptoren TGF-bI (TbRI) for at generere et aktivt receptorkompleks, s\u00e5 de phosphorylerer proteinet Smad 2 eller Smad 3. Smad 2 eller Smad 3 danner et kompleks med proteinet citoplasmatisk Smad 4, og dette muligg\u00f8r translokation af Smad-komplekset ind i kernen. Der binder booster-Smad-komplekset sig til specifikke sekvenser af promotorerne af de ekstracellul\u00e6re matrix-gener, der aktiverer dets ekspression.<\/p>\n<p>Palmitoyl Tripeptide-28 er n\u00f8glen i regenereringen af ekstracellul\u00e6r matrix, da det stimulerer proteinsyntesen i ekstracellul\u00e6r matrix, h\u00e6mmer metalloproteinaserne, der nedbryder kollagenet, stimulerer produktionen af proteaseh\u00e6mmere og syntesen af integriner.<\/p>\n","protected":false},"excerpt":{"rendered":"<p>Produktnavn: Palmitoyl Tripeptide-28<br \/>\nKilde: syntetisk<br \/>\nOpl\u00f8selighed: opl\u00f8selig i vand<br \/>\nStabilitet: stabil<br \/>\nRenhed: &gt;=95%<br \/>\nKlasse: kosmetisk<br \/>\nUdseende: hvidt pulver<\/p>\n","protected":false},"featured_media":2203,"comment_status":"open","ping_status":"closed","template":"","meta":{"om_disable_all_campaigns":false,"_monsterinsights_skip_tracking":false,"_monsterinsights_sitenote_active":false,"_monsterinsights_sitenote_note":"","_monsterinsights_sitenote_category":0,"site-sidebar-layout":"default","site-content-layout":"default","ast-site-content-layout":"default","site-content-style":"default","site-sidebar-style":"default","ast-global-header-display":"","ast-banner-title-visibility":"","ast-main-header-display":"","ast-hfb-above-header-display":"","ast-hfb-below-header-display":"","ast-hfb-mobile-header-display":"","site-post-title":"","ast-breadcrumbs-content":"","ast-featured-img":"","footer-sml-layout":"","ast-disable-related-posts":"","theme-transparent-header-meta":"default","adv-header-id-meta":"","stick-header-meta":"","header-above-stick-meta":"","header-main-stick-meta":"","header-below-stick-meta":"","astra-migrate-meta-layouts":"default","ast-page-background-enabled":"default","ast-page-background-meta":{"desktop":{"background-color":"","background-image":"","background-repeat":"repeat","background-position":"center center","background-size":"auto","background-attachment":"scroll","background-type":"","background-media":"","overlay-type":"","overlay-color":"","overlay-opacity":"","overlay-gradient":""},"tablet":{"background-color":"","background-image":"","background-repeat":"repeat","background-position":"center center","background-size":"auto","background-attachment":"scroll","background-type":"","background-media":"","overlay-type":"","overlay-color":"","overlay-opacity":"","overlay-gradient":""},"mobile":{"background-color":"","background-image":"","background-repeat":"repeat","background-position":"center center","background-size":"auto","background-attachment":"scroll","background-type":"","background-media":"","overlay-type":"","overlay-color":"","overlay-opacity":"","overlay-gradient":""}},"ast-content-background-meta":{"desktop":{"background-color":"var(--ast-global-color-5)","background-image":"","background-repeat":"repeat","background-position":"center center","background-size":"auto","background-attachment":"scroll","background-type":"","background-media":"","overlay-type":"","overlay-color":"","overlay-opacity":"","overlay-gradient":""},"tablet":{"background-color":"var(--ast-global-color-5)","background-image":"","background-repeat":"repeat","background-position":"center center","background-size":"auto","background-attachment":"scroll","background-type":"","background-media":"","overlay-type":"","overlay-color":"","overlay-opacity":"","overlay-gradient":""},"mobile":{"background-color":"var(--ast-global-color-5)","background-image":"","background-repeat":"repeat","background-position":"center center","background-size":"auto","background-attachment":"scroll","background-type":"","background-media":"","overlay-type":"","overlay-color":"","overlay-opacity":"","overlay-gradient":""}}},"product_brand":[],"product_cat":[625],"product_tag":[3388,3366],"class_list":{"0":"post-6516","1":"product","2":"type-product","3":"status-publish","4":"has-post-thumbnail","6":"product_cat-fedtforstaerkende-og-brystforstaerkende-peptid","7":"product_tag-firmness-and-serves-as-an-anti-inflammatory-da","8":"product_tag-palmitoyl-tripeptide-28-improves-skin-elasticity-da","9":"desktop-align-left","10":"tablet-align-left","11":"mobile-align-left","13":"first","14":"instock","15":"shipping-taxable","16":"product-type-simple"},"_links":{"self":[{"href":"https:\/\/puyapeptide.net\/da\/wp-json\/wp\/v2\/product\/6516","targetHints":{"allow":["GET"]}}],"collection":[{"href":"https:\/\/puyapeptide.net\/da\/wp-json\/wp\/v2\/product"}],"about":[{"href":"https:\/\/puyapeptide.net\/da\/wp-json\/wp\/v2\/types\/product"}],"replies":[{"embeddable":true,"href":"https:\/\/puyapeptide.net\/da\/wp-json\/wp\/v2\/comments?post=6516"}],"wp:featuredmedia":[{"embeddable":true,"href":"https:\/\/puyapeptide.net\/da\/wp-json\/wp\/v2\/media\/2203"}],"wp:attachment":[{"href":"https:\/\/puyapeptide.net\/da\/wp-json\/wp\/v2\/media?parent=6516"}],"wp:term":[{"taxonomy":"product_brand","embeddable":true,"href":"https:\/\/puyapeptide.net\/da\/wp-json\/wp\/v2\/product_brand?post=6516"},{"taxonomy":"product_cat","embeddable":true,"href":"https:\/\/puyapeptide.net\/da\/wp-json\/wp\/v2\/product_cat?post=6516"},{"taxonomy":"product_tag","embeddable":true,"href":"https:\/\/puyapeptide.net\/da\/wp-json\/wp\/v2\/product_tag?post=6516"}],"curies":[{"name":"wp","href":"https:\/\/api.w.org\/{rel}","templated":true}]}}