{"id":6543,"date":"2021-12-16T05:06:54","date_gmt":"2021-12-16T10:06:54","guid":{"rendered":"https:\/\/puyapeptide.net\/product\/topklasse-palmitoyl-tetrapeptide-20-til-graat-haar\/"},"modified":"2021-12-16T05:37:28","modified_gmt":"2021-12-16T10:37:28","slug":"topklasse-palmitoyl-tetrapeptide-20-til-graat-haar","status":"publish","type":"product","link":"https:\/\/puyapeptide.net\/da\/product\/topklasse-palmitoyl-tetrapeptide-20-til-graat-haar\/","title":{"rendered":"Topklasse Palmitoyl Tetrapeptide-20 til gr\u00e5t h\u00e5r"},"content":{"rendered":"<h2><strong>Topklasse Palmitoyl Tetrapeptide-20 til gr\u00e5t h\u00e5r<\/strong><\/h2>\n<p>Produktnavn Palmitoyl Tetrapeptide-20<br \/>\nRenhed 95-99%<br \/>\nMSDS og COA tilg\u00e6ngelig for din reference<br \/>\nSnart levering fra lager<br \/>\nSekvens Pal-PEKK<br \/>\nCas 221227-05-0 <\/p>\n<p>Palmitoyl tetrapeptide-20 er en agonist af \u03b1-MSH, stimulerer melaninsyntese og forbedrer katalaseaktivitet og reducerer overskud (H202). Det kan bruges til h\u00e5rpigmentering.<\/p>\n<p>Palmitoyl tetrapeptide-20 er hormon (MSH-\u03b1) bionisk peptid, der virker p\u00e5 de to hoved\u00e5rsager til gr\u00e5t h\u00e5r: melaninreduktion og oxidativ stress. Palmitoyl Tetrapeptide-10 (M\u00e6rke: Kramer) tilbyder en hidtil uset effektiv m\u00e5de at forhindre, stoppe og vende f\u00e6nomenet med aldring af h\u00e5r. Klinisk testet for at v\u00e6re effektiv, Black Hair Peptide kan hj\u00e6lpe m\u00e6nd og kvinder, der lider af gr\u00e5t h\u00e5r, ved at vende h\u00e5r\u00e6ldningsprocessen og \u00f8ge folks selvv\u00e6rd til at se mere naturligt ungdommelig ud.<\/p>\n<p> <strong>Brug af Palmitoyl Tetrapeptide-20<\/strong> &lt; &amp;&gt;Palmitoyl tetrapeptide-20 stimulerer h\u00e5rpigmentering og vender den gr\u00e5 h\u00e5rproces, giver m\u00e6nd og kvinder et yngre udseende og forbedrer deres selvv\u00e6rd<\/p>\n<p> <strong>Funktion af Palmitoyl Tetrapeptide-20<\/strong><br \/>\nPalmitoyl Tetrapeptide-20 kan Stimulere naturlig h\u00e5rpigmentproduktion og genopretter gradvist naturlig h\u00e5rfarve; modst\u00e5r h\u00e5rets aldring og forhindrer fremkomsten af gr\u00e5t h\u00e5r. Kan bruges til h\u00e5r-anti-aging, d\u00e6kker tidligt inds\u00e6ttende gr\u00e5t h\u00e5r, post-farvning, naturlig h\u00e5rfarveforst\u00e6rker, mildere end kemiske farvestoffer til hovedbunds- og sk\u00e6gplejeprodukter.<\/p>\n","protected":false},"excerpt":{"rendered":"<p>Produktnavn Palmitoyl Tetrapeptide-20<br \/>\nRenhed 95-99%<br \/>\nSnart levering fra lager<br \/>\nSekvens Pal-PEKK<br \/>\nCas 221227-05-0<\/p>\n","protected":false},"featured_media":2161,"comment_status":"open","ping_status":"closed","template":"","meta":{"om_disable_all_campaigns":false,"_monsterinsights_skip_tracking":false,"_monsterinsights_sitenote_active":false,"_monsterinsights_sitenote_note":"","_monsterinsights_sitenote_category":0,"site-sidebar-layout":"default","site-content-layout":"default","ast-site-content-layout":"default","site-content-style":"default","site-sidebar-style":"default","ast-global-header-display":"","ast-banner-title-visibility":"","ast-main-header-display":"","ast-hfb-above-header-display":"","ast-hfb-below-header-display":"","ast-hfb-mobile-header-display":"","site-post-title":"","ast-breadcrumbs-content":"","ast-featured-img":"","footer-sml-layout":"","ast-disable-related-posts":"","theme-transparent-header-meta":"default","adv-header-id-meta":"","stick-header-meta":"","header-above-stick-meta":"","header-main-stick-meta":"","header-below-stick-meta":"","astra-migrate-meta-layouts":"default","ast-page-background-enabled":"default","ast-page-background-meta":{"desktop":{"background-color":"","background-image":"","background-repeat":"repeat","background-position":"center center","background-size":"auto","background-attachment":"scroll","background-type":"","background-media":"","overlay-type":"","overlay-color":"","overlay-opacity":"","overlay-gradient":""},"tablet":{"background-color":"","background-image":"","background-repeat":"repeat","background-position":"center center","background-size":"auto","background-attachment":"scroll","background-type":"","background-media":"","overlay-type":"","overlay-color":"","overlay-opacity":"","overlay-gradient":""},"mobile":{"background-color":"","background-image":"","background-repeat":"repeat","background-position":"center center","background-size":"auto","background-attachment":"scroll","background-type":"","background-media":"","overlay-type":"","overlay-color":"","overlay-opacity":"","overlay-gradient":""}},"ast-content-background-meta":{"desktop":{"background-color":"var(--ast-global-color-5)","background-image":"","background-repeat":"repeat","background-position":"center center","background-size":"auto","background-attachment":"scroll","background-type":"","background-media":"","overlay-type":"","overlay-color":"","overlay-opacity":"","overlay-gradient":""},"tablet":{"background-color":"var(--ast-global-color-5)","background-image":"","background-repeat":"repeat","background-position":"center center","background-size":"auto","background-attachment":"scroll","background-type":"","background-media":"","overlay-type":"","overlay-color":"","overlay-opacity":"","overlay-gradient":""},"mobile":{"background-color":"var(--ast-global-color-5)","background-image":"","background-repeat":"repeat","background-position":"center center","background-size":"auto","background-attachment":"scroll","background-type":"","background-media":"","overlay-type":"","overlay-color":"","overlay-opacity":"","overlay-gradient":""}}},"product_brand":[],"product_cat":[621],"product_tag":[3349],"class_list":{"0":"post-6543","1":"product","2":"type-product","3":"status-publish","4":"has-post-thumbnail","6":"product_cat-haar-oejenvipper-vaekstfremmende-peptid","7":"product_tag-top-grade-palmitoyl-tetrapeptide-20-for-grey-hair-da","8":"desktop-align-left","9":"tablet-align-left","10":"mobile-align-left","12":"first","13":"instock","14":"shipping-taxable","15":"product-type-simple"},"_links":{"self":[{"href":"https:\/\/puyapeptide.net\/da\/wp-json\/wp\/v2\/product\/6543","targetHints":{"allow":["GET"]}}],"collection":[{"href":"https:\/\/puyapeptide.net\/da\/wp-json\/wp\/v2\/product"}],"about":[{"href":"https:\/\/puyapeptide.net\/da\/wp-json\/wp\/v2\/types\/product"}],"replies":[{"embeddable":true,"href":"https:\/\/puyapeptide.net\/da\/wp-json\/wp\/v2\/comments?post=6543"}],"wp:featuredmedia":[{"embeddable":true,"href":"https:\/\/puyapeptide.net\/da\/wp-json\/wp\/v2\/media\/2161"}],"wp:attachment":[{"href":"https:\/\/puyapeptide.net\/da\/wp-json\/wp\/v2\/media?parent=6543"}],"wp:term":[{"taxonomy":"product_brand","embeddable":true,"href":"https:\/\/puyapeptide.net\/da\/wp-json\/wp\/v2\/product_brand?post=6543"},{"taxonomy":"product_cat","embeddable":true,"href":"https:\/\/puyapeptide.net\/da\/wp-json\/wp\/v2\/product_cat?post=6543"},{"taxonomy":"product_tag","embeddable":true,"href":"https:\/\/puyapeptide.net\/da\/wp-json\/wp\/v2\/product_tag?post=6543"}],"curies":[{"name":"wp","href":"https:\/\/api.w.org\/{rel}","templated":true}]}}