{"id":6547,"date":"2021-12-16T05:06:54","date_gmt":"2021-12-16T10:06:54","guid":{"rendered":"https:\/\/puyapeptide.net\/product\/hoejkvalitets-myristoyl-dipeptide-13-til-haarvaekst\/"},"modified":"2021-12-16T05:37:29","modified_gmt":"2021-12-16T10:37:29","slug":"hoejkvalitets-myristoyl-dipeptide-13-til-haarvaekst","status":"publish","type":"product","link":"https:\/\/puyapeptide.net\/da\/product\/hoejkvalitets-myristoyl-dipeptide-13-til-haarvaekst\/","title":{"rendered":"H\u00f8jkvalitets Myristoyl Dipeptide-13 til h\u00e5rv\u00e6kst"},"content":{"rendered":"<h2><strong>H\u00f8jkvalitets Myristoyl Dipeptide-13 til h\u00e5rv\u00e6kst<\/strong><\/h2>\n<p>Produktnavn: Myristoyl Dipeptide-13<br \/>\nReference: RELISTASE<br \/>\nRenhed: 95%<br \/>\nKilde: syntetisk<br \/>\nKorte: kosmetisk<br \/>\nLugt: nej<br \/>\nOpl\u00f8selighed: vandopl\u00f8selig&lt; &amp;&gt;Additiv: 4 PPM<br \/>\nStabilitet: stabil<br \/>\nKapacitet: 100g pr. m\u00e5ned<br \/>\nUdseende: hvidt pulver<\/p>\n<p>Myristoyl Dipeptide-13 er et effektivt h\u00e5rv\u00e6kststimulerende peptid; fremmer celleproliferation og \u00f8ger h\u00e5rt\u00e6theden p\u00e5 mennesker.<\/p>\n<p> <strong>Funktion af Myristoyl Dipeptide-13<\/strong><br \/>\nMyristoyl Pentapeptide-13 er en potent \u00f8jenvippev\u00e6kstfremmer, der direkte aktiverer keratingenet, hvilket f\u00f8rer til \u00f8jenvippev\u00e6kst.<\/p>\n","protected":false},"excerpt":{"rendered":"<p>Produktnavn: Myristoyl Dipeptide-13<br \/>\nRenhed: 95%<br \/>\nKilde: syntetisk<br \/>\nKlasse: kosmetisk<br \/>\nOpl\u00f8selighed: opl\u00f8seligt i vand<br \/>\nAdditiv: 4 PPM<br \/>\nUdseende: hvidt pulver<\/p>\n","protected":false},"featured_media":2203,"comment_status":"open","ping_status":"closed","template":"","meta":{"om_disable_all_campaigns":false,"_monsterinsights_skip_tracking":false,"_monsterinsights_sitenote_active":false,"_monsterinsights_sitenote_note":"","_monsterinsights_sitenote_category":0,"site-sidebar-layout":"default","site-content-layout":"default","ast-site-content-layout":"default","site-content-style":"default","site-sidebar-style":"default","ast-global-header-display":"","ast-banner-title-visibility":"","ast-main-header-display":"","ast-hfb-above-header-display":"","ast-hfb-below-header-display":"","ast-hfb-mobile-header-display":"","site-post-title":"","ast-breadcrumbs-content":"","ast-featured-img":"","footer-sml-layout":"","ast-disable-related-posts":"","theme-transparent-header-meta":"default","adv-header-id-meta":"","stick-header-meta":"","header-above-stick-meta":"","header-main-stick-meta":"","header-below-stick-meta":"","astra-migrate-meta-layouts":"default","ast-page-background-enabled":"default","ast-page-background-meta":{"desktop":{"background-color":"","background-image":"","background-repeat":"repeat","background-position":"center center","background-size":"auto","background-attachment":"scroll","background-type":"","background-media":"","overlay-type":"","overlay-color":"","overlay-opacity":"","overlay-gradient":""},"tablet":{"background-color":"","background-image":"","background-repeat":"repeat","background-position":"center center","background-size":"auto","background-attachment":"scroll","background-type":"","background-media":"","overlay-type":"","overlay-color":"","overlay-opacity":"","overlay-gradient":""},"mobile":{"background-color":"","background-image":"","background-repeat":"repeat","background-position":"center center","background-size":"auto","background-attachment":"scroll","background-type":"","background-media":"","overlay-type":"","overlay-color":"","overlay-opacity":"","overlay-gradient":""}},"ast-content-background-meta":{"desktop":{"background-color":"var(--ast-global-color-5)","background-image":"","background-repeat":"repeat","background-position":"center center","background-size":"auto","background-attachment":"scroll","background-type":"","background-media":"","overlay-type":"","overlay-color":"","overlay-opacity":"","overlay-gradient":""},"tablet":{"background-color":"var(--ast-global-color-5)","background-image":"","background-repeat":"repeat","background-position":"center center","background-size":"auto","background-attachment":"scroll","background-type":"","background-media":"","overlay-type":"","overlay-color":"","overlay-opacity":"","overlay-gradient":""},"mobile":{"background-color":"var(--ast-global-color-5)","background-image":"","background-repeat":"repeat","background-position":"center center","background-size":"auto","background-attachment":"scroll","background-type":"","background-media":"","overlay-type":"","overlay-color":"","overlay-opacity":"","overlay-gradient":""}}},"product_brand":[],"product_cat":[621],"product_tag":[3309],"class_list":{"0":"post-6547","1":"product","2":"type-product","3":"status-publish","4":"has-post-thumbnail","6":"product_cat-haar-oejenvipper-vaekstfremmende-peptid","7":"product_tag-high-quality-myristoyl-dipeptide-13-for-hair-growth-da","8":"desktop-align-left","9":"tablet-align-left","10":"mobile-align-left","12":"first","13":"instock","14":"shipping-taxable","15":"product-type-simple"},"_links":{"self":[{"href":"https:\/\/puyapeptide.net\/da\/wp-json\/wp\/v2\/product\/6547","targetHints":{"allow":["GET"]}}],"collection":[{"href":"https:\/\/puyapeptide.net\/da\/wp-json\/wp\/v2\/product"}],"about":[{"href":"https:\/\/puyapeptide.net\/da\/wp-json\/wp\/v2\/types\/product"}],"replies":[{"embeddable":true,"href":"https:\/\/puyapeptide.net\/da\/wp-json\/wp\/v2\/comments?post=6547"}],"wp:featuredmedia":[{"embeddable":true,"href":"https:\/\/puyapeptide.net\/da\/wp-json\/wp\/v2\/media\/2203"}],"wp:attachment":[{"href":"https:\/\/puyapeptide.net\/da\/wp-json\/wp\/v2\/media?parent=6547"}],"wp:term":[{"taxonomy":"product_brand","embeddable":true,"href":"https:\/\/puyapeptide.net\/da\/wp-json\/wp\/v2\/product_brand?post=6547"},{"taxonomy":"product_cat","embeddable":true,"href":"https:\/\/puyapeptide.net\/da\/wp-json\/wp\/v2\/product_cat?post=6547"},{"taxonomy":"product_tag","embeddable":true,"href":"https:\/\/puyapeptide.net\/da\/wp-json\/wp\/v2\/product_tag?post=6547"}],"curies":[{"name":"wp","href":"https:\/\/api.w.org\/{rel}","templated":true}]}}