{"id":6591,"date":"2021-12-16T05:09:35","date_gmt":"2021-12-16T10:09:35","guid":{"rendered":"https:\/\/puyapeptide.net\/product\/myristoyl-pentapeptide-17-cas-959610-30-1-er-en-effektiv-kosmetisk-ingrediens-til-at-fremme-oejenvippernes-vaekst\/"},"modified":"2021-12-16T05:09:35","modified_gmt":"2021-12-16T10:09:35","slug":"myristoyl-pentapeptide-17-cas-959610-30-1-er-en-effektiv-kosmetisk-ingrediens-til-at-fremme-oejenvippernes-vaekst","status":"publish","type":"product","link":"https:\/\/puyapeptide.net\/da\/product\/myristoyl-pentapeptide-17-cas-959610-30-1-er-en-effektiv-kosmetisk-ingrediens-til-at-fremme-oejenvippernes-vaekst\/","title":{"rendered":"Myristoyl Pentapeptide-17 CAS 959610-30-1 er en effektiv kosmetisk ingrediens til at fremme \u00f8jenvippernes v\u00e6kst"},"content":{"rendered":"<h2><strong>Myristoyl Pentapeptide-17 CAS 959610-30-1 er en effektiv kosmetisk ingrediens til at fremme \u00f8jenvippernes v\u00e6kst<\/strong><\/h2>\n<p>Produktnavn: Myristoyl Pentapeptide-17<br \/>\nSynonymer: Myristoyl Pentapeptide-17;sympeptide226;N2-(1-Oxotetradecyl)-L-lysyl-L-leucyl-L-alanyl-L-lysyl-L-lysinamid; Muskatn\u00f8d fem peptid 17;Myr-KLAKK-NH2;N-[(2S)-6-amino-1-[[(2S)-1-[[(2S)-1-[[(2S)-6-amino- 1-[[(2S)-1,6-diamino-1-oxohexan-2-yl]amino]-1-oxohexan-2-yl]amino]-1-oxopropan-2-yl]amino]-4-methyl -1-oxopentan-2-yl]amino]-1-oxohexan-2-yl]tetradecanamid;N2-(1-Oxotetradecyl)-L-lysyl-L-leucyl-L-alanyl-L-lysyl-L-lys; Sympeptid 235<br \/>\nCAS: 959610-30-1<br \/>\nMF: C41H81N9O6<br \/>\nMW: 796.14<br \/>\nEINECS:<br \/>\nProduktkategorier:<br \/>\nMol Fil: 959610-30-1.mol&lt;&amp; &gt;<br \/>\nMyristoyl pentapeptide-17\/eyelash peptide er en effektiv kosmetisk ingrediens til at fremme \u00f8jenvippernes v\u00e6kst, som effektivt kan stimulere syntesen af keratin i h\u00e5r, fremme v\u00e6ksten af h\u00e5r (\u00f8jenvipper, \u00f8jenbryn, h\u00e5r) og g\u00f8re dem tykkere og sejere .<\/p>\n<p>En af de prim\u00e6re roller for Myristoyl Pentapeptide-17 er en antioxidant. Som alle antioxidanter er Myristoyl Pentapeptide-17s rolle at beskytte huden mod skadelige frie radikaler, som er et resultat af for meget soleksponering eller st\u00f8der p\u00e5 milj\u00f8forurenende stoffer. Disse frie radikaler for\u00e5rsager skade p\u00e5 individuelle hudceller, men deres reelle fare er, at de kan for\u00e5rsage for tidlig aldring. Frie radikaler for\u00e5rsager kan tilskynde hudceller til at begynde at formere sig hurtigt og ukontrolleret. Beskytter ikke kun hudceller mod antioxidanter, men det hj\u00e6lper ogs\u00e5 med at neutralisere dem, s\u00e5 de kan fjernes. Ansigtet kan begynde at blive sundt igen. Dette g\u00f8r det til en af de mest gavnlige antioxidanter p\u00e5 markedet.<\/p>\n<p> <strong>Myristoyl Pentapeptide-17 CAS 959610-30-1 Kemiske egenskaber<\/strong><br \/>\nKogepunkt 1071,6\u00b165,0 \u00b0C(Forudsagt)<br \/>\n massefylde 1,062\u00b10,06 g\/cm3(forudsagt)<br \/>\nopbevaringstemp. Forseglet i t\u00f8r stuetemperatur<br \/>\npka 13,42\u00b10,46(forudsagt)<\/p>\n<p> <strong>Anvendelse og anvendelse af Myristoyl Pentapeptide-17 CAS 959610-30-1<\/strong><br \/>\n1.Ekstraordin\u00e6r forbedring af udseendet af \u00f8jenvipper og bryn<br \/>\n2.Leverer smukke, t\u00e6tte og frodige \u00f8jenvipper<br \/>\n3.Ikke-prostaglandinteknologi<br \/>\n4.Ingen \u00f8jenirritation eller risiko for misfarvning<br \/>\n5.Sikkerhedstestet hudl\u00e6ge og \u00f8jenl\u00e6ge.<\/p>\n","protected":false},"excerpt":{"rendered":"<p>Produktnavn: Myristoyl Pentapeptide-17<br \/>\nCAS: 959610-30-1<br \/>\nMF: C41H81N9O6<br \/>\nMW: 796.14<br \/>\nMol Fil: 959610-30-1.mol<\/p>\n","protected":false},"featured_media":2098,"comment_status":"open","ping_status":"closed","template":"","meta":{"om_disable_all_campaigns":false,"_monsterinsights_skip_tracking":false,"_monsterinsights_sitenote_active":false,"_monsterinsights_sitenote_note":"","_monsterinsights_sitenote_category":0,"site-sidebar-layout":"default","site-content-layout":"default","ast-site-content-layout":"default","site-content-style":"default","site-sidebar-style":"default","ast-global-header-display":"","ast-banner-title-visibility":"","ast-main-header-display":"","ast-hfb-above-header-display":"","ast-hfb-below-header-display":"","ast-hfb-mobile-header-display":"","site-post-title":"","ast-breadcrumbs-content":"","ast-featured-img":"","footer-sml-layout":"","ast-disable-related-posts":"","theme-transparent-header-meta":"default","adv-header-id-meta":"","stick-header-meta":"","header-above-stick-meta":"","header-main-stick-meta":"","header-below-stick-meta":"","astra-migrate-meta-layouts":"default","ast-page-background-enabled":"default","ast-page-background-meta":{"desktop":{"background-color":"","background-image":"","background-repeat":"repeat","background-position":"center center","background-size":"auto","background-attachment":"scroll","background-type":"","background-media":"","overlay-type":"","overlay-color":"","overlay-opacity":"","overlay-gradient":""},"tablet":{"background-color":"","background-image":"","background-repeat":"repeat","background-position":"center center","background-size":"auto","background-attachment":"scroll","background-type":"","background-media":"","overlay-type":"","overlay-color":"","overlay-opacity":"","overlay-gradient":""},"mobile":{"background-color":"","background-image":"","background-repeat":"repeat","background-position":"center center","background-size":"auto","background-attachment":"scroll","background-type":"","background-media":"","overlay-type":"","overlay-color":"","overlay-opacity":"","overlay-gradient":""}},"ast-content-background-meta":{"desktop":{"background-color":"var(--ast-global-color-5)","background-image":"","background-repeat":"repeat","background-position":"center center","background-size":"auto","background-attachment":"scroll","background-type":"","background-media":"","overlay-type":"","overlay-color":"","overlay-opacity":"","overlay-gradient":""},"tablet":{"background-color":"var(--ast-global-color-5)","background-image":"","background-repeat":"repeat","background-position":"center center","background-size":"auto","background-attachment":"scroll","background-type":"","background-media":"","overlay-type":"","overlay-color":"","overlay-opacity":"","overlay-gradient":""},"mobile":{"background-color":"var(--ast-global-color-5)","background-image":"","background-repeat":"repeat","background-position":"center center","background-size":"auto","background-attachment":"scroll","background-type":"","background-media":"","overlay-type":"","overlay-color":"","overlay-opacity":"","overlay-gradient":""}}},"product_brand":[],"product_cat":[581],"product_tag":[3265],"class_list":{"0":"post-6591","1":"product","2":"type-product","3":"status-publish","4":"has-post-thumbnail","6":"product_cat-oejenplejepeptid-da","7":"product_tag-myristoyl-pentapeptide-17-cas-959610-30-1-is-an-effective-cosmetic-ingredient-to-promote-eyelash-growth-da","8":"desktop-align-left","9":"tablet-align-left","10":"mobile-align-left","12":"first","13":"instock","14":"shipping-taxable","15":"product-type-simple"},"_links":{"self":[{"href":"https:\/\/puyapeptide.net\/da\/wp-json\/wp\/v2\/product\/6591","targetHints":{"allow":["GET"]}}],"collection":[{"href":"https:\/\/puyapeptide.net\/da\/wp-json\/wp\/v2\/product"}],"about":[{"href":"https:\/\/puyapeptide.net\/da\/wp-json\/wp\/v2\/types\/product"}],"replies":[{"embeddable":true,"href":"https:\/\/puyapeptide.net\/da\/wp-json\/wp\/v2\/comments?post=6591"}],"wp:featuredmedia":[{"embeddable":true,"href":"https:\/\/puyapeptide.net\/da\/wp-json\/wp\/v2\/media\/2098"}],"wp:attachment":[{"href":"https:\/\/puyapeptide.net\/da\/wp-json\/wp\/v2\/media?parent=6591"}],"wp:term":[{"taxonomy":"product_brand","embeddable":true,"href":"https:\/\/puyapeptide.net\/da\/wp-json\/wp\/v2\/product_brand?post=6591"},{"taxonomy":"product_cat","embeddable":true,"href":"https:\/\/puyapeptide.net\/da\/wp-json\/wp\/v2\/product_cat?post=6591"},{"taxonomy":"product_tag","embeddable":true,"href":"https:\/\/puyapeptide.net\/da\/wp-json\/wp\/v2\/product_tag?post=6591"}],"curies":[{"name":"wp","href":"https:\/\/api.w.org\/{rel}","templated":true}]}}