{"id":6653,"date":"2021-12-16T05:39:49","date_gmt":"2021-12-16T10:39:49","guid":{"rendered":"https:\/\/puyapeptide.net\/product\/tetrapeptid-16-haemmer-ultraviolet-lys-uv\/"},"modified":"2021-12-16T05:39:49","modified_gmt":"2021-12-16T10:39:49","slug":"tetrapeptid-16-haemmer-ultraviolet-lys-uv","status":"publish","type":"product","link":"https:\/\/puyapeptide.net\/da\/product\/tetrapeptid-16-haemmer-ultraviolet-lys-uv\/","title":{"rendered":"Tetrapeptid-16 h\u00e6mmer ultraviolet lys (UV)"},"content":{"rendered":"<h2><strong>Tetrapeptid-16 h\u00e6mmer ultraviolet lys (UV)<\/strong><\/h2>\n<p>Produktnavn: Tetrapeptide-16<br \/>\nKilde: syntetisk<br \/>\nKlasse: kosmetisk<br \/>\nFormulering: tilg\u00e6ngelig for din reference, kontakt os venligst.<br \/>\nMSDS og COA: tilg\u00e6ngelig for din reference, kontakt os venligst<br \/>\nLevering: omg\u00e5ende fra lager<br \/>\nLugt: karakteristisk<br \/>\nStabilitet: stabil<br \/>\nOpl\u00f8selighed: vandopl\u00f8selig<br \/>\nKapacitet: 800g pr. m\u00e5ned<br \/>\nUdseende: hvidt pulver<\/p>\n<p>Dette Tetrapeptid-16 h\u00e6mmer ultraviolet lys (UV)-induceret ekspression af det pro-inflammatoriske cytokin interleukin-6 (IL-6) af hudepitelceller og fibroblaster. Endvidere undertrykker tetrapeptiderne opreguleringen af matrix metalloproteinase-1 (MMP-1) af hudfibroblaster induceret af enten direkte eksponering for UV-str\u00e5ler eller behandling med medier konditioneret af UV-behandlede keratinocytter. Den lille st\u00f8rrelse og bioaktivitet af tetrapeptiderne g\u00f8r dem velegnede til brug i terapier rettet mod inflammatoriske hudlidelser og som aktive ingredienser i hudplejeprodukter.<\/p>\n","protected":false},"excerpt":{"rendered":"<p>Produktnavn: Tetrapeptide-16<br \/>\nKilde: syntetisk<br \/>\nKlasse: kosmetisk<br \/>\nOpl\u00f8selighed: opl\u00f8seligt i vand<br \/>\nUdseende: hvidt pulver<\/p>\n","protected":false},"featured_media":2098,"comment_status":"open","ping_status":"closed","template":"","meta":{"om_disable_all_campaigns":false,"_monsterinsights_skip_tracking":false,"_monsterinsights_sitenote_active":false,"_monsterinsights_sitenote_note":"","_monsterinsights_sitenote_category":0,"site-sidebar-layout":"default","site-content-layout":"default","ast-site-content-layout":"default","site-content-style":"default","site-sidebar-style":"default","ast-global-header-display":"","ast-banner-title-visibility":"","ast-main-header-display":"","ast-hfb-above-header-display":"","ast-hfb-below-header-display":"","ast-hfb-mobile-header-display":"","site-post-title":"","ast-breadcrumbs-content":"","ast-featured-img":"","footer-sml-layout":"","ast-disable-related-posts":"","theme-transparent-header-meta":"default","adv-header-id-meta":"","stick-header-meta":"","header-above-stick-meta":"","header-main-stick-meta":"","header-below-stick-meta":"","astra-migrate-meta-layouts":"default","ast-page-background-enabled":"default","ast-page-background-meta":{"desktop":{"background-color":"","background-image":"","background-repeat":"repeat","background-position":"center center","background-size":"auto","background-attachment":"scroll","background-type":"","background-media":"","overlay-type":"","overlay-color":"","overlay-opacity":"","overlay-gradient":""},"tablet":{"background-color":"","background-image":"","background-repeat":"repeat","background-position":"center center","background-size":"auto","background-attachment":"scroll","background-type":"","background-media":"","overlay-type":"","overlay-color":"","overlay-opacity":"","overlay-gradient":""},"mobile":{"background-color":"","background-image":"","background-repeat":"repeat","background-position":"center center","background-size":"auto","background-attachment":"scroll","background-type":"","background-media":"","overlay-type":"","overlay-color":"","overlay-opacity":"","overlay-gradient":""}},"ast-content-background-meta":{"desktop":{"background-color":"var(--ast-global-color-5)","background-image":"","background-repeat":"repeat","background-position":"center center","background-size":"auto","background-attachment":"scroll","background-type":"","background-media":"","overlay-type":"","overlay-color":"","overlay-opacity":"","overlay-gradient":""},"tablet":{"background-color":"var(--ast-global-color-5)","background-image":"","background-repeat":"repeat","background-position":"center center","background-size":"auto","background-attachment":"scroll","background-type":"","background-media":"","overlay-type":"","overlay-color":"","overlay-opacity":"","overlay-gradient":""},"mobile":{"background-color":"var(--ast-global-color-5)","background-image":"","background-repeat":"repeat","background-position":"center center","background-size":"auto","background-attachment":"scroll","background-type":"","background-media":"","overlay-type":"","overlay-color":"","overlay-opacity":"","overlay-gradient":""}}},"product_brand":[],"product_cat":[581],"product_tag":[3154],"class_list":{"0":"post-6653","1":"product","2":"type-product","3":"status-publish","4":"has-post-thumbnail","6":"product_cat-oejenplejepeptid-da","7":"product_tag-tetrapeptide-16-inhibit-ultraviolet-light-uv-da","8":"desktop-align-left","9":"tablet-align-left","10":"mobile-align-left","12":"first","13":"instock","14":"shipping-taxable","15":"product-type-simple"},"_links":{"self":[{"href":"https:\/\/puyapeptide.net\/da\/wp-json\/wp\/v2\/product\/6653","targetHints":{"allow":["GET"]}}],"collection":[{"href":"https:\/\/puyapeptide.net\/da\/wp-json\/wp\/v2\/product"}],"about":[{"href":"https:\/\/puyapeptide.net\/da\/wp-json\/wp\/v2\/types\/product"}],"replies":[{"embeddable":true,"href":"https:\/\/puyapeptide.net\/da\/wp-json\/wp\/v2\/comments?post=6653"}],"wp:featuredmedia":[{"embeddable":true,"href":"https:\/\/puyapeptide.net\/da\/wp-json\/wp\/v2\/media\/2098"}],"wp:attachment":[{"href":"https:\/\/puyapeptide.net\/da\/wp-json\/wp\/v2\/media?parent=6653"}],"wp:term":[{"taxonomy":"product_brand","embeddable":true,"href":"https:\/\/puyapeptide.net\/da\/wp-json\/wp\/v2\/product_brand?post=6653"},{"taxonomy":"product_cat","embeddable":true,"href":"https:\/\/puyapeptide.net\/da\/wp-json\/wp\/v2\/product_cat?post=6653"},{"taxonomy":"product_tag","embeddable":true,"href":"https:\/\/puyapeptide.net\/da\/wp-json\/wp\/v2\/product_tag?post=6653"}],"curies":[{"name":"wp","href":"https:\/\/api.w.org\/{rel}","templated":true}]}}