{"id":6703,"date":"2021-12-16T05:42:39","date_gmt":"2021-12-16T10:42:39","guid":{"rendered":"https:\/\/puyapeptide.net\/product\/dipeptide-2-eyeliss-h-val-trp-oh-cas-24587-37-9-til-fjernelse-af-oejenposer-og-rynkeudjaevning\/"},"modified":"2021-12-16T05:42:39","modified_gmt":"2021-12-16T10:42:39","slug":"dipeptide-2-eyeliss-h-val-trp-oh-cas-24587-37-9-til-fjernelse-af-oejenposer-og-rynkeudjaevning","status":"publish","type":"product","link":"https:\/\/puyapeptide.net\/da\/product\/dipeptide-2-eyeliss-h-val-trp-oh-cas-24587-37-9-til-fjernelse-af-oejenposer-og-rynkeudjaevning\/","title":{"rendered":"Dipeptide-2\/ Eyeliss\/ H-VAL-TRP-OH CAS 24587-37-9 Til fjernelse af \u00f8jenposer og rynkeudj\u00e6vning"},"content":{"rendered":"<h2><strong>Dipeptide-2\/ Eyeliss\/ H-VAL-TRP-OH CAS 24587-37-9 Til fjernelse af \u00f8jenposer og rynkeudj\u00e6vning<\/strong><\/h2>\n<p>Produktnavn: Dipeptid-2\/ Eyeliss\/ H-VAL-TRP-OH<br \/>\nSynonymer: L-VALYL-L-TRYPTOPHAN;H-VAL-TRP-OH;L-Valyl-L-tyrosin; Dipeptid Val -Try;VW-2;eyeliss;VW;Dipeptide-2 \/ Dipeptide Val-Try<br \/>\nCAS: 24587-37-9<br \/>\nMF: C16H21N3O3<br \/>\nMW: 303.36<br \/>\nEINECS:<br \/>\nProdukt Kategorier: Aminosyrederivater<br \/>\nMol Fil: 24587-37-9.mol<\/p>\n<p>Dipeptid-2 er et peptid, der best\u00e5r af to aminosyrer: valin og tryptophan. For eksempel fremstilles en r\u00e6kke peptider af kroppen, hvor de styrer fysiologiske processer. De g\u00f8r dette ved at fungere som enzymer eller ved at \u00e6ndre funktionen af celler.<\/p>\n<p> <strong>Funktion og anvendelse af Dipeptide-2\/ Eyeliss\/ H-VAL-TRP-OH CAS 24587-37-9<\/strong> <\/p>\n<p> Dipeptid-2 hj\u00e6lper med at reducere h\u00e6velser og poser under \u00f8jnene. H\u00e6vede \u00f8jne skyldes v\u00e6skeophobning for\u00e5rsaget af d\u00e5rlig dr\u00e6ning, skr\u00f8belige kapill\u00e6rer og tab af elasticitet. V\u00e6ske siver ud i omgivende v\u00e6v og producerer &quot;\u00f8jenposer&quot;.<\/p>\n<p>Behandler alle tre tilstande ved at forbedre dr\u00e6ning, reducere kapill\u00e6r skr\u00f8belighed og reducere irritation og sl\u00e6kkelse af huden, samtidig med at hudens fasthed og elasticitet \u00f8ges.<\/p>\n<p>1 . slippe af med poser under \u00f8jnene hurtigt, kan dr\u00e6ningseffekten af dipeptid-2 opn\u00e5 effekten af at reducere poser under \u00f8jnene p\u00e5 15 dage.<\/p>\n<p>2. tils\u00e6ttes kosmetiske formuleringer s\u00e5som lotioner, geler, serum osv. for at opn\u00e5 den ideelle effekt ved at fjerne poser under \u00f8jnene.<\/p>\n<p>3. hj\u00e6lper med at forebygge og slippe af med h\u00e6velser under \u00f8jnene, samtidig med at den opstrammer og regulerer huden for at udglatte rynker.<\/p>\n","protected":false},"excerpt":{"rendered":"<p>Produktnavn: Dipeptid-2\/ Eyeliss\/ H-VAL-TRP-OH<br \/>\nCAS: 24587-37-9<br \/>\nMF: C16H21N3O3<br \/>\nMW: 303,36<br \/>\nMol Fil: 24587-37-9. mol<\/p>\n","protected":false},"featured_media":2119,"comment_status":"open","ping_status":"closed","template":"","meta":{"om_disable_all_campaigns":false,"_monsterinsights_skip_tracking":false,"_monsterinsights_sitenote_active":false,"_monsterinsights_sitenote_note":"","_monsterinsights_sitenote_category":0,"site-sidebar-layout":"default","site-content-layout":"default","ast-site-content-layout":"default","site-content-style":"default","site-sidebar-style":"default","ast-global-header-display":"","ast-banner-title-visibility":"","ast-main-header-display":"","ast-hfb-above-header-display":"","ast-hfb-below-header-display":"","ast-hfb-mobile-header-display":"","site-post-title":"","ast-breadcrumbs-content":"","ast-featured-img":"","footer-sml-layout":"","ast-disable-related-posts":"","theme-transparent-header-meta":"default","adv-header-id-meta":"","stick-header-meta":"","header-above-stick-meta":"","header-main-stick-meta":"","header-below-stick-meta":"","astra-migrate-meta-layouts":"default","ast-page-background-enabled":"default","ast-page-background-meta":{"desktop":{"background-color":"","background-image":"","background-repeat":"repeat","background-position":"center center","background-size":"auto","background-attachment":"scroll","background-type":"","background-media":"","overlay-type":"","overlay-color":"","overlay-opacity":"","overlay-gradient":""},"tablet":{"background-color":"","background-image":"","background-repeat":"repeat","background-position":"center center","background-size":"auto","background-attachment":"scroll","background-type":"","background-media":"","overlay-type":"","overlay-color":"","overlay-opacity":"","overlay-gradient":""},"mobile":{"background-color":"","background-image":"","background-repeat":"repeat","background-position":"center center","background-size":"auto","background-attachment":"scroll","background-type":"","background-media":"","overlay-type":"","overlay-color":"","overlay-opacity":"","overlay-gradient":""}},"ast-content-background-meta":{"desktop":{"background-color":"var(--ast-global-color-5)","background-image":"","background-repeat":"repeat","background-position":"center center","background-size":"auto","background-attachment":"scroll","background-type":"","background-media":"","overlay-type":"","overlay-color":"","overlay-opacity":"","overlay-gradient":""},"tablet":{"background-color":"var(--ast-global-color-5)","background-image":"","background-repeat":"repeat","background-position":"center center","background-size":"auto","background-attachment":"scroll","background-type":"","background-media":"","overlay-type":"","overlay-color":"","overlay-opacity":"","overlay-gradient":""},"mobile":{"background-color":"var(--ast-global-color-5)","background-image":"","background-repeat":"repeat","background-position":"center center","background-size":"auto","background-attachment":"scroll","background-type":"","background-media":"","overlay-type":"","overlay-color":"","overlay-opacity":"","overlay-gradient":""}}},"product_brand":[],"product_cat":[581],"product_tag":[],"class_list":{"0":"post-6703","1":"product","2":"type-product","3":"status-publish","4":"has-post-thumbnail","6":"product_cat-oejenplejepeptid-da","7":"desktop-align-left","8":"tablet-align-left","9":"mobile-align-left","11":"first","12":"instock","13":"shipping-taxable","14":"product-type-simple"},"_links":{"self":[{"href":"https:\/\/puyapeptide.net\/da\/wp-json\/wp\/v2\/product\/6703","targetHints":{"allow":["GET"]}}],"collection":[{"href":"https:\/\/puyapeptide.net\/da\/wp-json\/wp\/v2\/product"}],"about":[{"href":"https:\/\/puyapeptide.net\/da\/wp-json\/wp\/v2\/types\/product"}],"replies":[{"embeddable":true,"href":"https:\/\/puyapeptide.net\/da\/wp-json\/wp\/v2\/comments?post=6703"}],"wp:featuredmedia":[{"embeddable":true,"href":"https:\/\/puyapeptide.net\/da\/wp-json\/wp\/v2\/media\/2119"}],"wp:attachment":[{"href":"https:\/\/puyapeptide.net\/da\/wp-json\/wp\/v2\/media?parent=6703"}],"wp:term":[{"taxonomy":"product_brand","embeddable":true,"href":"https:\/\/puyapeptide.net\/da\/wp-json\/wp\/v2\/product_brand?post=6703"},{"taxonomy":"product_cat","embeddable":true,"href":"https:\/\/puyapeptide.net\/da\/wp-json\/wp\/v2\/product_cat?post=6703"},{"taxonomy":"product_tag","embeddable":true,"href":"https:\/\/puyapeptide.net\/da\/wp-json\/wp\/v2\/product_tag?post=6703"}],"curies":[{"name":"wp","href":"https:\/\/api.w.org\/{rel}","templated":true}]}}