{"id":6723,"date":"2021-12-16T06:01:42","date_gmt":"2021-12-16T11:01:42","guid":{"rendered":"https:\/\/puyapeptide.net\/product\/acetyltetrapeptide-5-eyeseryl-cas-820959-17-9-kan-hjaelpe-med-at-reducere-haevelser-i-oejnene\/"},"modified":"2021-12-16T06:01:42","modified_gmt":"2021-12-16T11:01:42","slug":"acetyltetrapeptide-5-eyeseryl-cas-820959-17-9-kan-hjaelpe-med-at-reducere-haevelser-i-oejnene","status":"publish","type":"product","link":"https:\/\/puyapeptide.net\/da\/product\/acetyltetrapeptide-5-eyeseryl-cas-820959-17-9-kan-hjaelpe-med-at-reducere-haevelser-i-oejnene\/","title":{"rendered":"Acetyltetrapeptide-5\/ Eyeseryl CAS 820959-17-9 kan hj\u00e6lpe med at reducere h\u00e6velser i \u00f8jnene"},"content":{"rendered":"<h2><strong>Acetyltetrapeptide-5\/ Eyeseryl CAS 820959-17-9 kan hj\u00e6lpe med at reducere h\u00e6velser i \u00f8jnene<\/strong><\/h2>\n<p>Produktnavn: Acetyltetrapeptide-5\/ Eyeseryl<br \/>\nSynonymer: (2S)-2-[[(2S)-2-[[(2S)-2-(3-acetamidopropanoylamino)-3-(1H- imidazol-5-yl)propanoyl]amino]-3-hydroxypropanoyl]amino]-3-(1H-imidazol-5-yl)propansyre;N-acetyl-beta-alanyl-L-histidyl-L-seryl-L- histidin;Acetyltetrapeptide-5;Acetyl Tetrapeptide;Depuffin\/Acetyl Tetrapeptide-5;Acetyl Tetrapeptide-5\/eyeseryl;Depuffin;tetrapeptide<br \/>\nCAS: 820959-17-9<br \/>\nMF: C20H28N8O7<br \/>\nMW: 4.9 &amp;&gt;EINECS: 1312995-182-4<br \/>\nProduktkategorier: BEAUTY PEPTIDES<br \/>\nMol Fil: 820959-17-9.mol<\/p>\n<p>Acetyltetrapeptide-5\/ Eyeseryl er et aktivt peptid med anti-\u00f8dem funktion og udbredt i evnen til at slippe af med \u00f8jenposer, slippe af med \u00f8jenposer og m\u00f8rke rande, bek\u00e6mpe \u00f8dem, anti-glykosylering, og kan v\u00e6sentligt lindre symptomerne p\u00e5 \u00f8jenposer af \u00f8demtypen. Eye Silk Amino Peptide betragtes som et fugtgivende Chemicalbook-middel eller fugtabsorberende middel, der kan hj\u00e6lpe med at reducere h\u00e6velser i \u00f8jnene og forbedre hudens elasticitet samt den generelle glathed. Den bruger de hygroskopiske egenskaber af denne forbindelse til at reducere h\u00e6velser ved at tr\u00e6kke fugt fra dybt inde i huden til det yderste lag af huden (stratum corneum).<\/p>\n<p>Acetyl Tetrapeptide-5 betragtes som en fugtighedscreme eller et hygroskopisk middel, som kan hj\u00e6lpe med at reducere h\u00e6velser i \u00f8jnene, forbedre hudens elasticitet og den generelle glathed. Det udnytter denne forbindelses hygroskopicitet til at absorbere fugt fra den dybe del af huden til det yderste lag af huden (stratum corneum), og derved reducere h\u00e6velser. Dens fugtgivende funktion g\u00f8r, at den effektivt kan bruges til at behandle t\u00f8r hud.<\/p>\n<p> <strong>Funktion af Acetyl Tetrapeptide-5 CAS 820959-17-9<\/strong><br \/>\n1. Forbedre mikrocirkulationen i \u00f8jets hud ved at h\u00e6mme angiotensin I-konverterende enzym<br \/>\n2. \u00d8g aktiviteten af SOD og h\u00e6m dens glykosylering<br \/>\n3. Reducer permeabiliteten af blodkar og reducer vandudsivningen<\/p>\n","protected":false},"excerpt":{"rendered":"<p>Produktnavn: Acetyltetrapeptide-5\/ Eyeseryl<br \/>\nCAS: 820959-17-9<br \/>\nMF: C20H28N8O7<br \/>\nMW: 492.49<br \/>\nEINECS: 1312995-182-4<br \/>\nMol Fil: 820959 -9.mol<\/p>\n","protected":false},"featured_media":2203,"comment_status":"open","ping_status":"closed","template":"","meta":{"om_disable_all_campaigns":false,"_monsterinsights_skip_tracking":false,"_monsterinsights_sitenote_active":false,"_monsterinsights_sitenote_note":"","_monsterinsights_sitenote_category":0,"site-sidebar-layout":"default","site-content-layout":"default","ast-site-content-layout":"default","site-content-style":"default","site-sidebar-style":"default","ast-global-header-display":"","ast-banner-title-visibility":"","ast-main-header-display":"","ast-hfb-above-header-display":"","ast-hfb-below-header-display":"","ast-hfb-mobile-header-display":"","site-post-title":"","ast-breadcrumbs-content":"","ast-featured-img":"","footer-sml-layout":"","ast-disable-related-posts":"","theme-transparent-header-meta":"default","adv-header-id-meta":"","stick-header-meta":"","header-above-stick-meta":"","header-main-stick-meta":"","header-below-stick-meta":"","astra-migrate-meta-layouts":"default","ast-page-background-enabled":"default","ast-page-background-meta":{"desktop":{"background-color":"","background-image":"","background-repeat":"repeat","background-position":"center center","background-size":"auto","background-attachment":"scroll","background-type":"","background-media":"","overlay-type":"","overlay-color":"","overlay-opacity":"","overlay-gradient":""},"tablet":{"background-color":"","background-image":"","background-repeat":"repeat","background-position":"center center","background-size":"auto","background-attachment":"scroll","background-type":"","background-media":"","overlay-type":"","overlay-color":"","overlay-opacity":"","overlay-gradient":""},"mobile":{"background-color":"","background-image":"","background-repeat":"repeat","background-position":"center center","background-size":"auto","background-attachment":"scroll","background-type":"","background-media":"","overlay-type":"","overlay-color":"","overlay-opacity":"","overlay-gradient":""}},"ast-content-background-meta":{"desktop":{"background-color":"var(--ast-global-color-5)","background-image":"","background-repeat":"repeat","background-position":"center center","background-size":"auto","background-attachment":"scroll","background-type":"","background-media":"","overlay-type":"","overlay-color":"","overlay-opacity":"","overlay-gradient":""},"tablet":{"background-color":"var(--ast-global-color-5)","background-image":"","background-repeat":"repeat","background-position":"center center","background-size":"auto","background-attachment":"scroll","background-type":"","background-media":"","overlay-type":"","overlay-color":"","overlay-opacity":"","overlay-gradient":""},"mobile":{"background-color":"var(--ast-global-color-5)","background-image":"","background-repeat":"repeat","background-position":"center center","background-size":"auto","background-attachment":"scroll","background-type":"","background-media":"","overlay-type":"","overlay-color":"","overlay-opacity":"","overlay-gradient":""}}},"product_brand":[],"product_cat":[581],"product_tag":[3089],"class_list":{"0":"post-6723","1":"product","2":"type-product","3":"status-publish","4":"has-post-thumbnail","6":"product_cat-oejenplejepeptid-da","7":"product_tag-acetyl-tetrapeptide-5-eyeseryl-cas-820959-17-9-can-help-reduce-eye-puffiness-da","8":"desktop-align-left","9":"tablet-align-left","10":"mobile-align-left","12":"first","13":"instock","14":"shipping-taxable","15":"product-type-simple"},"_links":{"self":[{"href":"https:\/\/puyapeptide.net\/da\/wp-json\/wp\/v2\/product\/6723","targetHints":{"allow":["GET"]}}],"collection":[{"href":"https:\/\/puyapeptide.net\/da\/wp-json\/wp\/v2\/product"}],"about":[{"href":"https:\/\/puyapeptide.net\/da\/wp-json\/wp\/v2\/types\/product"}],"replies":[{"embeddable":true,"href":"https:\/\/puyapeptide.net\/da\/wp-json\/wp\/v2\/comments?post=6723"}],"wp:featuredmedia":[{"embeddable":true,"href":"https:\/\/puyapeptide.net\/da\/wp-json\/wp\/v2\/media\/2203"}],"wp:attachment":[{"href":"https:\/\/puyapeptide.net\/da\/wp-json\/wp\/v2\/media?parent=6723"}],"wp:term":[{"taxonomy":"product_brand","embeddable":true,"href":"https:\/\/puyapeptide.net\/da\/wp-json\/wp\/v2\/product_brand?post=6723"},{"taxonomy":"product_cat","embeddable":true,"href":"https:\/\/puyapeptide.net\/da\/wp-json\/wp\/v2\/product_cat?post=6723"},{"taxonomy":"product_tag","embeddable":true,"href":"https:\/\/puyapeptide.net\/da\/wp-json\/wp\/v2\/product_tag?post=6723"}],"curies":[{"name":"wp","href":"https:\/\/api.w.org\/{rel}","templated":true}]}}