{"id":6750,"date":"2021-12-16T06:02:47","date_gmt":"2021-12-16T11:02:47","guid":{"rendered":"https:\/\/puyapeptide.net\/product\/oligopeptide-68-cas-1206525-47-4-til-hudbelysning-og-anti-aldring\/"},"modified":"2021-12-16T06:02:47","modified_gmt":"2021-12-16T11:02:47","slug":"oligopeptide-68-cas-1206525-47-4-til-hudbelysning-og-anti-aldring","status":"publish","type":"product","link":"https:\/\/puyapeptide.net\/da\/product\/oligopeptide-68-cas-1206525-47-4-til-hudbelysning-og-anti-aldring\/","title":{"rendered":"Oligopeptide-68 CAS 1206525-47-4 til hudbelysning og anti-aldring"},"content":{"rendered":"<h2><strong>Oligopeptide-68 CAS 1206525-47-4 til hudbelysning og anti-aldring<\/strong><\/h2>\n<p>Produktnavn: Oligopeptid-68<br \/>\nSynonymer: Glycyl-L-arginylglycyl-L-alpha-aspartyl-L-tyrosyl-L-isoleucyl-L-tryptophyl-L-seryl-L-leucyl-L-alpha- aspartyl-L-threonyl-L-glutamin; Oligopeptid-68, beta-hvid; L-glutamin, glycyl-L-arginylglycyl-L-\u03b1-aspartyl-L-tyrosyl-L-isoleucyl-L-tryptophyl-L-seryl- L-leucyl-L-\u03b1-aspartyl-L-threonyl-;Oligopeptid-68 CAS 1206525-47-4 Whitening Oligopeptide-68 Powder<br \/>\nCAS: 1206525-47-4<br \/>\nMF: C62H91N17O21:<br \/>\n 1410.49<br \/>\nEINECS: 205-358-3<br \/>\nProduktkategorier:<br \/>\nMol Fil: 1206525-47-4.mol<\/p>\n<p>Oligopeptid-68 &#8211; er en kompleks kombination af TGF-\u00df agonistpeptid der h\u00e6mmer Microphtalmia-associated transcription factor (MITF). MITF er en vigtig transkriptionel regulator af melanogene enzymer, tyrosinase, TRP-1 og TRP-2. Dette peptid inducerer betydelig oplysning af huden, der har vist sig at have en h\u00f8jere aktivitet end Arbutin og C-vitamin.<\/p>\n<p> <strong>Funktion af Oligopeptide-68 CAS 1206525-47-4<\/strong> <\/p>\n<p>1. blege fregner.<br \/>\n2. h\u00e6mme den overdrevne produktion af melanin.<br \/>\n3. reducere melaninaflejring.<\/p>\n<p> <strong>Fordele ved Oligopeptide-68 CAS 1206525-47-4<\/strong><br \/>\n1. Det kan blege fregner.<br \/>\n2. Det kan h\u00e6mme den overdrevne produktion af melanin.<br \/>\n3. Det kan reducere melaninaflejring.<br \/>\nOligopeptid-68&#39;s virkningsmekanisme.<br \/>\nReducerer melaninproduktion og forhindrer overproduktion af melanin ved at h\u00e6mme MSH (melanocytstimulerende hormon).<\/p>\n<p>Videnskaben har bevist, at peptider kan hj\u00e6lpe med at styre rynker i din hud og vende \u00e6ldningstegnene.<br \/>\nMenneskelig hud best\u00e5r hovedsageligt af kollagen. Kollagen er et protein, der best\u00e5r af lange segmenter af aminosyrer arrangeret som en k\u00e6de. Kollagen giver et fundament og en tykkelse til huden.<br \/>\nKvinder under 30 har rigeligt med kollagen, hvilket resulterer i glat, stram hud.<br \/>\nResten af os har mindre kollagen &#8211; huden har en tendens til at v\u00e6re tyndere og afsl\u00f8re flere rynker.&lt;&amp; &gt;N\u00e5r kollagen nedbrydes, dannes korte segmenter af aminosyrer. Disse er de sm\u00e5 proteiner og aktive molekyler kendt som peptider. Peptider i hudpleje kan give betydelige anti-aging fordele.<\/p>\n","protected":false},"excerpt":{"rendered":"<p>Produktnavn: Oligopeptide-68<br \/>\nCAS: 1206525-47-4<br \/>\nMF: C62H91N17O21<br \/>\nMW: 1410.49<br \/>\nEINECS: 205-358-3<br \/>\nMol Fil: 1206525.-47 mol<\/p>\n","protected":false},"featured_media":2161,"comment_status":"open","ping_status":"closed","template":"","meta":{"om_disable_all_campaigns":false,"_monsterinsights_skip_tracking":false,"_monsterinsights_sitenote_active":false,"_monsterinsights_sitenote_note":"","_monsterinsights_sitenote_category":0,"site-sidebar-layout":"default","site-content-layout":"default","ast-site-content-layout":"default","site-content-style":"default","site-sidebar-style":"default","ast-global-header-display":"","ast-banner-title-visibility":"","ast-main-header-display":"","ast-hfb-above-header-display":"","ast-hfb-below-header-display":"","ast-hfb-mobile-header-display":"","site-post-title":"","ast-breadcrumbs-content":"","ast-featured-img":"","footer-sml-layout":"","ast-disable-related-posts":"","theme-transparent-header-meta":"default","adv-header-id-meta":"","stick-header-meta":"","header-above-stick-meta":"","header-main-stick-meta":"","header-below-stick-meta":"","astra-migrate-meta-layouts":"default","ast-page-background-enabled":"default","ast-page-background-meta":{"desktop":{"background-color":"","background-image":"","background-repeat":"repeat","background-position":"center center","background-size":"auto","background-attachment":"scroll","background-type":"","background-media":"","overlay-type":"","overlay-color":"","overlay-opacity":"","overlay-gradient":""},"tablet":{"background-color":"","background-image":"","background-repeat":"repeat","background-position":"center center","background-size":"auto","background-attachment":"scroll","background-type":"","background-media":"","overlay-type":"","overlay-color":"","overlay-opacity":"","overlay-gradient":""},"mobile":{"background-color":"","background-image":"","background-repeat":"repeat","background-position":"center center","background-size":"auto","background-attachment":"scroll","background-type":"","background-media":"","overlay-type":"","overlay-color":"","overlay-opacity":"","overlay-gradient":""}},"ast-content-background-meta":{"desktop":{"background-color":"var(--ast-global-color-5)","background-image":"","background-repeat":"repeat","background-position":"center center","background-size":"auto","background-attachment":"scroll","background-type":"","background-media":"","overlay-type":"","overlay-color":"","overlay-opacity":"","overlay-gradient":""},"tablet":{"background-color":"var(--ast-global-color-5)","background-image":"","background-repeat":"repeat","background-position":"center center","background-size":"auto","background-attachment":"scroll","background-type":"","background-media":"","overlay-type":"","overlay-color":"","overlay-opacity":"","overlay-gradient":""},"mobile":{"background-color":"var(--ast-global-color-5)","background-image":"","background-repeat":"repeat","background-position":"center center","background-size":"auto","background-attachment":"scroll","background-type":"","background-media":"","overlay-type":"","overlay-color":"","overlay-opacity":"","overlay-gradient":""}}},"product_brand":[],"product_cat":[566],"product_tag":[3074],"class_list":{"0":"post-6750","1":"product","2":"type-product","3":"status-publish","4":"has-post-thumbnail","6":"product_cat-whitening-peptide-da","7":"product_tag-oligopeptide-68-cas-1206525-47-4-for-for-skin-lighting-and-anti-aging-da","8":"desktop-align-left","9":"tablet-align-left","10":"mobile-align-left","12":"first","13":"instock","14":"shipping-taxable","15":"product-type-simple"},"_links":{"self":[{"href":"https:\/\/puyapeptide.net\/da\/wp-json\/wp\/v2\/product\/6750","targetHints":{"allow":["GET"]}}],"collection":[{"href":"https:\/\/puyapeptide.net\/da\/wp-json\/wp\/v2\/product"}],"about":[{"href":"https:\/\/puyapeptide.net\/da\/wp-json\/wp\/v2\/types\/product"}],"replies":[{"embeddable":true,"href":"https:\/\/puyapeptide.net\/da\/wp-json\/wp\/v2\/comments?post=6750"}],"wp:featuredmedia":[{"embeddable":true,"href":"https:\/\/puyapeptide.net\/da\/wp-json\/wp\/v2\/media\/2161"}],"wp:attachment":[{"href":"https:\/\/puyapeptide.net\/da\/wp-json\/wp\/v2\/media?parent=6750"}],"wp:term":[{"taxonomy":"product_brand","embeddable":true,"href":"https:\/\/puyapeptide.net\/da\/wp-json\/wp\/v2\/product_brand?post=6750"},{"taxonomy":"product_cat","embeddable":true,"href":"https:\/\/puyapeptide.net\/da\/wp-json\/wp\/v2\/product_cat?post=6750"},{"taxonomy":"product_tag","embeddable":true,"href":"https:\/\/puyapeptide.net\/da\/wp-json\/wp\/v2\/product_tag?post=6750"}],"curies":[{"name":"wp","href":"https:\/\/api.w.org\/{rel}","templated":true}]}}