{"id":6769,"date":"2021-12-16T06:03:41","date_gmt":"2021-12-16T11:03:41","guid":{"rendered":"https:\/\/puyapeptide.net\/product\/decapeptide-12-lumixyl-cas-137665-91-9-haemmer-melanindannelse\/"},"modified":"2021-12-16T06:03:41","modified_gmt":"2021-12-16T11:03:41","slug":"decapeptide-12-lumixyl-cas-137665-91-9-haemmer-melanindannelse","status":"publish","type":"product","link":"https:\/\/puyapeptide.net\/da\/product\/decapeptide-12-lumixyl-cas-137665-91-9-haemmer-melanindannelse\/","title":{"rendered":"Decapeptide-12\/Lumixyl CAS 137665-91-9 h\u00e6mmer melanindannelse"},"content":{"rendered":"<h2><strong>Decapeptide-12\/Lumixyl CAS 137665-91-9 h\u00e6mmer melanindannelse<\/strong><\/h2>\n<p>Produktnavn: Decapeptide-12<br \/>\nSynonymer: Decapeptide-12;Decapeptide-12\/ Lumixyl;Decapeptide-12 lumixyl \/ kosmetisk peptid;L-Tyrosin, L-tyrosyl-L-arginyl-L-seryl-L- arginyl-L-lysyl-L-tyrosyl-L-seryl-L-seryl-L-tryptophyl-;Decapeptide-12 USP\/EP\/BP<br \/>\nCAS: 137665-91-9<br \/>\nMF: C65H90N18O17<br \/>\n MW: 1395,52<br \/>\nEINECS:<br \/>\nProduktkategorier:<br \/>\nMol Fil: 137665-91-9.mol<\/p>\n<p>Decapeptide-12 er et kosmetisk r\u00e5materiale, der h\u00e6mmer melanindannelse, lysner pigmentering, reducerer pigmentering og udj\u00e6vner og lysner hudtonen. Det blev udviklet af forskere ved Stanford Dermatology og er det eneste bevist at effektivt h\u00e6mme Tyrosinase (tyrosinase fremmer overdreven produktion af melanin, hvilket resulterer i uj\u00e6vn pigmentering, m\u00f8rke pletter osv.), en ny peptidaktivitet. Decapeptide-12 er et oligopeptid, der kun best\u00e5r af 12 aminosyrer. Dette oligopeptid er kendt for dets anti-tyrosinase-aktivitet.<\/p>\n<p>Tyrosinase findes i plante- og dyrev\u00e6v og er ansvarlig for at katalysere melanin og andre pigmenter. Decapeptide-12 er ved at blive unders\u00f8gt for dets mulige evne til at reducere m\u00f8rkfarvning af huden. Det er i stand til at forstyrre tyrosinase og g\u00f8re huden lysere i dyremodeller. Decapeptide-12 reducerer forekomsten af hyperpigmentering-alderpletter, solpletter, uj\u00e6vn hudtone og fotoskader &#8211; uden de typiske bivirkninger af andre blegemidler som irritation og r\u00f8dme. Derudover lindrer beroligende antioxidanter som lakridsrod ogs\u00e5 f\u00f8lsom hud.<\/p>\n<p>Decapeptide-12 reducerer forekomsten af hyperpigmentering-alderpletter, solpletter, uj\u00e6vn hudtone og fotoskader &#8211; uden de typiske bivirkninger fra andre blegemidler s\u00e5som irritation og r\u00f8dme. Derudover lindrer beroligende antioxidanter som lakridsrod ogs\u00e5 f\u00f8lsom hud.<\/p>\n<p> <strong>Fungsi<\/strong><br \/>\n <strong>Funktion og anvendelse af Decapeptide-12\/ Lumixyl CAS 137665-91-9<\/strong><br \/>\n Decapeptide-12 binder reversibelt til tyrosinase, et enzym findes i en r\u00e6kke forskellige pigmentproducerende celler. Det forhindrer tyrosinase i at katalysere oxidationen af phenoler, det f\u00f8rste trin i melaninproduktionen. Hos pattedyr findes tyrosinase kun i melanosomer, s\u00e6rlige rum i pigmentproducerende celler.<br \/>\n Tyrosinase er ikke bevaret p\u00e5 tv\u00e6rs af arter og kan faktisk afvige drastisk i struktur selv blandt n\u00e6rt besl\u00e6gtede arter. Hos mennesker bestemmer forskelle i effektiviteten af tyrosinase hudfarven og er resultatet af sm\u00e5 modifikationer i TYR-genet fundet p\u00e5 kromosom 11.<br \/>\n Decapeptide-12 er cirka 17 gange mere potent end tidligere behandlinger for hyperpigmentering, inklusive hydroquinon. Unders\u00f8gelser i dyrkede melanocytter over 7 dage viste en 27%-43% reduktion i melaninindholdet.<br \/>\n Decapeptide-12 har gennemg\u00e5et flere dyrefors\u00f8g og kan med tiden indg\u00e5 i kommercielle produkter til behandling af hyperpigmentering.<\/p>\n","protected":false},"excerpt":{"rendered":"<p>Produktnavn: Decapeptide-12\/ Lumixyl<br \/>\nCAS: 137665-91-9<br \/>\nMF: C65H90N18O17<br \/>\nMW: 1395.52<br \/>\nMol Fil: 137665-91-9.mol<\/p>\n","protected":false},"featured_media":2098,"comment_status":"open","ping_status":"closed","template":"","meta":{"om_disable_all_campaigns":false,"_monsterinsights_skip_tracking":false,"_monsterinsights_sitenote_active":false,"_monsterinsights_sitenote_note":"","_monsterinsights_sitenote_category":0,"site-sidebar-layout":"default","site-content-layout":"default","ast-site-content-layout":"default","site-content-style":"default","site-sidebar-style":"default","ast-global-header-display":"","ast-banner-title-visibility":"","ast-main-header-display":"","ast-hfb-above-header-display":"","ast-hfb-below-header-display":"","ast-hfb-mobile-header-display":"","site-post-title":"","ast-breadcrumbs-content":"","ast-featured-img":"","footer-sml-layout":"","ast-disable-related-posts":"","theme-transparent-header-meta":"default","adv-header-id-meta":"","stick-header-meta":"","header-above-stick-meta":"","header-main-stick-meta":"","header-below-stick-meta":"","astra-migrate-meta-layouts":"default","ast-page-background-enabled":"default","ast-page-background-meta":{"desktop":{"background-color":"","background-image":"","background-repeat":"repeat","background-position":"center center","background-size":"auto","background-attachment":"scroll","background-type":"","background-media":"","overlay-type":"","overlay-color":"","overlay-opacity":"","overlay-gradient":""},"tablet":{"background-color":"","background-image":"","background-repeat":"repeat","background-position":"center center","background-size":"auto","background-attachment":"scroll","background-type":"","background-media":"","overlay-type":"","overlay-color":"","overlay-opacity":"","overlay-gradient":""},"mobile":{"background-color":"","background-image":"","background-repeat":"repeat","background-position":"center center","background-size":"auto","background-attachment":"scroll","background-type":"","background-media":"","overlay-type":"","overlay-color":"","overlay-opacity":"","overlay-gradient":""}},"ast-content-background-meta":{"desktop":{"background-color":"var(--ast-global-color-5)","background-image":"","background-repeat":"repeat","background-position":"center center","background-size":"auto","background-attachment":"scroll","background-type":"","background-media":"","overlay-type":"","overlay-color":"","overlay-opacity":"","overlay-gradient":""},"tablet":{"background-color":"var(--ast-global-color-5)","background-image":"","background-repeat":"repeat","background-position":"center center","background-size":"auto","background-attachment":"scroll","background-type":"","background-media":"","overlay-type":"","overlay-color":"","overlay-opacity":"","overlay-gradient":""},"mobile":{"background-color":"var(--ast-global-color-5)","background-image":"","background-repeat":"repeat","background-position":"center center","background-size":"auto","background-attachment":"scroll","background-type":"","background-media":"","overlay-type":"","overlay-color":"","overlay-opacity":"","overlay-gradient":""}}},"product_brand":[],"product_cat":[566],"product_tag":[3049],"class_list":{"0":"post-6769","1":"product","2":"type-product","3":"status-publish","4":"has-post-thumbnail","6":"product_cat-whitening-peptide-da","7":"product_tag-decapeptide-12-lumixyl-cas-137665-91-9-inhibits-melanin-formation-da","8":"desktop-align-left","9":"tablet-align-left","10":"mobile-align-left","12":"first","13":"instock","14":"shipping-taxable","15":"product-type-simple"},"_links":{"self":[{"href":"https:\/\/puyapeptide.net\/da\/wp-json\/wp\/v2\/product\/6769","targetHints":{"allow":["GET"]}}],"collection":[{"href":"https:\/\/puyapeptide.net\/da\/wp-json\/wp\/v2\/product"}],"about":[{"href":"https:\/\/puyapeptide.net\/da\/wp-json\/wp\/v2\/types\/product"}],"replies":[{"embeddable":true,"href":"https:\/\/puyapeptide.net\/da\/wp-json\/wp\/v2\/comments?post=6769"}],"wp:featuredmedia":[{"embeddable":true,"href":"https:\/\/puyapeptide.net\/da\/wp-json\/wp\/v2\/media\/2098"}],"wp:attachment":[{"href":"https:\/\/puyapeptide.net\/da\/wp-json\/wp\/v2\/media?parent=6769"}],"wp:term":[{"taxonomy":"product_brand","embeddable":true,"href":"https:\/\/puyapeptide.net\/da\/wp-json\/wp\/v2\/product_brand?post=6769"},{"taxonomy":"product_cat","embeddable":true,"href":"https:\/\/puyapeptide.net\/da\/wp-json\/wp\/v2\/product_cat?post=6769"},{"taxonomy":"product_tag","embeddable":true,"href":"https:\/\/puyapeptide.net\/da\/wp-json\/wp\/v2\/product_tag?post=6769"}],"curies":[{"name":"wp","href":"https:\/\/api.w.org\/{rel}","templated":true}]}}