{"id":6790,"date":"2021-12-16T06:04:29","date_gmt":"2021-12-16T11:04:29","guid":{"rendered":"https:\/\/puyapeptide.net\/product\/hexapeptide-2-er-et-kosmetisk-peptid-indeholdende-seks-aminosyrer-som-effektivt-kan-oplyse-huden\/"},"modified":"2021-12-16T06:04:29","modified_gmt":"2021-12-16T11:04:29","slug":"hexapeptide-2-er-et-kosmetisk-peptid-indeholdende-seks-aminosyrer-som-effektivt-kan-oplyse-huden","status":"publish","type":"product","link":"https:\/\/puyapeptide.net\/da\/product\/hexapeptide-2-er-et-kosmetisk-peptid-indeholdende-seks-aminosyrer-som-effektivt-kan-oplyse-huden\/","title":{"rendered":"Hexapeptide-2 er et kosmetisk peptid indeholdende seks aminosyrer, som effektivt kan oplyse huden"},"content":{"rendered":"<h2><strong>Hexapeptide-2 er et kosmetisk peptid indeholdende seks aminosyrer, som effektivt kan oplyse huden<\/strong><\/h2>\n<p>Produktnavn: HEXAPEPTIDE-2<br \/>\nSynonymer: HEXAPEPTIDE-2;Dermostatyl (hexapeptid-2);Dermostatyl<br \/>\nCAS: \/<br \/>\nMF: C46H56N12O6<br \/>\nMW: 873,01g\/mol<br \/>\n Renhed: \u226598%<br \/>\nProduktkategorier:<br \/>\nMol File: Mol File<\/p>\n<p>Hexapeptide-2 er et sk\u00f8nhedspeptid indeholdende seks aminosyrer, som effektivt kan lysne huden og g\u00f8re hudfarven j\u00e6vn og kraftig og er et effektivt lysnende oligopeptid. Det bruges hovedsageligt til hudblegning og lysning og fjernelse af pletter<\/p>\n<p> <strong>Hvad er Hexapeptide-2?<\/strong><br \/>\nHexapeptide-2 er et hudlysende peptid til at lysne huden og udj\u00e6vne hudtonen. Dette peptid opn\u00e5et ved syntese virker som en antagonist til a-MSH. Bindingen af \u03b1-MSH til dets receptorer medierer hudpigmentering. Det konkurrerer om \u03b1-MSH-binding til dets receptorer, hvorved melaninsyntesen neds\u00e6ttes. Hexapeptid-2 inducerer et fald i melaninindholdet i epidermale celler.<\/p>\n<p> <strong>Hexapeptid-2-fordele<\/strong><br \/>\n1. Hexapeptide-2 reducerer eksisterende ansigtsrynker.<br \/>\n2. Hexapeptide-2 er effektiv mod udviklingen af nye rynker.<br \/>\n3.Hexapeptide-2 mindsker dybden af ansigtsrynker for\u00e5rsaget af sammentr\u00e6kning af muskler fra ansigtsudtryk, is\u00e6r n\u00e6r \u00f8jnene og p\u00e5 panden.<br \/>\n&lt;&amp; &gt; <strong>Funktion af Hexapeptide-2<\/strong><br \/>\nVidenskaben har bevist, at peptider kan hj\u00e6lpe med at h\u00e5ndtere rynker i din hud og vende \u00e6ldningstegnene.<br \/>\nMenneskelig hud best\u00e5r hovedsageligt af kollagen. Kollagen er et protein, der best\u00e5r af lange segmenter af aminosyrer arrangeret som en k\u00e6de. Kollagen giver et fundament og en tykkelse til huden.<br \/>\nKvinder under 30 har rigeligt med kollagen, hvilket resulterer i glat, stram hud.<br \/>\nResten af os har mindre kollagen &#8211; huden har en tendens til at v\u00e6re tyndere og afsl\u00f8re flere rynker.&lt;&amp; &gt;N\u00e5r kollagen nedbrydes, dannes korte segmenter af aminosyrer. Disse er de sm\u00e5 proteiner og aktive molekyler kendt som peptider. Peptider i hudpleje kan give betydelige anti-aging fordele.<\/p>\n","protected":false},"excerpt":{"rendered":"<p>Produktnavn: HEXAPEPTIDE-2<br \/>\nMF: C46H56N12O6<br \/>\nMW: 873,01g\/mol<br \/>\nRenhed: \u226598%<\/p>\n","protected":false},"featured_media":2203,"comment_status":"open","ping_status":"closed","template":"","meta":{"om_disable_all_campaigns":false,"_monsterinsights_skip_tracking":false,"_monsterinsights_sitenote_active":false,"_monsterinsights_sitenote_note":"","_monsterinsights_sitenote_category":0,"site-sidebar-layout":"default","site-content-layout":"default","ast-site-content-layout":"default","site-content-style":"default","site-sidebar-style":"default","ast-global-header-display":"","ast-banner-title-visibility":"","ast-main-header-display":"","ast-hfb-above-header-display":"","ast-hfb-below-header-display":"","ast-hfb-mobile-header-display":"","site-post-title":"","ast-breadcrumbs-content":"","ast-featured-img":"","footer-sml-layout":"","ast-disable-related-posts":"","theme-transparent-header-meta":"default","adv-header-id-meta":"","stick-header-meta":"","header-above-stick-meta":"","header-main-stick-meta":"","header-below-stick-meta":"","astra-migrate-meta-layouts":"default","ast-page-background-enabled":"default","ast-page-background-meta":{"desktop":{"background-color":"","background-image":"","background-repeat":"repeat","background-position":"center center","background-size":"auto","background-attachment":"scroll","background-type":"","background-media":"","overlay-type":"","overlay-color":"","overlay-opacity":"","overlay-gradient":""},"tablet":{"background-color":"","background-image":"","background-repeat":"repeat","background-position":"center center","background-size":"auto","background-attachment":"scroll","background-type":"","background-media":"","overlay-type":"","overlay-color":"","overlay-opacity":"","overlay-gradient":""},"mobile":{"background-color":"","background-image":"","background-repeat":"repeat","background-position":"center center","background-size":"auto","background-attachment":"scroll","background-type":"","background-media":"","overlay-type":"","overlay-color":"","overlay-opacity":"","overlay-gradient":""}},"ast-content-background-meta":{"desktop":{"background-color":"var(--ast-global-color-5)","background-image":"","background-repeat":"repeat","background-position":"center center","background-size":"auto","background-attachment":"scroll","background-type":"","background-media":"","overlay-type":"","overlay-color":"","overlay-opacity":"","overlay-gradient":""},"tablet":{"background-color":"var(--ast-global-color-5)","background-image":"","background-repeat":"repeat","background-position":"center center","background-size":"auto","background-attachment":"scroll","background-type":"","background-media":"","overlay-type":"","overlay-color":"","overlay-opacity":"","overlay-gradient":""},"mobile":{"background-color":"var(--ast-global-color-5)","background-image":"","background-repeat":"repeat","background-position":"center center","background-size":"auto","background-attachment":"scroll","background-type":"","background-media":"","overlay-type":"","overlay-color":"","overlay-opacity":"","overlay-gradient":""}}},"product_brand":[],"product_cat":[566],"product_tag":[3002,3024],"class_list":{"0":"post-6790","1":"product","2":"type-product","3":"status-publish","4":"has-post-thumbnail","6":"product_cat-whitening-peptide-da","7":"product_tag-hexapeptide-2-is-a-cosmetic-peptide-containing-six-amino-acids-da","8":"product_tag-which-can-effectively-brighten-the-skin-da","9":"desktop-align-left","10":"tablet-align-left","11":"mobile-align-left","13":"first","14":"instock","15":"shipping-taxable","16":"product-type-simple"},"_links":{"self":[{"href":"https:\/\/puyapeptide.net\/da\/wp-json\/wp\/v2\/product\/6790","targetHints":{"allow":["GET"]}}],"collection":[{"href":"https:\/\/puyapeptide.net\/da\/wp-json\/wp\/v2\/product"}],"about":[{"href":"https:\/\/puyapeptide.net\/da\/wp-json\/wp\/v2\/types\/product"}],"replies":[{"embeddable":true,"href":"https:\/\/puyapeptide.net\/da\/wp-json\/wp\/v2\/comments?post=6790"}],"wp:featuredmedia":[{"embeddable":true,"href":"https:\/\/puyapeptide.net\/da\/wp-json\/wp\/v2\/media\/2203"}],"wp:attachment":[{"href":"https:\/\/puyapeptide.net\/da\/wp-json\/wp\/v2\/media?parent=6790"}],"wp:term":[{"taxonomy":"product_brand","embeddable":true,"href":"https:\/\/puyapeptide.net\/da\/wp-json\/wp\/v2\/product_brand?post=6790"},{"taxonomy":"product_cat","embeddable":true,"href":"https:\/\/puyapeptide.net\/da\/wp-json\/wp\/v2\/product_cat?post=6790"},{"taxonomy":"product_tag","embeddable":true,"href":"https:\/\/puyapeptide.net\/da\/wp-json\/wp\/v2\/product_tag?post=6790"}],"curies":[{"name":"wp","href":"https:\/\/api.w.org\/{rel}","templated":true}]}}