{"id":6811,"date":"2021-12-16T06:05:18","date_gmt":"2021-12-16T11:05:18","guid":{"rendered":"https:\/\/puyapeptide.net\/product\/tetrapeptide-30-tegopep-skin-lightening-peptide-cas-1036207-61-0-for-skin-lightening\/"},"modified":"2021-12-16T06:05:18","modified_gmt":"2021-12-16T11:05:18","slug":"tetrapeptide-30-tegopep-skin-lightening-peptide-cas-1036207-61-0-for-skin-lightening","status":"publish","type":"product","link":"https:\/\/puyapeptide.net\/da\/product\/tetrapeptide-30-tegopep-skin-lightening-peptide-cas-1036207-61-0-for-skin-lightening\/","title":{"rendered":"Tetrapeptide-30\/ Tegopep\/ skin lightening peptide CAS 1036207-61-0 For Skin Lightening"},"content":{"rendered":"<h2><strong>Tetrapeptide-30\/ Tegopep\/ skin lightening peptide CAS 1036207-61-0 For Skin Lightening<\/strong><\/h2>\n<p>Produktnavn: Tetrapeptide-30<br \/>\nSynonymer: Tetrapeptide-30;Tetrapeptide-30 (skin lightening peptide);L-Lysin, L-prolyl-L-lysyl-L-\u03b1-glutamyl-<br \/>\nCAS: 1036207-61-0<br \/>\nMF: C22 H40 N6 O7<br \/>\nMW: 500,59<br \/>\nEINECS:<br \/>\nProduktkategorier:<br \/>\nMol Fil: 1036207-61-0.mol<\/p>\n<p> Tetrapeptide-30 er et nyt peptid udviklet til at balancere hudtonen. Der er forskellige mekanismer til at lysne hudtonen, herunder reduktion eller h\u00e6mning af tyrosinaseaktivitet, blokering af melaninoverf\u00f8rsel til keratinocytter og h\u00e6mning af melanocytaktivering. Det er en teori om, at Tetrapeptide-30 Solution virker ved at reducere m\u00e6ngden af tyrosinase og h\u00e6mme melanocytaktivering.<\/p>\n<p> <strong>Tetrapeptide-30\/ Tegopep\/ skin lightening peptide CAS 1036207-61-0 Kemiske egenskaber<\/strong><br \/>\nKogepunkt 931,5\u00b1 65,0 \u00b0C(forudsagt)<br \/>\ndensitet 1,256\u00b10,06 g\/cm3(forudsagt)<br \/>\npka 3,24\u00b10,10(forudsagt)<\/p>\n<p> <strong>Funktion og anvendelse af Tetrapeptide-30\/Tegopep\/ skin lightening peptide CAS 1036207 -61-0<\/strong><br \/>\n1. Tetrapeptide-30 Til oplysning og fregnende hud<br \/>\n2. H\u00e6mme den overdrevne produktion af melanin<br \/>\n3. Reducer melaninaflejring<br \/>\n4. Kan f\u00f8jes til sk\u00f8nheds- og hudplejeprodukter, s\u00e5som lysende creme, lysende foundation, pudder, fregnecreme (solskoldning, fregne)<\/p>\n","protected":false},"excerpt":{"rendered":"<p>Produktnavn: Tetrapeptide-30<br \/>\nCAS: 1036207-61-0<br \/>\nMF: C22 H40 N6 O7<br \/>\nMW: 500,59<br \/>\nMol Fil: 1036207-61-0.mol<\/p>\n","protected":false},"featured_media":2119,"comment_status":"open","ping_status":"closed","template":"","meta":{"om_disable_all_campaigns":false,"_monsterinsights_skip_tracking":false,"_monsterinsights_sitenote_active":false,"_monsterinsights_sitenote_note":"","_monsterinsights_sitenote_category":0,"site-sidebar-layout":"default","site-content-layout":"default","ast-site-content-layout":"default","site-content-style":"default","site-sidebar-style":"default","ast-global-header-display":"","ast-banner-title-visibility":"","ast-main-header-display":"","ast-hfb-above-header-display":"","ast-hfb-below-header-display":"","ast-hfb-mobile-header-display":"","site-post-title":"","ast-breadcrumbs-content":"","ast-featured-img":"","footer-sml-layout":"","ast-disable-related-posts":"","theme-transparent-header-meta":"default","adv-header-id-meta":"","stick-header-meta":"","header-above-stick-meta":"","header-main-stick-meta":"","header-below-stick-meta":"","astra-migrate-meta-layouts":"default","ast-page-background-enabled":"default","ast-page-background-meta":{"desktop":{"background-color":"","background-image":"","background-repeat":"repeat","background-position":"center center","background-size":"auto","background-attachment":"scroll","background-type":"","background-media":"","overlay-type":"","overlay-color":"","overlay-opacity":"","overlay-gradient":""},"tablet":{"background-color":"","background-image":"","background-repeat":"repeat","background-position":"center center","background-size":"auto","background-attachment":"scroll","background-type":"","background-media":"","overlay-type":"","overlay-color":"","overlay-opacity":"","overlay-gradient":""},"mobile":{"background-color":"","background-image":"","background-repeat":"repeat","background-position":"center center","background-size":"auto","background-attachment":"scroll","background-type":"","background-media":"","overlay-type":"","overlay-color":"","overlay-opacity":"","overlay-gradient":""}},"ast-content-background-meta":{"desktop":{"background-color":"var(--ast-global-color-5)","background-image":"","background-repeat":"repeat","background-position":"center center","background-size":"auto","background-attachment":"scroll","background-type":"","background-media":"","overlay-type":"","overlay-color":"","overlay-opacity":"","overlay-gradient":""},"tablet":{"background-color":"var(--ast-global-color-5)","background-image":"","background-repeat":"repeat","background-position":"center center","background-size":"auto","background-attachment":"scroll","background-type":"","background-media":"","overlay-type":"","overlay-color":"","overlay-opacity":"","overlay-gradient":""},"mobile":{"background-color":"var(--ast-global-color-5)","background-image":"","background-repeat":"repeat","background-position":"center center","background-size":"auto","background-attachment":"scroll","background-type":"","background-media":"","overlay-type":"","overlay-color":"","overlay-opacity":"","overlay-gradient":""}}},"product_brand":[],"product_cat":[566],"product_tag":[2980],"class_list":{"0":"post-6811","1":"product","2":"type-product","3":"status-publish","4":"has-post-thumbnail","6":"product_cat-whitening-peptide-da","7":"product_tag-tetrapeptide-30-tegopep-skin-lightening-peptide-cas-1036207-61-0-for-skin-lightening-da","8":"desktop-align-left","9":"tablet-align-left","10":"mobile-align-left","12":"first","13":"instock","14":"shipping-taxable","15":"product-type-simple"},"_links":{"self":[{"href":"https:\/\/puyapeptide.net\/da\/wp-json\/wp\/v2\/product\/6811","targetHints":{"allow":["GET"]}}],"collection":[{"href":"https:\/\/puyapeptide.net\/da\/wp-json\/wp\/v2\/product"}],"about":[{"href":"https:\/\/puyapeptide.net\/da\/wp-json\/wp\/v2\/types\/product"}],"replies":[{"embeddable":true,"href":"https:\/\/puyapeptide.net\/da\/wp-json\/wp\/v2\/comments?post=6811"}],"wp:featuredmedia":[{"embeddable":true,"href":"https:\/\/puyapeptide.net\/da\/wp-json\/wp\/v2\/media\/2119"}],"wp:attachment":[{"href":"https:\/\/puyapeptide.net\/da\/wp-json\/wp\/v2\/media?parent=6811"}],"wp:term":[{"taxonomy":"product_brand","embeddable":true,"href":"https:\/\/puyapeptide.net\/da\/wp-json\/wp\/v2\/product_brand?post=6811"},{"taxonomy":"product_cat","embeddable":true,"href":"https:\/\/puyapeptide.net\/da\/wp-json\/wp\/v2\/product_cat?post=6811"},{"taxonomy":"product_tag","embeddable":true,"href":"https:\/\/puyapeptide.net\/da\/wp-json\/wp\/v2\/product_tag?post=6811"}],"curies":[{"name":"wp","href":"https:\/\/api.w.org\/{rel}","templated":true}]}}