{"id":6841,"date":"2021-12-16T06:08:16","date_gmt":"2021-12-16T11:08:16","guid":{"rendered":"https:\/\/puyapeptide.net\/product\/glutathionpulver-cas-70-18-8-til-kosttilskud-hudblegning-reduceret-glutathionpulver-l-glutathion\/"},"modified":"2021-12-16T06:08:16","modified_gmt":"2021-12-16T11:08:16","slug":"glutathionpulver-cas-70-18-8-til-kosttilskud-hudblegning-reduceret-glutathionpulver-l-glutathion","status":"publish","type":"product","link":"https:\/\/puyapeptide.net\/da\/product\/glutathionpulver-cas-70-18-8-til-kosttilskud-hudblegning-reduceret-glutathionpulver-l-glutathion\/","title":{"rendered":"Glutathionpulver CAS 70-18-8 til kosttilskud Hudblegning Reduceret glutathionpulver L-glutathion"},"content":{"rendered":"<h2><strong>Glutathionpulver CAS 70-18-8 til kosttilskud Hudblegning Reduceret glutathionpulver L-glutathion<\/strong><\/h2>\n<p>Produktnavn: Glutathion<br \/>\nSynonymer: glutatiol;glutatione;glutide;glutinal;isethion;l-glutatione;N(NL-y-Glutamyl-L-cysteinyl)glycin;n-(nl-gamma-glutamyl -l-cysteinyl)-glycin<br \/>\nCAS: 70-18-8<br \/>\nMF: C10H17N3O6S<br \/>\nMW: 307.32<br \/>\nEINECS: 200-725-4<br \/>\nProduktkategorier: kemikalier;h\u00e6mmere;aminosyrer Syrer &amp; derivater;Materiale;Farmaceutiske mellemprodukter;farmaceutiske;farmaceutiske;Aminosyrer 13C, 2H, 15N;Antioxidant;Biokemi;Mellemprodukter &amp; Finkemikalier;Farmaceutiske produkter;API<br \/>\nMol Fil: 70-18&gt;&lt;-8.mol&lt; &amp;&gt;Glutathion (GSH), ogs\u00e5 kaldet Reduceret Glutathion, er et tripeptid sammensat af glutamat, cystein og glycin. Det kan findes i n\u00e6sten alle celler i menneskekroppen. I dag opn\u00e5s den industrielle produktion af Glutathion hovedsageligt ved enzymatisk syntese. I metoden har Glutathion en h\u00f8j renhed og god vandopl\u00f8selighed. Som et aktivt tripeptid med vigtige fysiologiske funktioner er Glutathion den vigtigste ikke-protein sulfhydrylforbindelse i organismer. Det har biologiske aktiviteter s\u00e5som afgiftning, antioxidation, fjernelse af frie radikaler, blegning af huden og plet-fading. Derfor er det meget udbredt i kosmetik, medicin, sundhedsprodukter og andre industrier. Det kan i h\u00f8j grad v\u00e6re opl\u00f8seligt i vand og nemt at blive tilsat i alle former for hudblegende kosmetik. Plamed Glutathione er opdelt i kosmetikkvalitet og medicinsk kvalitet.<\/p>\n<p> <strong>Glutathion CAS 70-18-8 Kemiske egenskaber<\/strong><br \/>\nSmeltepunkt 192-195 \u00b0C (dec.) (lit.)<br \/>\nalfa -16,5 \u00ba (c=2, H2O)<br \/>\nKogepunkt 754,5\u00b160,0 \u00b0C(Forudsagt)<br \/>\ndensitet 1,4482 (groft estimat)<br \/>\nbrydningsindeks -17 \u00b0 (C=2, H2O)<br \/>\nopbevaringstemperatur . 2-8\u00b0C opl\u00f8selighed H2O: 50 mg\/ml pka pK1 2,12; pK2 3,53; pK3 8,66; pK4 9,12(ved 25\u2103)<br \/>\nform pulver<br \/>\nfarve Hvid<br \/>\nLugt Lugtfri<br \/>\nPH 3 (10g\/l, H2O, 20\u00b0C)<br \/>\nVandopl\u00f8selighed opl\u00f8selig<br \/>\nMerck 14, 4475<br \/>\nBRN 1729812<br \/>\nStabilitet: Stabil. Inkompatibel med st\u00e6rke oxidationsmidler.<br \/>\nInChIKey RWSXRVCMGQZWBV-WDSKDSINSA-N<br \/>\nCAS DataBase Reference 70-18-8(CAS DataBase Reference)<br \/>\nEPA Substance Registry System Glutathione (70-18-8)<br \/>\n&lt; &amp;&gt; <strong>Glutathion Manufacturer Process Flow Chart<\/strong><br \/>\n <img fetchpriority=\"high\" decoding=\"async\" class=\"alignnone size-full wp-image-4156\" src=\"https:\/\/puyapeptide.net\/wp-content\/uploads\/2021\/12\/Glutathione-Manufacturer-Process-Flow-Chart.png\" alt=\"Glutathion Producent Process Flow Chart\" width=\"1458\" height=\"255\" srcset=\"https:\/\/puyapeptide.net\/wp-content\/uploads\/2021\/12\/Glutathione-Manufacturer-Process-Flow-Chart.png 1458w, https:\/\/puyapeptide.net\/wp-content\/uploads\/2021\/12\/Glutathione-Manufacturer-Process-Flow-Chart-768x134.png 768w, https:\/\/puyapeptide.net\/wp-content\/uploads\/2021\/12\/Glutathione-Manufacturer-Process-Flow-Chart-600x105.png 600w\" sizes=\"(max-width: 1458px) 100vw, 1458px\" \/><br \/>\n <strong>Glutathion CAS 70-18-8 Fordele<\/strong><br \/>\n1. G\u00f8r huden hvid og fjern fregner<br \/>\nGlutathion kan chelatere interne og eksterne toksiner s\u00e5som tungmetaller. Det kan forhindre hudpigmentering. Det kan ogs\u00e5 h\u00e6mme dannelsen af nyt melanin og reducere dets oxidation. Glutathion lindrer hudproblemer som chloasma. Den har en fantastisk funktion til at lysne hud og fjerne fregner. I mellemtiden er Glutathion et lille molekyl\u00e6rt peptid. S\u00e5 det kan nemt tr\u00e6nge ind i cellemembranen og blive absorberet af huden, n\u00e5r det p\u00e5f\u00f8res eksternt. Det er en effektiv kosmetisk ingrediens til blegning af hud<br \/>\n2.Anti-oxidation<br \/>\nGlutathiones struktur indeholder en livlig thiolgruppe-SH. S\u00e5 det er let oxideret og dehydrogeneret. De frie radikaler kan reduceres direkte til sure stoffer ved at kombinere thiolgruppen med frie radikaler i kroppen. Derved fremskynder det elimineringen af de frie radikaler; og bek\u00e6mpe skader fra frie radikaler p\u00e5 huden. Samtidig er Glutathion en slags str\u00e5lebeskyttende middel. Det kan g\u00f8re det muligt for str\u00e5ling at producere h\u00f8jaktive frie radikaler i levende organismer gennem direkte og indirekte virkning. Og s\u00e5 kan Glutathion fjerne disse frie radikaler for at opn\u00e5 dens antioxidante virkning.<br \/>\n3.Isoler PM2.5<br \/>\nGlutathion kan isolere skaden af PM2.5 p\u00e5 huden, n\u00e5r den virker p\u00e5 hudoverfladen.&lt; &amp;&gt;<br \/>\n <strong>Glutathion CAS 70-18-8 Anvendelse og referencedosering<\/strong><br \/>\nGlutathion bruges hovedsageligt til blegning af hudplejeprodukter, s\u00e5som serum, ansigtsmaske, emulsion, toner, essens, creme osv.<\/p>\n<table>\n<tbody>\n<tr>\n<td> Produkt<\/td>\n<td> Referencedosering<\/td>\n<\/tr>\n<tr>\n<td> Glutathion 98%<\/td>\n<td> 0,1-0,5 %<\/td>\n<\/tr>\n<\/tbody>\n<\/table>\n<p>Opm\u00e6rksomhed p\u00e5 Glutathion CAS 70-18-8:<br \/>\nGlutathion kan ikke bruges sammen med vitamin B12, orotsyre (vitamin B13) i kosmetik, eller det vil for\u00e5rsage hudirritation<\/p>\n<p> <strong>Anvendelse af Glutathion CAS 70 -18-8<\/strong><br \/>\nGSH er den prim\u00e6re aktive tilstand, der tegner sig for omkring 95%; GSSG er omkring 1 % inaktivt;<br \/>\nGSH har kun peptidbindinger, og GSSG indeholder ogs\u00e5 en disulfidbinding;<br \/>\nGSH-bindingsevnen er st\u00e6rkere end GSSG;<br \/>\nGlutathionreduktase katalyserer interkonverteringen mellem GSH og GSSG.&lt;&amp; &gt;Tror, at du skal have en forel\u00f8big forst\u00e5else af glutathion. Lad os g\u00e5 videre.<\/p>\n","protected":false},"excerpt":{"rendered":"<p>Produktnavn: Glutathion<br \/>\nCAS: 70-18-8<br \/>\nMF: C10H17N3O6S<br \/>\nMW: 307.32<br \/>\nEINECS: 200-725-4<br \/>\nMol Fil: 70-18-8.mol<\/p>\n","protected":false},"featured_media":2161,"comment_status":"open","ping_status":"closed","template":"","meta":{"om_disable_all_campaigns":false,"_monsterinsights_skip_tracking":false,"_monsterinsights_sitenote_active":false,"_monsterinsights_sitenote_note":"","_monsterinsights_sitenote_category":0,"site-sidebar-layout":"default","site-content-layout":"default","ast-site-content-layout":"default","site-content-style":"default","site-sidebar-style":"default","ast-global-header-display":"","ast-banner-title-visibility":"","ast-main-header-display":"","ast-hfb-above-header-display":"","ast-hfb-below-header-display":"","ast-hfb-mobile-header-display":"","site-post-title":"","ast-breadcrumbs-content":"","ast-featured-img":"","footer-sml-layout":"","ast-disable-related-posts":"","theme-transparent-header-meta":"default","adv-header-id-meta":"","stick-header-meta":"","header-above-stick-meta":"","header-main-stick-meta":"","header-below-stick-meta":"","astra-migrate-meta-layouts":"default","ast-page-background-enabled":"default","ast-page-background-meta":{"desktop":{"background-color":"","background-image":"","background-repeat":"repeat","background-position":"center center","background-size":"auto","background-attachment":"scroll","background-type":"","background-media":"","overlay-type":"","overlay-color":"","overlay-opacity":"","overlay-gradient":""},"tablet":{"background-color":"","background-image":"","background-repeat":"repeat","background-position":"center center","background-size":"auto","background-attachment":"scroll","background-type":"","background-media":"","overlay-type":"","overlay-color":"","overlay-opacity":"","overlay-gradient":""},"mobile":{"background-color":"","background-image":"","background-repeat":"repeat","background-position":"center center","background-size":"auto","background-attachment":"scroll","background-type":"","background-media":"","overlay-type":"","overlay-color":"","overlay-opacity":"","overlay-gradient":""}},"ast-content-background-meta":{"desktop":{"background-color":"var(--ast-global-color-5)","background-image":"","background-repeat":"repeat","background-position":"center center","background-size":"auto","background-attachment":"scroll","background-type":"","background-media":"","overlay-type":"","overlay-color":"","overlay-opacity":"","overlay-gradient":""},"tablet":{"background-color":"var(--ast-global-color-5)","background-image":"","background-repeat":"repeat","background-position":"center center","background-size":"auto","background-attachment":"scroll","background-type":"","background-media":"","overlay-type":"","overlay-color":"","overlay-opacity":"","overlay-gradient":""},"mobile":{"background-color":"var(--ast-global-color-5)","background-image":"","background-repeat":"repeat","background-position":"center center","background-size":"auto","background-attachment":"scroll","background-type":"","background-media":"","overlay-type":"","overlay-color":"","overlay-opacity":"","overlay-gradient":""}}},"product_brand":[],"product_cat":[566],"product_tag":[2968],"class_list":{"0":"post-6841","1":"product","2":"type-product","3":"status-publish","4":"has-post-thumbnail","6":"product_cat-whitening-peptide-da","7":"product_tag-glutathione-powder-cas-70-18-8-for-nutrient-supplements-skin-whitening-reduced-glutathione-powder-l-glutathione-da","8":"desktop-align-left","9":"tablet-align-left","10":"mobile-align-left","12":"first","13":"instock","14":"shipping-taxable","15":"product-type-simple"},"_links":{"self":[{"href":"https:\/\/puyapeptide.net\/da\/wp-json\/wp\/v2\/product\/6841","targetHints":{"allow":["GET"]}}],"collection":[{"href":"https:\/\/puyapeptide.net\/da\/wp-json\/wp\/v2\/product"}],"about":[{"href":"https:\/\/puyapeptide.net\/da\/wp-json\/wp\/v2\/types\/product"}],"replies":[{"embeddable":true,"href":"https:\/\/puyapeptide.net\/da\/wp-json\/wp\/v2\/comments?post=6841"}],"wp:featuredmedia":[{"embeddable":true,"href":"https:\/\/puyapeptide.net\/da\/wp-json\/wp\/v2\/media\/2161"}],"wp:attachment":[{"href":"https:\/\/puyapeptide.net\/da\/wp-json\/wp\/v2\/media?parent=6841"}],"wp:term":[{"taxonomy":"product_brand","embeddable":true,"href":"https:\/\/puyapeptide.net\/da\/wp-json\/wp\/v2\/product_brand?post=6841"},{"taxonomy":"product_cat","embeddable":true,"href":"https:\/\/puyapeptide.net\/da\/wp-json\/wp\/v2\/product_cat?post=6841"},{"taxonomy":"product_tag","embeddable":true,"href":"https:\/\/puyapeptide.net\/da\/wp-json\/wp\/v2\/product_tag?post=6841"}],"curies":[{"name":"wp","href":"https:\/\/api.w.org\/{rel}","templated":true}]}}