{"id":6854,"date":"2021-12-16T06:08:23","date_gmt":"2021-12-16T11:08:23","guid":{"rendered":"https:\/\/puyapeptide.net\/product\/nonapeptide-1-melitane-cas-158563-45-2-er-et-hudlysende-peptid\/"},"modified":"2021-12-16T06:08:23","modified_gmt":"2021-12-16T11:08:23","slug":"nonapeptide-1-melitane-cas-158563-45-2-er-et-hudlysende-peptid","status":"publish","type":"product","link":"https:\/\/puyapeptide.net\/da\/product\/nonapeptide-1-melitane-cas-158563-45-2-er-et-hudlysende-peptid\/","title":{"rendered":"Nonapeptide-1\/Melitane CAS 158563-45-2 er et hudlysende peptid"},"content":{"rendered":"<h2><strong>Nonapeptide-1\/Melitane CAS 158563-45-2 er et hudlysende peptid<\/strong><\/h2>\n<p>Produktnavn: Nonapeptid-1<br \/>\nSynonymer: L-Methionyl-L-prolyl-D-phenylalanyl-L-arginyl-D-tryptophyl-L-phenylalanyl-L-lysyl-L-prolyl-L-valinamid; Melanostatine-5; Melanostatine-5(nonpeptid-1);melanostatin;Met-Pro-D-Phe-Arg-D-Trp-Phe-Lys-Pro-Val-NH2;Melitane \/ Nonapeptide-1; Nonapeptide-1, Melanostatin -5, Melanostatine;Melitan<br \/>\nCAS: 158563-45-2<br \/>\nMF: C61H87N15O9S<br \/>\nMW: 1206.5<br \/>\nEINECS:<br \/>\nProduktkategorier:<br \/>\nMol Fil: 158563-45-2 .mol<\/p>\n<p>Nonapeptide-1, ogs\u00e5 kendt som Meritide, er et hvidg\u00f8rende ikke-peptid, der indeholder ni aminosyrer. Det bruges hovedsageligt til at blege og lysne huden og fjerne pletter. Ved at h\u00e6mme MSH (melanotropin), reducere melaninproduktionen og forhindre overdreven melaninproduktion.<br \/>\nNonapeptide-1 er et hudlysende peptid, afledt af det melanocytstimulerende hormon (MSH) ). Det forhindrer aktiviteten af tyrosin i melanocytterne, h\u00e6mmer melaninsyntesen og hj\u00e6lper med at udj\u00e6vne din hudtone ved at mindske hyperpigmentering. Denne proces reducerer dannelsen af u\u00f8nsket pigmentering, hvilket giver mulighed for kontrol over hudfarve og brune pletter.<\/p>\n<p> <strong>Funktion af Nonapeptide-1\/Melitane CAS 158563-45-2<\/strong><br \/>\n1. Nonapeptid-1 Blokerer bindingen af \u03b1-MSH med dets receptor MC1R p\u00e5 cellemembranen af melanocyt. Den successive melaninproducerende proces stoppes.<br \/>\n2. Et blegemiddel, der virker p\u00e5 det allerf\u00f8rste stadie af hudens m\u00f8rkl\u00e6gningsmekanisme. Meget effektiv.<br \/>\n3. Nonapeptide-1 Forhindrer yderligere aktivering af tyrosinase og blokerer dermed melaninsyntesen for bedre kontrol over hudfarve og brune pletter.<br \/>\n4. Nonapeptide-1 Forhindrer hyperproduktion af melanin<br \/>\n5. Whitening aktivitet bevist p\u00e5 asiatisk hud<\/p>\n<p> <strong>Anvendelse Nonapeptide-1\/ Melitane CAS 158563-45-2<\/strong><br \/>\nSkin Radiance \/ Skin Lightening-whitening \/ Anti-m\u00f8rke plet<\/p>\n","protected":false},"excerpt":{"rendered":"<p>Produktnavn: Nonapeptide-1<br \/>\nCAS: 158563-45-2<br \/>\nMF: C61H87N15O9S<br \/>\nMW: 1206,5<br \/>\nMol Fil: 158563-45-2.mol<\/p>\n","protected":false},"featured_media":2098,"comment_status":"open","ping_status":"closed","template":"","meta":{"om_disable_all_campaigns":false,"_monsterinsights_skip_tracking":false,"_monsterinsights_sitenote_active":false,"_monsterinsights_sitenote_note":"","_monsterinsights_sitenote_category":0,"site-sidebar-layout":"default","site-content-layout":"default","ast-site-content-layout":"default","site-content-style":"default","site-sidebar-style":"default","ast-global-header-display":"","ast-banner-title-visibility":"","ast-main-header-display":"","ast-hfb-above-header-display":"","ast-hfb-below-header-display":"","ast-hfb-mobile-header-display":"","site-post-title":"","ast-breadcrumbs-content":"","ast-featured-img":"","footer-sml-layout":"","ast-disable-related-posts":"","theme-transparent-header-meta":"default","adv-header-id-meta":"","stick-header-meta":"","header-above-stick-meta":"","header-main-stick-meta":"","header-below-stick-meta":"","astra-migrate-meta-layouts":"default","ast-page-background-enabled":"default","ast-page-background-meta":{"desktop":{"background-color":"","background-image":"","background-repeat":"repeat","background-position":"center center","background-size":"auto","background-attachment":"scroll","background-type":"","background-media":"","overlay-type":"","overlay-color":"","overlay-opacity":"","overlay-gradient":""},"tablet":{"background-color":"","background-image":"","background-repeat":"repeat","background-position":"center center","background-size":"auto","background-attachment":"scroll","background-type":"","background-media":"","overlay-type":"","overlay-color":"","overlay-opacity":"","overlay-gradient":""},"mobile":{"background-color":"","background-image":"","background-repeat":"repeat","background-position":"center center","background-size":"auto","background-attachment":"scroll","background-type":"","background-media":"","overlay-type":"","overlay-color":"","overlay-opacity":"","overlay-gradient":""}},"ast-content-background-meta":{"desktop":{"background-color":"var(--ast-global-color-5)","background-image":"","background-repeat":"repeat","background-position":"center center","background-size":"auto","background-attachment":"scroll","background-type":"","background-media":"","overlay-type":"","overlay-color":"","overlay-opacity":"","overlay-gradient":""},"tablet":{"background-color":"var(--ast-global-color-5)","background-image":"","background-repeat":"repeat","background-position":"center center","background-size":"auto","background-attachment":"scroll","background-type":"","background-media":"","overlay-type":"","overlay-color":"","overlay-opacity":"","overlay-gradient":""},"mobile":{"background-color":"var(--ast-global-color-5)","background-image":"","background-repeat":"repeat","background-position":"center center","background-size":"auto","background-attachment":"scroll","background-type":"","background-media":"","overlay-type":"","overlay-color":"","overlay-opacity":"","overlay-gradient":""}}},"product_brand":[],"product_cat":[566],"product_tag":[2934],"class_list":{"0":"post-6854","1":"product","2":"type-product","3":"status-publish","4":"has-post-thumbnail","6":"product_cat-whitening-peptide-da","7":"product_tag-nonapeptide-1-melitane-cas-158563-45-2-is-a-skin-lightening-peptide-da","8":"desktop-align-left","9":"tablet-align-left","10":"mobile-align-left","12":"first","13":"instock","14":"shipping-taxable","15":"product-type-simple"},"_links":{"self":[{"href":"https:\/\/puyapeptide.net\/da\/wp-json\/wp\/v2\/product\/6854","targetHints":{"allow":["GET"]}}],"collection":[{"href":"https:\/\/puyapeptide.net\/da\/wp-json\/wp\/v2\/product"}],"about":[{"href":"https:\/\/puyapeptide.net\/da\/wp-json\/wp\/v2\/types\/product"}],"replies":[{"embeddable":true,"href":"https:\/\/puyapeptide.net\/da\/wp-json\/wp\/v2\/comments?post=6854"}],"wp:featuredmedia":[{"embeddable":true,"href":"https:\/\/puyapeptide.net\/da\/wp-json\/wp\/v2\/media\/2098"}],"wp:attachment":[{"href":"https:\/\/puyapeptide.net\/da\/wp-json\/wp\/v2\/media?parent=6854"}],"wp:term":[{"taxonomy":"product_brand","embeddable":true,"href":"https:\/\/puyapeptide.net\/da\/wp-json\/wp\/v2\/product_brand?post=6854"},{"taxonomy":"product_cat","embeddable":true,"href":"https:\/\/puyapeptide.net\/da\/wp-json\/wp\/v2\/product_cat?post=6854"},{"taxonomy":"product_tag","embeddable":true,"href":"https:\/\/puyapeptide.net\/da\/wp-json\/wp\/v2\/product_tag?post=6854"}],"curies":[{"name":"wp","href":"https:\/\/api.w.org\/{rel}","templated":true}]}}