{"id":6928,"date":"2021-12-16T06:11:35","date_gmt":"2021-12-16T11:11:35","guid":{"rendered":"https:\/\/puyapeptide.net\/product\/palmitoyl-dipeptide-7-cas-911813-90-6-er-et-signallignende-peptid-der-fremmer-matrixprotein-og-kollagensyntese\/"},"modified":"2021-12-16T06:11:35","modified_gmt":"2021-12-16T11:11:35","slug":"palmitoyl-dipeptide-7-cas-911813-90-6-er-et-signallignende-peptid-der-fremmer-matrixprotein-og-kollagensyntese","status":"publish","type":"product","link":"https:\/\/puyapeptide.net\/da\/product\/palmitoyl-dipeptide-7-cas-911813-90-6-er-et-signallignende-peptid-der-fremmer-matrixprotein-og-kollagensyntese\/","title":{"rendered":"Palmitoyl dipeptide-7 CAS 911813-90-6 er et signallignende peptid, der fremmer matrixprotein og kollagensyntese"},"content":{"rendered":"<h2><strong>Palmitoyl dipeptide-7 CAS 911813-90-6 er et signallignende peptid, der fremmer matrixprotein og kollagensyntese<\/strong><\/h2>\n<p>Produktnavn: Palmitoyldipeptid-7\/(2S,3R)-2-[[(2S)-6-amino-2-(hexadecanoylamino)hexanoyl]amino]-3-hydroxybutansyre<br \/>\nSynonymer: Palmitoyldipeptid -7;PAL-KT;(2S,3R)-2-[[(2S)-6-amino-2-(hexadecanoylamino)hexanoyl]amino]-3-hydroxybutansyre;Palmitoyl Dipeptide-7 palestrina<br \/>\nCAS: 911813-90-6<br \/>\nMF: C26H51N3O5<br \/>\nMW: 485,7<br \/>\nEINECS:<br \/>\nProduktkategorier:<br \/>\nMol Fil: 911813-90-6.mol<\/p>\n<p>Palmitoyldipeptid- 7 er et signallignende peptid, der fremmer matrixproteiner, fremmer kollagensyntese og kan ogs\u00e5 \u00f8ge produktionen af elastin, hyaluronsyre, glycosaminoglycan og fibronectin. Det fremmer kollagensyntesen ved at \u00f8ge stromal celleaktivitet, hvilket f\u00e5r huden til at se mere elastisk og ungdommelig ud.<\/p>\n<p>Palmitoyl Dipeptide-7 er et af de korteste peptider. N\u00e5r det blev testet med humane hud\u00e6kvivalenter, viste det sig at \u00f8ge differentieringen af epidermis, basalmembranzonen og dermale fibroblaster. Inden for dermale fibroblaster \u00f8gede Palmitoyl Dipeptide-7 kollagen I, kollagen IV og fibronectin. Anvendelse af peptider til topisk applikation er begr\u00e6nset af aminosyrek\u00e6dernes ioniske natur. Dette kan dog omg\u00e5s gennem inkorporering af et lipofilt derivat, s\u00e5som palmitoyl.<\/p>\n<p> <strong>Funktion af Palmitoyl dipeptid-7 CAS 911813 -90-6<\/strong><br \/>\nAnti-aldring; kosmetiske peptider<\/p>\n","protected":false},"excerpt":{"rendered":"<p>Produktnavn: Palmitoyldipeptid-7\/(2S,3R)-2-[[(2S)-6-amino-2-(hexadecanoylamino)hexanoyl]amino]-3-hydroxybutansyre<br \/>\nCAS: 911813-90-6<br \/>\nMF: C26H51N3O5<br \/>\nMW: 485,7<br \/>\nMol Fil: 911813-90-6.mol<\/p>\n","protected":false},"featured_media":2287,"comment_status":"open","ping_status":"closed","template":"","meta":{"om_disable_all_campaigns":false,"_monsterinsights_skip_tracking":false,"_monsterinsights_sitenote_active":false,"_monsterinsights_sitenote_note":"","_monsterinsights_sitenote_category":0,"site-sidebar-layout":"default","site-content-layout":"default","ast-site-content-layout":"default","site-content-style":"default","site-sidebar-style":"default","ast-global-header-display":"","ast-banner-title-visibility":"","ast-main-header-display":"","ast-hfb-above-header-display":"","ast-hfb-below-header-display":"","ast-hfb-mobile-header-display":"","site-post-title":"","ast-breadcrumbs-content":"","ast-featured-img":"","footer-sml-layout":"","ast-disable-related-posts":"","theme-transparent-header-meta":"default","adv-header-id-meta":"","stick-header-meta":"","header-above-stick-meta":"","header-main-stick-meta":"","header-below-stick-meta":"","astra-migrate-meta-layouts":"default","ast-page-background-enabled":"default","ast-page-background-meta":{"desktop":{"background-color":"","background-image":"","background-repeat":"repeat","background-position":"center center","background-size":"auto","background-attachment":"scroll","background-type":"","background-media":"","overlay-type":"","overlay-color":"","overlay-opacity":"","overlay-gradient":""},"tablet":{"background-color":"","background-image":"","background-repeat":"repeat","background-position":"center center","background-size":"auto","background-attachment":"scroll","background-type":"","background-media":"","overlay-type":"","overlay-color":"","overlay-opacity":"","overlay-gradient":""},"mobile":{"background-color":"","background-image":"","background-repeat":"repeat","background-position":"center center","background-size":"auto","background-attachment":"scroll","background-type":"","background-media":"","overlay-type":"","overlay-color":"","overlay-opacity":"","overlay-gradient":""}},"ast-content-background-meta":{"desktop":{"background-color":"var(--ast-global-color-5)","background-image":"","background-repeat":"repeat","background-position":"center center","background-size":"auto","background-attachment":"scroll","background-type":"","background-media":"","overlay-type":"","overlay-color":"","overlay-opacity":"","overlay-gradient":""},"tablet":{"background-color":"var(--ast-global-color-5)","background-image":"","background-repeat":"repeat","background-position":"center center","background-size":"auto","background-attachment":"scroll","background-type":"","background-media":"","overlay-type":"","overlay-color":"","overlay-opacity":"","overlay-gradient":""},"mobile":{"background-color":"var(--ast-global-color-5)","background-image":"","background-repeat":"repeat","background-position":"center center","background-size":"auto","background-attachment":"scroll","background-type":"","background-media":"","overlay-type":"","overlay-color":"","overlay-opacity":"","overlay-gradient":""}}},"product_brand":[],"product_cat":[537],"product_tag":[2880],"class_list":{"0":"post-6928","1":"product","2":"type-product","3":"status-publish","4":"has-post-thumbnail","6":"product_cat-anti-rynke-og-anti-aging-peptid","7":"product_tag-palmitoyl-dipeptide-7-cas-911813-90-6-is-a-signal-like-peptide-that-promotes-matrix-protein-and-collagen-synthesis-da","8":"desktop-align-left","9":"tablet-align-left","10":"mobile-align-left","12":"first","13":"instock","14":"shipping-taxable","15":"product-type-simple"},"_links":{"self":[{"href":"https:\/\/puyapeptide.net\/da\/wp-json\/wp\/v2\/product\/6928","targetHints":{"allow":["GET"]}}],"collection":[{"href":"https:\/\/puyapeptide.net\/da\/wp-json\/wp\/v2\/product"}],"about":[{"href":"https:\/\/puyapeptide.net\/da\/wp-json\/wp\/v2\/types\/product"}],"replies":[{"embeddable":true,"href":"https:\/\/puyapeptide.net\/da\/wp-json\/wp\/v2\/comments?post=6928"}],"wp:featuredmedia":[{"embeddable":true,"href":"https:\/\/puyapeptide.net\/da\/wp-json\/wp\/v2\/media\/2287"}],"wp:attachment":[{"href":"https:\/\/puyapeptide.net\/da\/wp-json\/wp\/v2\/media?parent=6928"}],"wp:term":[{"taxonomy":"product_brand","embeddable":true,"href":"https:\/\/puyapeptide.net\/da\/wp-json\/wp\/v2\/product_brand?post=6928"},{"taxonomy":"product_cat","embeddable":true,"href":"https:\/\/puyapeptide.net\/da\/wp-json\/wp\/v2\/product_cat?post=6928"},{"taxonomy":"product_tag","embeddable":true,"href":"https:\/\/puyapeptide.net\/da\/wp-json\/wp\/v2\/product_tag?post=6928"}],"curies":[{"name":"wp","href":"https:\/\/api.w.org\/{rel}","templated":true}]}}