{"id":6943,"date":"2021-12-16T06:33:59","date_gmt":"2021-12-16T11:33:59","guid":{"rendered":"https:\/\/puyapeptide.net\/product\/tripeptide-29-collagen-tripeptide-h-gly-pro-hyp-oh-cas-2239-67-0-er-en-effektiv-anti-rynke-kosmetisk-ingrediens\/"},"modified":"2021-12-16T06:33:59","modified_gmt":"2021-12-16T11:33:59","slug":"tripeptide-29-collagen-tripeptide-h-gly-pro-hyp-oh-cas-2239-67-0-er-en-effektiv-anti-rynke-kosmetisk-ingrediens","status":"publish","type":"product","link":"https:\/\/puyapeptide.net\/da\/product\/tripeptide-29-collagen-tripeptide-h-gly-pro-hyp-oh-cas-2239-67-0-er-en-effektiv-anti-rynke-kosmetisk-ingrediens\/","title":{"rendered":"Tripeptide-29\/Collagen Tripeptide\/H-Gly-Pro-Hyp-OH CAS 2239-67-0 er en effektiv anti-rynke kosmetisk ingrediens"},"content":{"rendered":"<h2><strong>Tripeptide-29\/Collagen Tripeptide\/H-Gly-Pro-Hyp-OH CAS 2239-67-0 er en effektiv anti-rynke kosmetisk ingrediens<\/strong><\/h2>\n<p>Produktnavn: Tripeptid-29\/Collagen Tripeptid\/H-Gly-Pro-Hyp-OH<br \/>\nSynonymer: (2S,4R)-1-((S)-1-(2-aMinoacetyl)pyrrolidin-2 -carbonyl)-4-hydroxypyrrolidin-2-carboxylsyre;Gly-Pro-Hyp;Tripeptide-29;CollagenTripeptid;GLY-PRO-HYDROXY-PRO;H-GLY-PRO-HYP-OH;gly-pro-hydroxy-pro W\/ca.*6% isopropanol;Glycylprolylhydroxyprolin<br \/>\nCAS: 2239-67-0<br \/>\nMF: C12H19N3O5<br \/>\nMW: 285,3<br \/>\nEINECS: 207-843-5<br \/>\nProduktkategorier: &lt;&amp; &gt;Mol Fil: 2239-67-0.mol<\/p>\n<p>Tripeptid-29 kan \u00f8ge kollagensyntesen betydeligt og reparere huden. Den er ideel til anti-aging hudplejeapplikationer, hvor man \u00f8nsker at fremme rynkereduktion, opstrammende og plumpende fordele.<\/p>\n<p>Collagen Tripeptide (CTP) er den mindste strukturelle enhed af kollagen fremstillet af svinehud og fiskehud ved hj\u00e6lp af avanceret bioteknologi. teknologi. Det er en slags kollagen, der indeholder glycin, valin (eller hydroxyprolin). Plus et andet aminosyretripeptid. Enkelt sagt bruger kollagentripeptider faktisk avancerede bioteknologiske teknikker til at opsnappe store kollagenmolekyler, der er nyttige for huden. Dens struktur kan simpelthen udtrykkes som Gly-xy. Dens gennemsnitlige molekylv\u00e6gt er 280 Dalton. Da molekylv\u00e6gten af kollagentripeptider er lille, kan de absorberes fuldt ud af kroppen. Samtidig kan kollagentripeptider ogs\u00e5 effektivt tr\u00e6nge ind i stratum corneum, dermis og h\u00e5rrodsceller.<\/p>\n<p> <strong>Tripeptide-29\/ Collagen Tripeptide\/ H-Gly-Pro-Hyp-OH CAS 2239-67-0 Kemiske egenskaber<\/strong><br \/>\nKogepunkt 629,8\u00b155,0 \u00b0C(Forudsagt)<br \/>\ndensitet 1,493\u00b10,06 g\/cm3(Forudsagt)<br \/>\nopbevaringstemp. -15\u00b0C<br \/>\npka 3,18\u00b10,40(forudsagt)<\/p>\n<p> <strong>Tripeptid-29\/ Collagen Tripeptid\/ H-Gly-Pro-Hyp-OH CAS 2239-67-0 har hovedsageligt f\u00f8lgende hovedfunktioner<\/strong> &lt;&amp; &gt;1.Fugtgivende: Kollagentripeptid indeholder hydrofil naturlig fugtgivende faktor, og den stabile tredobbelte helixstruktur kan kraftigt l\u00e5se fugt og holde huden fugtig og smidig! Kollagen og kollagenpeptider virker fugtgivende. CTP&#39;en indeholder en del med lille molekylv\u00e6gt og en del med stor molekylv\u00e6gt. Derfor har den ikke kun den samme hudplejeeffekt, men er ogs\u00e5 mere stabil og tydelig. En impedansm\u00e5ler blev brugt til at bestemme konduktansv\u00e6rdien for at karakterisere fugtindholdet i stratum corneum. Resultaterne viser, at p\u00e5f\u00f8ring af CTP ikke kun bevarer fugten, men ogs\u00e5 \u00f8ger fugtindholdet, hvilket spiller en rolle for fugtighedsgivende.<\/p>\n<p>2.Ern\u00e6ring: Kollagentripeptider tr\u00e6nger st\u00e6rkere ind i huden end kollagen. Det binder sig til hudens epitelceller gennem stratum corneum, deltager i og forbedrer metabolismen af hudceller, styrker kollagenaktiviteten i huden og opretholder fugten i stratum corneum. Fiberstrukturens integritet forbedrer hudcellernes livsmilj\u00f8 og fremmer metabolismen af hudv\u00e6vet, forbedrer blodcirkulationen og opn\u00e5r form\u00e5let med at n\u00e6re huden.<\/p>\n<p>3.Brightening: Glansen fra huden afh\u00e6nger af fugtindholdet. Kollagentripeptidets gode vandretentionsevne g\u00f8r huden fugtig og blank, og giver en sund gl\u00f8d.<\/p>\n<p>4.Opstrammende: N\u00e5r kollagentripeptidet optages af huden, fyldes det ud mellem hudens dermis , \u00f8ger stramheden af huden, skaber hudsp\u00e6ndinger, krymper porerne, g\u00f8r huden stram og fuld af elasticitet!<\/p>\n<p>5.Anti-rynke: Dermis indeholder et fyldigt kollagenlag og supplerer kollagentripeptidet kan mere effektivt st\u00f8tte hudcellerne, kombinere virkningerne af fugtgivende og h\u00e6mmende rynker og i f\u00e6llesskab opn\u00e5 effekten af at str\u00e6kke ru linjer og fortynde fine linjer!<\/p>\n<p>6.Reparation: Kollagentripeptid kan tr\u00e6nge direkte ind i hudens hud. bundlag, og har god affinitet med det omgivende v\u00e6v. Det kan hj\u00e6lpe celler med at producere kollagen og fremme den normale v\u00e6kst af hudceller.<\/p>\n<p>7.Ern\u00e6ring: Kollagentripeptid er meget gennemtr\u00e6ngeligt for huden og binder sig til hudens epitelceller gennem stratum corneum. Den deltager i og forbedrer stofskiftet af hudceller og styrker kollagenaktiviteten i huden. Det kan opretholde integriteten af stratum corneum vand og fiberstruktur, forbedre hudcellernes livsmilj\u00f8 og fremme hudv\u00e6vsmetabolisme, forbedre blodcirkulationen og opn\u00e5 form\u00e5let med at n\u00e6re huden.<\/p>\n<p>8.Bryst: The unikke hydroxyprolin i kollagen tripeptid har den funktion at stramme bindev\u00e6vet, hvilket kan g\u00f8re det l\u00f8se v\u00e6v fast, st\u00f8tte det slap bryst, g\u00f8re brystet oprejst, buttet og elastisk.<\/p>\n","protected":false},"excerpt":{"rendered":"<p>Produktnavn: Tripeptid-29\/ Collagen Tripeptid\/ H-Gly-Pro-Hyp-OH<br \/>\nCAS: 2239-67-0<br \/>\nMF: C12H19N3O5<br \/>\nMW: 285,3<br \/>\nEINECS: 207-843- 5<br \/>\nMol Fil: 2239-67-0.mol<\/p>\n","protected":false},"featured_media":2119,"comment_status":"open","ping_status":"closed","template":"","meta":{"om_disable_all_campaigns":false,"_monsterinsights_skip_tracking":false,"_monsterinsights_sitenote_active":false,"_monsterinsights_sitenote_note":"","_monsterinsights_sitenote_category":0,"site-sidebar-layout":"default","site-content-layout":"default","ast-site-content-layout":"default","site-content-style":"default","site-sidebar-style":"default","ast-global-header-display":"","ast-banner-title-visibility":"","ast-main-header-display":"","ast-hfb-above-header-display":"","ast-hfb-below-header-display":"","ast-hfb-mobile-header-display":"","site-post-title":"","ast-breadcrumbs-content":"","ast-featured-img":"","footer-sml-layout":"","ast-disable-related-posts":"","theme-transparent-header-meta":"default","adv-header-id-meta":"","stick-header-meta":"","header-above-stick-meta":"","header-main-stick-meta":"","header-below-stick-meta":"","astra-migrate-meta-layouts":"default","ast-page-background-enabled":"default","ast-page-background-meta":{"desktop":{"background-color":"","background-image":"","background-repeat":"repeat","background-position":"center center","background-size":"auto","background-attachment":"scroll","background-type":"","background-media":"","overlay-type":"","overlay-color":"","overlay-opacity":"","overlay-gradient":""},"tablet":{"background-color":"","background-image":"","background-repeat":"repeat","background-position":"center center","background-size":"auto","background-attachment":"scroll","background-type":"","background-media":"","overlay-type":"","overlay-color":"","overlay-opacity":"","overlay-gradient":""},"mobile":{"background-color":"","background-image":"","background-repeat":"repeat","background-position":"center center","background-size":"auto","background-attachment":"scroll","background-type":"","background-media":"","overlay-type":"","overlay-color":"","overlay-opacity":"","overlay-gradient":""}},"ast-content-background-meta":{"desktop":{"background-color":"var(--ast-global-color-5)","background-image":"","background-repeat":"repeat","background-position":"center center","background-size":"auto","background-attachment":"scroll","background-type":"","background-media":"","overlay-type":"","overlay-color":"","overlay-opacity":"","overlay-gradient":""},"tablet":{"background-color":"var(--ast-global-color-5)","background-image":"","background-repeat":"repeat","background-position":"center center","background-size":"auto","background-attachment":"scroll","background-type":"","background-media":"","overlay-type":"","overlay-color":"","overlay-opacity":"","overlay-gradient":""},"mobile":{"background-color":"var(--ast-global-color-5)","background-image":"","background-repeat":"repeat","background-position":"center center","background-size":"auto","background-attachment":"scroll","background-type":"","background-media":"","overlay-type":"","overlay-color":"","overlay-opacity":"","overlay-gradient":""}}},"product_brand":[],"product_cat":[537],"product_tag":[2847],"class_list":{"0":"post-6943","1":"product","2":"type-product","3":"status-publish","4":"has-post-thumbnail","6":"product_cat-anti-rynke-og-anti-aging-peptid","7":"product_tag-tripeptide-29-collagen-tripeptide-h-gly-pro-hyp-oh-cas-2239-67-0-is-an-effective-anti-wrinkle-cosmetic-ingredient-da","8":"desktop-align-left","9":"tablet-align-left","10":"mobile-align-left","12":"first","13":"instock","14":"shipping-taxable","15":"product-type-simple"},"_links":{"self":[{"href":"https:\/\/puyapeptide.net\/da\/wp-json\/wp\/v2\/product\/6943","targetHints":{"allow":["GET"]}}],"collection":[{"href":"https:\/\/puyapeptide.net\/da\/wp-json\/wp\/v2\/product"}],"about":[{"href":"https:\/\/puyapeptide.net\/da\/wp-json\/wp\/v2\/types\/product"}],"replies":[{"embeddable":true,"href":"https:\/\/puyapeptide.net\/da\/wp-json\/wp\/v2\/comments?post=6943"}],"wp:featuredmedia":[{"embeddable":true,"href":"https:\/\/puyapeptide.net\/da\/wp-json\/wp\/v2\/media\/2119"}],"wp:attachment":[{"href":"https:\/\/puyapeptide.net\/da\/wp-json\/wp\/v2\/media?parent=6943"}],"wp:term":[{"taxonomy":"product_brand","embeddable":true,"href":"https:\/\/puyapeptide.net\/da\/wp-json\/wp\/v2\/product_brand?post=6943"},{"taxonomy":"product_cat","embeddable":true,"href":"https:\/\/puyapeptide.net\/da\/wp-json\/wp\/v2\/product_cat?post=6943"},{"taxonomy":"product_tag","embeddable":true,"href":"https:\/\/puyapeptide.net\/da\/wp-json\/wp\/v2\/product_tag?post=6943"}],"curies":[{"name":"wp","href":"https:\/\/api.w.org\/{rel}","templated":true}]}}