{"id":7021,"date":"2021-12-16T06:39:40","date_gmt":"2021-12-16T11:39:40","guid":{"rendered":"https:\/\/puyapeptide.net\/product\/hexapeptide-9-cleatid-cas-1228371-11-6-det-er-et-meget-stabilt-kollagenpeptid\/"},"modified":"2021-12-18T02:29:51","modified_gmt":"2021-12-18T07:29:51","slug":"hexapeptide-9-cleatid-cas-1228371-11-6-det-er-et-meget-stabilt-kollagenpeptid","status":"publish","type":"product","link":"https:\/\/puyapeptide.net\/da\/product\/hexapeptide-9-cleatid-cas-1228371-11-6-det-er-et-meget-stabilt-kollagenpeptid\/","title":{"rendered":"Hexapeptide-9\/ Cleatid CAS 1228371-11-6 Det er et meget stabilt kollagenpeptid"},"content":{"rendered":"<h2><strong>Hexapeptide-9\/ Cleatid CAS 1228371-11-6 Det er et meget stabilt kollagenpeptid<\/strong><\/h2>\n<p>Produktnavn: Hexapeptide 9<br \/>\nSynonymer: Collaxyl; Hexapeptide 9; Collaxyl III \/ Hexapeptide-9; Hexapeptide-9\/collaxyl; Hexapeptide-9 (Cleatid); Hexapeptide 9 fandachem; Hexapeptide\/9 peptide pulver; EP\/BP<br \/>\nCAS: 1228371-11-6<br \/>\nMF:<br \/>\nMW: 0<br \/>\nEINECS:<br \/>\nProduktkategorier:<br \/>\nMol-fil: Mol-fil<\/p>\n<p>Hexapeptide -9 er et peptid, som i en n\u00f8ddeskal tvinger huden til at hele sig selv. Det spiller rollen som en budbringer, der hurtigt udl\u00f8ser huden til regenerering af dens beskadigede celler.<br \/>\nDer var et eksperiment udf\u00f8rt af skaberne af Hexapeptide-9 p\u00e5 et D\u00d8DT stykke hud. De fl\u00e5ede huden for at simulere skaden p\u00e5 cellerne under en skade som gentagne acneudbrud.<br \/>\nForskerne p\u00e5f\u00f8rte Hexapeptide-9 1 gang og efterlod det p\u00e5 den d\u00f8de hud i 72 timer. Dette er billedet fra eksperimentet set gennem et mikroskop. Husk, dette var p\u00e5 d\u00f8d hud, s\u00e5 forestil dig godt, at det kan virke p\u00e5 levende hud.<\/p>\n<p>Hexapeptide-9 kan v\u00e6re sammensat af seks aminosyrer og er et meget stabilt kollagenpeptid. Strukturen af dette peptid er til stede i strukturen af b\u00e5de kollagen IV og XII (to centrale basalmembrankollagener) i den menneskelige krop. Hexapeptide-9Chemicalbook udviser omfattende og betydelig anti-rynke reparerende effekt p\u00e5 grund af denne struktur og har en meget ejendommelig effekt p\u00e5 reparation af acnem\u00e6rker. Derudover har hexapeptid-9 ogs\u00e5 en betydelig kosmetisk effekt til at fjerne \u00f8jenrynker og kraget\u00e6er omkring \u00f8jnene.<\/p>\n<p> <strong>Funktion og anvendelse af Hexapeptide-9\/ Cleatide CAS 1228371-11-6<\/strong><br \/>\n1\u3001For\u00f8gelse type I kollagen<br \/>\n2\u3001For\u00f8g type IV kollagen<br \/>\n3\u3001For\u00f8g laminin-5<br \/>\n4\u3001For\u00f8g integrin<br \/>\n5\u3001Fremme differentiering og modning af epidermale celler<br \/>\n6\u3001Fremme hudregenerering &lt;&amp; &gt;7\u3001Reducer rynker<\/p>\n<p> <strong>Hexapeptide-9\/ Cleatid CAS 1228371-11-6 Fordele<\/strong><br \/>\n1.Hexapeptide-9 har en betydelig rynkereducerende effekt.<br \/>\n2.Hexapeptide-9 har hud reparerende effekt.<\/p>\n<p>Videnskaben har bevist, at peptider kan hj\u00e6lpe med at h\u00e5ndtere rynker i din hud og vende \u00e6ldningstegnene.<br \/>\nMenneskelig hud best\u00e5r hovedsageligt af kollagen. Kollagen er et protein, der best\u00e5r af lange segmenter af aminosyrer arrangeret som en k\u00e6de. Kollagen giver et fundament og en tykkelse til huden.<br \/>\nKvinder under 30 har rigeligt med kollagen, hvilket resulterer i glat, stram hud.<br \/>\nResten af os har mindre kollagen &#8211; huden har en tendens til at v\u00e6re tyndere og afsl\u00f8re flere rynker.&lt;&amp; &gt;N\u00e5r kollagen nedbrydes, dannes korte segmenter af aminosyrer. Disse er de sm\u00e5 proteiner og aktive molekyler kendt som peptider. Peptider i hudpleje kan give betydelige anti-aging fordele.<\/p>\n","protected":false},"excerpt":{"rendered":"<p>Produktnavn: Hexapeptide 9<br \/>\nCAS: 1228371-11-6<br \/>\nMol Fil: Mol Fil<\/p>\n","protected":false},"featured_media":2098,"comment_status":"open","ping_status":"closed","template":"","meta":{"om_disable_all_campaigns":false,"_monsterinsights_skip_tracking":false,"_monsterinsights_sitenote_active":false,"_monsterinsights_sitenote_note":"","_monsterinsights_sitenote_category":0,"site-sidebar-layout":"default","site-content-layout":"default","ast-site-content-layout":"default","site-content-style":"default","site-sidebar-style":"default","ast-global-header-display":"","ast-banner-title-visibility":"","ast-main-header-display":"","ast-hfb-above-header-display":"","ast-hfb-below-header-display":"","ast-hfb-mobile-header-display":"","site-post-title":"","ast-breadcrumbs-content":"","ast-featured-img":"","footer-sml-layout":"","ast-disable-related-posts":"","theme-transparent-header-meta":"default","adv-header-id-meta":"","stick-header-meta":"","header-above-stick-meta":"","header-main-stick-meta":"","header-below-stick-meta":"","astra-migrate-meta-layouts":"default","ast-page-background-enabled":"default","ast-page-background-meta":{"desktop":{"background-color":"","background-image":"","background-repeat":"repeat","background-position":"center center","background-size":"auto","background-attachment":"scroll","background-type":"","background-media":"","overlay-type":"","overlay-color":"","overlay-opacity":"","overlay-gradient":""},"tablet":{"background-color":"","background-image":"","background-repeat":"repeat","background-position":"center center","background-size":"auto","background-attachment":"scroll","background-type":"","background-media":"","overlay-type":"","overlay-color":"","overlay-opacity":"","overlay-gradient":""},"mobile":{"background-color":"","background-image":"","background-repeat":"repeat","background-position":"center center","background-size":"auto","background-attachment":"scroll","background-type":"","background-media":"","overlay-type":"","overlay-color":"","overlay-opacity":"","overlay-gradient":""}},"ast-content-background-meta":{"desktop":{"background-color":"var(--ast-global-color-5)","background-image":"","background-repeat":"repeat","background-position":"center center","background-size":"auto","background-attachment":"scroll","background-type":"","background-media":"","overlay-type":"","overlay-color":"","overlay-opacity":"","overlay-gradient":""},"tablet":{"background-color":"var(--ast-global-color-5)","background-image":"","background-repeat":"repeat","background-position":"center center","background-size":"auto","background-attachment":"scroll","background-type":"","background-media":"","overlay-type":"","overlay-color":"","overlay-opacity":"","overlay-gradient":""},"mobile":{"background-color":"var(--ast-global-color-5)","background-image":"","background-repeat":"repeat","background-position":"center center","background-size":"auto","background-attachment":"scroll","background-type":"","background-media":"","overlay-type":"","overlay-color":"","overlay-opacity":"","overlay-gradient":""}}},"product_brand":[],"product_cat":[537],"product_tag":[2727],"class_list":{"0":"post-7021","1":"product","2":"type-product","3":"status-publish","4":"has-post-thumbnail","6":"product_cat-anti-rynke-og-anti-aging-peptid","7":"product_tag-hexapeptide-9-cleatide-cas-1228371-11-6-it-is-a-very-stable-collagen-peptide-da","8":"desktop-align-left","9":"tablet-align-left","10":"mobile-align-left","12":"first","13":"instock","14":"shipping-taxable","15":"product-type-simple"},"_links":{"self":[{"href":"https:\/\/puyapeptide.net\/da\/wp-json\/wp\/v2\/product\/7021","targetHints":{"allow":["GET"]}}],"collection":[{"href":"https:\/\/puyapeptide.net\/da\/wp-json\/wp\/v2\/product"}],"about":[{"href":"https:\/\/puyapeptide.net\/da\/wp-json\/wp\/v2\/types\/product"}],"replies":[{"embeddable":true,"href":"https:\/\/puyapeptide.net\/da\/wp-json\/wp\/v2\/comments?post=7021"}],"wp:featuredmedia":[{"embeddable":true,"href":"https:\/\/puyapeptide.net\/da\/wp-json\/wp\/v2\/media\/2098"}],"wp:attachment":[{"href":"https:\/\/puyapeptide.net\/da\/wp-json\/wp\/v2\/media?parent=7021"}],"wp:term":[{"taxonomy":"product_brand","embeddable":true,"href":"https:\/\/puyapeptide.net\/da\/wp-json\/wp\/v2\/product_brand?post=7021"},{"taxonomy":"product_cat","embeddable":true,"href":"https:\/\/puyapeptide.net\/da\/wp-json\/wp\/v2\/product_cat?post=7021"},{"taxonomy":"product_tag","embeddable":true,"href":"https:\/\/puyapeptide.net\/da\/wp-json\/wp\/v2\/product_tag?post=7021"}],"curies":[{"name":"wp","href":"https:\/\/api.w.org\/{rel}","templated":true}]}}