{"id":7027,"date":"2021-12-16T06:39:41","date_gmt":"2021-12-16T11:39:41","guid":{"rendered":"https:\/\/puyapeptide.net\/product\/palmitoyl-tetrapeptide-3-palmitoyl-tetrapeptide-7-cas-221227-05-0-har-en-betydelig-anti-haevelse-og-anti-inflammatorisk-virkning-paa-oejenlaagene\/"},"modified":"2021-12-16T06:39:41","modified_gmt":"2021-12-16T11:39:41","slug":"palmitoyl-tetrapeptide-3-palmitoyl-tetrapeptide-7-cas-221227-05-0-har-en-betydelig-anti-haevelse-og-anti-inflammatorisk-virkning-paa-oejenlaagene","status":"publish","type":"product","link":"https:\/\/puyapeptide.net\/da\/product\/palmitoyl-tetrapeptide-3-palmitoyl-tetrapeptide-7-cas-221227-05-0-har-en-betydelig-anti-haevelse-og-anti-inflammatorisk-virkning-paa-oejenlaagene\/","title":{"rendered":"Palmitoyl tetrapeptide-3\/ Palmitoyl tetrapeptide-7 CAS 221227-05-0 har en betydelig anti-h\u00e6velse og anti-inflammatorisk virkning p\u00e5 \u00f8jenl\u00e5gene."},"content":{"rendered":"<h2><strong>Palmitoyltetrapeptide-3\/ Palmitoyltetrapeptide-7 CAS 221227-05-0 har betydelig anti-h\u00e6velse og Produktnavn: PALMITOYL TETRAPEPTIDE 3<br \/>\nSynonymer: Matrixyl 3000\/Palmitoyl Tetrapeptide-3;PalmitoylGrigin;PalmitoylGrigin; GQPR;(S)-2-[(S)-1-[(S)-5-amino-5-oxo-2-(2-palmitamidoacetamido)pentanoyl]pyrrolidin-2-carboxamido]-5-[(diaminomethylen) amino]pentansyre;L-arginin, N-(1-oxohexadecyl)glycyl-L-glutaminyl-L-prolyl-;Pal-tetrapeptid-3(7)+ Dipeptide-2;Palmitoyltetrapeptid-7(Pal-GQPR)&lt; &amp;&gt;CAS: 221227-05-0<br \/>\nMF: C34H62N8O7<br \/>\nMW: 694.91<br \/>\nEINECS:<br \/>\nProduktkategorier: BEAUTY PEPTIDES<br \/>\nMol Fil: 221227-05-0.mol<br \/>\n Palmitoyl Tetrapeptide-3 kan undertrykke produktionen af overskydende interleukiner og h\u00e6mmer derfor un\u00f8dvendige uhensigtsm\u00e6ssige inflammatoriske reaktioner og glykeringsskader. Som budbringer-peptid stimulerer palmitoyltetrapeptid-7\/palmitoyltetrapeptid-3 syntesen og udviklingen af kollagen (type I, type II, type IV) og elastin i hudens dermis.<\/p>\n<p> <strong>Palmitoyltetrapeptid-3 \/ Palmitoyl tetrapeptide-7 CAS 221227-05-0 Kemiske egenskaber<\/strong><br \/>\ndensitet 1,26\u00b10,1 g\/cm3(forudsagt)<br \/>\nopbevaringstemp. Inert atmosf\u00e6re, 2-8\u00b0C<br \/>\npka 3,60\u00b10,21(forudsagt)<br \/>\nCAS DataBase Reference 221227-05-0<\/p>\n<p> <strong>Funktion og anvendelse af Palmitoyltetrapeptide-3\/ Palmitoyltetrapeptide-7 CAS 221227 -05-0<\/strong><br \/>\n1.Anti-h\u00e6velse af \u00f8jenl\u00e5g, fjern \u00f8jenposer, anti-inflammation<br \/>\n2.Det kan forbedre fastheden og elasticiteten af huden. Det bruges mest p\u00e5 \u00f8jencremer for at slippe af med \u00f8jenposer<br \/>\n3.Forbedre hudens tolerance over for det ydre milj\u00f8 og \u00f8ge forsvaret mod forurening<br \/>\n4.Fugter, forbedrer lymfecirkulationen, forhindrer tab af elastin<br \/>\n 5.Det hj\u00e6lper med at forebygge og fjerne \u00f8jenposer, mens det opstrammer og regulerer huden til at udglatte rynker.<br \/>\n6.Stimulerer syntesen af kollagen (type I, type II, type IV) og elastin i hudens dermis<\/strong><\/p>\n","protected":false},"excerpt":{"rendered":"<p>Produktnavn: PALMITOYL TETRAPEPTIDE 3<br \/>\nCAS: 221227-05-0<br \/>\nMF: C34H62N8O7<br \/>\nMW: 694.91<br \/>\nMol Fil: 221227-05-0.mol<\/p>\n","protected":false},"featured_media":2161,"comment_status":"open","ping_status":"closed","template":"","meta":{"om_disable_all_campaigns":false,"_monsterinsights_skip_tracking":false,"_monsterinsights_sitenote_active":false,"_monsterinsights_sitenote_note":"","_monsterinsights_sitenote_category":0,"site-sidebar-layout":"default","site-content-layout":"default","ast-site-content-layout":"default","site-content-style":"default","site-sidebar-style":"default","ast-global-header-display":"","ast-banner-title-visibility":"","ast-main-header-display":"","ast-hfb-above-header-display":"","ast-hfb-below-header-display":"","ast-hfb-mobile-header-display":"","site-post-title":"","ast-breadcrumbs-content":"","ast-featured-img":"","footer-sml-layout":"","ast-disable-related-posts":"","theme-transparent-header-meta":"default","adv-header-id-meta":"","stick-header-meta":"","header-above-stick-meta":"","header-main-stick-meta":"","header-below-stick-meta":"","astra-migrate-meta-layouts":"default","ast-page-background-enabled":"default","ast-page-background-meta":{"desktop":{"background-color":"","background-image":"","background-repeat":"repeat","background-position":"center center","background-size":"auto","background-attachment":"scroll","background-type":"","background-media":"","overlay-type":"","overlay-color":"","overlay-opacity":"","overlay-gradient":""},"tablet":{"background-color":"","background-image":"","background-repeat":"repeat","background-position":"center center","background-size":"auto","background-attachment":"scroll","background-type":"","background-media":"","overlay-type":"","overlay-color":"","overlay-opacity":"","overlay-gradient":""},"mobile":{"background-color":"","background-image":"","background-repeat":"repeat","background-position":"center center","background-size":"auto","background-attachment":"scroll","background-type":"","background-media":"","overlay-type":"","overlay-color":"","overlay-opacity":"","overlay-gradient":""}},"ast-content-background-meta":{"desktop":{"background-color":"var(--ast-global-color-5)","background-image":"","background-repeat":"repeat","background-position":"center center","background-size":"auto","background-attachment":"scroll","background-type":"","background-media":"","overlay-type":"","overlay-color":"","overlay-opacity":"","overlay-gradient":""},"tablet":{"background-color":"var(--ast-global-color-5)","background-image":"","background-repeat":"repeat","background-position":"center center","background-size":"auto","background-attachment":"scroll","background-type":"","background-media":"","overlay-type":"","overlay-color":"","overlay-opacity":"","overlay-gradient":""},"mobile":{"background-color":"var(--ast-global-color-5)","background-image":"","background-repeat":"repeat","background-position":"center center","background-size":"auto","background-attachment":"scroll","background-type":"","background-media":"","overlay-type":"","overlay-color":"","overlay-opacity":"","overlay-gradient":""}}},"product_brand":[],"product_cat":[537],"product_tag":[],"class_list":{"0":"post-7027","1":"product","2":"type-product","3":"status-publish","4":"has-post-thumbnail","6":"product_cat-anti-rynke-og-anti-aging-peptid","7":"desktop-align-left","8":"tablet-align-left","9":"mobile-align-left","11":"first","12":"instock","13":"shipping-taxable","14":"product-type-simple"},"_links":{"self":[{"href":"https:\/\/puyapeptide.net\/da\/wp-json\/wp\/v2\/product\/7027","targetHints":{"allow":["GET"]}}],"collection":[{"href":"https:\/\/puyapeptide.net\/da\/wp-json\/wp\/v2\/product"}],"about":[{"href":"https:\/\/puyapeptide.net\/da\/wp-json\/wp\/v2\/types\/product"}],"replies":[{"embeddable":true,"href":"https:\/\/puyapeptide.net\/da\/wp-json\/wp\/v2\/comments?post=7027"}],"wp:featuredmedia":[{"embeddable":true,"href":"https:\/\/puyapeptide.net\/da\/wp-json\/wp\/v2\/media\/2161"}],"wp:attachment":[{"href":"https:\/\/puyapeptide.net\/da\/wp-json\/wp\/v2\/media?parent=7027"}],"wp:term":[{"taxonomy":"product_brand","embeddable":true,"href":"https:\/\/puyapeptide.net\/da\/wp-json\/wp\/v2\/product_brand?post=7027"},{"taxonomy":"product_cat","embeddable":true,"href":"https:\/\/puyapeptide.net\/da\/wp-json\/wp\/v2\/product_cat?post=7027"},{"taxonomy":"product_tag","embeddable":true,"href":"https:\/\/puyapeptide.net\/da\/wp-json\/wp\/v2\/product_tag?post=7027"}],"curies":[{"name":"wp","href":"https:\/\/api.w.org\/{rel}","templated":true}]}}