{"id":7062,"date":"2021-12-16T06:41:16","date_gmt":"2021-12-16T11:41:16","guid":{"rendered":"https:\/\/puyapeptide.net\/product\/acetyldipeptid-1-acetyl-dipeptide-1-cetylester-cas-196604-48-5-kan-forbedre-hudens-naturlige-elasticitet-og-reducere-slap-hud\/"},"modified":"2021-12-16T06:41:16","modified_gmt":"2021-12-16T11:41:16","slug":"acetyldipeptid-1-acetyl-dipeptide-1-cetylester-cas-196604-48-5-kan-forbedre-hudens-naturlige-elasticitet-og-reducere-slap-hud","status":"publish","type":"product","link":"https:\/\/puyapeptide.net\/da\/product\/acetyldipeptid-1-acetyl-dipeptide-1-cetylester-cas-196604-48-5-kan-forbedre-hudens-naturlige-elasticitet-og-reducere-slap-hud\/","title":{"rendered":"Acetyldipeptid-1\/ Acetyl Dipeptide-1 cetylester CAS 196604-48-5 kan forbedre hudens naturlige elasticitet og reducere slap hud"},"content":{"rendered":"<h2><strong>Acetyldipeptid-1\/ Acetyl Dipeptide-1 cetylester CAS 196604-48-5 kan forbedre hudens naturlige elasticitet og reducere slap hud<\/strong><\/h2>\n<p>Produktnavn: Acetyl Dipeptide-1 cetylester<br \/>\nSynonymer: Sensicalmine;Acetyl Dipeptide-1 Cetyl Ester, Sensicalmine, Tyr-Arg;Calmosensine;Calmosensine (kosmetisk ingrediens);Idealift;N-Acetyl-L-tyrosyl- L-arginin hexadecyl ester; Acetyl Dipeptide Cetyl Ester; Ac-Tyr-Arg-O-hexadecyl ester, Acetyl Dipeptide-1 Cetyl Ester<br \/>\nCAS: 196604-48-5<br \/>\nMF: C33H57N5O5<br \/>\nMW: 603,84<br \/>\nEINECS:<br \/>\nProduktkategorier: kosmetisk<br \/>\nMol Fil: 196604-48-5.mol<\/p>\n<p>Acetyl Dipeptide-1 Cetyl Ester er et produkt opn\u00e5et ved kobling af acetylesteren af tyrosin fra Dipeptide-1 (qv) med cetylesteren af arginin fra dipeptid-1.<br \/>\nAnti aging Acetyl Dipeptide-1 Cetyl Ester serum kan forbedre din naturlige hudelasticitet og dermed reducere slap hud. G\u00f8r dit ansigt fastere og strammere, udglatter rynker og bevarer fugten. Det bremser \u00e6ldningsprocessen, bl\u00f8dg\u00f8r, udglatter eksisterende fine linjer, bek\u00e6mper sl\u00e6kkende hud, minimerer porer og styrker huden. Din hud vil fremst\u00e5 glat med en str\u00e5lende, sund gl\u00f8d.<\/p>\n<p> <strong>Acetyl Dipeptide-1 cetylester Kemiske egenskaber<\/strong><br \/>\ndensitet 1,12\u00b10,1 g\/cm3(forudsagt)<br \/>\npka 9,83\u00b10,15(forudsagt)&lt; &amp;&gt;<br \/>\n <strong>Anvendelse af acetyldipeptid-1 cetylester CAS 196604-48-5<\/strong><br \/>\nH\u00e5rkonditioneringsmiddel; Hudkonditionering<br \/>\n1. Udbredt i fugtighedscremer, cremer, ansigtsmasker, \u00f8jencremer og badeprodukter.<br \/>\n2. Brugt sammen med s\u00f8demidler med h\u00f8j s\u00f8dme, s\u00e5som NHDC, kan det g\u00f8re den s\u00f8de smag bl\u00f8dere og opn\u00e5 effekten af at forbedre smagen af mad.<\/p>\n","protected":false},"excerpt":{"rendered":"<p>Produktnavn: Acetyl Dipeptide-1 cetylester<br \/>\nCAS: 196604-48-5<br \/>\nMF: C33H57N5O5<br \/>\nMW: 603.84<br \/>\nMol Fil: 196604-48-5.mol<\/p>\n","protected":false},"featured_media":2203,"comment_status":"open","ping_status":"closed","template":"","meta":{"om_disable_all_campaigns":false,"_monsterinsights_skip_tracking":false,"_monsterinsights_sitenote_active":false,"_monsterinsights_sitenote_note":"","_monsterinsights_sitenote_category":0,"site-sidebar-layout":"default","site-content-layout":"default","ast-site-content-layout":"default","site-content-style":"default","site-sidebar-style":"default","ast-global-header-display":"","ast-banner-title-visibility":"","ast-main-header-display":"","ast-hfb-above-header-display":"","ast-hfb-below-header-display":"","ast-hfb-mobile-header-display":"","site-post-title":"","ast-breadcrumbs-content":"","ast-featured-img":"","footer-sml-layout":"","ast-disable-related-posts":"","theme-transparent-header-meta":"default","adv-header-id-meta":"","stick-header-meta":"","header-above-stick-meta":"","header-main-stick-meta":"","header-below-stick-meta":"","astra-migrate-meta-layouts":"default","ast-page-background-enabled":"default","ast-page-background-meta":{"desktop":{"background-color":"","background-image":"","background-repeat":"repeat","background-position":"center center","background-size":"auto","background-attachment":"scroll","background-type":"","background-media":"","overlay-type":"","overlay-color":"","overlay-opacity":"","overlay-gradient":""},"tablet":{"background-color":"","background-image":"","background-repeat":"repeat","background-position":"center center","background-size":"auto","background-attachment":"scroll","background-type":"","background-media":"","overlay-type":"","overlay-color":"","overlay-opacity":"","overlay-gradient":""},"mobile":{"background-color":"","background-image":"","background-repeat":"repeat","background-position":"center center","background-size":"auto","background-attachment":"scroll","background-type":"","background-media":"","overlay-type":"","overlay-color":"","overlay-opacity":"","overlay-gradient":""}},"ast-content-background-meta":{"desktop":{"background-color":"var(--ast-global-color-5)","background-image":"","background-repeat":"repeat","background-position":"center center","background-size":"auto","background-attachment":"scroll","background-type":"","background-media":"","overlay-type":"","overlay-color":"","overlay-opacity":"","overlay-gradient":""},"tablet":{"background-color":"var(--ast-global-color-5)","background-image":"","background-repeat":"repeat","background-position":"center center","background-size":"auto","background-attachment":"scroll","background-type":"","background-media":"","overlay-type":"","overlay-color":"","overlay-opacity":"","overlay-gradient":""},"mobile":{"background-color":"var(--ast-global-color-5)","background-image":"","background-repeat":"repeat","background-position":"center center","background-size":"auto","background-attachment":"scroll","background-type":"","background-media":"","overlay-type":"","overlay-color":"","overlay-opacity":"","overlay-gradient":""}}},"product_brand":[],"product_cat":[537],"product_tag":[2704],"class_list":{"0":"post-7062","1":"product","2":"type-product","3":"status-publish","4":"has-post-thumbnail","6":"product_cat-anti-rynke-og-anti-aging-peptid","7":"product_tag-acetyl-dipeptide-1-acetyl-dipeptide-1-cetyl-ester-cas-196604-48-5-can-improve-natural-skin-elasticity-and-reduce-sagging-skin-da","8":"desktop-align-left","9":"tablet-align-left","10":"mobile-align-left","12":"first","13":"instock","14":"shipping-taxable","15":"product-type-simple"},"_links":{"self":[{"href":"https:\/\/puyapeptide.net\/da\/wp-json\/wp\/v2\/product\/7062","targetHints":{"allow":["GET"]}}],"collection":[{"href":"https:\/\/puyapeptide.net\/da\/wp-json\/wp\/v2\/product"}],"about":[{"href":"https:\/\/puyapeptide.net\/da\/wp-json\/wp\/v2\/types\/product"}],"replies":[{"embeddable":true,"href":"https:\/\/puyapeptide.net\/da\/wp-json\/wp\/v2\/comments?post=7062"}],"wp:featuredmedia":[{"embeddable":true,"href":"https:\/\/puyapeptide.net\/da\/wp-json\/wp\/v2\/media\/2203"}],"wp:attachment":[{"href":"https:\/\/puyapeptide.net\/da\/wp-json\/wp\/v2\/media?parent=7062"}],"wp:term":[{"taxonomy":"product_brand","embeddable":true,"href":"https:\/\/puyapeptide.net\/da\/wp-json\/wp\/v2\/product_brand?post=7062"},{"taxonomy":"product_cat","embeddable":true,"href":"https:\/\/puyapeptide.net\/da\/wp-json\/wp\/v2\/product_cat?post=7062"},{"taxonomy":"product_tag","embeddable":true,"href":"https:\/\/puyapeptide.net\/da\/wp-json\/wp\/v2\/product_tag?post=7062"}],"curies":[{"name":"wp","href":"https:\/\/api.w.org\/{rel}","templated":true}]}}