{"id":7075,"date":"2021-12-16T06:41:21","date_gmt":"2021-12-16T11:41:21","guid":{"rendered":"https:\/\/puyapeptide.net\/product\/puya-supply-acetyl-pentapeptide-1-kan-forbedre-kollagenprotein-og-elastinprotein\/"},"modified":"2021-12-16T06:41:21","modified_gmt":"2021-12-16T11:41:21","slug":"puya-supply-acetyl-pentapeptide-1-kan-forbedre-kollagenprotein-og-elastinprotein","status":"publish","type":"product","link":"https:\/\/puyapeptide.net\/da\/product\/puya-supply-acetyl-pentapeptide-1-kan-forbedre-kollagenprotein-og-elastinprotein\/","title":{"rendered":"Puya Supply Acetyl Pentapeptide-1 kan forbedre kollagenprotein og elastinprotein"},"content":{"rendered":"<h2><strong>Puya Supply Acetyl Pentapeptide-1 kan forbedre kollagenprotein og elastinprotein<\/strong><\/h2>\n<p>Produktnavn: Acetyl Pentapeptide-1<br \/>\nMolekyl\u00e6r:720<br \/>\nUdseende: hvidt eller r\u00e5hvidt pulver<br \/>\nCOA og MSDS: tilg\u00e6ngelig for din reference<br \/>\nRenhed: 95%<br \/>\nKlasse: kosmetisk<br \/>\nKilde: syntetisk<br \/>\nKapacitet: 300 g pr. m\u00e5ned<br \/>\nUdseende: hvidt pulver<\/p>\n<p>Acetylpentapeptid-1 er en ideel ingrediens til at forbedre hudens fasthed ved at forbedre de naturlige elementer, der form\u00e5r at bevare disse egenskaber i huden, herunder elastin og kollagen. Det kan s\u00e5ledes inkorporeres i opstrammende og anti-aging formuleringer til b\u00e5de ansigts- og kropspleje, hvor hudens sammenh\u00e6ngskraft og modstandsdygtighed \u00f8nsker at blive \u00f8get for at minimere slaphed og slaphed. Desuden ville det ogs\u00e5 v\u00e6re nyttigt at tilf\u00f8je slankende formuleringer for at undg\u00e5 slaphed efter v\u00e6gttab.<\/p>\n<p> <strong>Funktionen af Acetyl Pentapeptide-1<\/strong><br \/>\nFremme kollagenproduktion, reparere beskadiget hud, anti-\u00e6ldning, forbedre huden elasticitet, \u00f8ger hudens vitalitet.<br \/>\n1.Forbedring af kollagenprotein og elastinproteinsyntese, anti-rynke;<br \/>\n2.Det hj\u00e6lper hudens tykkelse og faster, g\u00f8r huden opstrammende.<\/p>\n<p> <strong>Brug af acetylpentapeptid- 1<\/strong><br \/>\nAcetyl Pentapeptide-1 kan forbedre kollagenprotein og elastinprotein<br \/>\nsyntese, anti-rynke; Det hj\u00e6lper hudens tykkelse og fast, g\u00f8r huden opstrammende.<\/p>\n","protected":false},"excerpt":{"rendered":"<p>Produktnavn: Acetyl Pentapeptide-1<br \/>\nMolekyl\u00e6r:720<br \/>\nUdseende: hvidt eller r\u00e5hvidt pulver<br \/>\nRenhed: 95%<br \/>\nKorte: kosmetisk<br \/>\nKilde: syntetisk<br \/>\nUdseende: hvidt pulver<\/p>\n","protected":false},"featured_media":2119,"comment_status":"open","ping_status":"closed","template":"","meta":{"om_disable_all_campaigns":false,"_monsterinsights_skip_tracking":false,"_monsterinsights_sitenote_active":false,"_monsterinsights_sitenote_note":"","_monsterinsights_sitenote_category":0,"site-sidebar-layout":"default","site-content-layout":"default","ast-site-content-layout":"default","site-content-style":"default","site-sidebar-style":"default","ast-global-header-display":"","ast-banner-title-visibility":"","ast-main-header-display":"","ast-hfb-above-header-display":"","ast-hfb-below-header-display":"","ast-hfb-mobile-header-display":"","site-post-title":"","ast-breadcrumbs-content":"","ast-featured-img":"","footer-sml-layout":"","ast-disable-related-posts":"","theme-transparent-header-meta":"default","adv-header-id-meta":"","stick-header-meta":"","header-above-stick-meta":"","header-main-stick-meta":"","header-below-stick-meta":"","astra-migrate-meta-layouts":"default","ast-page-background-enabled":"default","ast-page-background-meta":{"desktop":{"background-color":"","background-image":"","background-repeat":"repeat","background-position":"center center","background-size":"auto","background-attachment":"scroll","background-type":"","background-media":"","overlay-type":"","overlay-color":"","overlay-opacity":"","overlay-gradient":""},"tablet":{"background-color":"","background-image":"","background-repeat":"repeat","background-position":"center center","background-size":"auto","background-attachment":"scroll","background-type":"","background-media":"","overlay-type":"","overlay-color":"","overlay-opacity":"","overlay-gradient":""},"mobile":{"background-color":"","background-image":"","background-repeat":"repeat","background-position":"center center","background-size":"auto","background-attachment":"scroll","background-type":"","background-media":"","overlay-type":"","overlay-color":"","overlay-opacity":"","overlay-gradient":""}},"ast-content-background-meta":{"desktop":{"background-color":"var(--ast-global-color-5)","background-image":"","background-repeat":"repeat","background-position":"center center","background-size":"auto","background-attachment":"scroll","background-type":"","background-media":"","overlay-type":"","overlay-color":"","overlay-opacity":"","overlay-gradient":""},"tablet":{"background-color":"var(--ast-global-color-5)","background-image":"","background-repeat":"repeat","background-position":"center center","background-size":"auto","background-attachment":"scroll","background-type":"","background-media":"","overlay-type":"","overlay-color":"","overlay-opacity":"","overlay-gradient":""},"mobile":{"background-color":"var(--ast-global-color-5)","background-image":"","background-repeat":"repeat","background-position":"center center","background-size":"auto","background-attachment":"scroll","background-type":"","background-media":"","overlay-type":"","overlay-color":"","overlay-opacity":"","overlay-gradient":""}}},"product_brand":[],"product_cat":[537],"product_tag":[2671],"class_list":{"0":"post-7075","1":"product","2":"type-product","3":"status-publish","4":"has-post-thumbnail","6":"product_cat-anti-rynke-og-anti-aging-peptid","7":"product_tag-puya-supply-acetyl-pentapeptide-1-can-improve-collagen-protein-and-elastin-protein-da","8":"desktop-align-left","9":"tablet-align-left","10":"mobile-align-left","12":"first","13":"instock","14":"shipping-taxable","15":"product-type-simple"},"_links":{"self":[{"href":"https:\/\/puyapeptide.net\/da\/wp-json\/wp\/v2\/product\/7075","targetHints":{"allow":["GET"]}}],"collection":[{"href":"https:\/\/puyapeptide.net\/da\/wp-json\/wp\/v2\/product"}],"about":[{"href":"https:\/\/puyapeptide.net\/da\/wp-json\/wp\/v2\/types\/product"}],"replies":[{"embeddable":true,"href":"https:\/\/puyapeptide.net\/da\/wp-json\/wp\/v2\/comments?post=7075"}],"wp:featuredmedia":[{"embeddable":true,"href":"https:\/\/puyapeptide.net\/da\/wp-json\/wp\/v2\/media\/2119"}],"wp:attachment":[{"href":"https:\/\/puyapeptide.net\/da\/wp-json\/wp\/v2\/media?parent=7075"}],"wp:term":[{"taxonomy":"product_brand","embeddable":true,"href":"https:\/\/puyapeptide.net\/da\/wp-json\/wp\/v2\/product_brand?post=7075"},{"taxonomy":"product_cat","embeddable":true,"href":"https:\/\/puyapeptide.net\/da\/wp-json\/wp\/v2\/product_cat?post=7075"},{"taxonomy":"product_tag","embeddable":true,"href":"https:\/\/puyapeptide.net\/da\/wp-json\/wp\/v2\/product_tag?post=7075"}],"curies":[{"name":"wp","href":"https:\/\/api.w.org\/{rel}","templated":true}]}}