{"id":7094,"date":"2021-12-16T06:43:02","date_gmt":"2021-12-16T11:43:02","guid":{"rendered":"https:\/\/puyapeptide.net\/product\/acetyl-octapeptide-3-snap-8-acetyl-glutamyl-heptapeptide-1-cas-868844-74-0-til-anti-rynke\/"},"modified":"2021-12-16T06:43:02","modified_gmt":"2021-12-16T11:43:02","slug":"acetyl-octapeptide-3-snap-8-acetyl-glutamyl-heptapeptide-1-cas-868844-74-0-til-anti-rynke","status":"publish","type":"product","link":"https:\/\/puyapeptide.net\/da\/product\/acetyl-octapeptide-3-snap-8-acetyl-glutamyl-heptapeptide-1-cas-868844-74-0-til-anti-rynke\/","title":{"rendered":"Acetyl octapeptide-3\/ SNAP-8\/Acetyl Glutamyl Heptapeptide-1 CAS 868844-74-0 til anti-rynke"},"content":{"rendered":"<h2><strong>Acetyl octapeptide-3\/ SNAP-8\/ Acetyl Glutamyl Heptapeptide-1 CAS 868844-74-0 til anti-rynke<\/strong><\/h2>\n<p>Produktnavn: Acetyl octapeptide-3\/ SNAP-8\/ Acetyl Glutamyl Heptapeptide-1<br \/>\nSynonymer: N-Acetyl-L-alpha-glutamyl-L-alpha-glutamyl-L-methionyl-L-glutaminyl-L -arginyl-L-arginyl-L-alanyl-L-alfa-asparagin; SNAP-8(acetylglutamylheptapeptid-3);acetylglutamylheptapeptid-3;acetyloctapeptid-3;acetylglutamyloctapeptid-3;acetyloctapetpide-3; snap-8\/Acetyl Octapeptide-3\/Acetyl Glutamyl Heptapeptide-3; Acetyl Octapeptide-8<br \/>\nCAS: 868844-74-0<br \/>\nMF: C41H70N16O16S<br \/>\nMW: 1075.17<br \/>\nEINECS:<br \/>\nProdukt Kategorier: Kosmetik sk\u00f8nhedspeptid<br \/>\nMol Fil: 868844-74-0.mol<\/p>\n<p>Anti-rynke-octapeptidet SNAP-8 er en forl\u00e6ngelse af det ber\u00f8mte hexapeptid. SNAP-8 reducerer dybden af rynker i ansigtet for\u00e5rsaget af sammentr\u00e6kning af musklerne i ansigtsudtryk, is\u00e6r i panden og omkring \u00f8jnene. SNAP-8 er et sikrere, billigere og mildere alternativ til Botulinum Toxin, der topisk retter sig mod den samme rynkedannelsesmekanisme p\u00e5 en meget anderledes m\u00e5de.<\/p>\n<p> <strong>Acetyl octapeptide-3\/ SNAP-8\/ Acetyl Glutamyl Heptapeptide-1 CAS 868844-74-0 Kemiske egenskaber<\/strong><br \/>\ndensitet 1,56<br \/>\nopbevaringstemp. Opbevares p\u00e5 et m\u00f8rkt sted, inert atmosf\u00e6re, 2-8\u00b0C<br \/>\npka 4,07\u00b10,10(forudsagt)<\/p>\n<p> <strong>Anvendelse og funktion af Acetyl octapeptide-3\/ SNAP-8\/ Acetyl Glutamyl Heptapeptide-1 CAS 868844- 74-0<\/strong><br \/>\nAcetyl Glutamyl Heptapeptide-3 eller Acetyl Octapeptide-1 (eller -3) (SNAP-8) er videnskabeligt og rimeligt designet af anti-rynke aktive ingredienser af polypeptid. Det har en lignende rolle som Areginin Essence og er blevet et af de mest popul\u00e6re r\u00e5materialer rundt om i verden til opskalere anti-rynke kosmetik. Anti-rynker for\u00e5rsaget af sammentr\u00e6kningen af musklerne i ansigtsudtryk, hvilket reducerer neuronal excitabilitet ved SNARE kompleks destabilisering.&lt; &amp;&gt;Snap-8, denne ingrediens indeholder otte aminosyrer og (deraf &quot;Octa&quot;) har de samme (nogle siger meget bedre) anti-rynke-egenskaber som Argirelin. Snap-8 producerede ca. 35 % reduktion i rynkedybden.<br \/>\nSnap-8 peptidopl\u00f8sning indeholder et anti-rynke octapeptid, der er en forl\u00e6ngelse af hexapeptidet ARGIRELIN peptid. Derfor reducerer det udtryksrynker gennem en Botulinum Toxin-lignende virkningsmekanisme.<\/p>\n<p> <strong>Brug af Acetyl octapeptide-3\/ SNAP-8\/ Acetyl Glutamyl Heptapeptide-1 CAS 868844-74-0<\/strong><br \/>\nanti-rynke , glatte rynker.<\/p>\n","protected":false},"excerpt":{"rendered":"<p>Produktnavn: Acetyl octapeptide-3\/ SNAP-8\/ Acetyl Glutamyl Heptapeptide-1<br \/>\nCAS: 868844-74-0<br \/>\nMF: C41H70N16O16S<br \/>\nMW: 1075.17<br \/>\nMol Fil: 7648844- .mol<\/p>\n","protected":false},"featured_media":2161,"comment_status":"open","ping_status":"closed","template":"","meta":{"om_disable_all_campaigns":false,"_monsterinsights_skip_tracking":false,"_monsterinsights_sitenote_active":false,"_monsterinsights_sitenote_note":"","_monsterinsights_sitenote_category":0,"site-sidebar-layout":"default","site-content-layout":"default","ast-site-content-layout":"default","site-content-style":"default","site-sidebar-style":"default","ast-global-header-display":"","ast-banner-title-visibility":"","ast-main-header-display":"","ast-hfb-above-header-display":"","ast-hfb-below-header-display":"","ast-hfb-mobile-header-display":"","site-post-title":"","ast-breadcrumbs-content":"","ast-featured-img":"","footer-sml-layout":"","ast-disable-related-posts":"","theme-transparent-header-meta":"default","adv-header-id-meta":"","stick-header-meta":"","header-above-stick-meta":"","header-main-stick-meta":"","header-below-stick-meta":"","astra-migrate-meta-layouts":"default","ast-page-background-enabled":"default","ast-page-background-meta":{"desktop":{"background-color":"","background-image":"","background-repeat":"repeat","background-position":"center center","background-size":"auto","background-attachment":"scroll","background-type":"","background-media":"","overlay-type":"","overlay-color":"","overlay-opacity":"","overlay-gradient":""},"tablet":{"background-color":"","background-image":"","background-repeat":"repeat","background-position":"center center","background-size":"auto","background-attachment":"scroll","background-type":"","background-media":"","overlay-type":"","overlay-color":"","overlay-opacity":"","overlay-gradient":""},"mobile":{"background-color":"","background-image":"","background-repeat":"repeat","background-position":"center center","background-size":"auto","background-attachment":"scroll","background-type":"","background-media":"","overlay-type":"","overlay-color":"","overlay-opacity":"","overlay-gradient":""}},"ast-content-background-meta":{"desktop":{"background-color":"var(--ast-global-color-5)","background-image":"","background-repeat":"repeat","background-position":"center center","background-size":"auto","background-attachment":"scroll","background-type":"","background-media":"","overlay-type":"","overlay-color":"","overlay-opacity":"","overlay-gradient":""},"tablet":{"background-color":"var(--ast-global-color-5)","background-image":"","background-repeat":"repeat","background-position":"center center","background-size":"auto","background-attachment":"scroll","background-type":"","background-media":"","overlay-type":"","overlay-color":"","overlay-opacity":"","overlay-gradient":""},"mobile":{"background-color":"var(--ast-global-color-5)","background-image":"","background-repeat":"repeat","background-position":"center center","background-size":"auto","background-attachment":"scroll","background-type":"","background-media":"","overlay-type":"","overlay-color":"","overlay-opacity":"","overlay-gradient":""}}},"product_brand":[],"product_cat":[537],"product_tag":[2648],"class_list":{"0":"post-7094","1":"product","2":"type-product","3":"status-publish","4":"has-post-thumbnail","6":"product_cat-anti-rynke-og-anti-aging-peptid","7":"product_tag-acetyl-octapeptide-3-snap-8-acetyl-glutamyl-heptapeptide-1-cas-868844-74-0-for-anti-wrinkle-da","8":"desktop-align-left","9":"tablet-align-left","10":"mobile-align-left","12":"first","13":"instock","14":"shipping-taxable","15":"product-type-simple"},"_links":{"self":[{"href":"https:\/\/puyapeptide.net\/da\/wp-json\/wp\/v2\/product\/7094","targetHints":{"allow":["GET"]}}],"collection":[{"href":"https:\/\/puyapeptide.net\/da\/wp-json\/wp\/v2\/product"}],"about":[{"href":"https:\/\/puyapeptide.net\/da\/wp-json\/wp\/v2\/types\/product"}],"replies":[{"embeddable":true,"href":"https:\/\/puyapeptide.net\/da\/wp-json\/wp\/v2\/comments?post=7094"}],"wp:featuredmedia":[{"embeddable":true,"href":"https:\/\/puyapeptide.net\/da\/wp-json\/wp\/v2\/media\/2161"}],"wp:attachment":[{"href":"https:\/\/puyapeptide.net\/da\/wp-json\/wp\/v2\/media?parent=7094"}],"wp:term":[{"taxonomy":"product_brand","embeddable":true,"href":"https:\/\/puyapeptide.net\/da\/wp-json\/wp\/v2\/product_brand?post=7094"},{"taxonomy":"product_cat","embeddable":true,"href":"https:\/\/puyapeptide.net\/da\/wp-json\/wp\/v2\/product_cat?post=7094"},{"taxonomy":"product_tag","embeddable":true,"href":"https:\/\/puyapeptide.net\/da\/wp-json\/wp\/v2\/product_tag?post=7094"}],"curies":[{"name":"wp","href":"https:\/\/api.w.org\/{rel}","templated":true}]}}