{"id":7163,"date":"2021-12-16T07:15:03","date_gmt":"2021-12-16T12:15:03","guid":{"rendered":"https:\/\/puyapeptide.net\/product\/palmitoyl-oligopeptid-palmitoyl-tripeptide-1-cas-147732-56-7-brugt-til-fremstilling-af-anti-aging-kosmetik\/"},"modified":"2021-12-16T07:15:03","modified_gmt":"2021-12-16T12:15:03","slug":"palmitoyl-oligopeptid-palmitoyl-tripeptide-1-cas-147732-56-7-brugt-til-fremstilling-af-anti-aging-kosmetik","status":"publish","type":"product","link":"https:\/\/puyapeptide.net\/da\/product\/palmitoyl-oligopeptid-palmitoyl-tripeptide-1-cas-147732-56-7-brugt-til-fremstilling-af-anti-aging-kosmetik\/","title":{"rendered":"Palmitoyl oligopeptid\/ Palmitoyl Tripeptide-1 CAS 147732-56-7 brugt til fremstilling af anti-aging kosmetik"},"content":{"rendered":"<h2><strong>Palmitoyl oligopeptid\/ Palmitoyl Tripeptide-1 CAS 147732-56-7 brugt til fremstilling af anti-aging kosmetik<\/strong><\/h2>\n<p>Produktnavn: N-1(1-oxohexadecyl-glycyl-L-histidyl-L-Lysine\/ Palmitoyl-oligopeptid\/ Palmitoyl Tripeptide-1<br \/>\nSynonymer: L-Lysin, N-(1-oxohexadecyl)glycyl-L -histidyl-;Palmitoyltripeptid-1Pal-AHK;N2-[(N-Palmitoylglycyl)-L-histidyl]-L-lysin;Pal-GHK(PalMitoyltripeptid-1);N-(1-Oxohexadecyl)glycyl-L- histidyl-L-lysin;N2-[N-[N-(1-oxohexadecyl)glycyl]-L-histidyl]-L-lysin;PalMitoyl Tripeptide-1,3;Pal-GHK, &gt;=95%<br \/>\nCAS : 147732-56-7<br \/>\nMF: C30H54N6O5<br \/>\nMW: 578,79<br \/>\nEINECS:<br \/>\nProduktkategorier: Kosmetik sk\u00f8nhedspeptid<br \/>\nMol Fil: 147732-56-7.mol<br \/>\n&lt;&amp; &gt;Palmitoyl Oligopeptidsekvens findes i proteiner i den ekstracellul\u00e6re matrix, s\u00e5som \u03b1-k\u00e6den af kollagen, og det menes at blive frigivet under s\u00e5r og bet\u00e6ndelse. En feedback-stimulering af kollagenreparation er ogs\u00e5 blevet foresl\u00e5et for dette peptid, men den st\u00f8rste fordel ved foto\u00e6ldret hud menes at v\u00e6re den forbedrede levering af kobber. Det har vist sig at have de gavnlige virkninger p\u00e5 kollagenstimulering.<\/p>\n<p>Palmitoyl Tetrapept ide-7 efterligner aktiviteten af DHEA, ungdomshormonet, der fungerer til at vende IL-6-overproduktion og derfor reducerer \u00e6ldningssymptomerne s\u00e5vel som f\u00e6nomenet immunosenescens. Palmitoyl Tetrapeptid-7 kan forbedre funktionerne i en r\u00e6kke forskellige hudtyper pleje og farve kosmetisk formulering.<\/p>\n<p> <strong>N-1(1-oxohexadecyl-glycyl-L-histidyl-L-Lysin\/ Palmitoyl-oligopeptid\/ Palmitoyl Tripeptid-1 Kemiske egenskaber<\/strong><br \/>\nKogepunkt 913,0\u00b165,0 \u00b0C( Forudsagt)<br \/>\ndensitet 1.105<br \/>\npka 3.16\u00b10.10(Forudsagt)<\/p>\n<p> <strong>N-1(1-oxohexadecyl-glycyl-L-histidyl-L-Lysin\/ Palmitoyl oligopeptid\/ Palmitoyl Tripeptide-1 Fordele<\/strong> &lt; &amp;&gt;1)Matrixyl 3000 (Palmitoyl Oligopeptide og Palmitoyl Tetrapeptide-7) bruger 2 matrikiner til synergistisk at sende budbringere for at rekonstruere beskadiget kollagen.<br \/>\n2)Matrixyl 3000 indeholder matrikinerne Pal-GHK og Pal-GQPR, der virker i synergi til reparer alderens hudskader<br \/>\n3)Matrixyl 3000 indeholder matrikinerne Pal-GHK og Pal-GQPR, der virker i synergi for at reparere hudskaderne s af alder. Ved at aktivere hudens naturlige produktion af kollagen, elastin og hyaluronsyre, arbejder Matrixyl 3000 p\u00e5 at reducere rynker og andre \u00e6ldningstegn.<\/p>\n<p> <strong>N-1(1-oxohexadecyl-glycyl-L-histidyl-L-Lysine\/ Palmitoyl oligopeptid\/ Palmitoyl Tripeptide-1 Virkem\u00e5de<\/strong><br \/>\n1)Matrixyl mindsker rynker med 45 %<br \/>\n2) L\u00f8fter og opstrammer huden<br \/>\n3)Genopretter hudens ungdommelige udseende<\/p>\n<p> <strong>N-1( 1-oxohexadecyl-glycyl-L-histidyl-L-Lysine\/ Palmitoyl oligopeptide\/ Palmitoyl Tripeptide-1 Dosering<\/strong><br \/>\nDette afh\u00e6nger af din kropsv\u00e6gt. Al den forskning, der er udf\u00f8rt indtil nu, har brugt gnaverunders\u00f8gelser, rotterne og musene er s\u00e6dvanligvis injiceret med en effektiv dosis, der menes at v\u00e6re omkring 10 \u03bcg (mcg) pr. kg, menes dette hos mennesker at v\u00e6re omkring den \u00e6kvivalente belastning p\u00e5 1,6 \u03bcg pr. kg hos mennesker, s\u00e5 hvis du er:<\/p>\n<p>60 kg (132 lb.), s\u00e5 ville din ideelle daglige BPC-157 oral dosis v\u00e6re 96 \u03bcg (mcg)<br \/>\n70 KG (154 lb.) =&gt; 112 \u03bcg<br \/>\n80 KG (176 lb.) =&gt; 128 \u03bcg&lt; &amp;&gt;90 KG (198 lb.) =&gt; 144 \u03bcg<\/p>\n","protected":false},"excerpt":{"rendered":"<p>Produktnavn: N-1(1-oxohexadecyl-glycyl-L-histidyl-L-Lysin\/ Palmitoyl oligopeptid\/ Palmitoyl Tripeptide-1<br \/>\nCAS: 147732-56-7<br \/>\nMF: C30H54N6O5<br \/>\nMW: 578,79<br \/>\nMol Fil: 147732-56-7.mol<\/p>\n","protected":false},"featured_media":2203,"comment_status":"open","ping_status":"closed","template":"","meta":{"om_disable_all_campaigns":false,"_monsterinsights_skip_tracking":false,"_monsterinsights_sitenote_active":false,"_monsterinsights_sitenote_note":"","_monsterinsights_sitenote_category":0,"site-sidebar-layout":"default","site-content-layout":"default","ast-site-content-layout":"default","site-content-style":"default","site-sidebar-style":"default","ast-global-header-display":"","ast-banner-title-visibility":"","ast-main-header-display":"","ast-hfb-above-header-display":"","ast-hfb-below-header-display":"","ast-hfb-mobile-header-display":"","site-post-title":"","ast-breadcrumbs-content":"","ast-featured-img":"","footer-sml-layout":"","ast-disable-related-posts":"","theme-transparent-header-meta":"default","adv-header-id-meta":"","stick-header-meta":"","header-above-stick-meta":"","header-main-stick-meta":"","header-below-stick-meta":"","astra-migrate-meta-layouts":"default","ast-page-background-enabled":"default","ast-page-background-meta":{"desktop":{"background-color":"","background-image":"","background-repeat":"repeat","background-position":"center center","background-size":"auto","background-attachment":"scroll","background-type":"","background-media":"","overlay-type":"","overlay-color":"","overlay-opacity":"","overlay-gradient":""},"tablet":{"background-color":"","background-image":"","background-repeat":"repeat","background-position":"center center","background-size":"auto","background-attachment":"scroll","background-type":"","background-media":"","overlay-type":"","overlay-color":"","overlay-opacity":"","overlay-gradient":""},"mobile":{"background-color":"","background-image":"","background-repeat":"repeat","background-position":"center center","background-size":"auto","background-attachment":"scroll","background-type":"","background-media":"","overlay-type":"","overlay-color":"","overlay-opacity":"","overlay-gradient":""}},"ast-content-background-meta":{"desktop":{"background-color":"var(--ast-global-color-5)","background-image":"","background-repeat":"repeat","background-position":"center center","background-size":"auto","background-attachment":"scroll","background-type":"","background-media":"","overlay-type":"","overlay-color":"","overlay-opacity":"","overlay-gradient":""},"tablet":{"background-color":"var(--ast-global-color-5)","background-image":"","background-repeat":"repeat","background-position":"center center","background-size":"auto","background-attachment":"scroll","background-type":"","background-media":"","overlay-type":"","overlay-color":"","overlay-opacity":"","overlay-gradient":""},"mobile":{"background-color":"var(--ast-global-color-5)","background-image":"","background-repeat":"repeat","background-position":"center center","background-size":"auto","background-attachment":"scroll","background-type":"","background-media":"","overlay-type":"","overlay-color":"","overlay-opacity":"","overlay-gradient":""}}},"product_brand":[],"product_cat":[537],"product_tag":[2605],"class_list":{"0":"post-7163","1":"product","2":"type-product","3":"status-publish","4":"has-post-thumbnail","6":"product_cat-anti-rynke-og-anti-aging-peptid","7":"product_tag-palmitoyl-oligopeptide-palmitoyl-tripeptide-1-cas-147732-56-7-used-for-the-preparation-of-anti-aging-cosmetics-da","8":"desktop-align-left","9":"tablet-align-left","10":"mobile-align-left","12":"first","13":"instock","14":"shipping-taxable","15":"product-type-simple"},"_links":{"self":[{"href":"https:\/\/puyapeptide.net\/da\/wp-json\/wp\/v2\/product\/7163","targetHints":{"allow":["GET"]}}],"collection":[{"href":"https:\/\/puyapeptide.net\/da\/wp-json\/wp\/v2\/product"}],"about":[{"href":"https:\/\/puyapeptide.net\/da\/wp-json\/wp\/v2\/types\/product"}],"replies":[{"embeddable":true,"href":"https:\/\/puyapeptide.net\/da\/wp-json\/wp\/v2\/comments?post=7163"}],"wp:featuredmedia":[{"embeddable":true,"href":"https:\/\/puyapeptide.net\/da\/wp-json\/wp\/v2\/media\/2203"}],"wp:attachment":[{"href":"https:\/\/puyapeptide.net\/da\/wp-json\/wp\/v2\/media?parent=7163"}],"wp:term":[{"taxonomy":"product_brand","embeddable":true,"href":"https:\/\/puyapeptide.net\/da\/wp-json\/wp\/v2\/product_brand?post=7163"},{"taxonomy":"product_cat","embeddable":true,"href":"https:\/\/puyapeptide.net\/da\/wp-json\/wp\/v2\/product_cat?post=7163"},{"taxonomy":"product_tag","embeddable":true,"href":"https:\/\/puyapeptide.net\/da\/wp-json\/wp\/v2\/product_tag?post=7163"}],"curies":[{"name":"wp","href":"https:\/\/api.w.org\/{rel}","templated":true}]}}