{"id":7190,"date":"2021-12-16T07:16:22","date_gmt":"2021-12-16T12:16:22","guid":{"rendered":"https:\/\/puyapeptide.net\/product\/kobberpeptid-ghk-cu-kobbertripeptid-cas-89030-95-5-til-saarheling-og-hudfornyelse\/"},"modified":"2021-12-16T07:16:22","modified_gmt":"2021-12-16T12:16:22","slug":"kobberpeptid-ghk-cu-kobbertripeptid-cas-89030-95-5-til-saarheling-og-hudfornyelse","status":"publish","type":"product","link":"https:\/\/puyapeptide.net\/da\/product\/kobberpeptid-ghk-cu-kobbertripeptid-cas-89030-95-5-til-saarheling-og-hudfornyelse\/","title":{"rendered":"Kobberpeptid (GHK-Cu)\/ Kobbertripeptid CAS 89030-95-5 til s\u00e5rheling og hudfornyelse"},"content":{"rendered":"<h2><strong>Kobberpeptid (GHK-Cu)\/ Kobbertripeptid CAS 89030-95-5 til s\u00e5rheling og hudfornyelse<\/strong><\/h2>\n<p>Produktnavn: Kobberpeptid (GHK-Cu)\/ Kobbertripeptid\/ [N2-(N-Glycyl-L-histidyl)-L-lysinato(2-)]kobber<br \/>\n Sekvens: (Cu2+ )H-Glu -His-Lys-OH Synonymer: [N2-(N-Glycyl-L-histidyl)-L-lysinato(2-)]kobber;Ghk-Cu\/AHK-CU;Kobbertripeptid (GHK-Cu); Pr\u00e6zatid kobber,[N2-(N-Glycyl-L-histidyl)-L-lysinato(2-)]kobber;tripeptid\/GHK-Cu;Kobberpeptid, GHK-Cu, Kobbertripeptid-1;GHK Kobber;GHK.CU .HAC<br \/>\nCAS: 89030-95-5<br \/>\nMF: C14H21CuN6O4<br \/>\nMW: 400,91<br \/>\nEINECS:<br \/>\nProduktkategorier: Farmaceutisk<br \/>\nMol Fil: 89030-95-5.mol&lt; &amp;&gt;<br \/>\nKobber er et vigtigt sporstof, der har vist sig at v\u00e6re vigtigt i s\u00e5rheling og enzymatiske processer. Lysyloxidase er et vigtigt enzym i produktionen af kollagen og elastin, og kobberpeptid er afh\u00e6ngig af kobbers virkning. Tyrosinase og cytochrom c-oxidase kr\u00e6ver ogs\u00e5 kobber. De skadelige virkninger af frie radikaler p\u00e5 huden er blevet belyst i grundl\u00e6ggende videnskabelig forskning i hudfotoaldring. Superoxiddismutase fungerer som en vigtig antioxidant og kr\u00e6ver kobber som en kofaktor.<br \/>\nKobberpeptid GHK-pulveret danner spontant kompleks med kobber og letter cellernes optagelse af kobber. Kobberpeptidsekvens findes i proteiner i den ekstracellul\u00e6re matrix, s\u00e5som k\u00e6den af kollagen, og kobberpeptid menes at blive frigivet under s\u00e5r og bet\u00e6ndelse.<\/p>\n<p> <strong>Funktion af kobberpeptid (GHK-Cu)\/ Kobbertripeptid CAS 89030-95-5<\/strong><br \/>\n1. Fremskynd s\u00e5rreparation<br \/>\n2. \u00d8g hudreepitelisering<br \/>\n3. Omvendt \u00e6ldningseffekt p\u00e5 huden<br \/>\n4. tykner huden, forbedrer elasticiteten og \u00f8ger det subkutane fedtlag<br \/>\n5. Forbedre succes med h\u00e5rtransplantation, forhindre h\u00e5rtab<br \/>\n6. GHK-analoger med fedtrester-analoger \u00f8ger h\u00e5rs\u00e6kkenes st\u00f8rrelse, stimulerer h\u00e5rv\u00e6kst og reducerer h\u00e5rtab<br \/>\n7. Hele skader tarmforinger. Aktiverer hudens vigtigste antioxidantprotein &#8211; superoxiddismutase<\/p>\n<p> <strong>Typisk anvendelse af kobberpeptid (GHK-Cu)\/kobbertripeptid CAS 89030-95-5<\/strong><br \/>\nVending af hudalder, hudfornyelse, arfri heling og fjernelse af hud l\u00e6sioner med h\u00f8j sikkerhed. Det kan bruges til at anti-rynke \/ hudreparation \/ h\u00e5rgendannelse<\/p>\n","protected":false},"excerpt":{"rendered":"<p>Produktnavn: Kobberpeptid (GHK-Cu)\/ Kobbertripeptid\/ [N2-(N-Glycyl-L-histidyl)-L-lysinato(2-)]kobber<br \/>\nCAS: 89030-95-5<br \/>\nMF : C14H21CuN6O4<br \/>\nMW: 400,91<br \/>\nMol Fil: 89030-95-5.mol<\/p>\n","protected":false},"featured_media":3862,"comment_status":"open","ping_status":"closed","template":"","meta":{"om_disable_all_campaigns":false,"_monsterinsights_skip_tracking":false,"_monsterinsights_sitenote_active":false,"_monsterinsights_sitenote_note":"","_monsterinsights_sitenote_category":0,"site-sidebar-layout":"default","site-content-layout":"default","ast-site-content-layout":"default","site-content-style":"default","site-sidebar-style":"default","ast-global-header-display":"","ast-banner-title-visibility":"","ast-main-header-display":"","ast-hfb-above-header-display":"","ast-hfb-below-header-display":"","ast-hfb-mobile-header-display":"","site-post-title":"","ast-breadcrumbs-content":"","ast-featured-img":"","footer-sml-layout":"","ast-disable-related-posts":"","theme-transparent-header-meta":"default","adv-header-id-meta":"","stick-header-meta":"","header-above-stick-meta":"","header-main-stick-meta":"","header-below-stick-meta":"","astra-migrate-meta-layouts":"default","ast-page-background-enabled":"default","ast-page-background-meta":{"desktop":{"background-color":"","background-image":"","background-repeat":"repeat","background-position":"center center","background-size":"auto","background-attachment":"scroll","background-type":"","background-media":"","overlay-type":"","overlay-color":"","overlay-opacity":"","overlay-gradient":""},"tablet":{"background-color":"","background-image":"","background-repeat":"repeat","background-position":"center center","background-size":"auto","background-attachment":"scroll","background-type":"","background-media":"","overlay-type":"","overlay-color":"","overlay-opacity":"","overlay-gradient":""},"mobile":{"background-color":"","background-image":"","background-repeat":"repeat","background-position":"center center","background-size":"auto","background-attachment":"scroll","background-type":"","background-media":"","overlay-type":"","overlay-color":"","overlay-opacity":"","overlay-gradient":""}},"ast-content-background-meta":{"desktop":{"background-color":"var(--ast-global-color-5)","background-image":"","background-repeat":"repeat","background-position":"center center","background-size":"auto","background-attachment":"scroll","background-type":"","background-media":"","overlay-type":"","overlay-color":"","overlay-opacity":"","overlay-gradient":""},"tablet":{"background-color":"var(--ast-global-color-5)","background-image":"","background-repeat":"repeat","background-position":"center center","background-size":"auto","background-attachment":"scroll","background-type":"","background-media":"","overlay-type":"","overlay-color":"","overlay-opacity":"","overlay-gradient":""},"mobile":{"background-color":"var(--ast-global-color-5)","background-image":"","background-repeat":"repeat","background-position":"center center","background-size":"auto","background-attachment":"scroll","background-type":"","background-media":"","overlay-type":"","overlay-color":"","overlay-opacity":"","overlay-gradient":""}}},"product_brand":[],"product_cat":[537],"product_tag":[2592],"class_list":{"0":"post-7190","1":"product","2":"type-product","3":"status-publish","4":"has-post-thumbnail","6":"product_cat-anti-rynke-og-anti-aging-peptid","7":"product_tag-copper-peptide-ghk-cu-copper-tripeptide-cas-89030-95-5-for-wound-healing-and-skin-renewal-da","8":"desktop-align-left","9":"tablet-align-left","10":"mobile-align-left","12":"first","13":"instock","14":"shipping-taxable","15":"product-type-simple"},"_links":{"self":[{"href":"https:\/\/puyapeptide.net\/da\/wp-json\/wp\/v2\/product\/7190","targetHints":{"allow":["GET"]}}],"collection":[{"href":"https:\/\/puyapeptide.net\/da\/wp-json\/wp\/v2\/product"}],"about":[{"href":"https:\/\/puyapeptide.net\/da\/wp-json\/wp\/v2\/types\/product"}],"replies":[{"embeddable":true,"href":"https:\/\/puyapeptide.net\/da\/wp-json\/wp\/v2\/comments?post=7190"}],"wp:featuredmedia":[{"embeddable":true,"href":"https:\/\/puyapeptide.net\/da\/wp-json\/wp\/v2\/media\/3862"}],"wp:attachment":[{"href":"https:\/\/puyapeptide.net\/da\/wp-json\/wp\/v2\/media?parent=7190"}],"wp:term":[{"taxonomy":"product_brand","embeddable":true,"href":"https:\/\/puyapeptide.net\/da\/wp-json\/wp\/v2\/product_brand?post=7190"},{"taxonomy":"product_cat","embeddable":true,"href":"https:\/\/puyapeptide.net\/da\/wp-json\/wp\/v2\/product_cat?post=7190"},{"taxonomy":"product_tag","embeddable":true,"href":"https:\/\/puyapeptide.net\/da\/wp-json\/wp\/v2\/product_tag?post=7190"}],"curies":[{"name":"wp","href":"https:\/\/api.w.org\/{rel}","templated":true}]}}