{"id":7211,"date":"2021-12-16T07:17:14","date_gmt":"2021-12-16T12:17:14","guid":{"rendered":"https:\/\/puyapeptide.net\/product\/argireline-argreline-acetate-cas-616204-22-9-til-fjernelse-af-rynker-omkring-panden-eller-oejnene\/"},"modified":"2021-12-16T07:17:14","modified_gmt":"2021-12-16T12:17:14","slug":"argireline-argreline-acetate-cas-616204-22-9-til-fjernelse-af-rynker-omkring-panden-eller-oejnene","status":"publish","type":"product","link":"https:\/\/puyapeptide.net\/da\/product\/argireline-argreline-acetate-cas-616204-22-9-til-fjernelse-af-rynker-omkring-panden-eller-oejnene\/","title":{"rendered":"Argireline\/ Argreline Acetate CAS 616204-22-9 til fjernelse af rynker omkring panden eller \u00f8jnene"},"content":{"rendered":"<h2><strong>Argireline\/ Argreline Acetate CAS 616204-22-9 til fjernelse af rynker omkring panden eller \u00f8jnene<\/strong><\/h2>\n<p>Produktnavn: Argireline<br \/>\nSekvens: N-acetyl-Glu-Glu-Met-Gln-Arg-Arg-NH 2.<br \/>\nSynonymer: Ac-Glu-Glu-Met-Glu-Arg-Arg- NH2;N-acetyl-L-alfa-glutamyl-L-alfa-glutamyl-L-methionyl-L-glutaminyl-L-arginyl-L-argininamid; Acetyl Hexapeptide-3\/Acetyl Hexapeptide-8; Argireline, Acetyl hexapeptide-3 , BR;Anti-Wrinkle Multi-Peptides;Reproage;Argireline;Argirelineacetat Ac-Glu-Glu-Met-Arg-Arg-NH2<br \/>\nCAS: 616204-22-9<br \/>\nMF: C34H60N14O12S<br \/>\nMW: 889<br \/>\nEINECS: 1592732-453-0<br \/>\nProduktkategorier: Peptid<br \/>\nMol Fil: 616204-22-9.mol<\/p>\n<p>Argireline er opbygget af k\u00e6der af aminosyrer. S\u00e5danne k\u00e6der kan p\u00e5virke, hvordan vores celler fungerer, f.eks. slappe af vores ansigtsmuskler. Det er afledt af peptidet Acetyl hexapeptide-3, et substrat af botulinumtoksin, eller mere almindeligt kendt som Botox.<\/p>\n<p>Argirelin Acetate, ogs\u00e5 kendt som botulinum, er et oligopeptid, der efterligner den N-terminale 6 aminosyre syrer af SNAP-25 protein. Acirelin er et af de almindeligt anvendte r\u00e5varer til high-end kosmetik. Dens vigtigste effekt er at reducere rynker for\u00e5rsaget af ansigtsudtryksmuskelsammentr\u00e6kning og har en ideel effekt p\u00e5 rynker p\u00e5 panden eller omkring \u00f8jnene. Acirelin er en sikrere, billigere og mildere k\u00f8d Chemicalbook-toksinerstatning. Akirelin konkurrerer om stedet for SNAP-25 i vesikelkomplekset, hvilket p\u00e5virker dannelsen af vesikelkomplekset, hvilket resulterer i vesiklernes manglende evne til effektivt at frigive neurotransmittere og sv\u00e6kke muskelsammentr\u00e6kningen, hvorved musklerne afslappes og fine linjer lindres. Det kan g\u00f8re huden klar og fejlfri, og kan ogs\u00e5 fremme celleregenerering for at genoprette bl\u00f8dhed og elasticitet til huden. Derfor er det meget brugt til fremstilling af kosmetik og sundhedsprodukter.<\/p>\n<p> <strong>Argireline\/ Argreline Acetate CAS 616204-22-9 Kemiske egenskaber<\/strong><br \/>\ndensitet 1,54<br \/>\nopbevaringstemp. -20\u00b0C<br \/>\nform fryset\u00f8rret fast stof<br \/>\npka 4,43\u00b10,10(forudsagt)<br \/>\nfarve hvid<br \/>\nInChIKey RJZNPROJTJSYLC-LLINQDLYSA-N<\/p>\n<p> <strong>Funktion af Argireline\/ Argreline Acetate CAS 616204-2 -9<\/strong> <\/p>\n<p>1.Reducer rynkerne for\u00e5rsaget af sammentr\u00e6kningen af ansigtsudtryksmusklerne. Det har den ideelle effekt til at fjerne rynkerne p\u00e5 panden eller omkring \u00f8jnene.<br \/>\n2.Fremmer produktionen af kollagen, som hj\u00e6lper huden med at genopbygge v\u00e6v.<\/p>\n","protected":false},"excerpt":{"rendered":"<p>Produktnavn: Argireline<br \/>\nCAS: 616204-22-9<br \/>\nMF: C34H60N14O12S<br \/>\nMW: 889<br \/>\nEINECS: 1592732-453-0<br \/>\nMol Fil: 616204-22-9.mol<\/p>\n","protected":false},"featured_media":2119,"comment_status":"open","ping_status":"closed","template":"","meta":{"om_disable_all_campaigns":false,"_monsterinsights_skip_tracking":false,"_monsterinsights_sitenote_active":false,"_monsterinsights_sitenote_note":"","_monsterinsights_sitenote_category":0,"site-sidebar-layout":"default","site-content-layout":"default","ast-site-content-layout":"default","site-content-style":"default","site-sidebar-style":"default","ast-global-header-display":"","ast-banner-title-visibility":"","ast-main-header-display":"","ast-hfb-above-header-display":"","ast-hfb-below-header-display":"","ast-hfb-mobile-header-display":"","site-post-title":"","ast-breadcrumbs-content":"","ast-featured-img":"","footer-sml-layout":"","ast-disable-related-posts":"","theme-transparent-header-meta":"default","adv-header-id-meta":"","stick-header-meta":"","header-above-stick-meta":"","header-main-stick-meta":"","header-below-stick-meta":"","astra-migrate-meta-layouts":"default","ast-page-background-enabled":"default","ast-page-background-meta":{"desktop":{"background-color":"","background-image":"","background-repeat":"repeat","background-position":"center center","background-size":"auto","background-attachment":"scroll","background-type":"","background-media":"","overlay-type":"","overlay-color":"","overlay-opacity":"","overlay-gradient":""},"tablet":{"background-color":"","background-image":"","background-repeat":"repeat","background-position":"center center","background-size":"auto","background-attachment":"scroll","background-type":"","background-media":"","overlay-type":"","overlay-color":"","overlay-opacity":"","overlay-gradient":""},"mobile":{"background-color":"","background-image":"","background-repeat":"repeat","background-position":"center center","background-size":"auto","background-attachment":"scroll","background-type":"","background-media":"","overlay-type":"","overlay-color":"","overlay-opacity":"","overlay-gradient":""}},"ast-content-background-meta":{"desktop":{"background-color":"var(--ast-global-color-5)","background-image":"","background-repeat":"repeat","background-position":"center center","background-size":"auto","background-attachment":"scroll","background-type":"","background-media":"","overlay-type":"","overlay-color":"","overlay-opacity":"","overlay-gradient":""},"tablet":{"background-color":"var(--ast-global-color-5)","background-image":"","background-repeat":"repeat","background-position":"center center","background-size":"auto","background-attachment":"scroll","background-type":"","background-media":"","overlay-type":"","overlay-color":"","overlay-opacity":"","overlay-gradient":""},"mobile":{"background-color":"var(--ast-global-color-5)","background-image":"","background-repeat":"repeat","background-position":"center center","background-size":"auto","background-attachment":"scroll","background-type":"","background-media":"","overlay-type":"","overlay-color":"","overlay-opacity":"","overlay-gradient":""}}},"product_brand":[],"product_cat":[537],"product_tag":[2571],"class_list":{"0":"post-7211","1":"product","2":"type-product","3":"status-publish","4":"has-post-thumbnail","6":"product_cat-anti-rynke-og-anti-aging-peptid","7":"product_tag-argireline-argreline-acetate-cas-616204-22-9-for-removing-wrinkles-around-the-forehead-or-eyes-da","8":"desktop-align-left","9":"tablet-align-left","10":"mobile-align-left","12":"first","13":"instock","14":"shipping-taxable","15":"product-type-simple"},"_links":{"self":[{"href":"https:\/\/puyapeptide.net\/da\/wp-json\/wp\/v2\/product\/7211","targetHints":{"allow":["GET"]}}],"collection":[{"href":"https:\/\/puyapeptide.net\/da\/wp-json\/wp\/v2\/product"}],"about":[{"href":"https:\/\/puyapeptide.net\/da\/wp-json\/wp\/v2\/types\/product"}],"replies":[{"embeddable":true,"href":"https:\/\/puyapeptide.net\/da\/wp-json\/wp\/v2\/comments?post=7211"}],"wp:featuredmedia":[{"embeddable":true,"href":"https:\/\/puyapeptide.net\/da\/wp-json\/wp\/v2\/media\/2119"}],"wp:attachment":[{"href":"https:\/\/puyapeptide.net\/da\/wp-json\/wp\/v2\/media?parent=7211"}],"wp:term":[{"taxonomy":"product_brand","embeddable":true,"href":"https:\/\/puyapeptide.net\/da\/wp-json\/wp\/v2\/product_brand?post=7211"},{"taxonomy":"product_cat","embeddable":true,"href":"https:\/\/puyapeptide.net\/da\/wp-json\/wp\/v2\/product_cat?post=7211"},{"taxonomy":"product_tag","embeddable":true,"href":"https:\/\/puyapeptide.net\/da\/wp-json\/wp\/v2\/product_tag?post=7211"}],"curies":[{"name":"wp","href":"https:\/\/api.w.org\/{rel}","templated":true}]}}