{"id":7282,"date":"2021-12-16T07:20:52","date_gmt":"2021-12-16T12:20:52","guid":{"rendered":"https:\/\/puyapeptide.net\/product\/melanotan-1-melanotan-i-afamelanotid-cas-75921-69-6\/"},"modified":"2021-12-16T07:20:52","modified_gmt":"2021-12-16T12:20:52","slug":"melanotan-1-melanotan-i-afamelanotid-cas-75921-69-6","status":"publish","type":"product","link":"https:\/\/puyapeptide.net\/da\/product\/melanotan-1-melanotan-i-afamelanotid-cas-75921-69-6\/","title":{"rendered":"Melanotan 1\/ Melanotan I\/ Afamelanotid CAS 75921-69-6"},"content":{"rendered":"<h2><strong>Melanotan 1\/ Melanotan I\/ Afamelanotid CAS 75921-69-6<\/strong><\/h2>\n<p>Produktnavn: Melanotan 1<br \/>\nSekvens: Ac-Ser-Tyr-Ser-Nle-Glu-His-D-Phe-Arg-Trp-Gly-Lys-Pro-Val-NH2<br \/>\nSynonymer: [ NLE4,D-PHE]ALFA-MELANOCYT-STIMULERENDE HORMON;(NLE4,D-PHE7)-ALPHA-MSH;[Nle4,D-Phe7]\u03b1-MSH;Ac-L-Ser-L-Tyr-L-Ser-L -Nle-L-Glu-L-His-D-Phe-L-Arg-L-Trp-Gly-L-Lys-L-Pro-L-Val-NH2;N-Ac-L-Ser-L-Tyr -L-Ser-L-Nle-L-Glu-L-His-D-Phe-L-Arg-L-Trp-Gly-L-Lys-L-Pro-L-Val-NH2; [Nle4,DPhe7] a-MSH, amid; [Nle4, DPhe7] a-MSH, amid: Melanotan \u2160; [Nle4, D-Phe7]-\u03b1-MSH, amid<br \/>\nCAS: 75921-69-6<br \/>\nMF: C78H111N21O19&lt; &amp;&gt;MW: 1646.85<br \/>\nEINECS: 211-519-9<br \/>\nProduktkategorier: Ionkanalmodulerende peptider;Melanocytstimulerende hormoner (MSH);ImmunomodulatorerHormoner;Fedmeforskning;Peptider til cellebiologi;Hypofysestimulerende hormoner;Peptide; Hormon (MSH)peptider og proteiner;\u03b1-Melanocytstimulerende hormon (\u03b1-MSH)peptider til cellebiologi; Cytokiner V\u00e6kstfaktorer og Hormoner (fedme); Melanotan II A<br \/>\nMol Fil: 75921-69-6.mol&lt;&amp; &gt;<br \/>\nMelanotan 2 (ogs\u00e5 kendt som Melanotan II) er en syntetisk En produceret variant af et peptidhormon, der naturligt produceres i<br \/>\nvores krop, og som stimulerer melanogenese, som er ansvarlig for pigmentering af huden. Dette peptidhormon, kaldet<br \/>\nalfa-melanocytstimulerende hormon eller MSH, aktiverer visse melanocortin-receptorer i processen med at ud\u00f8ve dets virkninger.<br \/>\nMSH frembringer faktisk ogs\u00e5 potente fordele ved lipidmetabolisme, appetit og seksuel libido via disse melanocortin-receptorer.<br \/>\nDerfor har Melanotan 2 i unders\u00f8gelser vist sig at udvise appetitd\u00e6mpende, lipolytiske og libido-forst\u00e6rkende effekter ud over at fremme<br \/>\nhudbruning. Melanotan 2 er blevet unders\u00f8gt grundigt til brug for at beskytte mod de skadelige virkninger af ultraviolet<br \/>\nstr\u00e5ling fra sollys p\u00e5 grund af dets melanogenese-stimulerende egenskaber.<br \/>\nDerudover Melanotan 2(MT-2) og en lignende syntetisk fremstillet variant, , er blevet unders\u00f8gt som et potentielt middel<br \/>\ntil behandling af seksuel dysfunktion; specifikt mandlig erektil dysfunktion.<\/p>\n<p> <strong>Melanotan 1\/ Melanotan I\/ Afamelanotide CAS 75921-69-6 Kemiske egenskaber<\/strong><br \/>\ndensitet 1,46\u00b10,1 g\/cm3(forudsagt)<br \/>\nRTECS OS1830200<br \/>\nopbevaringstemp. . \u221220\u00b0C<br \/>\npka 4,43\u00b10,10(forudsagt)<br \/>\nInChIKey UAHFGYDRQSXQEB-LEBBXHLNSA-N<br \/>\nCAS DataBase Reference 75921-69-6(CAS DataBase Reference)<\/p>\n<p> <strong>Anvendelser af Melanotan 1\/ Melanotan I\/ Afamelanotide CAS 75921-69-6s<\/strong><br \/>\nMed frigivelsen af Melanotan I er dette line\u00e6re peptid best\u00e5ende af 13 aminosyrer bundet til at spille en endnu st\u00f8rre rolle i l\u00e6gemiddelforskning. De vigtigste engelske navne p\u00e5 Melanotan I er Melanotan-1 og Afamelanotide, som tilh\u00f8rer \u03b1-MSH-analoger, Melanotan I kan bruges til at behandle lysf\u00f8lsomhedsforstyrrelser for\u00e5rsaget af erytropoietisk protoporfyri.<\/p>\n","protected":false},"excerpt":{"rendered":"<p>Produktnavn: Melanotan 1<br \/>\nCAS: 75921-69-6<br \/>\nMF: C78H111N21O19<br \/>\nMW: 1646.85<br \/>\nEINECS: 211-519-9<br \/>\nMol Fil: 75921-69-6.mol<\/p>\n","protected":false},"featured_media":2203,"comment_status":"open","ping_status":"closed","template":"","meta":{"om_disable_all_campaigns":false,"_monsterinsights_skip_tracking":false,"_monsterinsights_sitenote_active":false,"_monsterinsights_sitenote_note":"","_monsterinsights_sitenote_category":0,"site-sidebar-layout":"default","site-content-layout":"default","ast-site-content-layout":"default","site-content-style":"default","site-sidebar-style":"default","ast-global-header-display":"","ast-banner-title-visibility":"","ast-main-header-display":"","ast-hfb-above-header-display":"","ast-hfb-below-header-display":"","ast-hfb-mobile-header-display":"","site-post-title":"","ast-breadcrumbs-content":"","ast-featured-img":"","footer-sml-layout":"","ast-disable-related-posts":"","theme-transparent-header-meta":"default","adv-header-id-meta":"","stick-header-meta":"","header-above-stick-meta":"","header-main-stick-meta":"","header-below-stick-meta":"","astra-migrate-meta-layouts":"default","ast-page-background-enabled":"default","ast-page-background-meta":{"desktop":{"background-color":"","background-image":"","background-repeat":"repeat","background-position":"center center","background-size":"auto","background-attachment":"scroll","background-type":"","background-media":"","overlay-type":"","overlay-color":"","overlay-opacity":"","overlay-gradient":""},"tablet":{"background-color":"","background-image":"","background-repeat":"repeat","background-position":"center center","background-size":"auto","background-attachment":"scroll","background-type":"","background-media":"","overlay-type":"","overlay-color":"","overlay-opacity":"","overlay-gradient":""},"mobile":{"background-color":"","background-image":"","background-repeat":"repeat","background-position":"center center","background-size":"auto","background-attachment":"scroll","background-type":"","background-media":"","overlay-type":"","overlay-color":"","overlay-opacity":"","overlay-gradient":""}},"ast-content-background-meta":{"desktop":{"background-color":"var(--ast-global-color-5)","background-image":"","background-repeat":"repeat","background-position":"center center","background-size":"auto","background-attachment":"scroll","background-type":"","background-media":"","overlay-type":"","overlay-color":"","overlay-opacity":"","overlay-gradient":""},"tablet":{"background-color":"var(--ast-global-color-5)","background-image":"","background-repeat":"repeat","background-position":"center center","background-size":"auto","background-attachment":"scroll","background-type":"","background-media":"","overlay-type":"","overlay-color":"","overlay-opacity":"","overlay-gradient":""},"mobile":{"background-color":"var(--ast-global-color-5)","background-image":"","background-repeat":"repeat","background-position":"center center","background-size":"auto","background-attachment":"scroll","background-type":"","background-media":"","overlay-type":"","overlay-color":"","overlay-opacity":"","overlay-gradient":""}}},"product_brand":[],"product_cat":[531],"product_tag":[2554],"class_list":{"0":"post-7282","1":"product","2":"type-product","3":"status-publish","4":"has-post-thumbnail","6":"product_cat-andre-peptider","7":"product_tag-melanotan-1-melanotan-i-afamelanotide-cas-75921-69-6-da","8":"desktop-align-left","9":"tablet-align-left","10":"mobile-align-left","12":"first","13":"instock","14":"shipping-taxable","15":"product-type-simple"},"_links":{"self":[{"href":"https:\/\/puyapeptide.net\/da\/wp-json\/wp\/v2\/product\/7282","targetHints":{"allow":["GET"]}}],"collection":[{"href":"https:\/\/puyapeptide.net\/da\/wp-json\/wp\/v2\/product"}],"about":[{"href":"https:\/\/puyapeptide.net\/da\/wp-json\/wp\/v2\/types\/product"}],"replies":[{"embeddable":true,"href":"https:\/\/puyapeptide.net\/da\/wp-json\/wp\/v2\/comments?post=7282"}],"wp:featuredmedia":[{"embeddable":true,"href":"https:\/\/puyapeptide.net\/da\/wp-json\/wp\/v2\/media\/2203"}],"wp:attachment":[{"href":"https:\/\/puyapeptide.net\/da\/wp-json\/wp\/v2\/media?parent=7282"}],"wp:term":[{"taxonomy":"product_brand","embeddable":true,"href":"https:\/\/puyapeptide.net\/da\/wp-json\/wp\/v2\/product_brand?post=7282"},{"taxonomy":"product_cat","embeddable":true,"href":"https:\/\/puyapeptide.net\/da\/wp-json\/wp\/v2\/product_cat?post=7282"},{"taxonomy":"product_tag","embeddable":true,"href":"https:\/\/puyapeptide.net\/da\/wp-json\/wp\/v2\/product_tag?post=7282"}],"curies":[{"name":"wp","href":"https:\/\/api.w.org\/{rel}","templated":true}]}}