{"id":7309,"date":"2021-12-16T07:21:45","date_gmt":"2021-12-16T12:21:45","guid":{"rendered":"https:\/\/puyapeptide.net\/product\/elcatonin-acetate-elcatonin-cas-60731-46-6-kan-reducere-serumcalcium\/"},"modified":"2021-12-16T07:21:45","modified_gmt":"2021-12-16T12:21:45","slug":"elcatonin-acetate-elcatonin-cas-60731-46-6-kan-reducere-serumcalcium","status":"publish","type":"product","link":"https:\/\/puyapeptide.net\/da\/product\/elcatonin-acetate-elcatonin-cas-60731-46-6-kan-reducere-serumcalcium\/","title":{"rendered":"Elcatonin Acetate\/ Elcatonin CAS 60731-46-6 Kan reducere serumcalcium"},"content":{"rendered":"<h2><strong>Elcatonin Acetate\/ Elcatonin CAS 60731-46-6 Kan reducere serumcalcium<\/strong><\/h2>\n<p>Produktnavn: Elcatonin<br \/>\nSynonymer: (aminosubericacid1,7)-eelcalcitonin;1-butansyre-26-l-asparaginsyre-27-l-valin-7-dicarbacalcitonin(laks);29-l-alanin-; (L-ALFA-AMINOSUBIERSYRE1,7)-CALCITONIN (\u00c5L);ELCATONIN;ELCATONIN (\u00c5L);(DES CYS1,CYKLO (SER2-ASU7))-CALCITONIN (\u00c5L) ACETATSALT;CYKLO(-SER-ASN-LEU -SER-THR-ASU)-VAL-LEU-GLY-LYS-LEU-SER-GLN-GLU-LEU-HIS-LYS-LEU-GLN-THR-TYR-PRO-ARG-THR-ASP-VAL-GLY- ALA-GLY-THR-PRO-NH2<br \/>\nCAS: 60731-46-6<br \/>\nMF: C148H244N42O47<br \/>\nMW: 3363.83<br \/>\nEINECS: 262-393-7<br \/>\nProduktkategorier:<br \/>\n Mol Fil: 60731-46-6.mol<\/p>\n<p>Elcatonin er et polypeptid med stabil sekund\u00e6r struktur. Dens vigtigste fysiologiske funktion er at h\u00e6mme osteoklastaktivitet, reducere knogleresorption, forhindre knoglekalciumtab og reducere serumcalcium hos normale dyr og hyperkalc\u00e6miske dyr.<\/p>\n<p>Elcatonin (molekylformel: C148H244N42O47) er en slags enkelt, ikke -glycosyleret polypeptidk\u00e6de best\u00e5ende af 31 aminosyrer. Det er et calcitoninderivat og bruges som et middel mod parathyroid. Det bruges hovedsageligt til at lindre og eliminere smerten for\u00e5rsaget af osteoporose. Det har adskillige fysiologiske virkninger, herunder: (1) h\u00e6mning af absorption og autolyse af knogler, hvilket f\u00f8rer til reduktion af blodcalciumniveauet; (2) h\u00e6mmer opl\u00f8sningen og overf\u00f8rslen af knoglesalte, hvilket yderligere fremmer udskillelsen af calcium og phosphor i urinen; (3) det h\u00e6mmer processen med calcium, phosphor og natrium reabsorption af nyretubuli.<\/p>\n<p> <strong>Elcatonin Acetate\/ Elcatonin CAS 60731-46-6 Kemiske egenskaber<\/strong><br \/>\ndensitet 1,49\u00b10,1 g\/cm3(forudsagt )<br \/>\nRTECS HS9270000<br \/>\nopbevaringstemp. -15\u00b0C<\/p>\n<p> <strong>Anvendelser af Elcatonin Acetate\/ Elcatonin CAS 60731-46-6<\/strong><br \/>\nOsteoporose; hypercalc\u00e6mi; Pagets sygdom<\/p>\n","protected":false},"excerpt":{"rendered":"<p>Produktnavn: Elcatonin<br \/>\nCAS: 60731-46-6<br \/>\nMF: C148H244N42O47<br \/>\nMW: 3363.83<br \/>\nEINECS: 262-393-7<br \/>\nMol Fil: 60731-46-6.mol<\/p>\n","protected":false},"featured_media":2098,"comment_status":"open","ping_status":"closed","template":"","meta":{"om_disable_all_campaigns":false,"_monsterinsights_skip_tracking":false,"_monsterinsights_sitenote_active":false,"_monsterinsights_sitenote_note":"","_monsterinsights_sitenote_category":0,"site-sidebar-layout":"default","site-content-layout":"default","ast-site-content-layout":"default","site-content-style":"default","site-sidebar-style":"default","ast-global-header-display":"","ast-banner-title-visibility":"","ast-main-header-display":"","ast-hfb-above-header-display":"","ast-hfb-below-header-display":"","ast-hfb-mobile-header-display":"","site-post-title":"","ast-breadcrumbs-content":"","ast-featured-img":"","footer-sml-layout":"","ast-disable-related-posts":"","theme-transparent-header-meta":"default","adv-header-id-meta":"","stick-header-meta":"","header-above-stick-meta":"","header-main-stick-meta":"","header-below-stick-meta":"","astra-migrate-meta-layouts":"default","ast-page-background-enabled":"default","ast-page-background-meta":{"desktop":{"background-color":"","background-image":"","background-repeat":"repeat","background-position":"center center","background-size":"auto","background-attachment":"scroll","background-type":"","background-media":"","overlay-type":"","overlay-color":"","overlay-opacity":"","overlay-gradient":""},"tablet":{"background-color":"","background-image":"","background-repeat":"repeat","background-position":"center center","background-size":"auto","background-attachment":"scroll","background-type":"","background-media":"","overlay-type":"","overlay-color":"","overlay-opacity":"","overlay-gradient":""},"mobile":{"background-color":"","background-image":"","background-repeat":"repeat","background-position":"center center","background-size":"auto","background-attachment":"scroll","background-type":"","background-media":"","overlay-type":"","overlay-color":"","overlay-opacity":"","overlay-gradient":""}},"ast-content-background-meta":{"desktop":{"background-color":"var(--ast-global-color-5)","background-image":"","background-repeat":"repeat","background-position":"center center","background-size":"auto","background-attachment":"scroll","background-type":"","background-media":"","overlay-type":"","overlay-color":"","overlay-opacity":"","overlay-gradient":""},"tablet":{"background-color":"var(--ast-global-color-5)","background-image":"","background-repeat":"repeat","background-position":"center center","background-size":"auto","background-attachment":"scroll","background-type":"","background-media":"","overlay-type":"","overlay-color":"","overlay-opacity":"","overlay-gradient":""},"mobile":{"background-color":"var(--ast-global-color-5)","background-image":"","background-repeat":"repeat","background-position":"center center","background-size":"auto","background-attachment":"scroll","background-type":"","background-media":"","overlay-type":"","overlay-color":"","overlay-opacity":"","overlay-gradient":""}}},"product_brand":[],"product_cat":[468],"product_tag":[2426],"class_list":{"0":"post-7309","1":"product","2":"type-product","3":"status-publish","4":"has-post-thumbnail","6":"product_cat-osteoporose-peptid","7":"product_tag-elcatonin-acetate-elcatonin-cas-60731-46-6-can-reduce-the-serum-calcium-da","8":"desktop-align-left","9":"tablet-align-left","10":"mobile-align-left","12":"first","13":"instock","14":"shipping-taxable","15":"product-type-simple"},"_links":{"self":[{"href":"https:\/\/puyapeptide.net\/da\/wp-json\/wp\/v2\/product\/7309","targetHints":{"allow":["GET"]}}],"collection":[{"href":"https:\/\/puyapeptide.net\/da\/wp-json\/wp\/v2\/product"}],"about":[{"href":"https:\/\/puyapeptide.net\/da\/wp-json\/wp\/v2\/types\/product"}],"replies":[{"embeddable":true,"href":"https:\/\/puyapeptide.net\/da\/wp-json\/wp\/v2\/comments?post=7309"}],"wp:featuredmedia":[{"embeddable":true,"href":"https:\/\/puyapeptide.net\/da\/wp-json\/wp\/v2\/media\/2098"}],"wp:attachment":[{"href":"https:\/\/puyapeptide.net\/da\/wp-json\/wp\/v2\/media?parent=7309"}],"wp:term":[{"taxonomy":"product_brand","embeddable":true,"href":"https:\/\/puyapeptide.net\/da\/wp-json\/wp\/v2\/product_brand?post=7309"},{"taxonomy":"product_cat","embeddable":true,"href":"https:\/\/puyapeptide.net\/da\/wp-json\/wp\/v2\/product_cat?post=7309"},{"taxonomy":"product_tag","embeddable":true,"href":"https:\/\/puyapeptide.net\/da\/wp-json\/wp\/v2\/product_tag?post=7309"}],"curies":[{"name":"wp","href":"https:\/\/api.w.org\/{rel}","templated":true}]}}