{"id":7382,"date":"2021-12-16T07:57:32","date_gmt":"2021-12-16T12:57:32","guid":{"rendered":"https:\/\/puyapeptide.net\/product\/bivalirudin-cas-128270-60-0-er-et-antikoagulant-til-laboratorieforskning\/"},"modified":"2022-10-25T00:37:38","modified_gmt":"2022-10-25T04:37:38","slug":"bivalirudin-cas-128270-60-0-er-et-antikoagulant-til-laboratorieforskning","status":"publish","type":"product","link":"https:\/\/puyapeptide.net\/da\/product\/bivalirudin-cas-128270-60-0-er-et-antikoagulant-til-laboratorieforskning\/","title":{"rendered":"Bivalirudin CAS 128270-60-0 er et antikoagulant til laboratorieforskning"},"content":{"rendered":"<h2><strong>Bivalirudin CAS 128270-60-0 er et antikoagulant til laboratorieforskning<\/strong><\/h2>\n<p>Produktnavn: Bivalirudin<br \/>\nSynonymer: Bivalirudin, TFA;BIVALIRUDIN;BIVALIRUDIN TRIFLUOROACETATE;BITTERMELONP.E;Human Bivalirudin;DPHE-PRO-ARG-PRO-GLY-GLY-GLY-GLY-ASN-GLY-ASP PHE-GLU-GLU-LLE-PRO-GLU-GLU-TYR-LEU;Bivalirudinacetat;Bivalirudin BG 8967, Hirulog, Hirulog I<br \/>\nCAS: 128270-60-0<br \/>\nMF: C98H138N24O33:<br \/>\n 2180.29<br \/>\nEINECS: 274-570-6<br \/>\nProduktkategorier: API;proteiner;Peptid<br \/>\nMol Fil: 128270-60-0.mol<\/p>\n<p>Bivalirudin er en slags syntetiske nye antikoagulanter. Det er den direkte, specifikke og reversible h\u00e6mmer af thrombin. Det blev oprindeligt udviklet af det schweiziske Basset (Biogen). Derefter blev det overf\u00f8rt til United States Medicines Company og godkendt til markedsf\u00f8ring i USA i 2000. Dets antikoagulerende ingrediens er en slags 20 peptider afledt af hirudin. Bivalirudin kan specifikt binde til det katalytiske sted og anionbindingsstedet for trombin, der er i blodcirkulationen, eller trombebundet trombin, og dermed direkte h\u00e6mme thrombinaktivitet. Og dens rolle er karakteriseret ved kort, reversibel. Tidlige kliniske unders\u00f8gelser viser, at antikoagulationsbehandlingen af bivalirudin er god. Og forekomsten af bl\u00f8dningsh\u00e6ndelser er lav. S\u00e5 dets brug er sikrere end traditionel heparinterapi. Det bruges hovedsageligt til forebyggelse af angioplastik interventionel behandling af isk\u00e6miske komplikationer af ustabil angina pectoris f\u00f8r og efter.<\/p>\n<p> <strong>Bivalirudin CAS 128270-60-0 Kemiske egenskaber<\/strong><br \/>\ndensitet 1,52\u00b10,1 g\/cm3(forudsagt)<br \/>\nopbevaringstemp. -20\u00b0C<br \/>\nform pulver<br \/>\nfarve hvid til r\u00e5hvid<br \/>\nInChIKey OIRCOABEOLEUMC-GEJPAHFPSA-N<\/p>\n<p> <strong>Anvendelser af Bivalirudin CAS 128270-60-0<\/strong><br \/>\nAntikoagulant; antitrombotisk.<\/p>\n<p>Biluvudin er et syntetisk antikoagulerende l\u00e6gemiddel, en 20-peptid-analog af hirudin, som blev godkendt til markedsf\u00f8ring i USA i 2000. Bivalirudin binder sig specifikt til det katalytiske sted for thrombin og det anioniske eksterne bindingssted. direkte inhibering af thrombins aktivitet og derved inhibering af reaktionerne katalyseret og induceret af thrombin, og dets virkning er reversibel. Bivalirudin bruges hovedsageligt som antikoagulant til elektiv perkutan koronar intervention (PCI) hos voksne.<\/p>\n","protected":false},"excerpt":{"rendered":"<p>Produktnavn: Bivalirudin<br \/>\nCAS: 128270-60-0<br \/>\nMF: C98H138N24O33<br \/>\nMW: 2180.29<br \/>\nEINECS: 274-570-6<br \/>\nMol Fil: 128270-60-0mol.<\/p>\n","protected":false},"featured_media":2266,"comment_status":"open","ping_status":"closed","template":"","meta":{"om_disable_all_campaigns":false,"_monsterinsights_skip_tracking":false,"_monsterinsights_sitenote_active":false,"_monsterinsights_sitenote_note":"","_monsterinsights_sitenote_category":0,"site-sidebar-layout":"default","site-content-layout":"default","ast-site-content-layout":"default","site-content-style":"default","site-sidebar-style":"default","ast-global-header-display":"","ast-banner-title-visibility":"","ast-main-header-display":"","ast-hfb-above-header-display":"","ast-hfb-below-header-display":"","ast-hfb-mobile-header-display":"","site-post-title":"","ast-breadcrumbs-content":"","ast-featured-img":"","footer-sml-layout":"","ast-disable-related-posts":"","theme-transparent-header-meta":"default","adv-header-id-meta":"","stick-header-meta":"","header-above-stick-meta":"","header-main-stick-meta":"","header-below-stick-meta":"","astra-migrate-meta-layouts":"default","ast-page-background-enabled":"default","ast-page-background-meta":{"desktop":{"background-color":"","background-image":"","background-repeat":"repeat","background-position":"center center","background-size":"auto","background-attachment":"scroll","background-type":"","background-media":"","overlay-type":"","overlay-color":"","overlay-opacity":"","overlay-gradient":""},"tablet":{"background-color":"","background-image":"","background-repeat":"repeat","background-position":"center center","background-size":"auto","background-attachment":"scroll","background-type":"","background-media":"","overlay-type":"","overlay-color":"","overlay-opacity":"","overlay-gradient":""},"mobile":{"background-color":"","background-image":"","background-repeat":"repeat","background-position":"center center","background-size":"auto","background-attachment":"scroll","background-type":"","background-media":"","overlay-type":"","overlay-color":"","overlay-opacity":"","overlay-gradient":""}},"ast-content-background-meta":{"desktop":{"background-color":"var(--ast-global-color-5)","background-image":"","background-repeat":"repeat","background-position":"center center","background-size":"auto","background-attachment":"scroll","background-type":"","background-media":"","overlay-type":"","overlay-color":"","overlay-opacity":"","overlay-gradient":""},"tablet":{"background-color":"var(--ast-global-color-5)","background-image":"","background-repeat":"repeat","background-position":"center center","background-size":"auto","background-attachment":"scroll","background-type":"","background-media":"","overlay-type":"","overlay-color":"","overlay-opacity":"","overlay-gradient":""},"mobile":{"background-color":"var(--ast-global-color-5)","background-image":"","background-repeat":"repeat","background-position":"center center","background-size":"auto","background-attachment":"scroll","background-type":"","background-media":"","overlay-type":"","overlay-color":"","overlay-opacity":"","overlay-gradient":""}}},"product_brand":[],"product_cat":[404],"product_tag":[2384],"class_list":{"0":"post-7382","1":"product","2":"type-product","3":"status-publish","4":"has-post-thumbnail","6":"product_cat-blod-og-vaskulaer-peptid","7":"product_tag-bivalirudin-cas-128270-60-0-is-an-anticoagulant-for-lab-research-da","8":"desktop-align-left","9":"tablet-align-left","10":"mobile-align-left","12":"first","13":"instock","14":"shipping-taxable","15":"product-type-simple"},"_links":{"self":[{"href":"https:\/\/puyapeptide.net\/da\/wp-json\/wp\/v2\/product\/7382","targetHints":{"allow":["GET"]}}],"collection":[{"href":"https:\/\/puyapeptide.net\/da\/wp-json\/wp\/v2\/product"}],"about":[{"href":"https:\/\/puyapeptide.net\/da\/wp-json\/wp\/v2\/types\/product"}],"replies":[{"embeddable":true,"href":"https:\/\/puyapeptide.net\/da\/wp-json\/wp\/v2\/comments?post=7382"}],"wp:featuredmedia":[{"embeddable":true,"href":"https:\/\/puyapeptide.net\/da\/wp-json\/wp\/v2\/media\/2266"}],"wp:attachment":[{"href":"https:\/\/puyapeptide.net\/da\/wp-json\/wp\/v2\/media?parent=7382"}],"wp:term":[{"taxonomy":"product_brand","embeddable":true,"href":"https:\/\/puyapeptide.net\/da\/wp-json\/wp\/v2\/product_brand?post=7382"},{"taxonomy":"product_cat","embeddable":true,"href":"https:\/\/puyapeptide.net\/da\/wp-json\/wp\/v2\/product_cat?post=7382"},{"taxonomy":"product_tag","embeddable":true,"href":"https:\/\/puyapeptide.net\/da\/wp-json\/wp\/v2\/product_tag?post=7382"}],"curies":[{"name":"wp","href":"https:\/\/api.w.org\/{rel}","templated":true}]}}