{"id":7494,"date":"2021-12-16T08:02:29","date_gmt":"2021-12-16T13:02:29","guid":{"rendered":"https:\/\/puyapeptide.net\/product\/hot-sale-albiglutide-cas-782500-75-8-behandler-til-diabetes\/"},"modified":"2021-12-16T08:02:29","modified_gmt":"2021-12-16T13:02:29","slug":"hot-sale-albiglutide-cas-782500-75-8-behandler-til-diabetes","status":"publish","type":"product","link":"https:\/\/puyapeptide.net\/da\/product\/hot-sale-albiglutide-cas-782500-75-8-behandler-til-diabetes\/","title":{"rendered":"Hot Sale Albiglutide CAS 782500-75-8 behandler til diabetes"},"content":{"rendered":"<h2><strong>Hot Sale Albiglutide CAS 782500-75-8 behandler til diabetes<\/strong><\/h2>\n<p>Produktnavn: Albiglutid<br \/>\nSekvens: H-His-Gly-Glu-Gly-Thr-Phe-Thr-Ser-Asp-Val-Ser-Ser-Tyr-Leu-Glu-Gly-Gln-Ala- Ala-Lys-Glu-Phe-Ile-Ala-Trp-Leu-Val-Lys-Gly-Arg-OH<br \/>\nSynonymer: albiglutid;Albugon;Naliglutid;7-36-Glucagon-lignende peptid I (8-glycin) (humant), fusionsprotein med 7-36-glucagon-lignende peptid I (8-glycin) (humant) fusionsprotein med serum; Gsk 716155; Unii-5E7U48495e; 7-36-Glucagon-lignende peptid I [8-glycin] ( huMan), fusionsprotein med 7-36-glucagon-lignende peptid I[8-glycin] (huMan) fusionsprotein med serum albuMin (huMan); Albiglutid Fragment<br \/>\nCAS: 782500-75-8<br \/>\nMF: C148H223N39O46<br \/>\nMW: 3284.58792<br \/>\nEINECS:<br \/>\nProduktkategorier: GLP<br \/>\nMol Fil: 782500-75-8.mol<\/p>\n<p>Albiglutid er FDA-godkendt til type 2 diabetes mellitus (DM) og profylakse for forstyrrelse af det kardiovaskul\u00e6re system som f\u00f8lge af type 2-diabetes. Dets dosering involverer titrering for at reducere gastrointestinale symptomer, s\u00e5som kvalme, diarr\u00e9 og opkastning: p\u00e5begynd 0,6 mg daglig subkutan injektion i 1 uge; stigning til vedligeholdelsesdosis p\u00e5 1,2 mg dagligt; og \u00f8g til 1,8 mg dagligt efter behov.<br \/>\nLiraglutid er ogs\u00e5 FDA-godkendt som Saxenda til fedme med et kropsmasseindeks p\u00e5 30 kg\/m2 <or 27kg\/m2 with the presence of at least 1 weight-related comorbid condition. Saxenda is initiated at 0.6 mg subcutaneous daily injection for 1 week, with weekly increments of 0.6 mg per day, until the maintenance dosage of 3 mg once daily is reached.3 If the patient misses a dose of liraglutide injection for more than 3 days, re-initiation at 0.6 mg is recommended to mitigate gastrointestinal (GI) symptoms. <strong>Funktion og anvendelse af Albiglutid CAS 782500-75-8 <\/strong><br \/>\nTilbage den 15. april 2014 godkendte US Food and Drug Administration (FDA) officielt diabetesl\u00e6gemidlet Albiglutide til markedsf\u00f8ring. L\u00e6gemidlet er den anden langtidsvirkende GLP-1-analog, der er godkendt til at agonisere GLP-1-receptoren og fremme insulinsekretion til behandling af type 2-diabetes.<\/p>\n","protected":false},"excerpt":{"rendered":"<p>Produktnavn: Albiglutid<br \/>\nCAS: 782500-75-8<br \/>\nMF: C148H223N39O46<br \/>\nMW: 3284.58792<br \/>\nMol Fil: 782500-75-8.mol<\/p>\n","protected":false},"featured_media":2203,"comment_status":"open","ping_status":"closed","template":"","meta":{"om_disable_all_campaigns":false,"_monsterinsights_skip_tracking":false,"_monsterinsights_sitenote_active":false,"_monsterinsights_sitenote_note":"","_monsterinsights_sitenote_category":0,"site-sidebar-layout":"default","site-content-layout":"default","ast-site-content-layout":"default","site-content-style":"default","site-sidebar-style":"default","ast-global-header-display":"","ast-banner-title-visibility":"","ast-main-header-display":"","ast-hfb-above-header-display":"","ast-hfb-below-header-display":"","ast-hfb-mobile-header-display":"","site-post-title":"","ast-breadcrumbs-content":"","ast-featured-img":"","footer-sml-layout":"","ast-disable-related-posts":"","theme-transparent-header-meta":"default","adv-header-id-meta":"","stick-header-meta":"","header-above-stick-meta":"","header-main-stick-meta":"","header-below-stick-meta":"","astra-migrate-meta-layouts":"default","ast-page-background-enabled":"default","ast-page-background-meta":{"desktop":{"background-color":"","background-image":"","background-repeat":"repeat","background-position":"center center","background-size":"auto","background-attachment":"scroll","background-type":"","background-media":"","overlay-type":"","overlay-color":"","overlay-opacity":"","overlay-gradient":""},"tablet":{"background-color":"","background-image":"","background-repeat":"repeat","background-position":"center center","background-size":"auto","background-attachment":"scroll","background-type":"","background-media":"","overlay-type":"","overlay-color":"","overlay-opacity":"","overlay-gradient":""},"mobile":{"background-color":"","background-image":"","background-repeat":"repeat","background-position":"center center","background-size":"auto","background-attachment":"scroll","background-type":"","background-media":"","overlay-type":"","overlay-color":"","overlay-opacity":"","overlay-gradient":""}},"ast-content-background-meta":{"desktop":{"background-color":"var(--ast-global-color-5)","background-image":"","background-repeat":"repeat","background-position":"center center","background-size":"auto","background-attachment":"scroll","background-type":"","background-media":"","overlay-type":"","overlay-color":"","overlay-opacity":"","overlay-gradient":""},"tablet":{"background-color":"var(--ast-global-color-5)","background-image":"","background-repeat":"repeat","background-position":"center center","background-size":"auto","background-attachment":"scroll","background-type":"","background-media":"","overlay-type":"","overlay-color":"","overlay-opacity":"","overlay-gradient":""},"mobile":{"background-color":"var(--ast-global-color-5)","background-image":"","background-repeat":"repeat","background-position":"center center","background-size":"auto","background-attachment":"scroll","background-type":"","background-media":"","overlay-type":"","overlay-color":"","overlay-opacity":"","overlay-gradient":""}}},"product_brand":[],"product_cat":[338],"product_tag":[2254],"class_list":{"0":"post-7494","1":"product","2":"type-product","3":"status-publish","4":"has-post-thumbnail","6":"product_cat-diabetes-peptid","7":"product_tag-hot-sale-albiglutide-cas-782500-75-8-treat-for-diabetes-da","8":"desktop-align-left","9":"tablet-align-left","10":"mobile-align-left","12":"first","13":"instock","14":"shipping-taxable","15":"product-type-simple"},"_links":{"self":[{"href":"https:\/\/puyapeptide.net\/da\/wp-json\/wp\/v2\/product\/7494","targetHints":{"allow":["GET"]}}],"collection":[{"href":"https:\/\/puyapeptide.net\/da\/wp-json\/wp\/v2\/product"}],"about":[{"href":"https:\/\/puyapeptide.net\/da\/wp-json\/wp\/v2\/types\/product"}],"replies":[{"embeddable":true,"href":"https:\/\/puyapeptide.net\/da\/wp-json\/wp\/v2\/comments?post=7494"}],"wp:featuredmedia":[{"embeddable":true,"href":"https:\/\/puyapeptide.net\/da\/wp-json\/wp\/v2\/media\/2203"}],"wp:attachment":[{"href":"https:\/\/puyapeptide.net\/da\/wp-json\/wp\/v2\/media?parent=7494"}],"wp:term":[{"taxonomy":"product_brand","embeddable":true,"href":"https:\/\/puyapeptide.net\/da\/wp-json\/wp\/v2\/product_brand?post=7494"},{"taxonomy":"product_cat","embeddable":true,"href":"https:\/\/puyapeptide.net\/da\/wp-json\/wp\/v2\/product_cat?post=7494"},{"taxonomy":"product_tag","embeddable":true,"href":"https:\/\/puyapeptide.net\/da\/wp-json\/wp\/v2\/product_tag?post=7494"}],"curies":[{"name":"wp","href":"https:\/\/api.w.org\/{rel}","templated":true}]}}