{"id":7537,"date":"2021-12-16T08:04:34","date_gmt":"2021-12-16T13:04:34","guid":{"rendered":"https:\/\/puyapeptide.net\/product\/bremelanotide-pt-141-pt141-acetate-cas-189691-06-3-bruges-til-at-behandle-lav-seksuel-lyst-hos-kvinder\/"},"modified":"2021-12-16T08:04:34","modified_gmt":"2021-12-16T13:04:34","slug":"bremelanotide-pt-141-pt141-acetate-cas-189691-06-3-bruges-til-at-behandle-lav-seksuel-lyst-hos-kvinder","status":"publish","type":"product","link":"https:\/\/puyapeptide.net\/da\/product\/bremelanotide-pt-141-pt141-acetate-cas-189691-06-3-bruges-til-at-behandle-lav-seksuel-lyst-hos-kvinder\/","title":{"rendered":"Bremelanotide\/PT-141\/PT141 Acetate CAS 189691-06-3 bruges til at behandle lav seksuel lyst hos kvinder"},"content":{"rendered":"<h2><strong>Bremelanotide\/PT-141\/PT141 Acetate CAS 189691-06-3 bruges til at behandle lav seksuel lyst hos kvinder<\/strong><\/h2>\n<p>Produktnavn: Bremelanotide<br \/>\nSynonymer: BREMELANOTIDE;Brmelanotice;Ac-Nle-cyclo(-Asp-His-D-Phe-Arg-Trp-Lys)-OH;Bremelanotide, PT141,PT-141;BREMELANOTIDE PT141 ;N-acetyl-L-norleucyl-L-alfa-aspartyl-L-histidyl-D-phenylalanyl-L-arginyl-L-tryptophyl-L-lysin (2-7)-lactam; Bremelanotid, a-MSH (PT- 141);REMELANOTIDE<br \/>\nCAS: 189691-06-3<br \/>\nMF: C50H68N14O10<br \/>\nMW: 1025.18<br \/>\nEINECS: 211-519-9<br \/>\nProduktkategorier: Peptider<br \/>\nMol Fil: 1896 -06-3.mol<\/p>\n<p>PT141, ogs\u00e5 kendt som Bremelanotide, er et l\u00e6gemiddel, der bruges til at behandle kvindelig seksuel dysfunktion. PT-141 har vist positive Chemicalbook-resultater i et fase I klinisk fors\u00f8g administreret til normale pr\u00e6menopausale kvinder. Det hj\u00e6lper pr\u00e6menopausale kvinder med hypoaktiv libido med at opretholde en normal seksuel lyst.<\/p>\n<p> <strong>Bremelanotide\/PT-141\/PT141 Acetate CAS 189691-06-3 Kemiske egenskaber<\/strong><br \/>\ndensitet 1,43<br \/>\npka 3,37\u00b10,70(forudsagt )<br \/>\nStabilitet: Ikke-rekonstitueret fryset\u00f8rret pulver skal opbevares p\u00e5 k\u00f8l i henhold til h\u00e6tteglassets instruktioner. Efter rekonstituering med bakteriostatisk vand, afk\u00f8les opl\u00f8sningen og anvendes inden for 30 dage. Hvis der anvendes bufferopl\u00f8sning, vil stabiliteten forbedres.<\/p>\n<p> <strong>Anvendelser af Bremelanotide\/PT-141\/PT141 Acetate CAS 189691-06-3 Kemiske egenskaber<\/strong><br \/>\nBehandling af seksuel dysfunktion (melanocortin-receptoragonist).<br \/>\n Bremelanotid bruges til at behandle lav seksuel lyst hos kvinder, der ikke har v\u00e6ret i overgangsalderen og ikke tidligere har haft lav seksuel lyst.<br \/>\nbremelanotid b\u00f8r kun bruges til at behandle lav seksuel lyst, der opst\u00e5r ved enhver form for seksuel aktivitet, i enhver seksuel situation eller med en seksuel partner.<br \/>\nBremelanotide b\u00f8r ikke bruges til at behandle lav seksuel lyst, der er for\u00e5rsaget af forholdsproblemer, helbredsproblemer, psykisk sygdom eller ved at bruge visse stoffer eller medicin.<\/p>\n","protected":false},"excerpt":{"rendered":"<p>Produktnavn: Bremelanotide<br \/>\nCAS: 189691-06-3<br \/>\nMF: C50H68N14O10<br \/>\nMW: 1025.18<br \/>\nEINECS: 211-519-9<br \/>\nMol Fil: 189691-06-3.mol<\/p>\n","protected":false},"featured_media":2119,"comment_status":"open","ping_status":"closed","template":"","meta":{"om_disable_all_campaigns":false,"_monsterinsights_skip_tracking":false,"_monsterinsights_sitenote_active":false,"_monsterinsights_sitenote_note":"","_monsterinsights_sitenote_category":0,"site-sidebar-layout":"default","site-content-layout":"default","ast-site-content-layout":"default","site-content-style":"default","site-sidebar-style":"default","ast-global-header-display":"","ast-banner-title-visibility":"","ast-main-header-display":"","ast-hfb-above-header-display":"","ast-hfb-below-header-display":"","ast-hfb-mobile-header-display":"","site-post-title":"","ast-breadcrumbs-content":"","ast-featured-img":"","footer-sml-layout":"","ast-disable-related-posts":"","theme-transparent-header-meta":"default","adv-header-id-meta":"","stick-header-meta":"","header-above-stick-meta":"","header-main-stick-meta":"","header-below-stick-meta":"","astra-migrate-meta-layouts":"default","ast-page-background-enabled":"default","ast-page-background-meta":{"desktop":{"background-color":"","background-image":"","background-repeat":"repeat","background-position":"center center","background-size":"auto","background-attachment":"scroll","background-type":"","background-media":"","overlay-type":"","overlay-color":"","overlay-opacity":"","overlay-gradient":""},"tablet":{"background-color":"","background-image":"","background-repeat":"repeat","background-position":"center center","background-size":"auto","background-attachment":"scroll","background-type":"","background-media":"","overlay-type":"","overlay-color":"","overlay-opacity":"","overlay-gradient":""},"mobile":{"background-color":"","background-image":"","background-repeat":"repeat","background-position":"center center","background-size":"auto","background-attachment":"scroll","background-type":"","background-media":"","overlay-type":"","overlay-color":"","overlay-opacity":"","overlay-gradient":""}},"ast-content-background-meta":{"desktop":{"background-color":"var(--ast-global-color-5)","background-image":"","background-repeat":"repeat","background-position":"center center","background-size":"auto","background-attachment":"scroll","background-type":"","background-media":"","overlay-type":"","overlay-color":"","overlay-opacity":"","overlay-gradient":""},"tablet":{"background-color":"var(--ast-global-color-5)","background-image":"","background-repeat":"repeat","background-position":"center center","background-size":"auto","background-attachment":"scroll","background-type":"","background-media":"","overlay-type":"","overlay-color":"","overlay-opacity":"","overlay-gradient":""},"mobile":{"background-color":"var(--ast-global-color-5)","background-image":"","background-repeat":"repeat","background-position":"center center","background-size":"auto","background-attachment":"scroll","background-type":"","background-media":"","overlay-type":"","overlay-color":"","overlay-opacity":"","overlay-gradient":""}}},"product_brand":[],"product_cat":[531],"product_tag":[],"class_list":{"0":"post-7537","1":"product","2":"type-product","3":"status-publish","4":"has-post-thumbnail","6":"product_cat-andre-peptider","7":"desktop-align-left","8":"tablet-align-left","9":"mobile-align-left","11":"first","12":"instock","13":"shipping-taxable","14":"product-type-simple"},"_links":{"self":[{"href":"https:\/\/puyapeptide.net\/da\/wp-json\/wp\/v2\/product\/7537","targetHints":{"allow":["GET"]}}],"collection":[{"href":"https:\/\/puyapeptide.net\/da\/wp-json\/wp\/v2\/product"}],"about":[{"href":"https:\/\/puyapeptide.net\/da\/wp-json\/wp\/v2\/types\/product"}],"replies":[{"embeddable":true,"href":"https:\/\/puyapeptide.net\/da\/wp-json\/wp\/v2\/comments?post=7537"}],"wp:featuredmedia":[{"embeddable":true,"href":"https:\/\/puyapeptide.net\/da\/wp-json\/wp\/v2\/media\/2119"}],"wp:attachment":[{"href":"https:\/\/puyapeptide.net\/da\/wp-json\/wp\/v2\/media?parent=7537"}],"wp:term":[{"taxonomy":"product_brand","embeddable":true,"href":"https:\/\/puyapeptide.net\/da\/wp-json\/wp\/v2\/product_brand?post=7537"},{"taxonomy":"product_cat","embeddable":true,"href":"https:\/\/puyapeptide.net\/da\/wp-json\/wp\/v2\/product_cat?post=7537"},{"taxonomy":"product_tag","embeddable":true,"href":"https:\/\/puyapeptide.net\/da\/wp-json\/wp\/v2\/product_tag?post=7537"}],"curies":[{"name":"wp","href":"https:\/\/api.w.org\/{rel}","templated":true}]}}