{"id":7555,"date":"2021-12-16T08:05:36","date_gmt":"2021-12-16T13:05:36","guid":{"rendered":"https:\/\/puyapeptide.net\/product\/ghrp-6-vaeksthormonfrigivende-peptid-hexapeptid-2-cas-87616-84-0\/"},"modified":"2026-03-22T12:24:20","modified_gmt":"2026-03-22T16:24:20","slug":"ghrp-6-vaeksthormonfrigivende-peptid-hexapeptid-2-cas-87616-84-0","status":"publish","type":"product","link":"https:\/\/puyapeptide.net\/da\/product\/ghrp-6-vaeksthormonfrigivende-peptid-hexapeptid-2-cas-87616-84-0\/","title":{"rendered":"GHRP-6\/ V\u00e6ksthormonfrigivende peptid\/ Hexapeptid-2 CAS 87616-84-0"},"content":{"rendered":"<h2><strong>GHRP-6\/ V\u00e6ksthormonfrigivende peptid\/ Hexapeptid-2 CAS 87616-84-0<\/strong><\/h2>\n<p>Produktnavn: V\u00e6ksthormonfrigivende peptid<br \/>\nSynonymer: D-TRP7,ALA8,D-PHE10]-A-MELANOCYTESTIMULERINGHORMONAMIDEFRAGMENT6-11;(2S)-6-amino-2-[[2-[[(2S] )-2-[[(2S)-2-[[(2R)-2-[[(2S)-2-amino-3-(3H-imidazol-4-yl)propanoyl]amino]-3-(1H) -indol-3-yl)propanoyl]amino]propanoyl]amino]-3-(1H-indol-3-yl)propanoyl]amino]-3-phenylpropanoyl]amino]hexanamid; V\u00e6ksthormonfrig\u00f8rende peptid; (D- trp7,ala8,D-phe10)-A-melanocyt*stimulerende ho;(D-TRP7,ALA8,D-PHE10)-A-MELANOCYTE*STIMU LATING HORM;V\u00e6kst;[d-trp7, ala8, d-phe10]- \u03b1-melanocytstimulerende hormonamidfragment 6-11;High Purity Ghrp-6 Peptide For Lean Muscle Mass CAS NO.87616-84-0 CAS NO.87616-84-0<br \/>\nCAS: 87616-84-0<br \/>\n MF: C46H56N12O6<br \/>\nMW: 873.01<br \/>\nEINECS:<br \/>\nProduktkategorier: Peptid;GHRP6;hgh<br \/>\nMol Fil: 87616-84-0.mol<\/p>\n<p>Det er dybest set en sekretague, som har potentialet til at lette den effektive stigning i niveauet af naturlig sekretion af i vores krop. Samtidig kan denne forbindelse ogs\u00e5 lette en pludselig stigning i kropsmasse og medf\u00f8re en massiv reduktion af kropsfedt. GHRP 6 inkluderer ogs\u00e5 kunstige d-aminosyrer, som f\u00e5r kroppen til ogs\u00e5 at frigive. GHRP 6 er ikke kendt for at virke godt, s\u00e5 det virker p\u00e5 receptoren i stedet for den receptor.<\/p>\n<p>Det er en forbindelse med en unik k\u00e6de best\u00e5ende af 6 aminosyrer, som er ansvarlig for at fort\u00e6lle vores krop, hvorn\u00e5r den har for at begynde at frigive sekreterne. Det blokerer ogs\u00e5 somatostatin, en hor, som prim\u00e6rt er ansvarlig for at stoppe sekreterne i at frigives.<\/p>\n<p>Den prim\u00e6re anvendelse af det er at fremme madforbrug ved at s\u00e6tte gang i sultf\u00f8lelsen og forbedre en persons energistofskiftet. Denne forbindelse er ogs\u00e5 blevet brugt i vid udstr\u00e6kning til at behandle mangel p\u00e5 hor sammen med andre komplikationer som fedme og spiseforstyrrelser.<\/p>\n<p>Selvom den er relativt ny p\u00e5 markedet, er den blevet ret popul\u00e6r som pr\u00e6stationsforst\u00e6rker. Det bliver gjort tilg\u00e6ngeligt p\u00e5 markedet af nogle f\u00e5 forskningsvirksomheder.<\/p>\n<p> <strong>GHRP-6\/ Growth hormone releasing peptide\/ Hexapeptide-2 Chemical Properties CAS 87616-84-0<\/strong><br \/>\nKogepunkt 1407,0\u00b165,0 \u00b0C( Forudsagt)<br \/>\ndensitet 1,333\u00b10,06 g\/cm3(forudsagt)<br \/>\nopbevaringstemp. \u221220\u00b0C<br \/>\npka 13,42\u00b10,46(forudsagt)<br \/>\nCAS DataBase Reference 87616-84-0(CAS DataBase Reference)<\/p>\n<p> <strong>Brug af GHRP-6\/V\u00e6ksthormonfrigivende peptid\/Hexapeptide-2 CAS 87616-84-0<\/strong><br \/>\nDet stimulerer direkte den forreste hypofyse, hvilket efterf\u00f8lgende f\u00f8rer til en stigning i frigivelsen i kroppen. Da GHRP 6 direkte p\u00e5virker feedback-sl\u00f8jfen, som udl\u00f8ser \u00e6ndringer i inhibering af frigivelsen, kan den bruges til at genoprette den naturlige fremstilling, hvis den naturlige sekretion er blevet sv\u00e6kket p\u00e5 grund af langvarig kunstig brug. GHRP 6 har efter sigende ogs\u00e5 en indflydelse p\u00e5 vores nervesystem. De er potentielt i stand til at beskytte neuroner og \u00f8ge styrken af en person. Funktionen af GHRP 6 er sl\u00e5ende ens til arbejdet med flere r\u00e5pulver i familien.<\/p>\n","protected":false},"excerpt":{"rendered":"<p>Produktnavn: V\u00e6ksthormonfrig\u00f8rende peptid<br \/>\nCAS: 87616-84-0<br \/>\nMF: C46H56N12O6<br \/>\nMW: 873.01<br \/>\nMol Fil: 87616-84-0.mol<\/p>\n","protected":false},"featured_media":2098,"comment_status":"open","ping_status":"closed","template":"","meta":{"om_disable_all_campaigns":false,"_monsterinsights_skip_tracking":false,"_monsterinsights_sitenote_active":false,"_monsterinsights_sitenote_note":"","_monsterinsights_sitenote_category":0,"site-sidebar-layout":"default","site-content-layout":"default","ast-site-content-layout":"default","site-content-style":"default","site-sidebar-style":"default","ast-global-header-display":"","ast-banner-title-visibility":"","ast-main-header-display":"","ast-hfb-above-header-display":"","ast-hfb-below-header-display":"","ast-hfb-mobile-header-display":"","site-post-title":"","ast-breadcrumbs-content":"","ast-featured-img":"","footer-sml-layout":"","ast-disable-related-posts":"","theme-transparent-header-meta":"default","adv-header-id-meta":"","stick-header-meta":"","header-above-stick-meta":"","header-main-stick-meta":"","header-below-stick-meta":"","astra-migrate-meta-layouts":"default","ast-page-background-enabled":"default","ast-page-background-meta":{"desktop":{"background-color":"","background-image":"","background-repeat":"repeat","background-position":"center center","background-size":"auto","background-attachment":"scroll","background-type":"","background-media":"","overlay-type":"","overlay-color":"","overlay-opacity":"","overlay-gradient":""},"tablet":{"background-color":"","background-image":"","background-repeat":"repeat","background-position":"center center","background-size":"auto","background-attachment":"scroll","background-type":"","background-media":"","overlay-type":"","overlay-color":"","overlay-opacity":"","overlay-gradient":""},"mobile":{"background-color":"","background-image":"","background-repeat":"repeat","background-position":"center center","background-size":"auto","background-attachment":"scroll","background-type":"","background-media":"","overlay-type":"","overlay-color":"","overlay-opacity":"","overlay-gradient":""}},"ast-content-background-meta":{"desktop":{"background-color":"var(--ast-global-color-5)","background-image":"","background-repeat":"repeat","background-position":"center center","background-size":"auto","background-attachment":"scroll","background-type":"","background-media":"","overlay-type":"","overlay-color":"","overlay-opacity":"","overlay-gradient":""},"tablet":{"background-color":"var(--ast-global-color-5)","background-image":"","background-repeat":"repeat","background-position":"center center","background-size":"auto","background-attachment":"scroll","background-type":"","background-media":"","overlay-type":"","overlay-color":"","overlay-opacity":"","overlay-gradient":""},"mobile":{"background-color":"var(--ast-global-color-5)","background-image":"","background-repeat":"repeat","background-position":"center center","background-size":"auto","background-attachment":"scroll","background-type":"","background-media":"","overlay-type":"","overlay-color":"","overlay-opacity":"","overlay-gradient":""}}},"product_brand":[],"product_cat":[531],"product_tag":[],"class_list":{"0":"post-7555","1":"product","2":"type-product","3":"status-publish","4":"has-post-thumbnail","6":"product_cat-andre-peptider","7":"desktop-align-left","8":"tablet-align-left","9":"mobile-align-left","11":"first","12":"instock","13":"shipping-taxable","14":"product-type-simple"},"_links":{"self":[{"href":"https:\/\/puyapeptide.net\/da\/wp-json\/wp\/v2\/product\/7555","targetHints":{"allow":["GET"]}}],"collection":[{"href":"https:\/\/puyapeptide.net\/da\/wp-json\/wp\/v2\/product"}],"about":[{"href":"https:\/\/puyapeptide.net\/da\/wp-json\/wp\/v2\/types\/product"}],"replies":[{"embeddable":true,"href":"https:\/\/puyapeptide.net\/da\/wp-json\/wp\/v2\/comments?post=7555"}],"wp:featuredmedia":[{"embeddable":true,"href":"https:\/\/puyapeptide.net\/da\/wp-json\/wp\/v2\/media\/2098"}],"wp:attachment":[{"href":"https:\/\/puyapeptide.net\/da\/wp-json\/wp\/v2\/media?parent=7555"}],"wp:term":[{"taxonomy":"product_brand","embeddable":true,"href":"https:\/\/puyapeptide.net\/da\/wp-json\/wp\/v2\/product_brand?post=7555"},{"taxonomy":"product_cat","embeddable":true,"href":"https:\/\/puyapeptide.net\/da\/wp-json\/wp\/v2\/product_cat?post=7555"},{"taxonomy":"product_tag","embeddable":true,"href":"https:\/\/puyapeptide.net\/da\/wp-json\/wp\/v2\/product_tag?post=7555"}],"curies":[{"name":"wp","href":"https:\/\/api.w.org\/{rel}","templated":true}]}}